
{"id":1867,"date":"2019-07-24T21:32:43","date_gmt":"2019-07-24T21:32:43","guid":{"rendered":"http:\/\/grafistarsiv.com\/?page_id=1867"},"modified":"2019-11-14T14:03:03","modified_gmt":"2019-11-14T11:03:03","slug":"steinel","status":"publish","type":"page","link":"http:\/\/www.saosteknoloji.com.tr\/tr\/steinel\/","title":{"rendered":"Steinel Hakk\u0131nda"},"content":{"rendered":"\t\t<div data-elementor-type=\"wp-post\" data-elementor-id=\"1867\" class=\"elementor elementor-1867\" data-elementor-settings=\"[]\">\n\t\t\t<div class=\"elementor-inner\">\n\t\t\t\t<div class=\"elementor-section-wrap\">\n\t\t\t\t\t\t\t<section class=\"elementor-element elementor-element-3fd7ce5 elementor-section-stretched elementor-section-boxed elementor-section-height-default elementor-section-height-default elementor-section elementor-top-section\" data-id=\"3fd7ce5\" data-element_type=\"section\" data-settings=\"{&quot;background_background&quot;:&quot;classic&quot;,&quot;stretch_section&quot;:&quot;section-stretched&quot;}\">\n\t\t\t\t\t\t<div class=\"elementor-container elementor-column-gap-no\">\n\t\t\t\t<div class=\"elementor-row\">\n\t\t\t\t<div class=\"elementor-element elementor-element-99831e4 sc_layouts_column_icons_position_left elementor-column elementor-col-100 elementor-top-column\" data-id=\"99831e4\" data-element_type=\"column\">\n\t\t\t<div class=\"elementor-column-wrap  elementor-element-populated\">\n\t\t\t\t\t<div class=\"elementor-widget-wrap\">\n\t\t\t\t<section class=\"elementor-element elementor-element-8de9484 elementor-section-boxed elementor-section-height-default elementor-section-height-default elementor-section elementor-inner-section\" data-id=\"8de9484\" data-element_type=\"section\" data-settings=\"{&quot;background_background&quot;:&quot;classic&quot;}\">\n\t\t\t\t\t\t<div class=\"elementor-container elementor-column-gap-no\">\n\t\t\t\t<div class=\"elementor-row\">\n\t\t\t\t<div class=\"elementor-element elementor-element-3f7cb26 sc_layouts_column_icons_position_left elementor-column elementor-col-100 elementor-inner-column\" data-id=\"3f7cb26\" data-element_type=\"column\">\n\t\t\t<div class=\"elementor-column-wrap  elementor-element-populated\">\n\t\t\t\t\t<div class=\"elementor-widget-wrap\">\n\t\t\t\t<div class=\"elementor-element elementor-element-402e4de elementor-widget elementor-widget-trx_sc_title\" data-id=\"402e4de\" data-element_type=\"widget\" data-widget_type=\"trx_sc_title.default\">\n\t\t\t\t<div class=\"elementor-widget-container\">\n\t\t\t<div id=\"trx_sc_title_1572925709\"\n\t\tclass=\"sc_title sc_title_default\"><h2 class=\"sc_item_title sc_title_title sc_align_left sc_item_title_style_default\"><span class=\"text-wrap\">STEINEL<\/span><\/h2><\/div><!-- \/.sc_title -->\t\t<\/div>\n\t\t\t\t<\/div>\n\t\t\t\t<div class=\"elementor-element elementor-element-f907548 elementor-widget elementor-widget-spacer\" data-id=\"f907548\" data-element_type=\"widget\" data-widget_type=\"spacer.default\">\n\t\t\t\t<div class=\"elementor-widget-container\">\n\t\t\t\t\t<div class=\"elementor-spacer\">\n\t\t\t<div class=\"elementor-spacer-inner\"><\/div>\n\t\t<\/div>\n\t\t\t\t<\/div>\n\t\t\t\t<\/div>\n\t\t\t\t<div class=\"elementor-element elementor-element-40fa721 elementor-widget elementor-widget-text-editor\" data-id=\"40fa721\" data-element_type=\"widget\" data-widget_type=\"text-editor.default\">\n\t\t\t\t<div class=\"elementor-widget-container\">\n\t\t\t\t\t<div class=\"elementor-text-editor elementor-clearfix\"><p>STEINEL, ba\u015far\u0131s\u0131n\u0131 50 y\u0131l\u0131 a\u015fk\u0131n s\u00fcredir yenilikleriyle tan\u0131mlamaktad\u0131r. Hayal g\u00fcc\u00fc, teknik uzmanl\u0131k ve uzun y\u0131llara dayanan deneyimler, \u00fcr\u00fcnleri &#8220;tipik olarak STEINEL&#8221; haline getiren fakt\u00f6rlerdir. STEINEL, 1976 y\u0131l\u0131nda \u00fcr\u00fcn geli\u015ftirmede b\u00fcy\u00fck bir ad\u0131m atmay\u0131 ba\u015fard\u0131. AC ve DC voltaj i\u00e7in bir elektronik gerilim test cihaz\u0131 piyasadaki ilk STEINEL \u00fcr\u00fcn\u00fc oldu. STEINEL, 1983 y\u0131l\u0131nda icatlar\u0131na s\u0131cak hava aletlerini ekleyerek; so\u011fuk tutkal\u0131, \u0131s\u0131 tabancas\u0131yla birle\u015ftirerek s\u0131cak silikon tabancas\u0131n\u0131 piyasaya s\u00fcrd\u00fc. STEINEL, 1987 y\u0131l\u0131nda d\u00fcnyan\u0131n ilk sens\u00f6r anahtarl\u0131 \u0131\u015f\u0131\u011f\u0131n\u0131 icat etti. Ayn\u0131 zamanda 2002&#8217;den beri STEINEL, y\u00fcksek frekans teknolojisi ile binalardaki hareketleri tespit edip, d\u0131\u015far\u0131dan g\u00f6r\u00fcnmez \u015fekilde \u0131\u015f\u0131klara entegre etti. Bunlar\u0131 takip eden ve geli\u015ftirilen teknolojiler ile art\u0131k insan varl\u0131\u011f\u0131n\u0131n, konumunun, hareket y\u00f6n\u00fcn\u00fcn tespiti \u00fcr\u00fcnlerimiz ile m\u00fcmk\u00fcn oldu. Hatta alg\u0131lama ortam\u0131nda bulunan insan say\u0131s\u0131na ba\u011fl\u0131 olarak farkl\u0131 senaryolar ve algoritmalar bile m\u00fcmk\u00fcn. \u015eu anda hareket etmesine gerek kalmadan insan varl\u0131\u011f\u0131 tespiti yapan \u00fcr\u00fcnlerimizin geli\u015ftirmesinin devam etmesi sayesinde gelecekte medikal olarak sorun ya\u015fayan insanlar\u0131n tespitinde dahi kullan\u0131labilecek olmas\u0131 STEINEL\u2019in hedefidir.<\/p><\/div>\n\t\t\t\t<\/div>\n\t\t\t\t<\/div>\n\t\t\t\t<div class=\"elementor-element elementor-element-95af42b elementor-widget elementor-widget-spacer\" data-id=\"95af42b\" data-element_type=\"widget\" data-widget_type=\"spacer.default\">\n\t\t\t\t<div class=\"elementor-widget-container\">\n\t\t\t\t\t<div class=\"elementor-spacer\">\n\t\t\t<div class=\"elementor-spacer-inner\"><\/div>\n\t\t<\/div>\n\t\t\t\t<\/div>\n\t\t\t\t<\/div>\n\t\t\t\t<div class=\"elementor-element elementor-element-0e801ee elementor-hidden-phone elementor-widget elementor-widget-image-gallery\" data-id=\"0e801ee\" data-element_type=\"widget\" data-widget_type=\"image-gallery.default\">\n\t\t\t\t<div class=\"elementor-widget-container\">\n\t\t\t\t\t<div class=\"elementor-image-gallery\">\n\t\t\t<div id='gallery-1' class='gallery galleryid-1867 gallery-columns-3 gallery-size-full'><figure class='gallery-item'>\n\t\t\t<div class='gallery-icon landscape'>\n\t\t\t\t<img width=\"1140\" height=\"1140\" src=\"http:\/\/www.saosteknoloji.com.tr\/wp-content\/uploads\/2019\/09\/steinel-hakkinda-6.jpg\" class=\"attachment-full size-full\" alt=\"\" loading=\"lazy\" srcset=\"http:\/\/www.saosteknoloji.com.tr\/wp-content\/uploads\/2019\/09\/steinel-hakkinda-6.jpg 1140w, http:\/\/www.saosteknoloji.com.tr\/wp-content\/uploads\/2019\/09\/steinel-hakkinda-6-500x500.jpg 500w, http:\/\/www.saosteknoloji.com.tr\/wp-content\/uploads\/2019\/09\/steinel-hakkinda-6-150x150.jpg 150w, http:\/\/www.saosteknoloji.com.tr\/wp-content\/uploads\/2019\/09\/steinel-hakkinda-6-300x300.jpg 300w, http:\/\/www.saosteknoloji.com.tr\/wp-content\/uploads\/2019\/09\/steinel-hakkinda-6-768x768.jpg 768w, http:\/\/www.saosteknoloji.com.tr\/wp-content\/uploads\/2019\/09\/steinel-hakkinda-6-1024x1024.jpg 1024w, http:\/\/www.saosteknoloji.com.tr\/wp-content\/uploads\/2019\/09\/steinel-hakkinda-6-75x75.jpg 75w, http:\/\/www.saosteknoloji.com.tr\/wp-content\/uploads\/2019\/09\/steinel-hakkinda-6-370x370.jpg 370w, http:\/\/www.saosteknoloji.com.tr\/wp-content\/uploads\/2019\/09\/steinel-hakkinda-6-90x90.jpg 90w, http:\/\/www.saosteknoloji.com.tr\/wp-content\/uploads\/2019\/09\/steinel-hakkinda-6-872x872.jpg 872w, http:\/\/www.saosteknoloji.com.tr\/wp-content\/uploads\/2019\/09\/steinel-hakkinda-6-421x421.jpg 421w\" sizes=\"(max-width: 1140px) 100vw, 1140px\" \/>\n\t\t\t<\/div><\/figure><figure class='gallery-item'>\n\t\t\t<div class='gallery-icon landscape'>\n\t\t\t\t<img width=\"1140\" height=\"1140\" src=\"http:\/\/www.saosteknoloji.com.tr\/wp-content\/uploads\/2019\/09\/steinel-hakkinda-4.jpg\" class=\"attachment-full size-full\" alt=\"\" loading=\"lazy\" srcset=\"http:\/\/www.saosteknoloji.com.tr\/wp-content\/uploads\/2019\/09\/steinel-hakkinda-4.jpg 1140w, http:\/\/www.saosteknoloji.com.tr\/wp-content\/uploads\/2019\/09\/steinel-hakkinda-4-500x500.jpg 500w, http:\/\/www.saosteknoloji.com.tr\/wp-content\/uploads\/2019\/09\/steinel-hakkinda-4-150x150.jpg 150w, http:\/\/www.saosteknoloji.com.tr\/wp-content\/uploads\/2019\/09\/steinel-hakkinda-4-300x300.jpg 300w, http:\/\/www.saosteknoloji.com.tr\/wp-content\/uploads\/2019\/09\/steinel-hakkinda-4-768x768.jpg 768w, http:\/\/www.saosteknoloji.com.tr\/wp-content\/uploads\/2019\/09\/steinel-hakkinda-4-1024x1024.jpg 1024w, http:\/\/www.saosteknoloji.com.tr\/wp-content\/uploads\/2019\/09\/steinel-hakkinda-4-75x75.jpg 75w, http:\/\/www.saosteknoloji.com.tr\/wp-content\/uploads\/2019\/09\/steinel-hakkinda-4-370x370.jpg 370w, http:\/\/www.saosteknoloji.com.tr\/wp-content\/uploads\/2019\/09\/steinel-hakkinda-4-90x90.jpg 90w, http:\/\/www.saosteknoloji.com.tr\/wp-content\/uploads\/2019\/09\/steinel-hakkinda-4-872x872.jpg 872w, http:\/\/www.saosteknoloji.com.tr\/wp-content\/uploads\/2019\/09\/steinel-hakkinda-4-421x421.jpg 421w\" sizes=\"(max-width: 1140px) 100vw, 1140px\" \/>\n\t\t\t<\/div><\/figure><figure class='gallery-item'>\n\t\t\t<div class='gallery-icon landscape'>\n\t\t\t\t<img width=\"1140\" height=\"1140\" src=\"http:\/\/www.saosteknoloji.com.tr\/wp-content\/uploads\/2019\/09\/steinel-hakkinda-5.jpg\" class=\"attachment-full size-full\" alt=\"\" loading=\"lazy\" srcset=\"http:\/\/www.saosteknoloji.com.tr\/wp-content\/uploads\/2019\/09\/steinel-hakkinda-5.jpg 1140w, http:\/\/www.saosteknoloji.com.tr\/wp-content\/uploads\/2019\/09\/steinel-hakkinda-5-500x500.jpg 500w, http:\/\/www.saosteknoloji.com.tr\/wp-content\/uploads\/2019\/09\/steinel-hakkinda-5-150x150.jpg 150w, http:\/\/www.saosteknoloji.com.tr\/wp-content\/uploads\/2019\/09\/steinel-hakkinda-5-300x300.jpg 300w, http:\/\/www.saosteknoloji.com.tr\/wp-content\/uploads\/2019\/09\/steinel-hakkinda-5-768x768.jpg 768w, http:\/\/www.saosteknoloji.com.tr\/wp-content\/uploads\/2019\/09\/steinel-hakkinda-5-1024x1024.jpg 1024w, http:\/\/www.saosteknoloji.com.tr\/wp-content\/uploads\/2019\/09\/steinel-hakkinda-5-75x75.jpg 75w, http:\/\/www.saosteknoloji.com.tr\/wp-content\/uploads\/2019\/09\/steinel-hakkinda-5-370x370.jpg 370w, http:\/\/www.saosteknoloji.com.tr\/wp-content\/uploads\/2019\/09\/steinel-hakkinda-5-90x90.jpg 90w, http:\/\/www.saosteknoloji.com.tr\/wp-content\/uploads\/2019\/09\/steinel-hakkinda-5-872x872.jpg 872w, http:\/\/www.saosteknoloji.com.tr\/wp-content\/uploads\/2019\/09\/steinel-hakkinda-5-421x421.jpg 421w\" sizes=\"(max-width: 1140px) 100vw, 1140px\" \/>\n\t\t\t<\/div><\/figure>\n\t\t<\/div>\n\t\t<\/div>\n\t\t\t\t<\/div>\n\t\t\t\t<\/div>\n\t\t\t\t<div class=\"elementor-element elementor-element-2e8b607 elementor-hidden-desktop elementor-hidden-tablet elementor-widget elementor-widget-image-gallery\" data-id=\"2e8b607\" data-element_type=\"widget\" data-widget_type=\"image-gallery.default\">\n\t\t\t\t<div class=\"elementor-widget-container\">\n\t\t\t\t\t<div class=\"elementor-image-gallery\">\n\t\t\t<div id='gallery-2' class='gallery galleryid-1867 gallery-columns-1 gallery-size-full'><figure class='gallery-item'>\n\t\t\t<div class='gallery-icon landscape'>\n\t\t\t\t<img width=\"1140\" height=\"1140\" src=\"http:\/\/www.saosteknoloji.com.tr\/wp-content\/uploads\/2019\/09\/steinel-hakkinda-6.jpg\" class=\"attachment-full size-full\" alt=\"\" loading=\"lazy\" srcset=\"http:\/\/www.saosteknoloji.com.tr\/wp-content\/uploads\/2019\/09\/steinel-hakkinda-6.jpg 1140w, http:\/\/www.saosteknoloji.com.tr\/wp-content\/uploads\/2019\/09\/steinel-hakkinda-6-500x500.jpg 500w, http:\/\/www.saosteknoloji.com.tr\/wp-content\/uploads\/2019\/09\/steinel-hakkinda-6-150x150.jpg 150w, http:\/\/www.saosteknoloji.com.tr\/wp-content\/uploads\/2019\/09\/steinel-hakkinda-6-300x300.jpg 300w, http:\/\/www.saosteknoloji.com.tr\/wp-content\/uploads\/2019\/09\/steinel-hakkinda-6-768x768.jpg 768w, http:\/\/www.saosteknoloji.com.tr\/wp-content\/uploads\/2019\/09\/steinel-hakkinda-6-1024x1024.jpg 1024w, http:\/\/www.saosteknoloji.com.tr\/wp-content\/uploads\/2019\/09\/steinel-hakkinda-6-75x75.jpg 75w, http:\/\/www.saosteknoloji.com.tr\/wp-content\/uploads\/2019\/09\/steinel-hakkinda-6-370x370.jpg 370w, http:\/\/www.saosteknoloji.com.tr\/wp-content\/uploads\/2019\/09\/steinel-hakkinda-6-90x90.jpg 90w, http:\/\/www.saosteknoloji.com.tr\/wp-content\/uploads\/2019\/09\/steinel-hakkinda-6-872x872.jpg 872w, http:\/\/www.saosteknoloji.com.tr\/wp-content\/uploads\/2019\/09\/steinel-hakkinda-6-421x421.jpg 421w\" sizes=\"(max-width: 1140px) 100vw, 1140px\" \/>\n\t\t\t<\/div><\/figure>\n\t\t<\/div>\n\t\t<\/div>\n\t\t\t\t<\/div>\n\t\t\t\t<\/div>\n\t\t\t\t<div class=\"elementor-element elementor-element-bae1e19 elementor-widget elementor-widget-spacer\" data-id=\"bae1e19\" data-element_type=\"widget\" data-widget_type=\"spacer.default\">\n\t\t\t\t<div class=\"elementor-widget-container\">\n\t\t\t\t\t<div class=\"elementor-spacer\">\n\t\t\t<div class=\"elementor-spacer-inner\"><\/div>\n\t\t<\/div>\n\t\t\t\t<\/div>\n\t\t\t\t<\/div>\n\t\t\t\t<div class=\"elementor-element elementor-element-855f423 elementor-widget elementor-widget-text-editor\" data-id=\"855f423\" data-element_type=\"widget\" data-widget_type=\"text-editor.default\">\n\t\t\t\t<div class=\"elementor-widget-container\">\n\t\t\t\t\t<div class=\"elementor-text-editor elementor-clearfix\"><p>G\u00fcn\u00fcm\u00fczde, STEINEL, sens\u00f6r kontroll\u00fc LED teknolojisini kullanarak d\u00fcnyaya \u00f6nc\u00fcl\u00fck ediyor ve her durum i\u00e7in do\u011fru ayd\u0131nlatmaya sahiptir. Ayr\u0131ca XSolar \u0131\u015f\u0131klar\u0131m\u0131zla \u00f6zellikle gurur duyuyoruz: D\u00fcnyadaki en verimli g\u00fcne\u015f enerjisi ile \u00e7al\u0131\u015fan sens\u00f6rl\u00fc ayd\u0131nlatmalar y\u0131l\u0131n 365 g\u00fcn\u00fc ve tamamen elektriksiz \u0131\u015f\u0131k sa\u011flamaktad\u0131r.D\u00fcnyada yenilik ve teknoloji lideri olarak STEINEL her zaman bir ad\u0131m \u00f6nde bulunmaktad\u0131r.<\/p><p>Test edilmi\u015f kalite ve g\u00fcvenlik; Hassas, uzun \u00f6m\u00fcrl\u00fc ve kal\u0131c\u0131 performans &#8211; bu kalite kriterleri STEINEL&#8217;in \u00fcr\u00fcnlerini bu kadar ba\u015far\u0131l\u0131 yapan \u00f6zelliklerini\u015fareti. Kapsaml\u0131 ve s\u0131k\u0131 bir \u015fekilde donat\u0131lm\u0131\u015f bir kalite y\u00f6netim sistemi (QMS), her \u00fcr\u00fcn\u00fcn STEINEL kalite standartlar\u0131n\u0131 kar\u015f\u0131lad\u0131\u011f\u0131ndan emin olur. STEINEL QMS, \u015firket grubu genelinde faaliyet g\u00f6stermektedir &#8211; yani Avrupa&#8217;daki her \u00fcretim yerinde kullan\u0131lmaktad\u0131r. Uluslararas\u0131 ge\u00e7erli ISO 9001 kalite standard\u0131 kapsam\u0131nda sertifikaland\u0131r\u0131lm\u0131\u015ft\u0131r. T\u00fcm \u00fcretim sahalar\u0131 da profesyonel kalite denet\u00e7ileri taraf\u0131ndan d\u00fczenli olarak denetlenmektedir. T\u00dcV, VDE veya UL gibi belgelendirme kurulu\u015flar\u0131 da \u00fcretim ve test tesislerini izlemektedir. S\u00f6ylemeye gerek yok, REACH, RoHS veya EMC gibi t\u00fcm Avrupa direktifleri \u00fcretilir ve sertifikasyonu sa\u011flan\u0131r. \u0130lk kalite kontrolleri, \u00fcr\u00fcnlerin i\u00e7 a\u015famada \u00fcretim anlar\u0131nda ki kadar erken yap\u0131l\u0131r. \u00dcretim s\u0131ras\u0131nda proses izleme ve her \u00fcr\u00fcn\u00fcn % 100 nihai denetimi m\u00fckemmel performans ve g\u00fcvenlik sa\u011flar. T\u00fcm STEINEL \u00fcr\u00fcnleri, T\u00dcV-GS veya VDE&#8217;den test edilmi\u015f g\u00fcvenli\u011fin akreditasyonunu ve sertifikasyonunu al\u0131r. T\u00fcm STEINEL Professional \u0131\u015f\u0131klar\u0131 ayr\u0131ca ENEC Avrupa g\u00fcvenlik i\u015faretini ta\u015f\u0131r.<\/p><\/div>\n\t\t\t\t<\/div>\n\t\t\t\t<\/div>\n\t\t\t\t<div class=\"elementor-element elementor-element-933d30c elementor-widget elementor-widget-spacer\" data-id=\"933d30c\" data-element_type=\"widget\" data-widget_type=\"spacer.default\">\n\t\t\t\t<div class=\"elementor-widget-container\">\n\t\t\t\t\t<div class=\"elementor-spacer\">\n\t\t\t<div class=\"elementor-spacer-inner\"><\/div>\n\t\t<\/div>\n\t\t\t\t<\/div>\n\t\t\t\t<\/div>\n\t\t\t\t<div class=\"elementor-element elementor-element-5aa6e30 elementor-widget elementor-widget-image\" data-id=\"5aa6e30\" data-element_type=\"widget\" data-widget_type=\"image.default\">\n\t\t\t\t<div class=\"elementor-widget-container\">\n\t\t\t\t\t<div class=\"elementor-image\">\n\t\t\t\t\t\t\t\t\t\t<img src=\"http:\/\/www.saosteknoloji.com.tr\/wp-content\/uploads\/elementor\/thumbs\/steinel-hakkinda-3-ogp80qqult8csant0nglu57t8j3fctf5y455e06nw0.jpg\" title=\"steinel-hakkinda-3\" alt=\"steinel-hakkinda-3\" \/>\t\t\t\t\t\t\t\t\t\t\t<\/div>\n\t\t\t\t<\/div>\n\t\t\t\t<\/div>\n\t\t\t\t<div class=\"elementor-element elementor-element-af79ac3 elementor-widget elementor-widget-spacer\" data-id=\"af79ac3\" data-element_type=\"widget\" data-widget_type=\"spacer.default\">\n\t\t\t\t<div class=\"elementor-widget-container\">\n\t\t\t\t\t<div class=\"elementor-spacer\">\n\t\t\t<div class=\"elementor-spacer-inner\"><\/div>\n\t\t<\/div>\n\t\t\t\t<\/div>\n\t\t\t\t<\/div>\n\t\t\t\t<div class=\"elementor-element elementor-element-4b126d0 elementor-widget elementor-widget-text-editor\" data-id=\"4b126d0\" data-element_type=\"widget\" data-widget_type=\"text-editor.default\">\n\t\t\t\t<div class=\"elementor-widget-container\">\n\t\t\t\t\t<div class=\"elementor-text-editor elementor-clearfix\"><p>T\u00fcm STEINEL Grubu, Herzebrock-Clarholz merkezimiz taraf\u0131ndan i\u015fletilmekte ve y\u00f6netilmektedir. STEINEL t\u00fcm \u00fcr\u00fcnlerini kendi b\u00fcnyesinde \u00fcretmektedir.\u00dcr\u00fcnler 40.000 metrekarelik toplam alan\u0131 kapsayan tesislerde m\u00fckemmel kaliteyi sa\u011flamak i\u00e7in, sadece Avrupa birli\u011fi \u00fclkelerinde, Romanya&#8217;da ve Moldova&#8217;da, \u0130svi\u00e7re&#8217;de, Leipzig&#8217;de \u015firketin kendi fabrikalar\u0131nda \u00fcretilmektedir. Kapsaml\u0131 bir kalite y\u00f6netim sisteminin i\u015fletilmesinin yan\u0131 s\u0131ra, STEINEL \u00fcretim s\u00fcrecinin her y\u00f6n\u00fcn\u00fcn izlenmesine b\u00fcy\u00fck \u00f6nem vermektedir. Yenilik\u00e7i ve y\u00fcksek kaliteli \u00fcr\u00fcnler \u00fcretmenin tek yolu budur. \u015eirket i\u00e7i ger\u00e7ekle\u015fen \u00fcretimin pay\u0131 &#8211; dikey entegrasyon &#8211; son derece y\u00fcksektir. \u0130\u015fte sadece birka\u00e7 \u00f6rnek: STEINEL&#8217;in Leipzig&#8217;i her plastik par\u00e7an\u0131n kal\u0131plar\u0131n\u0131 i\u015fler ve hatta plastik malzemenin hammadde yap\u0131s\u0131n\u0131 dahi kendi form\u00fclizasyonu ile haz\u0131rlar. Leipzig fabrikas\u0131n\u0131n da kendi metal i\u015fleme tak\u0131m\u0131 departman\u0131 vard\u0131r. Einsiedeln&#8217;deki \u0130svi\u00e7re operasyonu, STEINEL&#8217;in karma\u015f\u0131k elektronikler i\u00e7in m\u00fckemmeliyet merkezine ev sahipli\u011fi yapmaktad\u0131r. Son teknoloji \u00fcr\u00fcn\u00fc tesisler, bile\u015fenleri bask\u0131l\u0131 devre kartlar\u0131na otomatik olarak bin dakikaya kadar bir h\u0131zda yerle\u015ftirir. Bu yekpare sistem t\u00fcm STEINEL Grubu i\u00e7in sa\u011flanan bir \u00fcretim hizmetidir. Buna kar\u015f\u0131l\u0131k, Romanya ve Moldova&#8217;daki tesisler, bitmi\u015f paketlenmi\u015f \u00fcr\u00fcne kadar \u00fcretimde di\u011fer t\u00fcm ad\u0131mlar\u0131 ger\u00e7ekle\u015ftirir. Avrupa\u2019da \u00fcretim, Steinel i\u00e7in ba\u015far\u0131n\u0131n form\u00fcl\u00fcd\u00fcr.<\/p><\/div>\n\t\t\t\t<\/div>\n\t\t\t\t<\/div>\n\t\t\t\t\t\t<\/div>\n\t\t\t<\/div>\n\t\t<\/div>\n\t\t\t\t\t\t<\/div>\n\t\t\t<\/div>\n\t\t<\/section>\n\t\t\t\t<div class=\"elementor-element elementor-element-ec0ff4d elementor-widget elementor-widget-spacer\" data-id=\"ec0ff4d\" data-element_type=\"widget\" data-widget_type=\"spacer.default\">\n\t\t\t\t<div class=\"elementor-widget-container\">\n\t\t\t\t\t<div class=\"elementor-spacer\">\n\t\t\t<div class=\"elementor-spacer-inner\"><\/div>\n\t\t<\/div>\n\t\t\t\t<\/div>\n\t\t\t\t<\/div>\n\t\t\t\t\t\t<\/div>\n\t\t\t<\/div>\n\t\t<\/div>\n\t\t\t\t\t\t<\/div>\n\t\t\t<\/div>\n\t\t<\/section>\n\t\t\t\t\t\t<\/div>\n\t\t\t<\/div>\n\t\t<\/div>\n\t\t","protected":false},"excerpt":{"rendered":"<p>STEINEL STEINEL, ba\u015far\u0131s\u0131n\u0131 50 y\u0131l\u0131 a\u015fk\u0131n s\u00fcredir yenilikleriyle tan\u0131mlamaktad\u0131r. Hayal g\u00fcc\u00fc, teknik uzmanl\u0131k ve uzun y\u0131llara dayanan deneyimler, \u00fcr\u00fcnleri &#8220;tipik olarak STEINEL&#8221; haline getiren fakt\u00f6rlerdir. STEINEL, 1976 y\u0131l\u0131nda \u00fcr\u00fcn geli\u015ftirmede b\u00fcy\u00fck bir ad\u0131m atmay\u0131 ba\u015fard\u0131. AC ve DC voltaj i\u00e7in bir elektronik gerilim test cihaz\u0131 piyasadaki&hellip;<\/p>\n","protected":false},"author":1,"featured_media":0,"parent":0,"menu_order":0,"comment_status":"closed","ping_status":"closed","template":"","meta":[],"_links":{"self":[{"href":"http:\/\/www.saosteknoloji.com.tr\/tr\/wp-json\/wp\/v2\/pages\/1867"}],"collection":[{"href":"http:\/\/www.saosteknoloji.com.tr\/tr\/wp-json\/wp\/v2\/pages"}],"about":[{"href":"http:\/\/www.saosteknoloji.com.tr\/tr\/wp-json\/wp\/v2\/types\/page"}],"author":[{"embeddable":true,"href":"http:\/\/www.saosteknoloji.com.tr\/tr\/wp-json\/wp\/v2\/users\/1"}],"replies":[{"embeddable":true,"href":"http:\/\/www.saosteknoloji.com.tr\/tr\/wp-json\/wp\/v2\/comments?post=1867"}],"version-history":[{"count":14,"href":"http:\/\/www.saosteknoloji.com.tr\/tr\/wp-json\/wp\/v2\/pages\/1867\/revisions"}],"predecessor-version":[{"id":2937,"href":"http:\/\/www.saosteknoloji.com.tr\/tr\/wp-json\/wp\/v2\/pages\/1867\/revisions\/2937"}],"wp:attachment":[{"href":"http:\/\/www.saosteknoloji.com.tr\/tr\/wp-json\/wp\/v2\/media?parent=1867"}],"curies":[{"name":"wp","href":"https:\/\/api.w.org\/{rel}","templated":true}]}}