
{"id":190,"date":"2018-05-24T12:58:55","date_gmt":"2018-05-24T09:58:55","guid":{"rendered":"http:\/\/grafistarsiv.com\/?page_id=190"},"modified":"2023-01-11T10:07:16","modified_gmt":"2023-01-11T07:07:16","slug":"referanslarimiz","status":"publish","type":"page","link":"http:\/\/www.saosteknoloji.com.tr\/tr\/referanslarimiz\/","title":{"rendered":"Referanslar\u0131m\u0131z nerede"},"content":{"rendered":"\t\t<div data-elementor-type=\"wp-post\" data-elementor-id=\"190\" class=\"elementor elementor-190\" data-elementor-settings=\"[]\">\n\t\t\t<div class=\"elementor-inner\">\n\t\t\t\t<div class=\"elementor-section-wrap\">\n\t\t\t\t\t\t\t<section class=\"elementor-element elementor-element-4df7d76d elementor-section-boxed elementor-section-height-default elementor-section-height-default elementor-section elementor-top-section\" data-id=\"4df7d76d\" data-element_type=\"section\">\n\t\t\t\t\t\t<div class=\"elementor-container elementor-column-gap-extended\">\n\t\t\t\t<div class=\"elementor-row\">\n\t\t\t\t<div class=\"elementor-element elementor-element-1d5490b2 sc_layouts_column_icons_position_left elementor-column elementor-col-100 elementor-top-column\" data-id=\"1d5490b2\" data-element_type=\"column\">\n\t\t\t<div class=\"elementor-column-wrap  elementor-element-populated\">\n\t\t\t\t\t<div class=\"elementor-widget-wrap\">\n\t\t\t\t<div class=\"elementor-element elementor-element-8427886 elementor-widget elementor-widget-trx_sc_title\" data-id=\"8427886\" data-element_type=\"widget\" data-widget_type=\"trx_sc_title.default\">\n\t\t\t\t<div class=\"elementor-widget-container\">\n\t\t\t<div id=\"trx_sc_title_812125874\"\n\t\tclass=\"sc_title sc_title_default\"><h2 class=\"sc_item_title sc_title_title sc_align_none sc_item_title_style_default\"><span class=\"text-wrap\">Referanslar\u0131m\u0131z<\/span><\/h2><\/div><!-- \/.sc_title -->\t\t<\/div>\n\t\t\t\t<\/div>\n\t\t\t\t<div class=\"elementor-element elementor-element-f694277 elementor-widget elementor-widget-spacer\" data-id=\"f694277\" data-element_type=\"widget\" data-widget_type=\"spacer.default\">\n\t\t\t\t<div class=\"elementor-widget-container\">\n\t\t\t\t\t<div class=\"elementor-spacer\">\n\t\t\t<div class=\"elementor-spacer-inner\"><\/div>\n\t\t<\/div>\n\t\t\t\t<\/div>\n\t\t\t\t<\/div>\n\t\t\t\t\t\t<\/div>\n\t\t\t<\/div>\n\t\t<\/div>\n\t\t\t\t\t\t<\/div>\n\t\t\t<\/div>\n\t\t<\/section>\n\t\t\t\t\t\t<\/div>\n\t\t\t<\/div>\n\t\t<\/div>\n\t\t","protected":false},"excerpt":{"rendered":"<p>Referanslar\u0131m\u0131z Anadolu \u00dcniversitesi Silkar Plaza At\u0131lgan Royal Nurol Tower Mercedes-Benz Aksaray Medipol \u00dcniversitesi LCW Genel Merkez Akasya AVM Konya G\u0131da ve Tar\u0131m \u00dcniversitesi Mitsubishi Manisa Kemiteks Depo Maltepe Pizza Avm \u0130GDA\u015e Genel M\u00fcd\u00fcrl\u00fck DoubleTree by Hilton (Kocaeli) HB Teknik Turkcell Gebze Veri Merkezi Erke Tasar\u0131m Do\u011fa&hellip;<\/p>\n","protected":false},"author":1,"featured_media":0,"parent":0,"menu_order":0,"comment_status":"closed","ping_status":"closed","template":"","meta":[],"_links":{"self":[{"href":"http:\/\/www.saosteknoloji.com.tr\/tr\/wp-json\/wp\/v2\/pages\/190"}],"collection":[{"href":"http:\/\/www.saosteknoloji.com.tr\/tr\/wp-json\/wp\/v2\/pages"}],"about":[{"href":"http:\/\/www.saosteknoloji.com.tr\/tr\/wp-json\/wp\/v2\/types\/page"}],"author":[{"embeddable":true,"href":"http:\/\/www.saosteknoloji.com.tr\/tr\/wp-json\/wp\/v2\/users\/1"}],"replies":[{"embeddable":true,"href":"http:\/\/www.saosteknoloji.com.tr\/tr\/wp-json\/wp\/v2\/comments?post=190"}],"version-history":[{"count":15,"href":"http:\/\/www.saosteknoloji.com.tr\/tr\/wp-json\/wp\/v2\/pages\/190\/revisions"}],"predecessor-version":[{"id":7082,"href":"http:\/\/www.saosteknoloji.com.tr\/tr\/wp-json\/wp\/v2\/pages\/190\/revisions\/7082"}],"wp:attachment":[{"href":"http:\/\/www.saosteknoloji.com.tr\/tr\/wp-json\/wp\/v2\/media?parent=190"}],"curies":[{"name":"wp","href":"https:\/\/api.w.org\/{rel}","templated":true}]}}