
{"id":2074,"date":"2019-09-13T12:48:10","date_gmt":"2019-09-13T09:48:10","guid":{"rendered":"http:\/\/grafistarsiv.com\/?page_id=2074"},"modified":"2024-08-02T11:27:20","modified_gmt":"2024-08-02T08:27:20","slug":"blog","status":"publish","type":"page","link":"http:\/\/www.saosteknoloji.com.tr\/tr\/blog\/","title":{"rendered":"Blog"},"content":{"rendered":"\t\t<div data-elementor-type=\"wp-post\" data-elementor-id=\"2074\" class=\"elementor elementor-2074\" data-elementor-settings=\"[]\">\n\t\t\t<div class=\"elementor-inner\">\n\t\t\t\t<div class=\"elementor-section-wrap\">\n\t\t\t\t\t\t\t<section class=\"elementor-element elementor-element-2da346f0 elementor-section-boxed elementor-section-height-default elementor-section-height-default elementor-section elementor-top-section\" data-id=\"2da346f0\" data-element_type=\"section\">\n\t\t\t\t\t\t<div class=\"elementor-container elementor-column-gap-extended\">\n\t\t\t\t<div class=\"elementor-row\">\n\t\t\t\t<div class=\"elementor-element elementor-element-364a0c60 sc_layouts_column_icons_position_left elementor-column elementor-col-100 elementor-top-column\" data-id=\"364a0c60\" data-element_type=\"column\">\n\t\t\t<div class=\"elementor-column-wrap  elementor-element-populated\">\n\t\t\t\t\t<div class=\"elementor-widget-wrap\">\n\t\t\t\t<div class=\"elementor-element elementor-element-bbd6691 elementor-widget elementor-widget-trx_sc_title\" data-id=\"bbd6691\" data-element_type=\"widget\" data-widget_type=\"trx_sc_title.default\">\n\t\t\t\t<div class=\"elementor-widget-container\">\n\t\t\t<div id=\"trx_sc_title_449977599\"\n\t\tclass=\"sc_title sc_title_default\"><h2 class=\"sc_item_title sc_title_title sc_align_left sc_item_title_style_default\"><span class=\"text-wrap\">Blog Yaz\u0131lar\u0131<\/span><\/h2><\/div><!-- \/.sc_title -->\t\t<\/div>\n\t\t\t\t<\/div>\n\t\t\t\t<div class=\"elementor-element elementor-element-6a3b7a5 elementor-widget elementor-widget-spacer\" data-id=\"6a3b7a5\" data-element_type=\"widget\" data-widget_type=\"spacer.default\">\n\t\t\t\t<div class=\"elementor-widget-container\">\n\t\t\t\t\t<div class=\"elementor-spacer\">\n\t\t\t<div class=\"elementor-spacer-inner\"><\/div>\n\t\t<\/div>\n\t\t\t\t<\/div>\n\t\t\t\t<\/div>\n\t\t\t\t<div class=\"elementor-element elementor-element-f37c4f7 elementor-widget elementor-widget-trx_sc_blogger\" data-id=\"f37c4f7\" data-element_type=\"widget\" data-widget_type=\"trx_sc_blogger.default\">\n\t\t\t\t<div class=\"elementor-widget-container\">\n\t\t\t<div  id=\"trx_sc_blogger_1907725249\"\t\tclass=\"sc_blogger sc_blogger_default\"><div class=\"sc_blogger_columns_wrap sc_item_columns sc_item_posts_container trx_addons_columns_wrap columns_padding_bottom\"><div class=\"trx_addons_column-1_2\"><div class=\"sc_blogger_item post_format_standard post-97 post type-post status-publish format-standard has-post-thumbnail hentry category-blog category-sensor-teknolojileri tag-ip20 tag-ip44 tag-ip54 tag-saos-blog tag-sensor tag-sensorlu-aydinlatma\"><div class=\"post_featured with_thumb hover_simple sc_blogger_item_featured\"><img width=\"872\" height=\"516\" src=\"http:\/\/www.saosteknoloji.com.tr\/wp-content\/uploads\/2018\/05\/blog-ip-testi-steinel-872x516.jpg\" class=\"attachment-ozisti-thumb-big size-ozisti-thumb-big wp-post-image\" alt=\"\" loading=\"lazy\" \/>\t\t\t\t\t\t<div class=\"mask\"><\/div>\n\t\t\t\t\t\t            <a href=\"http:\/\/www.saosteknoloji.com.tr\/tr\/ip-testi\/\" aria-hidden=\"true\" class=\"simple\"><\/a>\n            <\/div><div class=\"sc_blogger_item_content entry-content\"><div class=\"sc_blogger_item_header entry-header\"><h5 class=\"sc_blogger_item_title entry-title\"><a href=\"http:\/\/www.saosteknoloji.com.tr\/tr\/ip-testi\/\" rel=\"bookmark\">IP TEST\u0130<\/a><\/h5>\t\t<div class=\"post_meta\">\n\t\t\t\t\t\t\t\t\t<span class=\"post_meta_item post_date\n\t\t\t\t\t\t\t\t\t\t\t\t\t\t\"\n\t\t\t\t\t\t\t\t\t\t\t\t\t>\n\t\t\t\t\t\t\t\t\t\t\t\t\t\t\t<a href=\"http:\/\/www.saosteknoloji.com.tr\/tr\/ip-testi\/\">\n\t\t\t\t\t\t\t\t\t\t\t\t\t\t22.05.2018\t\t\t\t\t\t\t\t\t\t\t\t\t\t\t<\/a>\n\t\t\t\t\t\t\t\t\t\t\t\t\t<\/span>\n\t\t\t\t\t\t <a href=\"http:\/\/www.saosteknoloji.com.tr\/tr\/ip-testi\/#respond\" class=\"post_meta_item post_counters_item post_counters_comments trx_addons_icon-comment\"><span class=\"post_counters_number\">0<\/span><span class=\"post_counters_label\">Comments<\/span><\/a> \t\t<\/div><!-- .post_meta -->\n\t\t<\/div><!-- .entry-header --><div class=\"sc_blogger_item_excerpt\">\n\t\t\t\t<div class=\"sc_blogger_item_excerpt_text\">\n\t\t\t\t\t<p>IEC (International Electro Technical Commision) taraf\u0131ndan geli\u015ftirilmi\u015f IP (Ingress Protection) standard\u0131, elektrikli ekipmanlar\u0131n korunmas\u0131 i\u00e7in kullan\u0131lan g\u00f6vde ve kapaklar\u0131n yabanc\u0131 cisim ve suya kar\u015f\u0131 koruma derecesini iki basamaktan olu\u015fan bir say\u0131 ile ifade eder. IP s\u0131n\u0131f\u0131 IEC 529, EN 60529, DIN VDE 0470-1 ve NF C&hellip;<\/p>\n\t\t\t\t<\/div>\n\t\t\t\t<div class=\"sc_blogger_item_button sc_item_button\"><a href=\"http:\/\/www.saosteknoloji.com.tr\/tr\/ip-testi\/\" class=\"sc_button sc_button_simple\">Devam\u0131n\u0131 Oku<\/a><\/div><\/div><!-- .sc_blogger_item_excerpt --><\/div><!-- .entry-content --><\/div><!-- .sc_blogger_item --><\/div><div class=\"trx_addons_column-1_2\"><div class=\"sc_blogger_item post_format_standard post-3413 post type-post status-publish format-standard has-post-thumbnail hentry category-blog category-sensor-teknolojileri tag-saos-blog tag-sensor tag-sensorlu-aydinlatma tag-varlik\"><div class=\"post_featured with_thumb hover_simple sc_blogger_item_featured\"><img width=\"872\" height=\"411\" src=\"http:\/\/www.saosteknoloji.com.tr\/wp-content\/uploads\/2019\/12\/insan_odakli_algilama-872x411.png\" class=\"attachment-ozisti-thumb-big size-ozisti-thumb-big wp-post-image\" alt=\"\" loading=\"lazy\" \/>\t\t\t\t\t\t<div class=\"mask\"><\/div>\n\t\t\t\t\t\t            <a href=\"http:\/\/www.saosteknoloji.com.tr\/tr\/insan-odakli-hareket-ve-varlik-algilama-sensorleri\/\" aria-hidden=\"true\" class=\"simple\"><\/a>\n            <\/div><div class=\"sc_blogger_item_content entry-content\"><div class=\"sc_blogger_item_header entry-header\"><h5 class=\"sc_blogger_item_title entry-title\"><a href=\"http:\/\/www.saosteknoloji.com.tr\/tr\/insan-odakli-hareket-ve-varlik-algilama-sensorleri\/\" rel=\"bookmark\">\u0130nsan Odakl\u0131 Hareket ve Varl\u0131k Alg\u0131lama Sens\u00f6rleri<\/a><\/h5>\t\t<div class=\"post_meta\">\n\t\t\t\t\t\t\t\t\t<span class=\"post_meta_item post_date\n\t\t\t\t\t\t\t\t\t\t\t\t\t\t\"\n\t\t\t\t\t\t\t\t\t\t\t\t\t>\n\t\t\t\t\t\t\t\t\t\t\t\t\t\t\t<a href=\"http:\/\/www.saosteknoloji.com.tr\/tr\/insan-odakli-hareket-ve-varlik-algilama-sensorleri\/\">\n\t\t\t\t\t\t\t\t\t\t\t\t\t\t19.12.2019\t\t\t\t\t\t\t\t\t\t\t\t\t\t\t<\/a>\n\t\t\t\t\t\t\t\t\t\t\t\t\t<\/span>\n\t\t\t\t\t\t <a href=\"http:\/\/www.saosteknoloji.com.tr\/tr\/insan-odakli-hareket-ve-varlik-algilama-sensorleri\/#respond\" class=\"post_meta_item post_counters_item post_counters_comments trx_addons_icon-comment\"><span class=\"post_counters_number\">0<\/span><span class=\"post_counters_label\">Comments<\/span><\/a> \t\t<\/div><!-- .post_meta -->\n\t\t<\/div><!-- .entry-header --><div class=\"sc_blogger_item_excerpt\">\n\t\t\t\t<div class=\"sc_blogger_item_excerpt_text\">\n\t\t\t\t\t<p>&nbsp; &nbsp; &nbsp; &nbsp;\u00c7o\u011fu kullan\u0131c\u0131 i\u00e7in varl\u0131k sens\u00f6r\u00fc kavram\u0131 \u015funu ifade etmektedir; kullan\u0131c\u0131,&nbsp;ayd\u0131nlatmas\u0131 ve di\u011fer ba\u011fl\u0131 sistemleri varl\u0131k sens\u00f6r\u00fc ile kontrol edilen bir hacme girdi\u011finde hi\u00e7 hareket etmese dahi sens\u00f6r\u00fcn onu alg\u0131lamas\u0131n\u0131 beklemektedir. Ancak ger\u00e7ekle\u015fecek olan durum \u015fudur; varl\u0131k sens\u00f6r\u00fc ilk hareketle ayd\u0131nlatma ve ba\u011fl\u0131 sistemleri&hellip;<\/p>\n\t\t\t\t<\/div>\n\t\t\t\t<div class=\"sc_blogger_item_button sc_item_button\"><a href=\"http:\/\/www.saosteknoloji.com.tr\/tr\/insan-odakli-hareket-ve-varlik-algilama-sensorleri\/\" class=\"sc_button sc_button_simple\">Devam\u0131n\u0131 Oku<\/a><\/div><\/div><!-- .sc_blogger_item_excerpt --><\/div><!-- .entry-content --><\/div><!-- .sc_blogger_item --><\/div><div class=\"trx_addons_column-1_2\"><div class=\"sc_blogger_item post_format_standard post-5554 post type-post status-publish format-standard has-post-thumbnail hentry category-blog category-sensor-teknolojileri tag-insan-algilama tag-saos-blog tag-sensor tag-sensorlu-aydinlatma tag-varlik\"><div class=\"post_featured with_thumb hover_simple sc_blogger_item_featured\"><img width=\"872\" height=\"516\" src=\"http:\/\/www.saosteknoloji.com.tr\/wp-content\/uploads\/2020\/03\/HPD-2-insan-varl\u0131k-sens\u00f6r\u00fc-872x516.png\" class=\"attachment-ozisti-thumb-big size-ozisti-thumb-big wp-post-image\" alt=\"\" loading=\"lazy\" \/>\t\t\t\t\t\t<div class=\"mask\"><\/div>\n\t\t\t\t\t\t            <a href=\"http:\/\/www.saosteknoloji.com.tr\/tr\/kamera-bazli-insan-varligi-sensoru-hpd2\/\" aria-hidden=\"true\" class=\"simple\"><\/a>\n            <\/div><div class=\"sc_blogger_item_content entry-content\"><div class=\"sc_blogger_item_header entry-header\"><h5 class=\"sc_blogger_item_title entry-title\"><a href=\"http:\/\/www.saosteknoloji.com.tr\/tr\/kamera-bazli-insan-varligi-sensoru-hpd2\/\" rel=\"bookmark\">Kamera Bazl\u0131 \u0130nsan Varl\u0131\u011f\u0131 Sens\u00f6r\u00fc (HPD2)<\/a><\/h5>\t\t<div class=\"post_meta\">\n\t\t\t\t\t\t\t\t\t<span class=\"post_meta_item post_date\n\t\t\t\t\t\t\t\t\t\t\t\t\t\t\"\n\t\t\t\t\t\t\t\t\t\t\t\t\t>\n\t\t\t\t\t\t\t\t\t\t\t\t\t\t\t<a href=\"http:\/\/www.saosteknoloji.com.tr\/tr\/kamera-bazli-insan-varligi-sensoru-hpd2\/\">\n\t\t\t\t\t\t\t\t\t\t\t\t\t\t30.03.2020\t\t\t\t\t\t\t\t\t\t\t\t\t\t\t<\/a>\n\t\t\t\t\t\t\t\t\t\t\t\t\t<\/span>\n\t\t\t\t\t\t <a href=\"http:\/\/www.saosteknoloji.com.tr\/tr\/kamera-bazli-insan-varligi-sensoru-hpd2\/#respond\" class=\"post_meta_item post_counters_item post_counters_comments trx_addons_icon-comment\"><span class=\"post_counters_number\">0<\/span><span class=\"post_counters_label\">Comments<\/span><\/a> \t\t<\/div><!-- .post_meta -->\n\t\t<\/div><!-- .entry-header --><div class=\"sc_blogger_item_excerpt\">\n\t\t\t\t<div class=\"sc_blogger_item_excerpt_text\">\n\t\t\t\t\t<p>\u00a0 \u00a0 Kullan\u0131c\u0131lar taraf\u0131ndan talep edilen, hareket olmasa bile insan varl\u0131\u011f\u0131n\u0131 alg\u0131layacak varl\u0131k sens\u00f6r\u00fc teknolojisi ise g\u00fcn\u00fcm\u00fczde ula\u015f\u0131lan noktada g\u00f6r\u00fcnt\u00fc i\u015fleme teknolojisi ile sunulan sens\u00f6rlerde bulunmaktad\u0131r. Ar&amp;Ge ve prototip \u00fcretim a\u015famas\u0131n\u0131 tamamlam\u0131\u015f olan \u0130nsan Varl\u0131\u011f\u0131 Dedekt\u00f6r\u00fc bu ihtiyaca cevap sunmay\u0131 hedefleyen bir \u00fcr\u00fcnd\u00fcr. 2017 y\u0131l\u0131n\u0131n 4.&hellip;<\/p>\n\t\t\t\t<\/div>\n\t\t\t\t<div class=\"sc_blogger_item_button sc_item_button\"><a href=\"http:\/\/www.saosteknoloji.com.tr\/tr\/kamera-bazli-insan-varligi-sensoru-hpd2\/\" class=\"sc_button sc_button_simple\">Devam\u0131n\u0131 Oku<\/a><\/div><\/div><!-- .sc_blogger_item_excerpt --><\/div><!-- .entry-content --><\/div><!-- .sc_blogger_item --><\/div><div class=\"trx_addons_column-1_2\"><div class=\"sc_blogger_item post_format_standard post-7897 post type-post status-publish format-standard has-post-thumbnail hentry category-blog category-haberler tag-blog tag-cevre tag-sensor tag-surdurulebilirlik\"><div class=\"post_featured with_thumb hover_simple sc_blogger_item_featured\"><img width=\"658\" height=\"444\" src=\"http:\/\/www.saosteknoloji.com.tr\/wp-content\/uploads\/2024\/05\/Ekran-goruntusu-2024-05-28-121823.png\" class=\"attachment-ozisti-thumb-big size-ozisti-thumb-big wp-post-image\" alt=\"\" loading=\"lazy\" srcset=\"http:\/\/www.saosteknoloji.com.tr\/wp-content\/uploads\/2024\/05\/Ekran-goruntusu-2024-05-28-121823.png 658w, http:\/\/www.saosteknoloji.com.tr\/wp-content\/uploads\/2024\/05\/Ekran-goruntusu-2024-05-28-121823-300x202.png 300w, http:\/\/www.saosteknoloji.com.tr\/wp-content\/uploads\/2024\/05\/Ekran-goruntusu-2024-05-28-121823-370x250.png 370w, http:\/\/www.saosteknoloji.com.tr\/wp-content\/uploads\/2024\/05\/Ekran-goruntusu-2024-05-28-121823-421x284.png 421w, http:\/\/www.saosteknoloji.com.tr\/wp-content\/uploads\/2024\/05\/Ekran-goruntusu-2024-05-28-121823-500x337.png 500w\" sizes=\"(max-width: 658px) 100vw, 658px\" \/>\t\t\t\t\t\t<div class=\"mask\"><\/div>\n\t\t\t\t\t\t            <a href=\"http:\/\/www.saosteknoloji.com.tr\/tr\/gecim-kaynaklarimizi-korumak\/\" aria-hidden=\"true\" class=\"simple\"><\/a>\n            <\/div><div class=\"sc_blogger_item_content entry-content\"><div class=\"sc_blogger_item_header entry-header\"><h5 class=\"sc_blogger_item_title entry-title\"><a href=\"http:\/\/www.saosteknoloji.com.tr\/tr\/gecim-kaynaklarimizi-korumak\/\" rel=\"bookmark\">Ge\u00e7im Kaynaklar\u0131m\u0131z\u0131 Korumak<\/a><\/h5>\t\t<div class=\"post_meta\">\n\t\t\t\t\t\t\t\t\t<span class=\"post_meta_item post_date\n\t\t\t\t\t\t\t\t\t\t\t\t\t\t\"\n\t\t\t\t\t\t\t\t\t\t\t\t\t>\n\t\t\t\t\t\t\t\t\t\t\t\t\t\t\t<a href=\"http:\/\/www.saosteknoloji.com.tr\/tr\/gecim-kaynaklarimizi-korumak\/\">\n\t\t\t\t\t\t\t\t\t\t\t\t\t\t25.06.2024\t\t\t\t\t\t\t\t\t\t\t\t\t\t\t<\/a>\n\t\t\t\t\t\t\t\t\t\t\t\t\t<\/span>\n\t\t\t\t\t\t <a href=\"http:\/\/www.saosteknoloji.com.tr\/tr\/gecim-kaynaklarimizi-korumak\/#respond\" class=\"post_meta_item post_counters_item post_counters_comments trx_addons_icon-comment\"><span class=\"post_counters_number\">0<\/span><span class=\"post_counters_label\">Comments<\/span><\/a> \t\t<\/div><!-- .post_meta -->\n\t\t<\/div><!-- .entry-header --><div class=\"sc_blogger_item_excerpt\">\n\t\t\t\t<div class=\"sc_blogger_item_excerpt_text\">\n\t\t\t\t\t<p>Ekonomik faaliyetlerimiz ve kurumsal hedeflerimize ula\u015fmam\u0131zdan dolay\u0131 gezegenimizde izler b\u0131rak\u0131yoruz. Bu izlerin m\u00fcmk\u00fcn oldu\u011funca k\u00fc\u00e7\u00fck olmas\u0131n\u0131 sa\u011flamak i\u00e7in \u00fcretimimizi s\u00fcrd\u00fcr\u00fclebilirli\u011fe y\u00f6nlendiriyoruz ve hepimizin ya\u015fam\u0131n\u0131n temelini en iyi \u015fekilde korumay\u0131 hedefliyoruz. \u00dcr\u00fcnlerimizin ve hizmetlerimizin, kaynaklar\u0131 koruyacak ve m\u00fcmk\u00fcn oldu\u011funca az kirletici madde b\u0131rakacak \u015fekilde \u00fcretilmesi gerekti\u011finin bilincindeyiz.&hellip;<\/p>\n\t\t\t\t<\/div>\n\t\t\t\t<div class=\"sc_blogger_item_button sc_item_button\"><a href=\"http:\/\/www.saosteknoloji.com.tr\/tr\/gecim-kaynaklarimizi-korumak\/\" class=\"sc_button sc_button_simple\">Devam\u0131n\u0131 Oku<\/a><\/div><\/div><!-- .sc_blogger_item_excerpt --><\/div><!-- .entry-content --><\/div><!-- .sc_blogger_item --><\/div><div class=\"trx_addons_column-1_2\"><div class=\"sc_blogger_item post_format_standard post-8564 post type-post status-publish format-standard has-post-thumbnail hentry category-blog\"><div class=\"post_featured with_thumb hover_simple sc_blogger_item_featured\"><img width=\"640\" height=\"480\" src=\"http:\/\/www.saosteknoloji.com.tr\/wp-content\/uploads\/2024\/07\/0dd06688e10fd2b541b9e87843535453-2.jpg\" class=\"attachment-ozisti-thumb-big size-ozisti-thumb-big wp-post-image\" alt=\"\" loading=\"lazy\" srcset=\"http:\/\/www.saosteknoloji.com.tr\/wp-content\/uploads\/2024\/07\/0dd06688e10fd2b541b9e87843535453-2.jpg 640w, http:\/\/www.saosteknoloji.com.tr\/wp-content\/uploads\/2024\/07\/0dd06688e10fd2b541b9e87843535453-2-300x225.jpg 300w, http:\/\/www.saosteknoloji.com.tr\/wp-content\/uploads\/2024\/07\/0dd06688e10fd2b541b9e87843535453-2-370x278.jpg 370w, http:\/\/www.saosteknoloji.com.tr\/wp-content\/uploads\/2024\/07\/0dd06688e10fd2b541b9e87843535453-2-421x316.jpg 421w, http:\/\/www.saosteknoloji.com.tr\/wp-content\/uploads\/2024\/07\/0dd06688e10fd2b541b9e87843535453-2-500x375.jpg 500w\" sizes=\"(max-width: 640px) 100vw, 640px\" \/>\t\t\t\t\t\t<div class=\"mask\"><\/div>\n\t\t\t\t\t\t            <a href=\"http:\/\/www.saosteknoloji.com.tr\/tr\/konukseverlik-icin-icat-edildi\/\" aria-hidden=\"true\" class=\"simple\"><\/a>\n            <\/div><div class=\"sc_blogger_item_content entry-content\"><div class=\"sc_blogger_item_header entry-header\"><h5 class=\"sc_blogger_item_title entry-title\"><a href=\"http:\/\/www.saosteknoloji.com.tr\/tr\/konukseverlik-icin-icat-edildi\/\" rel=\"bookmark\">Konukseverlik \u0130\u00e7in \u0130cat Edildi<\/a><\/h5>\t\t<div class=\"post_meta\">\n\t\t\t\t\t\t\t\t\t<span class=\"post_meta_item post_date\n\t\t\t\t\t\t\t\t\t\t\t\t\t\t\"\n\t\t\t\t\t\t\t\t\t\t\t\t\t>\n\t\t\t\t\t\t\t\t\t\t\t\t\t\t\t<a href=\"http:\/\/www.saosteknoloji.com.tr\/tr\/konukseverlik-icin-icat-edildi\/\">\n\t\t\t\t\t\t\t\t\t\t\t\t\t\t02.08.2024\t\t\t\t\t\t\t\t\t\t\t\t\t\t\t<\/a>\n\t\t\t\t\t\t\t\t\t\t\t\t\t<\/span>\n\t\t\t\t\t\t <a href=\"http:\/\/www.saosteknoloji.com.tr\/tr\/konukseverlik-icin-icat-edildi\/#respond\" class=\"post_meta_item post_counters_item post_counters_comments trx_addons_icon-comment\"><span class=\"post_counters_number\">0<\/span><span class=\"post_counters_label\">Comments<\/span><\/a> \t\t<\/div><!-- .post_meta -->\n\t\t<\/div><!-- .entry-header --><div class=\"sc_blogger_item_excerpt\">\n\t\t\t\t<div class=\"sc_blogger_item_excerpt_text\">\n\t\t\t\t\t<p>&#8211; Otel End\u00fcstrisinde Gelecek Ba\u015flad\u0131 Artan seyahat talebine, misafirler i\u00e7in daha fazla hizmet ve \u00e7evre i\u00e7in daha fazla enerji verimlili\u011fi ile yan\u0131t veriyoruz. Dijitalle\u015fme ve artan m\u00fc\u015fteri talepleri, otelcileri ve otel i\u015fletmecilerini yeni zorluklarla kar\u015f\u0131 kar\u015f\u0131ya b\u0131rak\u0131yor. Bir misafirin odas\u0131nda olup olmad\u0131\u011f\u0131na dair dijital bilgi, bu&hellip;<\/p>\n\t\t\t\t<\/div>\n\t\t\t\t<div class=\"sc_blogger_item_button sc_item_button\"><a href=\"http:\/\/www.saosteknoloji.com.tr\/tr\/konukseverlik-icin-icat-edildi\/\" class=\"sc_button sc_button_simple\">Devam\u0131n\u0131 Oku<\/a><\/div><\/div><!-- .sc_blogger_item_excerpt --><\/div><!-- .entry-content --><\/div><!-- .sc_blogger_item --><\/div><\/div><\/div>\t\t<\/div>\n\t\t\t\t<\/div>\n\t\t\t\t\t\t<\/div>\n\t\t\t<\/div>\n\t\t<\/div>\n\t\t\t\t\t\t<\/div>\n\t\t\t<\/div>\n\t\t<\/section>\n\t\t\t\t\t\t<\/div>\n\t\t\t<\/div>\n\t\t<\/div>\n\t\t","protected":false},"excerpt":{"rendered":"<p>Blog Yaz\u0131lar\u0131 Deneme Blog Yaz\u0131s\u0131 2 mins ago 0Comments IEC (International Electro Technical Commision) taraf\u0131ndan geli\u015ftirilmi\u015f IP (Ingress Protection) standard\u0131, elektrikli ekipmanlar\u0131n korunmas\u0131 i\u00e7in kullan\u0131lan g\u00f6vde ve kapaklar\u0131n yabanc\u0131 cisim ve suya kar\u015f\u0131 koruma derecesini iki basamaktan olu\u015fan bir say\u0131 ile ifade eder. IP s\u0131n\u0131f\u0131 IEC&hellip;<\/p>\n","protected":false},"author":1,"featured_media":0,"parent":0,"menu_order":0,"comment_status":"closed","ping_status":"closed","template":"","meta":[],"_links":{"self":[{"href":"http:\/\/www.saosteknoloji.com.tr\/tr\/wp-json\/wp\/v2\/pages\/2074"}],"collection":[{"href":"http:\/\/www.saosteknoloji.com.tr\/tr\/wp-json\/wp\/v2\/pages"}],"about":[{"href":"http:\/\/www.saosteknoloji.com.tr\/tr\/wp-json\/wp\/v2\/types\/page"}],"author":[{"embeddable":true,"href":"http:\/\/www.saosteknoloji.com.tr\/tr\/wp-json\/wp\/v2\/users\/1"}],"replies":[{"embeddable":true,"href":"http:\/\/www.saosteknoloji.com.tr\/tr\/wp-json\/wp\/v2\/comments?post=2074"}],"version-history":[{"count":15,"href":"http:\/\/www.saosteknoloji.com.tr\/tr\/wp-json\/wp\/v2\/pages\/2074\/revisions"}],"predecessor-version":[{"id":8561,"href":"http:\/\/www.saosteknoloji.com.tr\/tr\/wp-json\/wp\/v2\/pages\/2074\/revisions\/8561"}],"wp:attachment":[{"href":"http:\/\/www.saosteknoloji.com.tr\/tr\/wp-json\/wp\/v2\/media?parent=2074"}],"curies":[{"name":"wp","href":"https:\/\/api.w.org\/{rel}","templated":true}]}}