
{"id":2142,"date":"2019-09-14T00:18:07","date_gmt":"2019-09-13T21:18:07","guid":{"rendered":"http:\/\/grafistarsiv.com\/?page_id=2142"},"modified":"2024-07-01T16:35:59","modified_gmt":"2024-07-01T13:35:59","slug":"knx-bina-otomasyonu-teknolojisi-1","status":"publish","type":"page","link":"http:\/\/www.saosteknoloji.com.tr\/tr\/prolog\/knx-bina-otomasyonu-teknolojisi-1\/","title":{"rendered":"KNX Bina Otomasyonu Teknolojisi"},"content":{"rendered":"\t\t<div data-elementor-type=\"wp-post\" data-elementor-id=\"2142\" class=\"elementor elementor-2142\" data-elementor-settings=\"[]\">\n\t\t\t<div class=\"elementor-inner\">\n\t\t\t\t<div class=\"elementor-section-wrap\">\n\t\t\t\t\t\t\t<section class=\"elementor-element elementor-element-3fd7ce5 elementor-section-boxed elementor-section-height-default elementor-section-height-default elementor-section elementor-top-section\" data-id=\"3fd7ce5\" data-element_type=\"section\" data-settings=\"{&quot;background_background&quot;:&quot;classic&quot;}\">\n\t\t\t\t\t\t<div class=\"elementor-container elementor-column-gap-no\">\n\t\t\t\t<div class=\"elementor-row\">\n\t\t\t\t<div class=\"elementor-element elementor-element-99831e4 sc_layouts_column_icons_position_left elementor-column elementor-col-100 elementor-top-column\" data-id=\"99831e4\" data-element_type=\"column\">\n\t\t\t<div class=\"elementor-column-wrap  elementor-element-populated\">\n\t\t\t\t\t<div class=\"elementor-widget-wrap\">\n\t\t\t\t<section class=\"elementor-element elementor-element-8de9484 elementor-section-boxed elementor-section-height-default elementor-section-height-default elementor-section elementor-inner-section\" data-id=\"8de9484\" data-element_type=\"section\" data-settings=\"{&quot;background_background&quot;:&quot;classic&quot;}\">\n\t\t\t\t\t\t<div class=\"elementor-container elementor-column-gap-no\">\n\t\t\t\t<div class=\"elementor-row\">\n\t\t\t\t<div class=\"elementor-element elementor-element-3f7cb26 sc_layouts_column_icons_position_left elementor-column elementor-col-100 elementor-inner-column\" data-id=\"3f7cb26\" data-element_type=\"column\">\n\t\t\t<div class=\"elementor-column-wrap  elementor-element-populated\">\n\t\t\t\t\t<div class=\"elementor-widget-wrap\">\n\t\t\t\t<div class=\"elementor-element elementor-element-402e4de scheme_default elementor-widget elementor-widget-trx_sc_title\" data-id=\"402e4de\" data-element_type=\"widget\" data-widget_type=\"trx_sc_title.default\">\n\t\t\t\t<div class=\"elementor-widget-container\">\n\t\t\t<div id=\"trx_sc_title_195769797\"\n\t\tclass=\"sc_title scheme_default sc_title_default\"><h2 class=\"sc_item_title sc_title_title sc_align_left sc_item_title_style_default\"><span class=\"text-wrap\">KNX Bina Otomasyonu<\/span><\/h2><\/div><!-- \/.sc_title -->\t\t<\/div>\n\t\t\t\t<\/div>\n\t\t\t\t<div class=\"elementor-element elementor-element-f907548 elementor-widget elementor-widget-spacer\" data-id=\"f907548\" data-element_type=\"widget\" data-widget_type=\"spacer.default\">\n\t\t\t\t<div class=\"elementor-widget-container\">\n\t\t\t\t\t<div class=\"elementor-spacer\">\n\t\t\t<div class=\"elementor-spacer-inner\"><\/div>\n\t\t<\/div>\n\t\t\t\t<\/div>\n\t\t\t\t<\/div>\n\t\t\t\t<div class=\"elementor-element elementor-element-cb2571d elementor-widget elementor-widget-image\" data-id=\"cb2571d\" data-element_type=\"widget\" data-widget_type=\"image.default\">\n\t\t\t\t<div class=\"elementor-widget-container\">\n\t\t\t\t\t<div class=\"elementor-image\">\n\t\t\t\t\t\t\t\t\t\t\t<a data-elementor-open-lightbox=\"yes\" href=\"http:\/\/www.saosteknoloji.com.tr\/wp-content\/uploads\/2019\/10\/knx_sensor.jpg\">\n\t\t\t\t\t\t\t<img width=\"3000\" height=\"1747\" src=\"http:\/\/www.saosteknoloji.com.tr\/wp-content\/uploads\/2019\/10\/knx_sensor.jpg\" class=\"attachment-full size-full\" alt=\"\" loading=\"lazy\" srcset=\"http:\/\/www.saosteknoloji.com.tr\/wp-content\/uploads\/2019\/10\/knx_sensor.jpg 3000w, http:\/\/www.saosteknoloji.com.tr\/wp-content\/uploads\/2019\/10\/knx_sensor-500x291.jpg 500w, http:\/\/www.saosteknoloji.com.tr\/wp-content\/uploads\/2019\/10\/knx_sensor-300x175.jpg 300w, http:\/\/www.saosteknoloji.com.tr\/wp-content\/uploads\/2019\/10\/knx_sensor-768x447.jpg 768w, http:\/\/www.saosteknoloji.com.tr\/wp-content\/uploads\/2019\/10\/knx_sensor-1024x596.jpg 1024w, http:\/\/www.saosteknoloji.com.tr\/wp-content\/uploads\/2019\/10\/knx_sensor-370x215.jpg 370w, http:\/\/www.saosteknoloji.com.tr\/wp-content\/uploads\/2019\/10\/knx_sensor-872x508.jpg 872w, http:\/\/www.saosteknoloji.com.tr\/wp-content\/uploads\/2019\/10\/knx_sensor-421x245.jpg 421w\" sizes=\"(max-width: 3000px) 100vw, 3000px\" \/>\t\t\t\t\t\t\t\t<\/a>\n\t\t\t\t\t\t\t\t\t\t\t<\/div>\n\t\t\t\t<\/div>\n\t\t\t\t<\/div>\n\t\t\t\t<div class=\"elementor-element elementor-element-7322dda elementor-widget elementor-widget-spacer\" data-id=\"7322dda\" data-element_type=\"widget\" data-widget_type=\"spacer.default\">\n\t\t\t\t<div class=\"elementor-widget-container\">\n\t\t\t\t\t<div class=\"elementor-spacer\">\n\t\t\t<div class=\"elementor-spacer-inner\"><\/div>\n\t\t<\/div>\n\t\t\t\t<\/div>\n\t\t\t\t<\/div>\n\t\t\t\t<div class=\"elementor-element elementor-element-6ec2283 elementor-widget elementor-widget-text-editor\" data-id=\"6ec2283\" data-element_type=\"widget\" data-widget_type=\"text-editor.default\">\n\t\t\t\t<div class=\"elementor-widget-container\">\n\t\t\t\t\t<div class=\"elementor-text-editor elementor-clearfix\"><p>Ev ve bina otomasyonunun dili, KNX. Avrupa ve d\u00fcnya \u00fczerindeki ba\u015far\u0131l\u0131 KNX uygulamalar\u0131n\u0131n say\u0131s\u0131 milyonlara ula\u015ft\u0131.D\u00fcnyadaki en b\u00fcy\u00fck sens\u00f6r program\u0131na sahip olan STEINEL, KNX i\u00e7in \u201cduyu organlar\u0131n\u0131\u201d sa\u011flar. Sundu\u011fumuz sens\u00f6r teknolojileri &#8211; pasif k\u0131z\u0131l\u00f6tesi, y\u00fcksek frekans, ultrasonik ve kamera sens\u00f6r\u00fc teknolojisi &#8211; bir\u00e7ok pratik sens\u00f6r s\u00fcr\u00fcm\u00fcnde mevcuttur. Bu, STEINEL\u2019in herhangi bir uygulama i\u00e7in size do\u011fru sens\u00f6r\u00fc verebilece\u011fi anlam\u0131na gelir.<\/p><p>Biz sadece KNX entegrat\u00f6rler i\u00e7in bir partner de\u011fil, planlamac\u0131lar, mimarlar ve elektrik tesisat\u00e7\u0131lar\u0131 i\u00e7in de bir partneriz. Onlarla birlikte pratik deneyimlerden fikir ve \u00f6nerileri i\u00e7in diyalog arar\u0131z. Hizmetimiz planlama yard\u0131m\u0131ndan, veri sa\u011flamaya ve g\u00fcnl\u00fck sorular\u0131 yan\u0131tlamaya kadar uzanan geni\u015f bir portf\u00f6y\u00fc kapsar.<\/p><p><strong>Yeni KNX yaz\u0131l\u0131m g\u00fcncellemesi ile 20\u2019den fazla yeni fonksiyon eklendi. Art\u0131k daha fazla se\u00e7enekten yararlan\u0131n.<\/strong><\/p><\/div>\n\t\t\t\t<\/div>\n\t\t\t\t<\/div>\n\t\t\t\t<div class=\"elementor-element elementor-element-747fbff elementor-widget elementor-widget-spacer\" data-id=\"747fbff\" data-element_type=\"widget\" data-widget_type=\"spacer.default\">\n\t\t\t\t<div class=\"elementor-widget-container\">\n\t\t\t\t\t<div class=\"elementor-spacer\">\n\t\t\t<div class=\"elementor-spacer-inner\"><\/div>\n\t\t<\/div>\n\t\t\t\t<\/div>\n\t\t\t\t<\/div>\n\t\t\t\t<div class=\"elementor-element elementor-element-7f0bff8 scheme_default elementor-widget elementor-widget-trx_sc_button\" data-id=\"7f0bff8\" data-element_type=\"widget\" data-widget_type=\"trx_sc_button.default\">\n\t\t\t\t<div class=\"elementor-widget-container\">\n\t\t\t<div class=\"sc_item_button sc_button_wrap sc_align_left\"><a href=\"#\" id=\"trx_sc_button_1735505396\" class=\"sc_button sc_button_bordered sc_button_size_small sc_button_icon_left\"><span class=\"sc_button_text sc_align_center\"><span class=\"sc_button_title\">KNX Teknolojisine Sahip \u00dcr\u00fcnlerimiz<\/span><\/span><!-- \/.sc_button_text --><\/a><!-- \/.sc_button --><\/div><!-- \/.sc_item_button -->\t\t<\/div>\n\t\t\t\t<\/div>\n\t\t\t\t\t\t<\/div>\n\t\t\t<\/div>\n\t\t<\/div>\n\t\t\t\t\t\t<\/div>\n\t\t\t<\/div>\n\t\t<\/section>\n\t\t\t\t<div class=\"elementor-element elementor-element-ec0ff4d elementor-widget elementor-widget-spacer\" data-id=\"ec0ff4d\" data-element_type=\"widget\" data-widget_type=\"spacer.default\">\n\t\t\t\t<div class=\"elementor-widget-container\">\n\t\t\t\t\t<div class=\"elementor-spacer\">\n\t\t\t<div class=\"elementor-spacer-inner\"><\/div>\n\t\t<\/div>\n\t\t\t\t<\/div>\n\t\t\t\t<\/div>\n\t\t\t\t\t\t<\/div>\n\t\t\t<\/div>\n\t\t<\/div>\n\t\t\t\t\t\t<\/div>\n\t\t\t<\/div>\n\t\t<\/section>\n\t\t\t\t\t\t<\/div>\n\t\t\t<\/div>\n\t\t<\/div>\n\t\t","protected":false},"excerpt":{"rendered":"<p>KNX Bina Otomasyonu Ev ve bina otomasyonunun dili, KNX. Avrupa ve d\u00fcnya \u00fczerindeki ba\u015far\u0131l\u0131 KNX uygulamalar\u0131n\u0131n say\u0131s\u0131 milyonlara ula\u015ft\u0131. D\u00fcnyadaki en b\u00fcy\u00fck sens\u00f6r program\u0131na sahip olan STEINEL, KNX i\u00e7in \u201cduyu organlar\u0131n\u0131\u201d sa\u011flar. Sundu\u011fumuz sens\u00f6r teknolojileri &#8211; pasif k\u0131z\u0131l\u00f6tesi, y\u00fcksek frekans, ultrasonik ve kamera sens\u00f6r\u00fc teknolojisi &#8211;&hellip;<\/p>\n","protected":false},"author":1,"featured_media":0,"parent":2630,"menu_order":0,"comment_status":"closed","ping_status":"closed","template":"","meta":[],"_links":{"self":[{"href":"http:\/\/www.saosteknoloji.com.tr\/tr\/wp-json\/wp\/v2\/pages\/2142"}],"collection":[{"href":"http:\/\/www.saosteknoloji.com.tr\/tr\/wp-json\/wp\/v2\/pages"}],"about":[{"href":"http:\/\/www.saosteknoloji.com.tr\/tr\/wp-json\/wp\/v2\/types\/page"}],"author":[{"embeddable":true,"href":"http:\/\/www.saosteknoloji.com.tr\/tr\/wp-json\/wp\/v2\/users\/1"}],"replies":[{"embeddable":true,"href":"http:\/\/www.saosteknoloji.com.tr\/tr\/wp-json\/wp\/v2\/comments?post=2142"}],"version-history":[{"count":46,"href":"http:\/\/www.saosteknoloji.com.tr\/tr\/wp-json\/wp\/v2\/pages\/2142\/revisions"}],"predecessor-version":[{"id":8114,"href":"http:\/\/www.saosteknoloji.com.tr\/tr\/wp-json\/wp\/v2\/pages\/2142\/revisions\/8114"}],"up":[{"embeddable":true,"href":"http:\/\/www.saosteknoloji.com.tr\/tr\/wp-json\/wp\/v2\/pages\/2630"}],"wp:attachment":[{"href":"http:\/\/www.saosteknoloji.com.tr\/tr\/wp-json\/wp\/v2\/media?parent=2142"}],"curies":[{"name":"wp","href":"https:\/\/api.w.org\/{rel}","templated":true}]}}