
{"id":253,"date":"2025-05-16T15:58:00","date_gmt":"2025-05-16T12:58:00","guid":{"rendered":"http:\/\/grafistarsiv.com\/?page_id=253"},"modified":"2025-05-16T15:56:45","modified_gmt":"2025-05-16T12:56:45","slug":"sensor-teknolojileri","status":"publish","type":"page","link":"http:\/\/www.saosteknoloji.com.tr\/tr\/sensor-teknolojileri\/","title":{"rendered":"Sens\u00f6r Teknolojileri"},"content":{"rendered":"\t\t<div data-elementor-type=\"wp-post\" data-elementor-id=\"253\" class=\"elementor elementor-253\" data-elementor-settings=\"[]\">\n\t\t\t<div class=\"elementor-inner\">\n\t\t\t\t<div class=\"elementor-section-wrap\">\n\t\t\t\t\t\t\t<section class=\"elementor-element elementor-element-8c9da9b elementor-section-boxed elementor-section-height-default elementor-section-height-default elementor-section elementor-top-section\" data-id=\"8c9da9b\" data-element_type=\"section\" data-settings=\"{&quot;background_background&quot;:&quot;classic&quot;}\">\n\t\t\t\t\t\t<div class=\"elementor-container elementor-column-gap-extended\">\n\t\t\t\t<div class=\"elementor-row\">\n\t\t\t\t<div class=\"elementor-element elementor-element-ac5dbee sc_layouts_column_icons_position_left elementor-column elementor-col-100 elementor-top-column\" data-id=\"ac5dbee\" data-element_type=\"column\" data-settings=\"{&quot;background_background&quot;:&quot;classic&quot;}\">\n\t\t\t<div class=\"elementor-column-wrap  elementor-element-populated\">\n\t\t\t\t\t<div class=\"elementor-widget-wrap\">\n\t\t\t\t<div class=\"elementor-element elementor-element-cb73842 elementor-widget elementor-widget-trx_sc_title\" data-id=\"cb73842\" data-element_type=\"widget\" data-widget_type=\"trx_sc_title.default\">\n\t\t\t\t<div class=\"elementor-widget-container\">\n\t\t\t<div id=\"trx_sc_title_105786018\"\n\t\tclass=\"sc_title sc_title_default\"><h2 class=\"sc_item_title sc_title_title sc_align_left sc_item_title_style_default\"><span class=\"text-wrap\">Sens\u00f6r Teknolojileri<\/span><\/h2><\/div><!-- \/.sc_title -->\t\t<\/div>\n\t\t\t\t<\/div>\n\t\t\t\t<div class=\"elementor-element elementor-element-1500470 elementor-widget elementor-widget-spacer\" data-id=\"1500470\" data-element_type=\"widget\" data-widget_type=\"spacer.default\">\n\t\t\t\t<div class=\"elementor-widget-container\">\n\t\t\t\t\t<div class=\"elementor-spacer\">\n\t\t\t<div class=\"elementor-spacer-inner\"><\/div>\n\t\t<\/div>\n\t\t\t\t<\/div>\n\t\t\t\t<\/div>\n\t\t\t\t\t\t<\/div>\n\t\t\t<\/div>\n\t\t<\/div>\n\t\t\t\t\t\t<\/div>\n\t\t\t<\/div>\n\t\t<\/section>\n\t\t\t\t<section class=\"elementor-element elementor-element-8e803fd elementor-section-boxed elementor-section-height-default elementor-section-height-default elementor-section elementor-top-section\" data-id=\"8e803fd\" data-element_type=\"section\" data-settings=\"{&quot;background_background&quot;:&quot;classic&quot;}\">\n\t\t\t\t\t\t<div class=\"elementor-container elementor-column-gap-narrow\">\n\t\t\t\t<div class=\"elementor-row\">\n\t\t\t\t<div class=\"elementor-element elementor-element-0630b67 sc_layouts_column_icons_position_left elementor-column elementor-col-50 elementor-top-column\" data-id=\"0630b67\" data-element_type=\"column\" data-settings=\"{&quot;background_background&quot;:&quot;classic&quot;}\">\n\t\t\t<div class=\"elementor-column-wrap  elementor-element-populated\">\n\t\t\t\t\t<div class=\"elementor-widget-wrap\">\n\t\t\t\t<section class=\"elementor-element elementor-element-1025f93 elementor-section-boxed elementor-section-height-default elementor-section-height-default elementor-section elementor-inner-section\" data-id=\"1025f93\" data-element_type=\"section\" data-settings=\"{&quot;background_background&quot;:&quot;classic&quot;}\">\n\t\t\t\t\t\t<div class=\"elementor-container elementor-column-gap-extended\">\n\t\t\t\t<div class=\"elementor-row\">\n\t\t\t\t<div class=\"elementor-element elementor-element-3407a6d sc_layouts_column_icons_position_left elementor-column elementor-col-100 elementor-inner-column\" data-id=\"3407a6d\" data-element_type=\"column\">\n\t\t\t<div class=\"elementor-column-wrap  elementor-element-populated\">\n\t\t\t\t\t<div class=\"elementor-widget-wrap\">\n\t\t\t\t<div class=\"elementor-element elementor-element-c1cff3a elementor-widget elementor-widget-image\" data-id=\"c1cff3a\" data-element_type=\"widget\" data-widget_type=\"image.default\">\n\t\t\t\t<div class=\"elementor-widget-container\">\n\t\t\t\t\t<div class=\"elementor-image\">\n\t\t\t\t\t\t\t\t\t\t<img width=\"890\" height=\"430\" src=\"http:\/\/www.saosteknoloji.com.tr\/wp-content\/uploads\/2019\/09\/teknoloji_pasif_kizilotesi.png\" class=\"attachment-large size-large\" alt=\"\" loading=\"lazy\" srcset=\"http:\/\/www.saosteknoloji.com.tr\/wp-content\/uploads\/2019\/09\/teknoloji_pasif_kizilotesi.png 890w, http:\/\/www.saosteknoloji.com.tr\/wp-content\/uploads\/2019\/09\/teknoloji_pasif_kizilotesi-500x242.png 500w, http:\/\/www.saosteknoloji.com.tr\/wp-content\/uploads\/2019\/09\/teknoloji_pasif_kizilotesi-300x145.png 300w, http:\/\/www.saosteknoloji.com.tr\/wp-content\/uploads\/2019\/09\/teknoloji_pasif_kizilotesi-768x371.png 768w, http:\/\/www.saosteknoloji.com.tr\/wp-content\/uploads\/2019\/09\/teknoloji_pasif_kizilotesi-370x179.png 370w, http:\/\/www.saosteknoloji.com.tr\/wp-content\/uploads\/2019\/09\/teknoloji_pasif_kizilotesi-872x421.png 872w, http:\/\/www.saosteknoloji.com.tr\/wp-content\/uploads\/2019\/09\/teknoloji_pasif_kizilotesi-421x203.png 421w\" sizes=\"(max-width: 890px) 100vw, 890px\" \/>\t\t\t\t\t\t\t\t\t\t\t<\/div>\n\t\t\t\t<\/div>\n\t\t\t\t<\/div>\n\t\t\t\t<div class=\"elementor-element elementor-element-6d6df4a scheme_default elementor-widget elementor-widget-trx_sc_title\" data-id=\"6d6df4a\" data-element_type=\"widget\" data-widget_type=\"trx_sc_title.default\">\n\t\t\t\t<div class=\"elementor-widget-container\">\n\t\t\t<div id=\"trx_sc_title_1578348298\"\n\t\tclass=\"sc_title scheme_default sc_title_accent\"><h5 class=\"sc_item_title sc_title_title sc_align_center sc_item_title_style_accent sc_item_title_tag\"><span class=\"text-wrap\">Pasif K\u0131z\u0131l \u00d6tesi<\/span><\/h5><div class=\"sc_item_descr sc_title_descr sc_align_center\"><p>Hareket eden \u0131s\u0131 kayanaklar\u0131na tepki verir.<\/p>\n<\/div><div class=\"sc_item_button sc_button_wrap sc_align_center\"><a href=\"http:\/\/www.saosteknoloji.com.tr\/tr\/sensor-teknolojileri\/pasif-kizil-otesi\/\" id=\"sc_button_468391463\" class=\"sc_button sc_button_default sc_item_button sc_item_button_default sc_title_button sc_button_size_normal sc_button_icon_left\"><span class=\"sc_button_text\"><span class=\"sc_button_title\">Bilgi Edin<\/span><\/span><!-- \/.sc_button_text --><\/a><!-- \/.sc_button --><\/div><!-- \/.sc_item_button --><\/div><!-- \/.sc_title -->\t\t<\/div>\n\t\t\t\t<\/div>\n\t\t\t\t\t\t<\/div>\n\t\t\t<\/div>\n\t\t<\/div>\n\t\t\t\t\t\t<\/div>\n\t\t\t<\/div>\n\t\t<\/section>\n\t\t\t\t\t\t<\/div>\n\t\t\t<\/div>\n\t\t<\/div>\n\t\t\t\t<div class=\"elementor-element elementor-element-5feaad0 sc_layouts_column_icons_position_left elementor-column elementor-col-50 elementor-top-column\" data-id=\"5feaad0\" data-element_type=\"column\" data-settings=\"{&quot;background_background&quot;:&quot;classic&quot;}\">\n\t\t\t<div class=\"elementor-column-wrap  elementor-element-populated\">\n\t\t\t\t\t<div class=\"elementor-widget-wrap\">\n\t\t\t\t<section class=\"elementor-element elementor-element-0fff39c elementor-section-boxed elementor-section-height-default elementor-section-height-default elementor-section elementor-inner-section\" data-id=\"0fff39c\" data-element_type=\"section\" data-settings=\"{&quot;background_background&quot;:&quot;classic&quot;}\">\n\t\t\t\t\t\t<div class=\"elementor-container elementor-column-gap-extended\">\n\t\t\t\t<div class=\"elementor-row\">\n\t\t\t\t<div class=\"elementor-element elementor-element-e67ff36 sc_layouts_column_icons_position_left elementor-column elementor-col-100 elementor-inner-column\" data-id=\"e67ff36\" data-element_type=\"column\">\n\t\t\t<div class=\"elementor-column-wrap  elementor-element-populated\">\n\t\t\t\t\t<div class=\"elementor-widget-wrap\">\n\t\t\t\t<div class=\"elementor-element elementor-element-57f7020 elementor-widget elementor-widget-image\" data-id=\"57f7020\" data-element_type=\"widget\" data-widget_type=\"image.default\">\n\t\t\t\t<div class=\"elementor-widget-container\">\n\t\t\t\t\t<div class=\"elementor-image\">\n\t\t\t\t\t\t\t\t\t\t<img width=\"890\" height=\"430\" src=\"http:\/\/www.saosteknoloji.com.tr\/wp-content\/uploads\/2019\/09\/teknoloji_yuksel_frekans.png\" class=\"attachment-large size-large\" alt=\"\" loading=\"lazy\" srcset=\"http:\/\/www.saosteknoloji.com.tr\/wp-content\/uploads\/2019\/09\/teknoloji_yuksel_frekans.png 890w, http:\/\/www.saosteknoloji.com.tr\/wp-content\/uploads\/2019\/09\/teknoloji_yuksel_frekans-500x242.png 500w, http:\/\/www.saosteknoloji.com.tr\/wp-content\/uploads\/2019\/09\/teknoloji_yuksel_frekans-300x145.png 300w, http:\/\/www.saosteknoloji.com.tr\/wp-content\/uploads\/2019\/09\/teknoloji_yuksel_frekans-768x371.png 768w, http:\/\/www.saosteknoloji.com.tr\/wp-content\/uploads\/2019\/09\/teknoloji_yuksel_frekans-370x179.png 370w, http:\/\/www.saosteknoloji.com.tr\/wp-content\/uploads\/2019\/09\/teknoloji_yuksel_frekans-872x421.png 872w, http:\/\/www.saosteknoloji.com.tr\/wp-content\/uploads\/2019\/09\/teknoloji_yuksel_frekans-421x203.png 421w\" sizes=\"(max-width: 890px) 100vw, 890px\" \/>\t\t\t\t\t\t\t\t\t\t\t<\/div>\n\t\t\t\t<\/div>\n\t\t\t\t<\/div>\n\t\t\t\t<div class=\"elementor-element elementor-element-b7d116b scheme_default elementor-widget elementor-widget-trx_sc_title\" data-id=\"b7d116b\" data-element_type=\"widget\" data-widget_type=\"trx_sc_title.default\">\n\t\t\t\t<div class=\"elementor-widget-container\">\n\t\t\t<div id=\"trx_sc_title_1277619555\"\n\t\tclass=\"sc_title scheme_default sc_title_accent\"><h5 class=\"sc_item_title sc_title_title sc_align_center sc_item_title_style_accent sc_item_title_tag\"><span class=\"text-wrap\">Y\u00fcksek Frekans<\/span><\/h5><div class=\"sc_item_descr sc_title_descr sc_align_center\"><p>\u0130nce duvarlar\u0131n \u00f6tesini de g\u00f6r\u00fcr.<\/p>\n<\/div><div class=\"sc_item_button sc_button_wrap sc_align_center\"><a href=\"http:\/\/www.saosteknoloji.com.tr\/tr\/sensor-teknolojileri\/yuksek-frekans\/\" id=\"sc_button_528326114\" class=\"sc_button sc_button_default sc_item_button sc_item_button_default sc_title_button sc_button_size_normal sc_button_icon_left\"><span class=\"sc_button_text\"><span class=\"sc_button_title\">Bilgi Edin<\/span><\/span><!-- \/.sc_button_text --><\/a><!-- \/.sc_button --><\/div><!-- \/.sc_item_button --><\/div><!-- \/.sc_title -->\t\t<\/div>\n\t\t\t\t<\/div>\n\t\t\t\t\t\t<\/div>\n\t\t\t<\/div>\n\t\t<\/div>\n\t\t\t\t\t\t<\/div>\n\t\t\t<\/div>\n\t\t<\/section>\n\t\t\t\t\t\t<\/div>\n\t\t\t<\/div>\n\t\t<\/div>\n\t\t\t\t\t\t<\/div>\n\t\t\t<\/div>\n\t\t<\/section>\n\t\t\t\t<section class=\"elementor-element elementor-element-b07eea4 elementor-hidden-phone elementor-section-boxed elementor-section-height-default elementor-section-height-default elementor-section elementor-top-section\" data-id=\"b07eea4\" data-element_type=\"section\" data-settings=\"{&quot;background_background&quot;:&quot;classic&quot;}\">\n\t\t\t\t\t\t<div class=\"elementor-container elementor-column-gap-extended\">\n\t\t\t\t<div class=\"elementor-row\">\n\t\t\t\t<div class=\"elementor-element elementor-element-4e11234 sc_layouts_column_icons_position_left elementor-column elementor-col-100 elementor-top-column\" data-id=\"4e11234\" data-element_type=\"column\">\n\t\t\t<div class=\"elementor-column-wrap  elementor-element-populated\">\n\t\t\t\t\t<div class=\"elementor-widget-wrap\">\n\t\t\t\t<div class=\"elementor-element elementor-element-4e46f76 elementor-widget elementor-widget-spacer\" data-id=\"4e46f76\" data-element_type=\"widget\" data-widget_type=\"spacer.default\">\n\t\t\t\t<div class=\"elementor-widget-container\">\n\t\t\t\t\t<div class=\"elementor-spacer\">\n\t\t\t<div class=\"elementor-spacer-inner\"><\/div>\n\t\t<\/div>\n\t\t\t\t<\/div>\n\t\t\t\t<\/div>\n\t\t\t\t\t\t<\/div>\n\t\t\t<\/div>\n\t\t<\/div>\n\t\t\t\t\t\t<\/div>\n\t\t\t<\/div>\n\t\t<\/section>\n\t\t\t\t<section class=\"elementor-element elementor-element-b3a72f4 elementor-section-boxed elementor-section-height-default elementor-section-height-default elementor-section elementor-top-section\" data-id=\"b3a72f4\" data-element_type=\"section\" data-settings=\"{&quot;background_background&quot;:&quot;classic&quot;}\">\n\t\t\t\t\t\t<div class=\"elementor-container elementor-column-gap-narrow\">\n\t\t\t\t<div class=\"elementor-row\">\n\t\t\t\t<div class=\"elementor-element elementor-element-37c1ab7 sc_layouts_column_icons_position_left elementor-column elementor-col-50 elementor-top-column\" data-id=\"37c1ab7\" data-element_type=\"column\" data-settings=\"{&quot;background_background&quot;:&quot;classic&quot;}\">\n\t\t\t<div class=\"elementor-column-wrap  elementor-element-populated\">\n\t\t\t\t\t<div class=\"elementor-widget-wrap\">\n\t\t\t\t<section class=\"elementor-element elementor-element-284532d elementor-section-boxed elementor-section-height-default elementor-section-height-default elementor-section elementor-inner-section\" data-id=\"284532d\" data-element_type=\"section\" data-settings=\"{&quot;background_background&quot;:&quot;classic&quot;}\">\n\t\t\t\t\t\t<div class=\"elementor-container elementor-column-gap-extended\">\n\t\t\t\t<div class=\"elementor-row\">\n\t\t\t\t<div class=\"elementor-element elementor-element-a55a20d sc_layouts_column_icons_position_left elementor-column elementor-col-100 elementor-inner-column\" data-id=\"a55a20d\" data-element_type=\"column\">\n\t\t\t<div class=\"elementor-column-wrap  elementor-element-populated\">\n\t\t\t\t\t<div class=\"elementor-widget-wrap\">\n\t\t\t\t<div class=\"elementor-element elementor-element-13bde06 elementor-widget elementor-widget-image\" data-id=\"13bde06\" data-element_type=\"widget\" data-widget_type=\"image.default\">\n\t\t\t\t<div class=\"elementor-widget-container\">\n\t\t\t\t\t<div class=\"elementor-image\">\n\t\t\t\t\t\t\t\t\t\t<img width=\"890\" height=\"430\" src=\"http:\/\/www.saosteknoloji.com.tr\/wp-content\/uploads\/2019\/09\/teknoloji_ultrasonik.png\" class=\"attachment-large size-large\" alt=\"\" loading=\"lazy\" srcset=\"http:\/\/www.saosteknoloji.com.tr\/wp-content\/uploads\/2019\/09\/teknoloji_ultrasonik.png 890w, http:\/\/www.saosteknoloji.com.tr\/wp-content\/uploads\/2019\/09\/teknoloji_ultrasonik-500x242.png 500w, http:\/\/www.saosteknoloji.com.tr\/wp-content\/uploads\/2019\/09\/teknoloji_ultrasonik-300x145.png 300w, http:\/\/www.saosteknoloji.com.tr\/wp-content\/uploads\/2019\/09\/teknoloji_ultrasonik-768x371.png 768w, http:\/\/www.saosteknoloji.com.tr\/wp-content\/uploads\/2019\/09\/teknoloji_ultrasonik-370x179.png 370w, http:\/\/www.saosteknoloji.com.tr\/wp-content\/uploads\/2019\/09\/teknoloji_ultrasonik-872x421.png 872w, http:\/\/www.saosteknoloji.com.tr\/wp-content\/uploads\/2019\/09\/teknoloji_ultrasonik-421x203.png 421w\" sizes=\"(max-width: 890px) 100vw, 890px\" \/>\t\t\t\t\t\t\t\t\t\t\t<\/div>\n\t\t\t\t<\/div>\n\t\t\t\t<\/div>\n\t\t\t\t<div class=\"elementor-element elementor-element-1bbab52 scheme_default elementor-widget elementor-widget-trx_sc_title\" data-id=\"1bbab52\" data-element_type=\"widget\" data-widget_type=\"trx_sc_title.default\">\n\t\t\t\t<div class=\"elementor-widget-container\">\n\t\t\t<div id=\"trx_sc_title_1366371306\"\n\t\tclass=\"sc_title scheme_default sc_title_accent\"><h5 class=\"sc_item_title sc_title_title sc_align_center sc_item_title_style_accent sc_item_title_tag\"><span class=\"text-wrap\">Ultrasonik<\/span><\/h5><div class=\"sc_item_descr sc_title_descr sc_align_center\"><p>T\u00fcm mekan\u0131 kapsar, objeleri \u00e7epe\u00e7evre alg\u0131lar.<\/p>\n<\/div><div class=\"sc_item_button sc_button_wrap sc_align_center\"><a href=\"http:\/\/www.saosteknoloji.com.tr\/tr\/sensor-teknolojileri\/ultrasonik\/\" id=\"sc_button_359429489\" class=\"sc_button sc_button_default sc_item_button sc_item_button_default sc_title_button sc_button_size_normal sc_button_icon_left\"><span class=\"sc_button_text\"><span class=\"sc_button_title\">Bilgi Edin<\/span><\/span><!-- \/.sc_button_text --><\/a><!-- \/.sc_button --><\/div><!-- \/.sc_item_button --><\/div><!-- \/.sc_title -->\t\t<\/div>\n\t\t\t\t<\/div>\n\t\t\t\t\t\t<\/div>\n\t\t\t<\/div>\n\t\t<\/div>\n\t\t\t\t\t\t<\/div>\n\t\t\t<\/div>\n\t\t<\/section>\n\t\t\t\t\t\t<\/div>\n\t\t\t<\/div>\n\t\t<\/div>\n\t\t\t\t<div class=\"elementor-element elementor-element-a42a4e8 sc_layouts_column_icons_position_left elementor-column elementor-col-50 elementor-top-column\" data-id=\"a42a4e8\" data-element_type=\"column\" data-settings=\"{&quot;background_background&quot;:&quot;classic&quot;}\">\n\t\t\t<div class=\"elementor-column-wrap  elementor-element-populated\">\n\t\t\t\t\t<div class=\"elementor-widget-wrap\">\n\t\t\t\t<section class=\"elementor-element elementor-element-51f6894 elementor-section-boxed elementor-section-height-default elementor-section-height-default elementor-section elementor-inner-section\" data-id=\"51f6894\" data-element_type=\"section\" data-settings=\"{&quot;background_background&quot;:&quot;classic&quot;}\">\n\t\t\t\t\t\t<div class=\"elementor-container elementor-column-gap-extended\">\n\t\t\t\t<div class=\"elementor-row\">\n\t\t\t\t<div class=\"elementor-element elementor-element-2bf8b7b sc_layouts_column_icons_position_left elementor-column elementor-col-100 elementor-inner-column\" data-id=\"2bf8b7b\" data-element_type=\"column\">\n\t\t\t<div class=\"elementor-column-wrap  elementor-element-populated\">\n\t\t\t\t\t<div class=\"elementor-widget-wrap\">\n\t\t\t\t<div class=\"elementor-element elementor-element-4bd5ccc elementor-widget elementor-widget-image\" data-id=\"4bd5ccc\" data-element_type=\"widget\" data-widget_type=\"image.default\">\n\t\t\t\t<div class=\"elementor-widget-container\">\n\t\t\t\t\t<div class=\"elementor-image\">\n\t\t\t\t\t\t\t\t\t\t<img width=\"890\" height=\"430\" src=\"http:\/\/www.saosteknoloji.com.tr\/wp-content\/uploads\/2019\/09\/teknoloji_kamerali_algilama.png\" class=\"attachment-large size-large\" alt=\"\" loading=\"lazy\" srcset=\"http:\/\/www.saosteknoloji.com.tr\/wp-content\/uploads\/2019\/09\/teknoloji_kamerali_algilama.png 890w, http:\/\/www.saosteknoloji.com.tr\/wp-content\/uploads\/2019\/09\/teknoloji_kamerali_algilama-500x242.png 500w, http:\/\/www.saosteknoloji.com.tr\/wp-content\/uploads\/2019\/09\/teknoloji_kamerali_algilama-300x145.png 300w, http:\/\/www.saosteknoloji.com.tr\/wp-content\/uploads\/2019\/09\/teknoloji_kamerali_algilama-768x371.png 768w, http:\/\/www.saosteknoloji.com.tr\/wp-content\/uploads\/2019\/09\/teknoloji_kamerali_algilama-370x179.png 370w, http:\/\/www.saosteknoloji.com.tr\/wp-content\/uploads\/2019\/09\/teknoloji_kamerali_algilama-872x421.png 872w, http:\/\/www.saosteknoloji.com.tr\/wp-content\/uploads\/2019\/09\/teknoloji_kamerali_algilama-421x203.png 421w\" sizes=\"(max-width: 890px) 100vw, 890px\" \/>\t\t\t\t\t\t\t\t\t\t\t<\/div>\n\t\t\t\t<\/div>\n\t\t\t\t<\/div>\n\t\t\t\t<div class=\"elementor-element elementor-element-0189def scheme_default elementor-widget elementor-widget-trx_sc_title\" data-id=\"0189def\" data-element_type=\"widget\" data-widget_type=\"trx_sc_title.default\">\n\t\t\t\t<div class=\"elementor-widget-container\">\n\t\t\t<div id=\"trx_sc_title_1968161582\"\n\t\tclass=\"sc_title scheme_default sc_title_accent\"><h5 class=\"sc_item_title sc_title_title sc_align_center sc_item_title_style_accent sc_item_title_tag\"><span class=\"text-wrap\">Kameral\u0131 Alg\u0131lama Sistemi<\/span><\/h5><div class=\"sc_item_descr sc_title_descr sc_align_center\"><p>Sadece insanlar\u0131 alg\u0131lar ve sayabilir.<\/p>\n<\/div><div class=\"sc_item_button sc_button_wrap sc_align_center\"><a href=\"http:\/\/www.saosteknoloji.com.tr\/tr\/sensor-teknolojileri\/kamerali-algilama-sistemi\/\" id=\"sc_button_423592972\" class=\"sc_button sc_button_default sc_item_button sc_item_button_default sc_title_button sc_button_size_normal sc_button_icon_left\"><span class=\"sc_button_text\"><span class=\"sc_button_title\">Bilgi Edin<\/span><\/span><!-- \/.sc_button_text --><\/a><!-- \/.sc_button --><\/div><!-- \/.sc_item_button --><\/div><!-- \/.sc_title -->\t\t<\/div>\n\t\t\t\t<\/div>\n\t\t\t\t\t\t<\/div>\n\t\t\t<\/div>\n\t\t<\/div>\n\t\t\t\t\t\t<\/div>\n\t\t\t<\/div>\n\t\t<\/section>\n\t\t\t\t\t\t<\/div>\n\t\t\t<\/div>\n\t\t<\/div>\n\t\t\t\t\t\t<\/div>\n\t\t\t<\/div>\n\t\t<\/section>\n\t\t\t\t\t\t<\/div>\n\t\t\t<\/div>\n\t\t<\/div>\n\t\t","protected":false},"excerpt":{"rendered":"<p>Sens\u00f6r Teknolojileri Pasif K\u0131z\u0131l \u00d6tesi Hareket eden \u0131s\u0131 kayanaklar\u0131na tepki verir. Bilgi Edin Y\u00fcksek Frekans \u0130nce duvarlar\u0131n \u00f6tesini de g\u00f6r\u00fcr. Bilgi Edin Ultrasonik T\u00fcm mekan\u0131 kapsar, objeleri \u00e7epe\u00e7evre alg\u0131lar. Bilgi Edin Kameral\u0131 Alg\u0131lama Sistemi Sadece insanlar\u0131 alg\u0131lar ve sayabilir. Bilgi Edin 6 sens\u00f6r teknolojisinde teknoloji lideri&hellip;<\/p>\n","protected":false},"author":1,"featured_media":0,"parent":0,"menu_order":0,"comment_status":"closed","ping_status":"closed","template":"","meta":[],"_links":{"self":[{"href":"http:\/\/www.saosteknoloji.com.tr\/tr\/wp-json\/wp\/v2\/pages\/253"}],"collection":[{"href":"http:\/\/www.saosteknoloji.com.tr\/tr\/wp-json\/wp\/v2\/pages"}],"about":[{"href":"http:\/\/www.saosteknoloji.com.tr\/tr\/wp-json\/wp\/v2\/types\/page"}],"author":[{"embeddable":true,"href":"http:\/\/www.saosteknoloji.com.tr\/tr\/wp-json\/wp\/v2\/users\/1"}],"replies":[{"embeddable":true,"href":"http:\/\/www.saosteknoloji.com.tr\/tr\/wp-json\/wp\/v2\/comments?post=253"}],"version-history":[{"count":41,"href":"http:\/\/www.saosteknoloji.com.tr\/tr\/wp-json\/wp\/v2\/pages\/253\/revisions"}],"predecessor-version":[{"id":8896,"href":"http:\/\/www.saosteknoloji.com.tr\/tr\/wp-json\/wp\/v2\/pages\/253\/revisions\/8896"}],"wp:attachment":[{"href":"http:\/\/www.saosteknoloji.com.tr\/tr\/wp-json\/wp\/v2\/media?parent=253"}],"curies":[{"name":"wp","href":"https:\/\/api.w.org\/{rel}","templated":true}]}}