
{"id":2630,"date":"2019-09-26T01:51:24","date_gmt":"2019-09-25T22:51:24","guid":{"rendered":"http:\/\/grafistarsiv.com\/?page_id=2630"},"modified":"2019-09-27T15:00:49","modified_gmt":"2019-09-27T12:00:49","slug":"prolog","status":"publish","type":"page","link":"http:\/\/www.saosteknoloji.com.tr\/tr\/prolog\/","title":{"rendered":"Prolog"},"content":{"rendered":"\t\t<div data-elementor-type=\"wp-post\" data-elementor-id=\"2630\" class=\"elementor elementor-2630\" data-elementor-settings=\"[]\">\n\t\t\t<div class=\"elementor-inner\">\n\t\t\t\t<div class=\"elementor-section-wrap\">\n\t\t\t\t\t\t\t<section class=\"elementor-element elementor-element-3fd7ce5 elementor-section-stretched scheme_default elementor-section-boxed elementor-section-height-default elementor-section-height-default elementor-section elementor-top-section\" data-id=\"3fd7ce5\" data-element_type=\"section\" data-settings=\"{&quot;background_background&quot;:&quot;classic&quot;,&quot;stretch_section&quot;:&quot;section-stretched&quot;}\">\n\t\t\t\t\t\t<div class=\"elementor-container elementor-column-gap-no\">\n\t\t\t\t<div class=\"elementor-row\">\n\t\t\t\t<div class=\"elementor-element elementor-element-99831e4 sc_layouts_column_icons_position_left elementor-column elementor-col-100 elementor-top-column\" data-id=\"99831e4\" data-element_type=\"column\">\n\t\t\t<div class=\"elementor-column-wrap  elementor-element-populated\">\n\t\t\t\t\t<div class=\"elementor-widget-wrap\">\n\t\t\t\t<section class=\"elementor-element elementor-element-8de9484 elementor-section-boxed elementor-section-height-default elementor-section-height-default elementor-section elementor-inner-section\" data-id=\"8de9484\" data-element_type=\"section\" data-settings=\"{&quot;background_background&quot;:&quot;classic&quot;}\">\n\t\t\t\t\t\t<div class=\"elementor-container elementor-column-gap-no\">\n\t\t\t\t<div class=\"elementor-row\">\n\t\t\t\t<div class=\"elementor-element elementor-element-3f7cb26 sc_layouts_column_icons_position_left elementor-column elementor-col-100 elementor-inner-column\" data-id=\"3f7cb26\" data-element_type=\"column\">\n\t\t\t<div class=\"elementor-column-wrap  elementor-element-populated\">\n\t\t\t\t\t<div class=\"elementor-widget-wrap\">\n\t\t\t\t<div class=\"elementor-element elementor-element-402e4de elementor-widget elementor-widget-trx_sc_title\" data-id=\"402e4de\" data-element_type=\"widget\" data-widget_type=\"trx_sc_title.default\">\n\t\t\t\t<div class=\"elementor-widget-container\">\n\t\t\t<div id=\"trx_sc_title_936725622\"\n\t\tclass=\"sc_title sc_title_default\"><h5 class=\"sc_item_title sc_title_title sc_align_left sc_item_title_style_default sc_item_title_tag\"><span class=\"text-wrap\">STEINEL PROFESSIONAL planlama ara\u00e7lar\u0131<\/span><\/h5><\/div><!-- \/.sc_title -->\t\t<\/div>\n\t\t\t\t<\/div>\n\t\t\t\t<div class=\"elementor-element elementor-element-8471f31 elementor-widget elementor-widget-trx_sc_title\" data-id=\"8471f31\" data-element_type=\"widget\" data-widget_type=\"trx_sc_title.default\">\n\t\t\t\t<div class=\"elementor-widget-container\">\n\t\t\t<div id=\"trx_sc_title_1581601388\"\n\t\tclass=\"sc_title sc_title_default\"><h2 class=\"sc_item_title sc_title_title sc_align_left sc_item_title_style_default\"><span class=\"text-wrap\">PROLOG<\/span><\/h2><\/div><!-- \/.sc_title -->\t\t<\/div>\n\t\t\t\t<\/div>\n\t\t\t\t<div class=\"elementor-element elementor-element-f757129 elementor-widget elementor-widget-trx_sc_title\" data-id=\"f757129\" data-element_type=\"widget\" data-widget_type=\"trx_sc_title.default\">\n\t\t\t\t<div class=\"elementor-widget-container\">\n\t\t\t<div id=\"trx_sc_title_1137480484\"\n\t\tclass=\"sc_title sc_title_default\"><h5 class=\"sc_item_title sc_title_title sc_align_left sc_item_title_style_default sc_item_title_tag\"><span class=\"text-wrap\">Tahmin yerine tam de\u011fer<\/span><\/h5><\/div><!-- \/.sc_title -->\t\t<\/div>\n\t\t\t\t<\/div>\n\t\t\t\t<div class=\"elementor-element elementor-element-1200ef0 elementor-widget elementor-widget-image\" data-id=\"1200ef0\" data-element_type=\"widget\" data-widget_type=\"image.default\">\n\t\t\t\t<div class=\"elementor-widget-container\">\n\t\t\t\t\t<div class=\"elementor-image\">\n\t\t\t\t\t\t\t\t\t\t<img width=\"1024\" height=\"382\" src=\"http:\/\/www.saosteknoloji.com.tr\/wp-content\/uploads\/2019\/09\/prolog-1024x382.jpg\" class=\"attachment-large size-large\" alt=\"\" loading=\"lazy\" srcset=\"http:\/\/www.saosteknoloji.com.tr\/wp-content\/uploads\/2019\/09\/prolog-1024x382.jpg 1024w, http:\/\/www.saosteknoloji.com.tr\/wp-content\/uploads\/2019\/09\/prolog-500x186.jpg 500w, http:\/\/www.saosteknoloji.com.tr\/wp-content\/uploads\/2019\/09\/prolog-300x112.jpg 300w, http:\/\/www.saosteknoloji.com.tr\/wp-content\/uploads\/2019\/09\/prolog-768x286.jpg 768w, http:\/\/www.saosteknoloji.com.tr\/wp-content\/uploads\/2019\/09\/prolog-370x138.jpg 370w, http:\/\/www.saosteknoloji.com.tr\/wp-content\/uploads\/2019\/09\/prolog-872x325.jpg 872w, http:\/\/www.saosteknoloji.com.tr\/wp-content\/uploads\/2019\/09\/prolog-421x157.jpg 421w, http:\/\/www.saosteknoloji.com.tr\/wp-content\/uploads\/2019\/09\/prolog.jpg 1500w\" sizes=\"(max-width: 1024px) 100vw, 1024px\" \/>\t\t\t\t\t\t\t\t\t\t\t<\/div>\n\t\t\t\t<\/div>\n\t\t\t\t<\/div>\n\t\t\t\t<div class=\"elementor-element elementor-element-13b0f39 elementor-widget elementor-widget-trx_sc_title\" data-id=\"13b0f39\" data-element_type=\"widget\" data-widget_type=\"trx_sc_title.default\">\n\t\t\t\t<div class=\"elementor-widget-container\">\n\t\t\t<div id=\"trx_sc_title_1701032604\"\n\t\tclass=\"sc_title sc_title_default\"><h5 class=\"sc_item_title sc_title_title sc_align_left sc_item_title_style_default sc_item_title_tag\"><span class=\"text-wrap\">Ger\u00e7ek, bireysel enerji tasarrufunuz hassas \u015fekilde hesaplanm\u0131\u015ft\u0131r.<\/span><\/h5><\/div><!-- \/.sc_title -->\t\t<\/div>\n\t\t\t\t<\/div>\n\t\t\t\t<div class=\"elementor-element elementor-element-95c55ac elementor-widget elementor-widget-spacer\" data-id=\"95c55ac\" data-element_type=\"widget\" data-widget_type=\"spacer.default\">\n\t\t\t\t<div class=\"elementor-widget-container\">\n\t\t\t\t\t<div class=\"elementor-spacer\">\n\t\t\t<div class=\"elementor-spacer-inner\"><\/div>\n\t\t<\/div>\n\t\t\t\t<\/div>\n\t\t\t\t<\/div>\n\t\t\t\t<div class=\"elementor-element elementor-element-40fa721 elementor-widget elementor-widget-text-editor\" data-id=\"40fa721\" data-element_type=\"widget\" data-widget_type=\"text-editor.default\">\n\t\t\t\t<div class=\"elementor-widget-container\">\n\t\t\t\t\t<div class=\"elementor-text-editor elementor-clearfix\"><p>PROLog planlama arac\u0131, \u015fu sorunun yan\u0131t\u0131n\u0131 veriyor: Ak\u0131ll\u0131 sens\u00f6r teknolojisinin kullan\u0131lmas\u0131 sonucunda, projemizde ne kadar enerji tasarrufu elde edilebilir?<\/p><p>PROLog planlama arac\u0131 ile bir binan\u0131n enerji tasarrufu potansiyalini kolay ve hassas \u015fekilde g\u00f6rebilirsiniz. Sizin i\u00e7in anlam\u0131: Kaba taslak tahmin etmek yerine hassas \u015fekilde \u00f6l\u00e7ebilmek. \u015ea\u015f\u0131rtan \u00f6rnek hesaplamalar\u0131 ve toplu olarak yap\u0131lan s\u00f6ylemler abartmaya y\u00f6neliktir, m\u00fcthi\u015f b\u00fcy\u00fck tasarruf de\u011ferleri s\u00f6z\u00fcn\u00fc verir veya tamamen yanl\u0131\u015ft\u0131r. STEINEL taraf\u0131ndan sunulan PROLog ile enerji tasarrufunu kaba taslak tahmin etmenize gerek yoktur, aksine ak\u0131ll\u0131 sens\u00f6r teknolojisi ile bina i\u00e7in elde edilecek tasarruf tam olarak hesaplanabilir.<\/p><p>PROLog sistemi, kullan\u0131m davran\u0131\u015flar\u0131n\u0131 ve oda parlakl\u0131\u011f\u0131n\u0131 raporlar ve bu de\u011ferlere g\u00f6re enerji\/\u0131\u015f\u0131k \u0131sraf\u0131n\u0131 hesaplar. B\u00f6ylece bireysel kullan\u0131m davran\u0131\u015flar\u0131 tasarruf potansiyalini belirler. Sundu\u011fumuz PROLog ve PROLog yaz\u0131l\u0131m\u0131 ile, size ayd\u0131nlatma planlamas\u0131 i\u00e7in geni\u015f kapsaml\u0131 bir enstr\u00fcman veriyoruz: Enerji \u0131sraf\u0131 somut olarak \u00f6l\u00e7\u00fcl\u00fcr ve ger\u00e7ek, bireysel tasarruflar belirlenir.<\/p><p>Sonu\u00e7 nedir? Her bina i\u00e7in optimal ayd\u0131nlatma kumandas\u0131n\u0131 sa\u011flayan ger\u00e7ek ve objektif temel veriler sunulur. \u00c7ok ak\u0131ll\u0131.<\/p><\/div>\n\t\t\t\t<\/div>\n\t\t\t\t<\/div>\n\t\t\t\t\t\t<\/div>\n\t\t\t<\/div>\n\t\t<\/div>\n\t\t\t\t\t\t<\/div>\n\t\t\t<\/div>\n\t\t<\/section>\n\t\t\t\t\t\t<\/div>\n\t\t\t<\/div>\n\t\t<\/div>\n\t\t\t\t\t\t<\/div>\n\t\t\t<\/div>\n\t\t<\/section>\n\t\t\t\t\t\t<\/div>\n\t\t\t<\/div>\n\t\t<\/div>\n\t\t","protected":false},"excerpt":{"rendered":"<p>STEINEL PROFESSIONAL planlama ara\u00e7lar\u0131 PROLOG Tahmin yerine tam de\u011fer Ger\u00e7ek, bireysel enerji tasarrufunuz hassas \u015fekilde hesaplanm\u0131\u015ft\u0131r. PROLog planlama arac\u0131, \u015fu sorunun yan\u0131t\u0131n\u0131 veriyor: Ak\u0131ll\u0131 sens\u00f6r teknolojisinin kullan\u0131lmas\u0131 sonucunda, projemizde ne kadar enerji tasarrufu elde edilebilir? PROLog planlama arac\u0131 ile bir binan\u0131n enerji tasarrufu potansiyalini kolay ve&hellip;<\/p>\n","protected":false},"author":1,"featured_media":0,"parent":0,"menu_order":0,"comment_status":"closed","ping_status":"closed","template":"","meta":[],"_links":{"self":[{"href":"http:\/\/www.saosteknoloji.com.tr\/tr\/wp-json\/wp\/v2\/pages\/2630"}],"collection":[{"href":"http:\/\/www.saosteknoloji.com.tr\/tr\/wp-json\/wp\/v2\/pages"}],"about":[{"href":"http:\/\/www.saosteknoloji.com.tr\/tr\/wp-json\/wp\/v2\/types\/page"}],"author":[{"embeddable":true,"href":"http:\/\/www.saosteknoloji.com.tr\/tr\/wp-json\/wp\/v2\/users\/1"}],"replies":[{"embeddable":true,"href":"http:\/\/www.saosteknoloji.com.tr\/tr\/wp-json\/wp\/v2\/comments?post=2630"}],"version-history":[{"count":10,"href":"http:\/\/www.saosteknoloji.com.tr\/tr\/wp-json\/wp\/v2\/pages\/2630\/revisions"}],"predecessor-version":[{"id":2751,"href":"http:\/\/www.saosteknoloji.com.tr\/tr\/wp-json\/wp\/v2\/pages\/2630\/revisions\/2751"}],"wp:attachment":[{"href":"http:\/\/www.saosteknoloji.com.tr\/tr\/wp-json\/wp\/v2\/media?parent=2630"}],"curies":[{"name":"wp","href":"https:\/\/api.w.org\/{rel}","templated":true}]}}