
{"id":2631,"date":"2019-09-26T02:00:22","date_gmt":"2019-09-25T23:00:22","guid":{"rendered":"http:\/\/grafistarsiv.com\/?page_id=2631"},"modified":"2019-11-14T13:04:58","modified_gmt":"2019-11-14T10:04:58","slug":"3-boyutlu-sensor-algilama-simulasyonu","status":"publish","type":"page","link":"http:\/\/www.saosteknoloji.com.tr\/tr\/3-boyutlu-sensor-algilama-simulasyonu\/","title":{"rendered":"3 Boyutlu Sens\u00f6r Alg\u0131lama Sim\u00fclasyonu"},"content":{"rendered":"\t\t<div data-elementor-type=\"wp-post\" data-elementor-id=\"2631\" class=\"elementor elementor-2631\" data-elementor-settings=\"[]\">\n\t\t\t<div class=\"elementor-inner\">\n\t\t\t\t<div class=\"elementor-section-wrap\">\n\t\t\t\t\t\t\t<section class=\"elementor-element elementor-element-3fd7ce5 elementor-section-stretched scheme_default elementor-section-boxed elementor-section-height-default elementor-section-height-default elementor-section elementor-top-section\" data-id=\"3fd7ce5\" data-element_type=\"section\" data-settings=\"{&quot;background_background&quot;:&quot;classic&quot;,&quot;stretch_section&quot;:&quot;section-stretched&quot;}\">\n\t\t\t\t\t\t<div class=\"elementor-container elementor-column-gap-no\">\n\t\t\t\t<div class=\"elementor-row\">\n\t\t\t\t<div class=\"elementor-element elementor-element-99831e4 sc_layouts_column_icons_position_left elementor-column elementor-col-100 elementor-top-column\" data-id=\"99831e4\" data-element_type=\"column\">\n\t\t\t<div class=\"elementor-column-wrap  elementor-element-populated\">\n\t\t\t\t\t<div class=\"elementor-widget-wrap\">\n\t\t\t\t<section class=\"elementor-element elementor-element-8de9484 elementor-section-boxed elementor-section-height-default elementor-section-height-default elementor-section elementor-inner-section\" data-id=\"8de9484\" data-element_type=\"section\" data-settings=\"{&quot;background_background&quot;:&quot;classic&quot;}\">\n\t\t\t\t\t\t<div class=\"elementor-container elementor-column-gap-no\">\n\t\t\t\t<div class=\"elementor-row\">\n\t\t\t\t<div class=\"elementor-element elementor-element-3f7cb26 sc_layouts_column_icons_position_left elementor-column elementor-col-100 elementor-inner-column\" data-id=\"3f7cb26\" data-element_type=\"column\">\n\t\t\t<div class=\"elementor-column-wrap  elementor-element-populated\">\n\t\t\t\t\t<div class=\"elementor-widget-wrap\">\n\t\t\t\t<div class=\"elementor-element elementor-element-402e4de elementor-widget elementor-widget-trx_sc_title\" data-id=\"402e4de\" data-element_type=\"widget\" data-widget_type=\"trx_sc_title.default\">\n\t\t\t\t<div class=\"elementor-widget-container\">\n\t\t\t<div id=\"trx_sc_title_25339897\"\n\t\tclass=\"sc_title sc_title_default\"><h2 class=\"sc_item_title sc_title_title sc_align_left sc_item_title_style_default\"><span class=\"text-wrap\">3 Boyutlu Sens\u00f6r Alg\u0131lama Sim\u00fclasyonu<\/span><\/h2><\/div><!-- \/.sc_title -->\t\t<\/div>\n\t\t\t\t<\/div>\n\t\t\t\t<div class=\"elementor-element elementor-element-f5c1a56 elementor-widget elementor-widget-image\" data-id=\"f5c1a56\" data-element_type=\"widget\" data-widget_type=\"image.default\">\n\t\t\t\t<div class=\"elementor-widget-container\">\n\t\t\t\t\t<div class=\"elementor-image\">\n\t\t\t\t\t\t\t\t\t\t<img width=\"1024\" height=\"382\" src=\"http:\/\/www.saosteknoloji.com.tr\/wp-content\/uploads\/2019\/09\/3-boyutlu-sensor-algilama-simulasyonu-1024x382.jpg\" class=\"attachment-large size-large\" alt=\"\" loading=\"lazy\" srcset=\"http:\/\/www.saosteknoloji.com.tr\/wp-content\/uploads\/2019\/09\/3-boyutlu-sensor-algilama-simulasyonu-1024x382.jpg 1024w, http:\/\/www.saosteknoloji.com.tr\/wp-content\/uploads\/2019\/09\/3-boyutlu-sensor-algilama-simulasyonu-500x186.jpg 500w, http:\/\/www.saosteknoloji.com.tr\/wp-content\/uploads\/2019\/09\/3-boyutlu-sensor-algilama-simulasyonu-300x112.jpg 300w, http:\/\/www.saosteknoloji.com.tr\/wp-content\/uploads\/2019\/09\/3-boyutlu-sensor-algilama-simulasyonu-768x286.jpg 768w, http:\/\/www.saosteknoloji.com.tr\/wp-content\/uploads\/2019\/09\/3-boyutlu-sensor-algilama-simulasyonu-370x138.jpg 370w, http:\/\/www.saosteknoloji.com.tr\/wp-content\/uploads\/2019\/09\/3-boyutlu-sensor-algilama-simulasyonu-872x325.jpg 872w, http:\/\/www.saosteknoloji.com.tr\/wp-content\/uploads\/2019\/09\/3-boyutlu-sensor-algilama-simulasyonu-421x157.jpg 421w, http:\/\/www.saosteknoloji.com.tr\/wp-content\/uploads\/2019\/09\/3-boyutlu-sensor-algilama-simulasyonu.jpg 1500w\" sizes=\"(max-width: 1024px) 100vw, 1024px\" \/>\t\t\t\t\t\t\t\t\t\t\t<\/div>\n\t\t\t\t<\/div>\n\t\t\t\t<\/div>\n\t\t\t\t<div class=\"elementor-element elementor-element-a29bae8 elementor-widget elementor-widget-trx_sc_title\" data-id=\"a29bae8\" data-element_type=\"widget\" data-widget_type=\"trx_sc_title.default\">\n\t\t\t\t<div class=\"elementor-widget-container\">\n\t\t\t<div id=\"trx_sc_title_954021013\"\n\t\tclass=\"sc_title sc_title_default\"><h5 class=\"sc_item_title sc_title_title sc_align_left sc_item_title_style_default sc_item_title_tag\"><span class=\"text-wrap\">RELUX<\/span><\/h5><\/div><!-- \/.sc_title -->\t\t<\/div>\n\t\t\t\t<\/div>\n\t\t\t\t<div class=\"elementor-element elementor-element-47588a7 elementor-widget elementor-widget-spacer\" data-id=\"47588a7\" data-element_type=\"widget\" data-widget_type=\"spacer.default\">\n\t\t\t\t<div class=\"elementor-widget-container\">\n\t\t\t\t\t<div class=\"elementor-spacer\">\n\t\t\t<div class=\"elementor-spacer-inner\"><\/div>\n\t\t<\/div>\n\t\t\t\t<\/div>\n\t\t\t\t<\/div>\n\t\t\t\t<div class=\"elementor-element elementor-element-40fa721 elementor-widget elementor-widget-text-editor\" data-id=\"40fa721\" data-element_type=\"widget\" data-widget_type=\"text-editor.default\">\n\t\t\t\t<div class=\"elementor-widget-container\">\n\t\t\t\t\t<div class=\"elementor-text-editor elementor-clearfix\"><p>M\u00fckemmel bir planlama i\u00e7in, \u0131\u015f\u0131k ve sens\u00f6r verilerinin bulundu\u011fu kapsaml\u0131 veri ar\u015fivimize mi eri\u015fmek istiyorsunuz? RELUX Profesyonel yaz\u0131l\u0131m\u0131nda, STEINEL \u0131\u015f\u0131k ve lambalar\u0131n\u0131n planlanmas\u0131 i\u00e7in gereken t\u00fcm verileri, ayr\u0131ca sens\u00f6rlerimizin kapsama alan\u0131n\u0131n tam do\u011fru planlanmas\u0131 i\u00e7in g\u00f6rselle\u015ftirmelerle birlikte bulabilirsiniz. www.relux.ch sayfas\u0131ndan indirebilirsiniz.<\/p><\/div>\n\t\t\t\t<\/div>\n\t\t\t\t<\/div>\n\t\t\t\t<div class=\"elementor-element elementor-element-086bdeb elementor-widget elementor-widget-spacer\" data-id=\"086bdeb\" data-element_type=\"widget\" data-widget_type=\"spacer.default\">\n\t\t\t\t<div class=\"elementor-widget-container\">\n\t\t\t\t\t<div class=\"elementor-spacer\">\n\t\t\t<div class=\"elementor-spacer-inner\"><\/div>\n\t\t<\/div>\n\t\t\t\t<\/div>\n\t\t\t\t<\/div>\n\t\t\t\t<div class=\"elementor-element elementor-element-05e0c2b elementor-widget elementor-widget-trx_sc_title\" data-id=\"05e0c2b\" data-element_type=\"widget\" data-widget_type=\"trx_sc_title.default\">\n\t\t\t\t<div class=\"elementor-widget-container\">\n\t\t\t<div id=\"trx_sc_title_246781302\"\n\t\tclass=\"sc_title sc_title_default\"><h5 class=\"sc_item_title sc_title_title sc_align_left sc_item_title_style_default sc_item_title_tag\"><span class=\"text-wrap\">DIALux<\/span><\/h5><\/div><!-- \/.sc_title -->\t\t<\/div>\n\t\t\t\t<\/div>\n\t\t\t\t<div class=\"elementor-element elementor-element-9889c7a elementor-widget elementor-widget-spacer\" data-id=\"9889c7a\" data-element_type=\"widget\" data-widget_type=\"spacer.default\">\n\t\t\t\t<div class=\"elementor-widget-container\">\n\t\t\t\t\t<div class=\"elementor-spacer\">\n\t\t\t<div class=\"elementor-spacer-inner\"><\/div>\n\t\t<\/div>\n\t\t\t\t<\/div>\n\t\t\t\t<\/div>\n\t\t\t\t<div class=\"elementor-element elementor-element-c31b176 elementor-widget elementor-widget-text-editor\" data-id=\"c31b176\" data-element_type=\"widget\" data-widget_type=\"text-editor.default\">\n\t\t\t\t<div class=\"elementor-widget-container\">\n\t\t\t\t\t<div class=\"elementor-text-editor elementor-clearfix\"><p>Profesyonel \u0131\u015f\u0131k planlamas\u0131 konusunda \u00e7ok geni\u015f tecr\u00fcbeye sahibiz. \u00dccretsiz komple yaz\u0131l\u0131m\u0131m\u0131z ile birle\u015ftirilen uzmanl\u0131k bilgilerimiz \u00e7ok verimli ve devasa planlama sonu\u00e7lar\u0131 elde etmenizi sa\u011flar. DIALux sizi s\u00fcrekli olarak g\u00fcncel lamba verileri ile destekler, t\u00fcm ulusal ve uluslararas\u0131 direktifleri yerine getirmenize yard\u0131mc\u0131 olur, bireysel enerji ihtiyac\u0131n\u0131z\u0131 belirler ve planlama sonu\u00e7lar\u0131n\u0131z\u0131 ger\u00e7ek foto\u011fraf boyutunda g\u00f6rselle\u015ftirir. Yaz\u0131l\u0131m \u00f6zellikle uygulama odakl\u0131d\u0131r ve bu nedenle uzun y\u0131llardan beri, d\u00fcnyan\u0131n her yerinde y\u00fcz binlerce \u0131\u015f\u0131k planlay\u0131c\u0131s\u0131 taraf\u0131ndan kullan\u0131lmaktad\u0131r.<\/p><p>I\u015f\u0131k planlama ve g\u00f6rselle\u015ftirme verileri, STEINEL Professional m\u00fc\u015fterilerine \u00f6zel olarak DIALux i\u00e7in Online-PlugIn olarak sunulur. www.dial.de Download ba\u011flant\u0131s\u0131 ile, \u0131\u015f\u0131k da\u011f\u0131l\u0131m e\u011frilerini, teknik \u00f6zellikleri ve 3 boyutlu solid verilerini kullan\u0131ma sunduk.<\/p><\/div>\n\t\t\t\t<\/div>\n\t\t\t\t<\/div>\n\t\t\t\t\t\t<\/div>\n\t\t\t<\/div>\n\t\t<\/div>\n\t\t\t\t\t\t<\/div>\n\t\t\t<\/div>\n\t\t<\/section>\n\t\t\t\t\t\t<\/div>\n\t\t\t<\/div>\n\t\t<\/div>\n\t\t\t\t\t\t<\/div>\n\t\t\t<\/div>\n\t\t<\/section>\n\t\t\t\t\t\t<\/div>\n\t\t\t<\/div>\n\t\t<\/div>\n\t\t","protected":false},"excerpt":{"rendered":"<p>3 Boyutlu Sens\u00f6r Alg\u0131lama Sim\u00fclasyonu RELUX M\u00fckemmel bir planlama i\u00e7in, \u0131\u015f\u0131k ve sens\u00f6r verilerinin bulundu\u011fu kapsaml\u0131 veri ar\u015fivimize mi eri\u015fmek istiyorsunuz? RELUX Profesyonel yaz\u0131l\u0131m\u0131nda, STEINEL \u0131\u015f\u0131k ve lambalar\u0131n\u0131n planlanmas\u0131 i\u00e7in gereken t\u00fcm verileri, ayr\u0131ca sens\u00f6rlerimizin kapsama alan\u0131n\u0131n tam do\u011fru planlanmas\u0131 i\u00e7in g\u00f6rselle\u015ftirmelerle birlikte bulabilirsiniz. www.relux.ch sayfas\u0131ndan&hellip;<\/p>\n","protected":false},"author":1,"featured_media":0,"parent":0,"menu_order":0,"comment_status":"closed","ping_status":"closed","template":"","meta":[],"_links":{"self":[{"href":"http:\/\/www.saosteknoloji.com.tr\/tr\/wp-json\/wp\/v2\/pages\/2631"}],"collection":[{"href":"http:\/\/www.saosteknoloji.com.tr\/tr\/wp-json\/wp\/v2\/pages"}],"about":[{"href":"http:\/\/www.saosteknoloji.com.tr\/tr\/wp-json\/wp\/v2\/types\/page"}],"author":[{"embeddable":true,"href":"http:\/\/www.saosteknoloji.com.tr\/tr\/wp-json\/wp\/v2\/users\/1"}],"replies":[{"embeddable":true,"href":"http:\/\/www.saosteknoloji.com.tr\/tr\/wp-json\/wp\/v2\/comments?post=2631"}],"version-history":[{"count":6,"href":"http:\/\/www.saosteknoloji.com.tr\/tr\/wp-json\/wp\/v2\/pages\/2631\/revisions"}],"predecessor-version":[{"id":2886,"href":"http:\/\/www.saosteknoloji.com.tr\/tr\/wp-json\/wp\/v2\/pages\/2631\/revisions\/2886"}],"wp:attachment":[{"href":"http:\/\/www.saosteknoloji.com.tr\/tr\/wp-json\/wp\/v2\/media?parent=2631"}],"curies":[{"name":"wp","href":"https:\/\/api.w.org\/{rel}","templated":true}]}}