
{"id":2974,"date":"2019-11-14T15:20:05","date_gmt":"2019-11-14T12:20:05","guid":{"rendered":"http:\/\/www.saosteknoloji.com.tr\/?page_id=2974"},"modified":"2021-12-23T09:59:44","modified_gmt":"2021-12-23T06:59:44","slug":"cubo","status":"publish","type":"page","link":"http:\/\/www.saosteknoloji.com.tr\/tr\/cubo\/","title":{"rendered":"Cubo"},"content":{"rendered":"\t\t<div data-elementor-type=\"wp-post\" data-elementor-id=\"2974\" class=\"elementor elementor-2974\" data-elementor-settings=\"[]\">\n\t\t\t<div class=\"elementor-inner\">\n\t\t\t\t<div class=\"elementor-section-wrap\">\n\t\t\t\t\t\t\t<section class=\"elementor-element elementor-element-3fd7ce5 elementor-section-boxed elementor-section-height-default elementor-section-height-default elementor-section elementor-top-section\" data-id=\"3fd7ce5\" data-element_type=\"section\" data-settings=\"{&quot;background_background&quot;:&quot;classic&quot;}\">\n\t\t\t\t\t\t<div class=\"elementor-container elementor-column-gap-no\">\n\t\t\t\t<div class=\"elementor-row\">\n\t\t\t\t<div class=\"elementor-element elementor-element-99831e4 sc_layouts_column_icons_position_left elementor-column elementor-col-100 elementor-top-column\" data-id=\"99831e4\" data-element_type=\"column\">\n\t\t\t<div class=\"elementor-column-wrap  elementor-element-populated\">\n\t\t\t\t\t<div class=\"elementor-widget-wrap\">\n\t\t\t\t<section class=\"elementor-element elementor-element-8de9484 elementor-section-boxed elementor-section-height-default elementor-section-height-default elementor-section elementor-inner-section\" data-id=\"8de9484\" data-element_type=\"section\" data-settings=\"{&quot;background_background&quot;:&quot;classic&quot;}\">\n\t\t\t\t\t\t<div class=\"elementor-container elementor-column-gap-no\">\n\t\t\t\t<div class=\"elementor-row\">\n\t\t\t\t<div class=\"elementor-element elementor-element-3f7cb26 sc_layouts_column_icons_position_left elementor-column elementor-col-100 elementor-inner-column\" data-id=\"3f7cb26\" data-element_type=\"column\">\n\t\t\t<div class=\"elementor-column-wrap  elementor-element-populated\">\n\t\t\t\t\t<div class=\"elementor-widget-wrap\">\n\t\t\t\t<div class=\"elementor-element elementor-element-402e4de scheme_default elementor-widget elementor-widget-trx_sc_title\" data-id=\"402e4de\" data-element_type=\"widget\" data-widget_type=\"trx_sc_title.default\">\n\t\t\t\t<div class=\"elementor-widget-container\">\n\t\t\t<div id=\"trx_sc_title_135721885\"\n\t\tclass=\"sc_title scheme_default sc_title_default\"><h2 class=\"sc_item_title sc_title_title sc_align_left sc_item_title_style_default\"><span class=\"text-wrap\">Cubo<\/span><\/h2><\/div><!-- \/.sc_title -->\t\t<\/div>\n\t\t\t\t<\/div>\n\t\t\t\t<div class=\"elementor-element elementor-element-f907548 elementor-widget elementor-widget-spacer\" data-id=\"f907548\" data-element_type=\"widget\" data-widget_type=\"spacer.default\">\n\t\t\t\t<div class=\"elementor-widget-container\">\n\t\t\t\t\t<div class=\"elementor-spacer\">\n\t\t\t<div class=\"elementor-spacer-inner\"><\/div>\n\t\t<\/div>\n\t\t\t\t<\/div>\n\t\t\t\t<\/div>\n\t\t\t\t<div class=\"elementor-element elementor-element-6ec2283 scheme_default elementor-widget elementor-widget-text-editor\" data-id=\"6ec2283\" data-element_type=\"widget\" data-widget_type=\"text-editor.default\">\n\t\t\t\t<div class=\"elementor-widget-container\">\n\t\t\t\t\t<div class=\"elementor-text-editor elementor-clearfix\"><p>\u0130\u00e7erik haz\u0131rlan\u0131yor. Sabr\u0131n\u0131z i\u00e7in te\u015fekk\u00fcr ederiz.<\/p><\/div>\n\t\t\t\t<\/div>\n\t\t\t\t<\/div>\n\t\t\t\t<div class=\"elementor-element elementor-element-747fbff elementor-widget elementor-widget-spacer\" data-id=\"747fbff\" data-element_type=\"widget\" data-widget_type=\"spacer.default\">\n\t\t\t\t<div class=\"elementor-widget-container\">\n\t\t\t\t\t<div class=\"elementor-spacer\">\n\t\t\t<div class=\"elementor-spacer-inner\"><\/div>\n\t\t<\/div>\n\t\t\t\t<\/div>\n\t\t\t\t<\/div>\n\t\t\t\t<div class=\"elementor-element elementor-element-7f0bff8 scheme_default elementor-widget elementor-widget-trx_sc_button\" data-id=\"7f0bff8\" data-element_type=\"widget\" data-widget_type=\"trx_sc_button.default\">\n\t\t\t\t<div class=\"elementor-widget-container\">\n\t\t\t<div class=\"sc_item_button sc_button_wrap sc_align_left\"><a href=\"#\" id=\"trx_sc_button_2087118225\" class=\"sc_button sc_button_bordered sc_button_size_small sc_button_icon_left\"><span class=\"sc_button_text sc_align_center\"><span class=\"sc_button_title\">\u00dcr\u00fcnlerimiz<\/span><\/span><!-- \/.sc_button_text --><\/a><!-- \/.sc_button --><\/div><!-- \/.sc_item_button -->\t\t<\/div>\n\t\t\t\t<\/div>\n\t\t\t\t\t\t<\/div>\n\t\t\t<\/div>\n\t\t<\/div>\n\t\t\t\t\t\t<\/div>\n\t\t\t<\/div>\n\t\t<\/section>\n\t\t\t\t<div class=\"elementor-element elementor-element-ec0ff4d elementor-widget elementor-widget-spacer\" data-id=\"ec0ff4d\" data-element_type=\"widget\" data-widget_type=\"spacer.default\">\n\t\t\t\t<div class=\"elementor-widget-container\">\n\t\t\t\t\t<div class=\"elementor-spacer\">\n\t\t\t<div class=\"elementor-spacer-inner\"><\/div>\n\t\t<\/div>\n\t\t\t\t<\/div>\n\t\t\t\t<\/div>\n\t\t\t\t\t\t<\/div>\n\t\t\t<\/div>\n\t\t<\/div>\n\t\t\t\t\t\t<\/div>\n\t\t\t<\/div>\n\t\t<\/section>\n\t\t\t\t\t\t<\/div>\n\t\t\t<\/div>\n\t\t<\/div>\n\t\t","protected":false},"excerpt":{"rendered":"<p>Cubo \u0130\u00e7erik haz\u0131rlan\u0131yor. Sabr\u0131n\u0131z i\u00e7in te\u015fekk\u00fcr ederiz. \u00dcr\u00fcnlerimiz<\/p>\n","protected":false},"author":1,"featured_media":0,"parent":0,"menu_order":0,"comment_status":"closed","ping_status":"closed","template":"","meta":[],"_links":{"self":[{"href":"http:\/\/www.saosteknoloji.com.tr\/tr\/wp-json\/wp\/v2\/pages\/2974"}],"collection":[{"href":"http:\/\/www.saosteknoloji.com.tr\/tr\/wp-json\/wp\/v2\/pages"}],"about":[{"href":"http:\/\/www.saosteknoloji.com.tr\/tr\/wp-json\/wp\/v2\/types\/page"}],"author":[{"embeddable":true,"href":"http:\/\/www.saosteknoloji.com.tr\/tr\/wp-json\/wp\/v2\/users\/1"}],"replies":[{"embeddable":true,"href":"http:\/\/www.saosteknoloji.com.tr\/tr\/wp-json\/wp\/v2\/comments?post=2974"}],"version-history":[{"count":4,"href":"http:\/\/www.saosteknoloji.com.tr\/tr\/wp-json\/wp\/v2\/pages\/2974\/revisions"}],"predecessor-version":[{"id":6116,"href":"http:\/\/www.saosteknoloji.com.tr\/tr\/wp-json\/wp\/v2\/pages\/2974\/revisions\/6116"}],"wp:attachment":[{"href":"http:\/\/www.saosteknoloji.com.tr\/tr\/wp-json\/wp\/v2\/media?parent=2974"}],"curies":[{"name":"wp","href":"https:\/\/api.w.org\/{rel}","templated":true}]}}