
{"id":6172,"date":"2022-02-21T23:05:37","date_gmt":"2022-02-21T20:05:37","guid":{"rendered":"http:\/\/www.saosteknoloji.com.tr\/?page_id=6172"},"modified":"2022-02-22T12:46:27","modified_gmt":"2022-02-22T09:46:27","slug":"hf-360-2-dali-plus-2","status":"publish","type":"page","link":"http:\/\/www.saosteknoloji.com.tr\/tr\/hf-360-2-dali-plus-2\/","title":{"rendered":"Dal\u0131 2 Plus APC"},"content":{"rendered":"\n<p><\/p>\n\n\n\n<p class=\"has-text-align-left has-huge-font-size\">True Presence <em>\/<\/em> HALLWAY <em>\/<\/em> HF 360-2<\/p>\n\n\n\n<p><strong> Dali Plus size neredeyse s\u0131n\u0131rs\u0131z bir potansiyel sunar. Ayd\u0131nlatma kontrol\u00fc, sens\u00f6rler, elektronik kontrol cihazlar\u0131 ve \u0131\u015f\u0131klar, profesyonel aray\u00fcz standard\u0131 ile son&nbsp;derece iyi \u00e7al\u0131\u015f\u0131r.<\/strong><\/p>\n\n\n\n<div class=\"wp-block-image\"><figure class=\"aligncenter size-large\"><a href=\"http:\/\/www.saosteknoloji.com.tr\/wp-content\/uploads\/2022\/02\/95117_HF360-2_UP_o_Lueftung.jpg\"><img loading=\"lazy\" width=\"480\" height=\"480\" src=\"http:\/\/www.saosteknoloji.com.tr\/wp-content\/uploads\/2022\/02\/95117_HF360-2_UP_o_Lueftung.jpg\" alt=\"\" class=\"wp-image-6131\" srcset=\"http:\/\/www.saosteknoloji.com.tr\/wp-content\/uploads\/2022\/02\/95117_HF360-2_UP_o_Lueftung.jpg 480w, http:\/\/www.saosteknoloji.com.tr\/wp-content\/uploads\/2022\/02\/95117_HF360-2_UP_o_Lueftung-300x300.jpg 300w, http:\/\/www.saosteknoloji.com.tr\/wp-content\/uploads\/2022\/02\/95117_HF360-2_UP_o_Lueftung-150x150.jpg 150w, http:\/\/www.saosteknoloji.com.tr\/wp-content\/uploads\/2022\/02\/95117_HF360-2_UP_o_Lueftung-75x75.jpg 75w, http:\/\/www.saosteknoloji.com.tr\/wp-content\/uploads\/2022\/02\/95117_HF360-2_UP_o_Lueftung-370x370.jpg 370w, http:\/\/www.saosteknoloji.com.tr\/wp-content\/uploads\/2022\/02\/95117_HF360-2_UP_o_Lueftung-90x90.jpg 90w, http:\/\/www.saosteknoloji.com.tr\/wp-content\/uploads\/2022\/02\/95117_HF360-2_UP_o_Lueftung-421x421.jpg 421w\" sizes=\"(max-width: 480px) 100vw, 480px\" \/><\/a><\/figure><\/div>\n\n\n\n<p class=\"has-text-align-center has-small-font-size\"><span class=\"has-inline-color has-black-color\"><strong>HF 360-2<\/strong><br>&nbsp; \u00d8 12 M alg\u0131lama alan\u0131n\u0131n yan\u0131 s\u0131ra&nbsp;&nbsp; HF teknolojisi, kap\u0131 ve duvarlardan &nbsp;(metalden yap\u0131lmam\u0131\u015f) insan varl\u0131\u011f\u0131n\u0131 alg\u0131layarak gerekli sens\u00f6r say\u0131s\u0131n\u0131 azalt\u0131r.<\/span><\/p>\n\n\n\n<p><strong>64 DALI armat\u00fcr\u00fc 3 gruba kadar b\u00f6lmenizi ve istenilen \u015fekilde kontrol etmenizi sa\u011flar.Her ayd\u0131nlatma grubu ihtiya\u00e7lara g\u00f6re kontrol edilebilir ve ayarlanabilir.&nbsp;\u00d6rne\u011fin 2 ayd\u0131nlatma grubu tam otomatik \u00e7al\u0131\u015f\u0131rken&nbsp;bir ayd\u0131nlatma grubu yar\u0131 otomatik mod ile \u00e7al\u0131\u015fabilir<\/strong>.<\/p>\n\n\n\n<p class=\"has-medium-font-size\">3 \u0130\u015fletme Modu<\/p>\n\n\n\n<ul><li><strong>Tam otomatik mod :<\/strong>&nbsp;otomatik olarak ON \u2013 OFF \u015feklinde anahtarlama<\/li><li><strong>Yar\u0131 otomatik mod<\/strong>&nbsp;<strong>:<\/strong>&nbsp;anahtar ile manuel ON ve otomatik olarak OFF \u015feklinde anahtarlama<\/li><li><strong>ECO-ON mod&nbsp;&nbsp;&nbsp;&nbsp;&nbsp;&nbsp;&nbsp;&nbsp; :<\/strong>&nbsp;%10 ile 70 aras\u0131nda otomatik kontrol, sadece manuel olarak anahtarla m\u00fcdahale edildi\u011finde %100 e \u00e7\u0131kar.<\/li><\/ul>\n\n\n\n<p><\/p>\n\n\n\n<div class=\"wp-block-image\"><figure class=\"aligncenter size-large is-resized\"><a href=\"http:\/\/www.saosteknoloji.com.tr\/wp-content\/uploads\/2022\/02\/18028_True-Presence-KNX-1.jpg\"><img loading=\"lazy\" src=\"http:\/\/www.saosteknoloji.com.tr\/wp-content\/uploads\/2022\/02\/18028_True-Presence-KNX-1.jpg\" alt=\"\" class=\"wp-image-6208\" width=\"572\" height=\"572\" srcset=\"http:\/\/www.saosteknoloji.com.tr\/wp-content\/uploads\/2022\/02\/18028_True-Presence-KNX-1.jpg 960w, http:\/\/www.saosteknoloji.com.tr\/wp-content\/uploads\/2022\/02\/18028_True-Presence-KNX-1-300x300.jpg 300w, http:\/\/www.saosteknoloji.com.tr\/wp-content\/uploads\/2022\/02\/18028_True-Presence-KNX-1-150x150.jpg 150w, http:\/\/www.saosteknoloji.com.tr\/wp-content\/uploads\/2022\/02\/18028_True-Presence-KNX-1-768x768.jpg 768w, http:\/\/www.saosteknoloji.com.tr\/wp-content\/uploads\/2022\/02\/18028_True-Presence-KNX-1-75x75.jpg 75w, http:\/\/www.saosteknoloji.com.tr\/wp-content\/uploads\/2022\/02\/18028_True-Presence-KNX-1-370x370.jpg 370w, http:\/\/www.saosteknoloji.com.tr\/wp-content\/uploads\/2022\/02\/18028_True-Presence-KNX-1-90x90.jpg 90w, http:\/\/www.saosteknoloji.com.tr\/wp-content\/uploads\/2022\/02\/18028_True-Presence-KNX-1-872x872.jpg 872w, http:\/\/www.saosteknoloji.com.tr\/wp-content\/uploads\/2022\/02\/18028_True-Presence-KNX-1-421x421.jpg 421w, http:\/\/www.saosteknoloji.com.tr\/wp-content\/uploads\/2022\/02\/18028_True-Presence-KNX-1-500x500.jpg 500w\" sizes=\"(max-width: 572px) 100vw, 572px\" \/><\/a><\/figure><\/div>\n\n\n\n<p class=\"has-text-align-center\" style=\"font-size:14px\"><span class=\"has-inline-color has-black-color\"><strong>TRUE PRESENCE TEKNOLOJ\u0130S\u0130<\/strong><br>True Presence\u00ae sens\u00f6r\u00fc, insanlar\u0131n 64 m\u00b2\u2019lik bir alanda var olup olmad\u0131\u011f\u0131n\u0131, nefes al\u0131p verirken veya omuz hareketimiz esnas\u0131nda v\u00fccudumuzda ger\u00e7ekle\u015fen mikro hareketleri temel alarak alg\u0131lar. True Presence\u00ae bina otomasyonunda yeni standart.<\/span><\/p>\n\n\n\n<p><strong>Costant Lighting (sabit \u0131\u015f\u0131k) &nbsp;&nbsp;&nbsp;&nbsp;&nbsp;&nbsp;&nbsp;&nbsp;&nbsp;&nbsp;&nbsp;&nbsp;&nbsp;&nbsp;:<\/strong> G\u00fcn \u0131\u015f\u0131\u011f\u0131 kontrol\u00fc.<\/p>\n\n\n\n<p class=\"has-text-align-left\"><strong>Basic Brightness (Temel Parlakl\u0131k)&nbsp; &nbsp;  :<\/strong> Ayarlanabilir \u0131\u015f\u0131k seviyesi %10-%90<\/p>\n\n\n\n<p><strong>Level Full Brightness&nbsp;&nbsp;&nbsp;&nbsp;&nbsp;&nbsp;&nbsp;&nbsp;&nbsp;&nbsp;&nbsp;&nbsp;&nbsp;&nbsp;&nbsp;&nbsp;&nbsp;&nbsp;&nbsp;&nbsp;&nbsp;&nbsp; &nbsp;&nbsp;&nbsp;:<\/strong> Ard\u0131l \u00e7al\u0131\u015fma s\u00fcresi sona erdikten sonra armat\u00fcrlerbelli bir dim seviyesine d\u00fc\u015ferek istenilen s\u00fcre boyunca \u00e7al\u0131\u015fmaktad\u0131r. %10-%90<\/p>\n\n\n\n<p>Ayarlanabilir Ard\u0131l \u00c7al\u0131\u015fma S\u00fcresi 10sn-60dk<\/p>\n\n\n\n<p class=\"has-medium-font-size\"><strong>Yukar\u0131daki fonsiyonlar her grup i\u00e7in ayr\u0131 ayar verilebilmektedir.<\/strong><\/p>\n\n\n\n<p>Ayarlanabilir mesafe ve hassasiyet<\/p>\n\n\n\n<p>Master\/Slave, Master\/Master ba\u011flant\u0131lar\u0131 ile alg\u0131lama b\u00f6lgesini geni\u015f alanlar kapsayacak \u015fekilde geni\u015fletmek i\u00e7in kullan\u0131l\u0131r<\/p>\n\n\n\n<div class=\"wp-block-image\"><figure class=\"aligncenter size-large is-resized\"><a href=\"http:\/\/www.saosteknoloji.com.tr\/wp-content\/uploads\/2022\/02\/156955_TruePresence_Hallway_UP.jpg\"><img loading=\"lazy\" src=\"http:\/\/www.saosteknoloji.com.tr\/wp-content\/uploads\/2022\/02\/156955_TruePresence_Hallway_UP.jpg\" alt=\"\" class=\"wp-image-6209\" width=\"612\" height=\"612\" srcset=\"http:\/\/www.saosteknoloji.com.tr\/wp-content\/uploads\/2022\/02\/156955_TruePresence_Hallway_UP.jpg 480w, http:\/\/www.saosteknoloji.com.tr\/wp-content\/uploads\/2022\/02\/156955_TruePresence_Hallway_UP-300x300.jpg 300w, http:\/\/www.saosteknoloji.com.tr\/wp-content\/uploads\/2022\/02\/156955_TruePresence_Hallway_UP-150x150.jpg 150w, http:\/\/www.saosteknoloji.com.tr\/wp-content\/uploads\/2022\/02\/156955_TruePresence_Hallway_UP-75x75.jpg 75w, http:\/\/www.saosteknoloji.com.tr\/wp-content\/uploads\/2022\/02\/156955_TruePresence_Hallway_UP-370x370.jpg 370w, http:\/\/www.saosteknoloji.com.tr\/wp-content\/uploads\/2022\/02\/156955_TruePresence_Hallway_UP-90x90.jpg 90w, http:\/\/www.saosteknoloji.com.tr\/wp-content\/uploads\/2022\/02\/156955_TruePresence_Hallway_UP-421x421.jpg 421w\" sizes=\"(max-width: 612px) 100vw, 612px\" \/><\/a><\/figure><\/div>\n\n\n\n<p class=\"has-text-align-center\" style=\"font-size:14px\"><span class=\"has-inline-color has-black-color\"><strong>HALLWAY<\/strong><br>25 m\u2019ye kadar m\u00fckemmel&nbsp; alg\u0131lama \u2013 uzun koridorlar i\u00e7in ideal \u00fcr\u00fcn. Eri\u015fim her iki y\u00f6nde de ayarlanabilir. Bluetooth teknolojisi, Hallway\u2019in rahat\u00e7a yap\u0131land\u0131r\u0131lmas\u0131n\u0131 ve mevcut a\u011flara ba\u011flanmas\u0131n\u0131 sa\u011flar.<\/span><\/p>\n\n\n\n<p><strong>Liht Anahtar \u0130le Manuel Kontrol<\/strong><\/p>\n\n\n\n<p><strong>Dali Plus hatt\u0131 \u00fczerinden bir interface ile liht anahtara senaryo atama<\/strong><\/p>\n\n\n\n<p id=\"block-4d30c283-9dc6-44c2-b141-2ac2bb841b98\">Steinel Sens\u00f6rleriyle ortam ayd\u0131nlatmas\u0131n\u0131 kontrol edebilece\u011finiz gibi her \u015feyi anahtar yard\u0131m\u0131yla kontrol etmeniz de m\u00fcmk\u00fcn. <strong>On \/ Off \/ TouchD\u0131m &#8211; D\u0131m Up \/ D\u0131m Down \u2013 On <\/strong>ve ya<strong> Off<\/strong> komutlar\u0131 yan\u0131 s\u0131ra kendi belirleyece\u011fiz senaryolar\u0131 Liht anahtarlara y\u00fckleyebilirsiniz.&nbsp;&nbsp;<\/p>\n\n\n\n<div class=\"wp-block-cover has-background-dim\" style=\"min-height:453px\"><img loading=\"lazy\" width=\"1024\" height=\"576\" class=\"wp-block-cover__image-background wp-image-6178\" alt=\"\" src=\"http:\/\/www.saosteknoloji.com.tr\/wp-content\/uploads\/2022\/02\/06_connectapp_detail_3200x1800-1-2048x1152-1-1024x576.jpg\" data-object-fit=\"cover\" srcset=\"http:\/\/www.saosteknoloji.com.tr\/wp-content\/uploads\/2022\/02\/06_connectapp_detail_3200x1800-1-2048x1152-1-1024x576.jpg 1024w, http:\/\/www.saosteknoloji.com.tr\/wp-content\/uploads\/2022\/02\/06_connectapp_detail_3200x1800-1-2048x1152-1-300x169.jpg 300w, http:\/\/www.saosteknoloji.com.tr\/wp-content\/uploads\/2022\/02\/06_connectapp_detail_3200x1800-1-2048x1152-1-768x432.jpg 768w, http:\/\/www.saosteknoloji.com.tr\/wp-content\/uploads\/2022\/02\/06_connectapp_detail_3200x1800-1-2048x1152-1-1536x864.jpg 1536w, http:\/\/www.saosteknoloji.com.tr\/wp-content\/uploads\/2022\/02\/06_connectapp_detail_3200x1800-1-2048x1152-1-370x208.jpg 370w, http:\/\/www.saosteknoloji.com.tr\/wp-content\/uploads\/2022\/02\/06_connectapp_detail_3200x1800-1-2048x1152-1-421x237.jpg 421w, http:\/\/www.saosteknoloji.com.tr\/wp-content\/uploads\/2022\/02\/06_connectapp_detail_3200x1800-1-2048x1152-1-872x491.jpg 872w, http:\/\/www.saosteknoloji.com.tr\/wp-content\/uploads\/2022\/02\/06_connectapp_detail_3200x1800-1-2048x1152-1-500x281.jpg 500w, http:\/\/www.saosteknoloji.com.tr\/wp-content\/uploads\/2022\/02\/06_connectapp_detail_3200x1800-1-2048x1152-1-270x152.jpg 270w, http:\/\/www.saosteknoloji.com.tr\/wp-content\/uploads\/2022\/02\/06_connectapp_detail_3200x1800-1-2048x1152-1.jpg 2048w\" sizes=\"(max-width: 1024px) 100vw, 1024px\" \/><div class=\"wp-block-cover__inner-container\">\n<p class=\"has-text-align-center has-large-font-size\"><\/p>\n<\/div><\/div>\n\n\n\n<p class=\"has-medium-font-size\"><strong> Sens\u00f6r ve armat\u00fcrlere ayar vermek \u00e7ok kolay<\/strong><\/p>\n\n\n\n<p>&nbsp;<strong> Yeni teknolojimiz sayesinde y\u00fcksek bedeller \u00f6demek ve ya karma\u015f\u0131k yaz\u0131l\u0131mlar ile u\u011fra\u015fman\u0131za gerek kalmayacak. Telefonunuza indirece\u011finiz Steinel Smart Remote uygulamas\u0131 bluetooth arac\u0131l\u0131\u011f\u0131yla sens\u00f6r ve armat\u00fcrlerle ileti\u015fim koruyor.<\/strong><\/p>\n\n\n\n<p id=\"block-b54bff6b-df21-4fd9-9494-33664ba5db3f\">&nbsp;<\/p>\n","protected":false},"excerpt":{"rendered":"<p>True Presence \/ HALLWAY \/ HF 360-2 Dali Plus size neredeyse s\u0131n\u0131rs\u0131z bir potansiyel sunar. Ayd\u0131nlatma kontrol\u00fc, sens\u00f6rler, elektronik kontrol cihazlar\u0131 ve \u0131\u015f\u0131klar, profesyonel aray\u00fcz standard\u0131 ile son&nbsp;derece iyi \u00e7al\u0131\u015f\u0131r. HF 360-2&nbsp; \u00d8 12 M alg\u0131lama alan\u0131n\u0131n yan\u0131 s\u0131ra&nbsp;&nbsp; HF teknolojisi, kap\u0131 ve duvarlardan &nbsp;(metalden yap\u0131lmam\u0131\u015f)&hellip;<\/p>\n","protected":false},"author":1,"featured_media":0,"parent":0,"menu_order":0,"comment_status":"closed","ping_status":"closed","template":"","meta":[],"_links":{"self":[{"href":"http:\/\/www.saosteknoloji.com.tr\/tr\/wp-json\/wp\/v2\/pages\/6172"}],"collection":[{"href":"http:\/\/www.saosteknoloji.com.tr\/tr\/wp-json\/wp\/v2\/pages"}],"about":[{"href":"http:\/\/www.saosteknoloji.com.tr\/tr\/wp-json\/wp\/v2\/types\/page"}],"author":[{"embeddable":true,"href":"http:\/\/www.saosteknoloji.com.tr\/tr\/wp-json\/wp\/v2\/users\/1"}],"replies":[{"embeddable":true,"href":"http:\/\/www.saosteknoloji.com.tr\/tr\/wp-json\/wp\/v2\/comments?post=6172"}],"version-history":[{"count":16,"href":"http:\/\/www.saosteknoloji.com.tr\/tr\/wp-json\/wp\/v2\/pages\/6172\/revisions"}],"predecessor-version":[{"id":6232,"href":"http:\/\/www.saosteknoloji.com.tr\/tr\/wp-json\/wp\/v2\/pages\/6172\/revisions\/6232"}],"wp:attachment":[{"href":"http:\/\/www.saosteknoloji.com.tr\/tr\/wp-json\/wp\/v2\/media?parent=6172"}],"curies":[{"name":"wp","href":"https:\/\/api.w.org\/{rel}","templated":true}]}}