
{"id":3336,"date":"2019-12-02T12:40:29","date_gmt":"2019-12-02T09:40:29","guid":{"rendered":"http:\/\/www.saosteknoloji.com.tr\/?post_type=product&#038;p=3336"},"modified":"2022-03-25T11:01:03","modified_gmt":"2022-03-25T08:01:03","slug":"multisensor-air-knx","status":"publish","type":"product","link":"http:\/\/www.saosteknoloji.com.tr\/tr\/urun\/multisensor-air-knx\/","title":{"rendered":"Multisensor Air KNX"},"content":{"rendered":"<p><iframe loading=\"lazy\" src=\"https:\/\/www.youtube.com\/embed\/kedkJgVM5x0\" width=\"560\" height=\"315\" frameborder=\"0\" allowfullscreen=\"allowfullscreen\"><span data-mce-type=\"bookmark\" style=\"display: inline-block; width: 0px; overflow: hidden; line-height: 0;\" class=\"mce_SELRES_start\">\ufeff<\/span><\/iframe><\/p>\n<h3 style=\"text-align: left;\">Sa\u011fl\u0131kl\u0131 bir i\u00e7 iklime odaklan\u0131n.<\/h3>\n<p>Multisensor Air KNX, hava, parlakl\u0131k ve s\u0131cakl\u0131k uzman\u0131. Multisensor Air KNX, bina y\u00f6netim sistemine g\u00fcvenilir ek bilgiler sa\u011flar. S\u0131cakl\u0131k, nem, hava bas\u0131nc\u0131, u\u00e7ucu organik bile\u015fikler (VOC), CO2 konsantrasyonu ve parlakl\u0131\u011f\u0131 \u00f6l\u00e7er. Ve de True Presence\u00ae alg\u0131lama olmadan. Buna ra\u011fmen tavanda tam anlam\u0131nda modern bir g\u00f6r\u00fcn\u00fcm i\u00e7in tasar\u0131m\u0131 True Presence\u00ae ailesindendir. Kolay entegrasyon i\u00e7inse KNX aray\u00fcz\u00fc.<\/p>\n","protected":false},"excerpt":{"rendered":"<p>True Presence\u00ae \u00fcr\u00fcn ailesi yeni standartlar getiriyor. Sistem g\u00fcvenilir bir \u015fekilde ek bilgi sa\u011flayan sens\u00f6rler ile tamamlan\u0131r. Multisensor AIR KNX hava, parlakl\u0131k ve s\u0131cakl\u0131k tespitinde uzmanla\u015fm\u0131\u015ft\u0131r. True Presence\u00ae tespiti olmadan, ancak yine de modern e\u015fsiz g\u00f6r\u00fcn\u00fcm\u00fcyle, modern bir binan\u0131n g\u00f6r\u00fcn\u00fcm\u00fcne kolayca uyar. Ortam\u0131n\u0131za iyi bir atmosfer sa\u011flayan sens\u00f6r.<\/p>\n","protected":false},"featured_media":6388,"template":"","meta":[],"_links":{"self":[{"href":"http:\/\/www.saosteknoloji.com.tr\/tr\/wp-json\/wp\/v2\/product\/3336"}],"collection":[{"href":"http:\/\/www.saosteknoloji.com.tr\/tr\/wp-json\/wp\/v2\/product"}],"about":[{"href":"http:\/\/www.saosteknoloji.com.tr\/tr\/wp-json\/wp\/v2\/types\/product"}],"version-history":[{"count":12,"href":"http:\/\/www.saosteknoloji.com.tr\/tr\/wp-json\/wp\/v2\/product\/3336\/revisions"}],"predecessor-version":[{"id":3383,"href":"http:\/\/www.saosteknoloji.com.tr\/tr\/wp-json\/wp\/v2\/product\/3336\/revisions\/3383"}],"wp:featuredmedia":[{"embeddable":true,"href":"http:\/\/www.saosteknoloji.com.tr\/tr\/wp-json\/wp\/v2\/media\/6388"}],"wp:attachment":[{"href":"http:\/\/www.saosteknoloji.com.tr\/tr\/wp-json\/wp\/v2\/media?parent=3336"}],"curies":[{"name":"wp","href":"https:\/\/api.w.org\/{rel}","templated":true}]}}