
{"id":3544,"date":"2019-12-30T13:55:08","date_gmt":"2019-12-30T10:55:08","guid":{"rendered":"http:\/\/www.saosteknoloji.com.tr\/?post_type=product&#038;p=3544"},"modified":"2025-09-29T13:00:16","modified_gmt":"2025-09-29T10:00:16","slug":"l-800-led-ihf-downlight","status":"publish","type":"product","link":"http:\/\/www.saosteknoloji.com.tr\/tr\/urun\/l-800-led-ihf-downlight\/","title":{"rendered":"L 800 LED iHF Downlight"},"content":{"rendered":"<div id=\"desc3136\" class=\"urun-aciklamalari\">\n<section class=\"elementor-element elementor-element-7ec376b scheme_default elementor-section-boxed elementor-section-height-default elementor-section-height-default elementor-section elementor-top-section\" data-id=\"7ec376b\" data-element_type=\"section\" data-settings=\"{&quot;background_background&quot;:&quot;classic&quot;}\">\n<div class=\"elementor-container elementor-column-gap-extended\">\n<div class=\"elementor-row\">\n<div class=\"elementor-element elementor-element-f9cbb35 sc_layouts_column_icons_position_left elementor-column elementor-col-50 elementor-top-column\" data-id=\"f9cbb35\" data-element_type=\"column\">\n<div class=\"elementor-column-wrap elementor-element-populated\">\n<div class=\"elementor-widget-wrap\">\n<div class=\"elementor-element elementor-element-f3f2d00 elementor-widget elementor-widget-trx_sc_title\" data-id=\"f3f2d00\" data-element_type=\"widget\" data-widget_type=\"trx_sc_title.default\">\n<div class=\"elementor-widget-container\">\n<div id=\"trx_sc_title_1311363730\" class=\"sc_title sc_title_default\">\n<div class=\"elementor-element elementor-element-16d29d7 sc_layouts_column_icons_position_left elementor-column elementor-col-50 elementor-top-column\" data-id=\"16d29d7\" data-element_type=\"column\">\n<div class=\"elementor-column-wrap elementor-element-populated\">\n<div class=\"elementor-widget-wrap\">\n<div class=\"elementor-element elementor-element-8e9544f elementor-widget elementor-widget-image\" data-id=\"8e9544f\" data-element_type=\"widget\" data-widget_type=\"image.default\">\n<div class=\"elementor-widget-container\">\n<div class=\"elementor-image\"><img loading=\"lazy\" class=\"attachment-large size-large\" src=\"http:\/\/www.saosteknoloji.com.tr\/wp-content\/uploads\/2019\/09\/teknoloji_yuksel_frekans.png\" sizes=\"(max-width: 890px) 100vw, 890px\" srcset=\"http:\/\/www.saosteknoloji.com.tr\/wp-content\/uploads\/2019\/09\/teknoloji_yuksel_frekans.png 890w, http:\/\/www.saosteknoloji.com.tr\/wp-content\/uploads\/2019\/09\/teknoloji_yuksel_frekans-500x242.png 500w, http:\/\/www.saosteknoloji.com.tr\/wp-content\/uploads\/2019\/09\/teknoloji_yuksel_frekans-300x145.png 300w, http:\/\/www.saosteknoloji.com.tr\/wp-content\/uploads\/2019\/09\/teknoloji_yuksel_frekans-768x371.png 768w, http:\/\/www.saosteknoloji.com.tr\/wp-content\/uploads\/2019\/09\/teknoloji_yuksel_frekans-370x179.png 370w, http:\/\/www.saosteknoloji.com.tr\/wp-content\/uploads\/2019\/09\/teknoloji_yuksel_frekans-872x421.png 872w, http:\/\/www.saosteknoloji.com.tr\/wp-content\/uploads\/2019\/09\/teknoloji_yuksel_frekans-421x203.png 421w\" alt=\"\" width=\"890\" height=\"430\" \/><\/div>\n<\/div>\n<\/div>\n<\/div>\n<\/div>\n<\/div>\n<div class=\"elementor-element elementor-element-636eec0 sc_layouts_column_icons_position_left elementor-column elementor-col-50 elementor-top-column\" data-id=\"636eec0\" data-element_type=\"column\">\n<div class=\"elementor-column-wrap elementor-element-populated\">\n<div class=\"elementor-widget-wrap\">\n<div class=\"elementor-element elementor-element-01f4919 elementor-widget elementor-widget-trx_sc_title\" data-id=\"01f4919\" data-element_type=\"widget\" data-widget_type=\"trx_sc_title.default\">\n<div class=\"elementor-widget-container\">\n<div id=\"trx_sc_title_1785077568\" class=\"sc_title sc_title_accent\">\n<h5 class=\"sc_item_title sc_title_title sc_align_none sc_item_title_style_accent sc_item_title_tag\"><span class=\"text-wrap\">Nas\u0131l \u00c7al\u0131\u015f\u0131r?<\/span><\/h5>\n<div class=\"sc_item_descr sc_title_descr sc_align_none\">\n<p>Y\u00fcksek teknolojili sens\u00f6rler, cam ve hafif konstr\u00fcksiyon duvarlar\u0131 dahi a\u015fabilen 5,8 GHz (bir cep telefonundakinin 1.000&#8217;de biri kadar) frekansl\u0131 sinyalleri g\u00f6nderir. Sinyaller ortamdan sens\u00f6re, yans\u0131ma yoluyla geri g\u00f6nderilir. Kapsama alan\u0131 dahilindeki bir hareketin yans\u0131may\u0131 de\u011fi\u015ftirmesiyle birlikte, sens\u00f6r tetiklenir ve saliseler i\u00e7inde \u0131\u015f\u0131\u011f\u0131 \u00e7al\u0131\u015ft\u0131r\u0131r.<\/p>\n<\/div>\n<\/div>\n<\/div>\n<\/div>\n<\/div>\n<\/div>\n<\/div>\n<\/div>\n<\/div>\n<\/div>\n<\/div>\n<\/div>\n<\/div>\n<\/div>\n<\/div>\n<\/section>\n<\/div>\n<div id=\"desc3137\" class=\"urun-aciklamalari\" style=\"display: none;\">\n<p><img loading=\"lazy\" class=\"alignleft\" src=\"http:\/\/grafistarsiv.com\/wp-content\/uploads\/2019\/09\/teknoloji_pasif_kizilotesi.png\" sizes=\"(max-width: 890px) 100vw, 890px\" srcset=\"http:\/\/grafistarsiv.com\/wp-content\/uploads\/2019\/09\/teknoloji_pasif_kizilotesi.png 890w, http:\/\/grafistarsiv.com\/wp-content\/uploads\/2019\/09\/teknoloji_pasif_kizilotesi-300x145.png 300w, http:\/\/grafistarsiv.com\/wp-content\/uploads\/2019\/09\/teknoloji_pasif_kizilotesi-768x371.png 768w, http:\/\/grafistarsiv.com\/wp-content\/uploads\/2019\/09\/teknoloji_pasif_kizilotesi-370x179.png 370w, http:\/\/grafistarsiv.com\/wp-content\/uploads\/2019\/09\/teknoloji_pasif_kizilotesi-872x421.png 872w, http:\/\/grafistarsiv.com\/wp-content\/uploads\/2019\/09\/teknoloji_pasif_kizilotesi-421x203.png 421w, http:\/\/grafistarsiv.com\/wp-content\/uploads\/2019\/09\/teknoloji_pasif_kizilotesi-800x387.png 800w\" alt=\"\" width=\"890\" height=\"430\" \/><\/p>\n<h3>Fits on the ceiling. And sees what others dream of.<\/h3>\n<p>HD isn&#8217;t just restricted to televisions but from now on also used in presence detectors. Because IR Quattro HD provides extremely high-definition detection. 4,800 switching zones and a square detection footprint with a presence zone covering a true 64 m\u00b2 leave no margin whatsoever for inadvertent triggering and blind spots. Unique: The presence zone can be mechanically scaled without the slightest loss of quality. This means IR Quattro HD applications in medium to large-size offices, conference and meeting rooms, class rooms and lecture theatres as well as sports halls and warehouses can be planned and configured with absolute precision. Something others can only dream of.<\/p>\n<\/div>\n<div id=\"desc3138\" class=\"urun-aciklamalari\" style=\"display: none;\">\n<p><img loading=\"lazy\" class=\"alignleft\" src=\"http:\/\/grafistarsiv.com\/wp-content\/uploads\/2019\/09\/teknoloji_pasif_kizilotesi.png\" sizes=\"(max-width: 890px) 100vw, 890px\" srcset=\"http:\/\/grafistarsiv.com\/wp-content\/uploads\/2019\/09\/teknoloji_pasif_kizilotesi.png 890w, http:\/\/grafistarsiv.com\/wp-content\/uploads\/2019\/09\/teknoloji_pasif_kizilotesi-300x145.png 300w, http:\/\/grafistarsiv.com\/wp-content\/uploads\/2019\/09\/teknoloji_pasif_kizilotesi-768x371.png 768w, http:\/\/grafistarsiv.com\/wp-content\/uploads\/2019\/09\/teknoloji_pasif_kizilotesi-370x179.png 370w, http:\/\/grafistarsiv.com\/wp-content\/uploads\/2019\/09\/teknoloji_pasif_kizilotesi-872x421.png 872w, http:\/\/grafistarsiv.com\/wp-content\/uploads\/2019\/09\/teknoloji_pasif_kizilotesi-421x203.png 421w, http:\/\/grafistarsiv.com\/wp-content\/uploads\/2019\/09\/teknoloji_pasif_kizilotesi-800x387.png 800w\" alt=\"\" width=\"890\" height=\"430\" \/><\/p>\n<h3>2462 &#8211; Pioneering sensor technology. Targeted detection.<\/h3>\n<p>Aisles and long corridors place special demands on sensor performance. The detection area of the sensor must be narrow, but long. Only in this way can the fewest possible sensors cover sections of the greatest possible length. Tried and proven over and over again, the IS 345 is the specialist for indoor applications of this type. It is specially designed for detection in corridors and has an angle of aperture of 45\u00b0. This means that it can watch over an area of up to 23 x 6 metres tangentially.<\/p>\n<\/div>\n<div id=\"desc3139\" class=\"urun-aciklamalari\" style=\"display: none;\">\n<p><img class=\"alignleft\" src=\"http:\/\/www.saosteknoloji.com.tr\/wp-content\/uploads\/2019\/11\/quatro_detay.png\" \/><\/p>\n<h3>Fits on the ceiling. And sees what others dream of.<\/h3>\n<p>HD isn&#8217;t just restricted to televisions but from now on also used in presence detectors. Because Presence Control PRO IR Quattro HD provides extremely high-definition detection. 4,800 switching zones and a square detection footprint with a presence zone covering a true 64 m\u00b2 leave no margin whatsoever for inadvertent triggering and blind spots. Unique: The presence zone can be mechanically scaled without the slightest loss of quality. This means IR Quattro HD applications in medium to large-size offices, conference and meeting rooms, class rooms and lecture theatres as well as sports halls and warehouses can be planned and configured with absolute precision. Something others can only dream of.<\/p>\n<\/div>\n<div id=\"desc3140\" class=\"urun-aciklamalari\" style=\"display: none;\">\n<p><img loading=\"lazy\" class=\"alignleft\" src=\"http:\/\/grafistarsiv.com\/wp-content\/uploads\/2019\/09\/teknoloji_pasif_kizilotesi.png\" sizes=\"(max-width: 890px) 100vw, 890px\" srcset=\"http:\/\/grafistarsiv.com\/wp-content\/uploads\/2019\/09\/teknoloji_pasif_kizilotesi.png 890w, http:\/\/grafistarsiv.com\/wp-content\/uploads\/2019\/09\/teknoloji_pasif_kizilotesi-300x145.png 300w, http:\/\/grafistarsiv.com\/wp-content\/uploads\/2019\/09\/teknoloji_pasif_kizilotesi-768x371.png 768w, http:\/\/grafistarsiv.com\/wp-content\/uploads\/2019\/09\/teknoloji_pasif_kizilotesi-370x179.png 370w, http:\/\/grafistarsiv.com\/wp-content\/uploads\/2019\/09\/teknoloji_pasif_kizilotesi-872x421.png 872w, http:\/\/grafistarsiv.com\/wp-content\/uploads\/2019\/09\/teknoloji_pasif_kizilotesi-421x203.png 421w, http:\/\/grafistarsiv.com\/wp-content\/uploads\/2019\/09\/teknoloji_pasif_kizilotesi-800x387.png 800w\" alt=\"\" width=\"890\" height=\"430\" \/><\/p>\n<h3>2463 &#8211; Pioneering sensor technology. Targeted detection.<\/h3>\n<p>Aisles and long corridors place special demands on sensor performance. The detection area of the sensor must be narrow, but long. Only in this way can the fewest possible sensors cover sections of the greatest possible length. Tried and proven over and over again, the IS 345 is the specialist for indoor applications of this type. It is specially designed for detection in corridors and has an angle of aperture of 45\u00b0. This means that it can watch over an area of up to 23 x 6 metres tangentially.<\/p>\n<\/div>\n<div id=\"desc3141\" class=\"urun-aciklamalari\" style=\"display: none;\">\n<p><img loading=\"lazy\" class=\"alignleft\" src=\"http:\/\/grafistarsiv.com\/wp-content\/uploads\/2019\/09\/teknoloji_pasif_kizilotesi.png\" sizes=\"(max-width: 890px) 100vw, 890px\" srcset=\"http:\/\/grafistarsiv.com\/wp-content\/uploads\/2019\/09\/teknoloji_pasif_kizilotesi.png 890w, http:\/\/grafistarsiv.com\/wp-content\/uploads\/2019\/09\/teknoloji_pasif_kizilotesi-300x145.png 300w, http:\/\/grafistarsiv.com\/wp-content\/uploads\/2019\/09\/teknoloji_pasif_kizilotesi-768x371.png 768w, http:\/\/grafistarsiv.com\/wp-content\/uploads\/2019\/09\/teknoloji_pasif_kizilotesi-370x179.png 370w, http:\/\/grafistarsiv.com\/wp-content\/uploads\/2019\/09\/teknoloji_pasif_kizilotesi-872x421.png 872w, http:\/\/grafistarsiv.com\/wp-content\/uploads\/2019\/09\/teknoloji_pasif_kizilotesi-421x203.png 421w, http:\/\/grafistarsiv.com\/wp-content\/uploads\/2019\/09\/teknoloji_pasif_kizilotesi-800x387.png 800w\" alt=\"\" width=\"890\" height=\"430\" \/><\/p>\n<h3>2463 &#8211; Pioneering sensor technology. Targeted detection.<\/h3>\n<p>Aisles and long corridors place special demands on sensor performance. The detection area of the sensor must be narrow, but long. Only in this way can the fewest possible sensors cover sections of the greatest possible length. Tried and proven over and over again, the IS 345 is the specialist for indoor applications of this type. It is specially designed for detection in corridors and has an angle of aperture of 45\u00b0. This means that it can watch over an area of up to 23 x 6 metres tangentially.<\/p>\n<\/div>\n<div id=\"desc3142\" class=\"urun-aciklamalari\" style=\"display: none;\">\n<p><img loading=\"lazy\" class=\"alignleft\" src=\"http:\/\/grafistarsiv.com\/wp-content\/uploads\/2019\/09\/teknoloji_pasif_kizilotesi.png\" sizes=\"(max-width: 890px) 100vw, 890px\" srcset=\"http:\/\/grafistarsiv.com\/wp-content\/uploads\/2019\/09\/teknoloji_pasif_kizilotesi.png 890w, http:\/\/grafistarsiv.com\/wp-content\/uploads\/2019\/09\/teknoloji_pasif_kizilotesi-300x145.png 300w, http:\/\/grafistarsiv.com\/wp-content\/uploads\/2019\/09\/teknoloji_pasif_kizilotesi-768x371.png 768w, http:\/\/grafistarsiv.com\/wp-content\/uploads\/2019\/09\/teknoloji_pasif_kizilotesi-370x179.png 370w, http:\/\/grafistarsiv.com\/wp-content\/uploads\/2019\/09\/teknoloji_pasif_kizilotesi-872x421.png 872w, http:\/\/grafistarsiv.com\/wp-content\/uploads\/2019\/09\/teknoloji_pasif_kizilotesi-421x203.png 421w, http:\/\/grafistarsiv.com\/wp-content\/uploads\/2019\/09\/teknoloji_pasif_kizilotesi-800x387.png 800w\" alt=\"\" width=\"890\" height=\"430\" \/><\/p>\n<h3>2463 &#8211; Pioneering sensor technology. Targeted detection.<\/h3>\n<p>Aisles and long corridors place special demands on sensor performance. The detection area of the sensor must be narrow, but long. Only in this way can the fewest possible sensors cover sections of the greatest possible length. Tried and proven over and over again, the IS 345 is the specialist for indoor applications of this type. It is specially designed for detection in corridors and has an angle of aperture of 45\u00b0. This means that it can watch over an area of up to 23 x 6 metres tangentially.<\/p>\n<\/div>\n","protected":false},"excerpt":{"rendered":"<h6><strong>D\u00fcnyada mevcut en modern d\u0131s mekan lambas\u0131.<\/strong><br \/>\n<strong>G\u00f6r\u00fcnmez iHF sens\u00f6rl\u00fc.<\/strong><\/h6>\n<h6>Bu d\u0131s mekan SensorLight zekay\u0131 muhtesem bir g\u00f6r\u00fcn\u00fcme ve teknolojiye \u00e7eviriyor. Bu y\u00fcksek<br \/>\nkaliteli \u00fcr\u00fcn \u00fczerinde en ince ayr\u0131nt\u0131s\u0131na kadar titizlikle duruldu ve uzun \u00f6m\u00fcrl\u00fc malzemelerden<br \/>\n\u00f6zenle haz\u0131rland\u0131. Yeni lambalar geli\u015ftirirken, \u00fcr\u00fcnlerimizin gelecekteki de\u011feri<br \/>\nde bizim i\u00e7in \u00f6nemlidir. Ak\u0131ll\u0131 teknoloji bu konuda bir s\u00fcreklilik ve istikrara sahip &#8211; daha parlak,<br \/>\ndaha zarif ve daha zekice. \u0130lk defa, bir lamban\u0131n sens\u00f6r\u00fcn\u00fc tamamen g\u00f6r\u00fcnmez hale getirmeyi<br \/>\nbasard\u0131k. Sonu\u00e7, evinizin d\u0131\u015f duvarlar\u0131n\u0131 \u015fas\u0131rt\u0131c\u0131 derecede ayd\u0131nlatmak i\u00e7in ortaya \u00e7\u0131kard\u0131\u011f\u0131m\u0131z<br \/>\nLED g\u00f6m\u00fcl\u00fc lambas\u0131d\u0131r. L 800 IHF Downlight.<\/h6>\n","protected":false},"featured_media":3546,"template":"","meta":[],"_links":{"self":[{"href":"http:\/\/www.saosteknoloji.com.tr\/tr\/wp-json\/wp\/v2\/product\/3544"}],"collection":[{"href":"http:\/\/www.saosteknoloji.com.tr\/tr\/wp-json\/wp\/v2\/product"}],"about":[{"href":"http:\/\/www.saosteknoloji.com.tr\/tr\/wp-json\/wp\/v2\/types\/product"}],"version-history":[{"count":3,"href":"http:\/\/www.saosteknoloji.com.tr\/tr\/wp-json\/wp\/v2\/product\/3544\/revisions"}],"predecessor-version":[{"id":9132,"href":"http:\/\/www.saosteknoloji.com.tr\/tr\/wp-json\/wp\/v2\/product\/3544\/revisions\/9132"}],"wp:featuredmedia":[{"embeddable":true,"href":"http:\/\/www.saosteknoloji.com.tr\/tr\/wp-json\/wp\/v2\/media\/3546"}],"wp:attachment":[{"href":"http:\/\/www.saosteknoloji.com.tr\/tr\/wp-json\/wp\/v2\/media?parent=3544"}],"curies":[{"name":"wp","href":"https:\/\/api.w.org\/{rel}","templated":true}]}}