
{"id":3644,"date":"2019-12-30T17:11:02","date_gmt":"2019-12-30T14:11:02","guid":{"rendered":"http:\/\/www.saosteknoloji.com.tr\/?post_type=product&#038;p=3644"},"modified":"2025-09-29T13:03:27","modified_gmt":"2025-09-29T10:03:27","slug":"l-910-led","status":"publish","type":"product","link":"http:\/\/www.saosteknoloji.com.tr\/tr\/urun\/l-910-led\/","title":{"rendered":"L 910 LED"},"content":{"rendered":"<h5 class=\"sc_item_title sc_title_title sc_align_none sc_item_title_style_accent sc_item_title_tag\"><span class=\"text-wrap\"><a href=\"http:\/\/www.saosteknoloji.com.tr\/wp-content\/uploads\/2019\/09\/teknoloji_pasif_kizilotesi.png\"><img loading=\"lazy\" class=\"alignnone size-full wp-image-2568\" src=\"http:\/\/www.saosteknoloji.com.tr\/wp-content\/uploads\/2019\/09\/teknoloji_pasif_kizilotesi.png\" alt=\"\" width=\"890\" height=\"430\" srcset=\"http:\/\/www.saosteknoloji.com.tr\/wp-content\/uploads\/2019\/09\/teknoloji_pasif_kizilotesi.png 890w, http:\/\/www.saosteknoloji.com.tr\/wp-content\/uploads\/2019\/09\/teknoloji_pasif_kizilotesi-500x242.png 500w, http:\/\/www.saosteknoloji.com.tr\/wp-content\/uploads\/2019\/09\/teknoloji_pasif_kizilotesi-300x145.png 300w, http:\/\/www.saosteknoloji.com.tr\/wp-content\/uploads\/2019\/09\/teknoloji_pasif_kizilotesi-768x371.png 768w, http:\/\/www.saosteknoloji.com.tr\/wp-content\/uploads\/2019\/09\/teknoloji_pasif_kizilotesi-370x179.png 370w, http:\/\/www.saosteknoloji.com.tr\/wp-content\/uploads\/2019\/09\/teknoloji_pasif_kizilotesi-872x421.png 872w, http:\/\/www.saosteknoloji.com.tr\/wp-content\/uploads\/2019\/09\/teknoloji_pasif_kizilotesi-421x203.png 421w\" sizes=\"(max-width: 890px) 100vw, 890px\" \/><\/a><\/span><\/h5>\n<div class=\"sc_item_descr sc_title_descr sc_align_none\">\n<div class=\"elementor-element elementor-element-01f4919 elementor-widget elementor-widget-trx_sc_title\" data-id=\"01f4919\" data-element_type=\"widget\" data-widget_type=\"trx_sc_title.default\">\n<div class=\"elementor-widget-container\">\n<div id=\"trx_sc_title_1960660033\" class=\"sc_title sc_title_accent\">\n<h5 class=\"sc_item_title sc_title_title sc_align_none sc_item_title_style_accent sc_item_title_tag\"><span class=\"text-wrap\">Nas\u0131l \u00c7al\u0131\u015f\u0131r?<\/span><\/h5>\n<div class=\"sc_item_descr sc_title_descr sc_align_none\">\n<p>K\u0131z\u0131l \u00f6tesi sens\u00f6r tekni\u011finin can damar\u0131, an\u0131ld\u0131\u011f\u0131 \u00fczere bir piro sens\u00f6rd\u00fcr. Bu elektronik mod\u00fcl, kendi kapsama alan\u0131 dahilindeki k\u0131z\u0131l \u00f6tesi \u0131s\u0131 radyasyonu de\u011fi\u015fti\u011finde, yani kapsama alan\u0131na bir insan girdi\u011finde tetiklenir. Bu nedenle ortaya \u00e7\u0131kan gerilim atlamas\u0131 sistem taraf\u0131ndan, \u0131\u015f\u0131\u011f\u0131n \u00e7al\u0131\u015ft\u0131r\u0131lmas\u0131n\u0131 sa\u011flayan bir elektronik impulsa d\u00f6n\u00fc\u015ft\u00fcr\u00fcl\u00fcr.<\/p>\n<\/div>\n<\/div>\n<\/div>\n<\/div>\n<\/div>\n","protected":false},"excerpt":{"rendered":"<h6 style=\"text-align: left;\"><strong>Do\u011fru atmosferi yarat\u0131r.<\/strong><br \/>\n<strong>Zarif ve zeki.<\/strong><\/h6>\n<h6 style=\"text-align: left;\">Ayn\u0131 teknoloji, hatta daha da etkili: E\u011fer evinizin d\u0131\u015f\u0131nda biraz daha fazla ortam \u0131\u015f\u0131\u011f\u0131 ar\u0131yorsan\u0131z, size L 910 LED\u2019li yukar\u0131\/a\u015fa\u011f\u0131 \u0131\u015f\u0131k \u00e7\u00f6z\u00fcm\u00fcn\u00fc \u00f6nerebiliriz, hem s\u0131k hem de etkili. K\u00fc\u00e7\u00fck karde\u015finde oldu\u011fu gibi bunda da bak\u0131m gerektirmeyen ve d\u00fc\u015f\u00fck t\u00fcketimli LED\u2019ler size estetik bir ortam ayd\u0131nlatmas\u0131 sa\u011fl\u0131yor ve g\u00fcvenilir IR sens\u00f6r\u00fc ile istedi\u011finiz yerde kullanma olana\u011f\u0131 veriyor. Ve e\u011fer bunlar\u0131 birbirine ba\u011flarsan\u0131z, e\u015f zamanl\u0131 olarak a\u00e7\u0131p kapatma olana\u011f\u0131n\u0131z da oluyor. Bu sadece estetik stil hayranlar\u0131 taraf\u0131ndan takdir edilen bir \u00f6zellik de\u011fil.<\/h6>\n","protected":false},"featured_media":3645,"template":"","meta":[],"_links":{"self":[{"href":"http:\/\/www.saosteknoloji.com.tr\/tr\/wp-json\/wp\/v2\/product\/3644"}],"collection":[{"href":"http:\/\/www.saosteknoloji.com.tr\/tr\/wp-json\/wp\/v2\/product"}],"about":[{"href":"http:\/\/www.saosteknoloji.com.tr\/tr\/wp-json\/wp\/v2\/types\/product"}],"version-history":[{"count":4,"href":"http:\/\/www.saosteknoloji.com.tr\/tr\/wp-json\/wp\/v2\/product\/3644\/revisions"}],"predecessor-version":[{"id":9139,"href":"http:\/\/www.saosteknoloji.com.tr\/tr\/wp-json\/wp\/v2\/product\/3644\/revisions\/9139"}],"wp:featuredmedia":[{"embeddable":true,"href":"http:\/\/www.saosteknoloji.com.tr\/tr\/wp-json\/wp\/v2\/media\/3645"}],"wp:attachment":[{"href":"http:\/\/www.saosteknoloji.com.tr\/tr\/wp-json\/wp\/v2\/media?parent=3644"}],"curies":[{"name":"wp","href":"https:\/\/api.w.org\/{rel}","templated":true}]}}