
{"id":3995,"date":"2020-01-06T13:17:21","date_gmt":"2020-01-06T10:17:21","guid":{"rendered":"http:\/\/www.saosteknoloji.com.tr\/?post_type=product&#038;p=3995"},"modified":"2025-09-29T13:10:16","modified_gmt":"2025-09-29T10:10:16","slug":"ln-1-led","status":"publish","type":"product","link":"http:\/\/www.saosteknoloji.com.tr\/tr\/urun\/ln-1-led\/","title":{"rendered":"LN 1 LED"},"content":{"rendered":"","protected":false},"excerpt":{"rendered":"<h6>Sizi art\u0131k karanl\u0131kta b\u0131rakmamak i\u00e7in, entegre fotosel denetleyicisi olan bir LED \u0131\u015f\u0131\u011f\u0131 geli\u015ftirdik. LN 1 LED ak\u0131ll\u0131 teknoloji ile ola\u011fan\u00fcst\u00fc tasar\u0131m\u0131 birle\u015ftiriyor ve ev \u00e7evresindeki her noktada s\u00fcrekli gece vakti ayd\u0131nlatmas\u0131 i\u00e7in idealdir. I\u015f\u0131\u011f\u0131 nereye ve nas\u0131l yerle\u015ftirece\u011finizi sizin hayal g\u00fcc\u00fcn\u00fcze b\u0131rak\u0131yoruz. Biz bu cihaz\u0131, duvara ya da tavana yatay veya dikey olarak monte edebilece\u011finiz tarzda tasarlad\u0131k-ve kesinlikle \u00e7ok kolay bir \u015fekilde monte edebilirsiniz. Yap\u0131\u015fkan kap\u0131 numaralar\u0131 ile birlikte.<\/h6>\n","protected":false},"featured_media":4001,"template":"","meta":[],"_links":{"self":[{"href":"http:\/\/www.saosteknoloji.com.tr\/tr\/wp-json\/wp\/v2\/product\/3995"}],"collection":[{"href":"http:\/\/www.saosteknoloji.com.tr\/tr\/wp-json\/wp\/v2\/product"}],"about":[{"href":"http:\/\/www.saosteknoloji.com.tr\/tr\/wp-json\/wp\/v2\/types\/product"}],"version-history":[{"count":4,"href":"http:\/\/www.saosteknoloji.com.tr\/tr\/wp-json\/wp\/v2\/product\/3995\/revisions"}],"predecessor-version":[{"id":9151,"href":"http:\/\/www.saosteknoloji.com.tr\/tr\/wp-json\/wp\/v2\/product\/3995\/revisions\/9151"}],"wp:featuredmedia":[{"embeddable":true,"href":"http:\/\/www.saosteknoloji.com.tr\/tr\/wp-json\/wp\/v2\/media\/4001"}],"wp:attachment":[{"href":"http:\/\/www.saosteknoloji.com.tr\/tr\/wp-json\/wp\/v2\/media?parent=3995"}],"curies":[{"name":"wp","href":"https:\/\/api.w.org\/{rel}","templated":true}]}}