
{"id":4468,"date":"2020-01-17T09:41:09","date_gmt":"2020-01-17T06:41:09","guid":{"rendered":"http:\/\/www.saosteknoloji.com.tr\/?post_type=product&#038;p=4468"},"modified":"2022-04-07T09:43:12","modified_gmt":"2022-04-07T06:43:12","slug":"rs-pro-led-s2","status":"publish","type":"product","link":"http:\/\/www.saosteknoloji.com.tr\/tr\/urun\/rs-pro-led-s2\/","title":{"rendered":"RS PRO LED S20 (3000K\/4000K)"},"content":{"rendered":"<h5 class=\"sc_item_title sc_title_title sc_align_none sc_item_title_style_accent sc_item_title_tag\"><span class=\"text-wrap\"><a href=\"http:\/\/www.saosteknoloji.com.tr\/wp-content\/uploads\/2019\/09\/teknoloji_yuksel_frekans.png\"><img loading=\"lazy\" class=\"alignnone size-full wp-image-2573\" src=\"http:\/\/www.saosteknoloji.com.tr\/wp-content\/uploads\/2019\/09\/teknoloji_yuksel_frekans.png\" alt=\"\" width=\"890\" height=\"430\" srcset=\"http:\/\/www.saosteknoloji.com.tr\/wp-content\/uploads\/2019\/09\/teknoloji_yuksel_frekans.png 890w, http:\/\/www.saosteknoloji.com.tr\/wp-content\/uploads\/2019\/09\/teknoloji_yuksel_frekans-500x242.png 500w, http:\/\/www.saosteknoloji.com.tr\/wp-content\/uploads\/2019\/09\/teknoloji_yuksel_frekans-300x145.png 300w, http:\/\/www.saosteknoloji.com.tr\/wp-content\/uploads\/2019\/09\/teknoloji_yuksel_frekans-768x371.png 768w, http:\/\/www.saosteknoloji.com.tr\/wp-content\/uploads\/2019\/09\/teknoloji_yuksel_frekans-370x179.png 370w, http:\/\/www.saosteknoloji.com.tr\/wp-content\/uploads\/2019\/09\/teknoloji_yuksel_frekans-872x421.png 872w, http:\/\/www.saosteknoloji.com.tr\/wp-content\/uploads\/2019\/09\/teknoloji_yuksel_frekans-421x203.png 421w\" sizes=\"(max-width: 890px) 100vw, 890px\" \/><\/a><\/span><\/h5>\n<div class=\"sc_item_descr sc_title_descr sc_align_none\">\n<h5 class=\"sc_item_title sc_title_title sc_align_none sc_item_title_style_accent sc_item_title_tag\"><span class=\"text-wrap\">Nas\u0131l \u00c7al\u0131\u015f\u0131r?<\/span><\/h5>\n<p>Y\u00fcksek teknolojili sens\u00f6rler, cam ve hafif konstr\u00fcksiyon duvarlar\u0131 dahi a\u015fabilen 5,8 GHz (bir cep telefonundakinin 1.000&#8217;de biri kadar) frekansl\u0131 sinyalleri g\u00f6nderir. Sinyaller ortamdan sens\u00f6re, yans\u0131ma yoluyla geri g\u00f6nderilir. Kapsama alan\u0131 dahilindeki bir hareketin yans\u0131may\u0131 de\u011fi\u015ftirmesiyle birlikte, sens\u00f6r tetiklenir ve saliseler i\u00e7inde \u0131\u015f\u0131\u011f\u0131 \u00e7al\u0131\u015ft\u0131r\u0131r.<\/p>\n<\/div>\n","protected":false},"excerpt":{"rendered":"<p>Zeka bir b\u00fcy\u00fckl\u00fck meselesi de\u011fildir.\u00a0Bu bir i\u00e7sel de\u011ferler sorunudur.\u00a0D\u00fcnyan\u0131n en ak\u0131ll\u0131 armat\u00fcr\u00fc, \u015fimdi daha da iyi!\u00a0Y\u00fcksek frekansl\u0131 sens\u00f6rl\u00fc armat\u00fcr RS PRO S serisi, ofis koridorlar\u0131, koridorlar, tuvalet tesisleri, merdivenler i\u00e7in ideal, di\u011fer RS \u200b\u200bPRO S serisi ile radyo a\u011f\u0131 dahil, 15,7 W LED, 1537 lm, PC kapa\u011f\u0131, 4000 K, 360 \u00b0 alg\u0131lama, aral\u0131k \u00d8 1 &#8211; 8 m s\u00fcrekli ayarlanabilir, temel \u0131\u015f\u0131k fonksiyonu ve kom\u015fu grup fonksiyonu.\u00a0S serisi, merkezi ak\u00fc sistemlerine ba\u011flant\u0131 sa\u011flayan do\u011fru ak\u0131mla da \u00e7al\u0131\u015ft\u0131r\u0131labilir.<\/p>\n<div class=\"product-detail-main\" data-scrolltrigger=\"sticky-visible-desktop|end\">\n<form class=\"form\" action=\"https:\/\/www.steinel.de\/index.php?lang=0&amp;\" method=\"post\">\n<div class=\"row\">\n<div class=\"product-detail-info col-md-6 col-lg-5\">\n<div class=\"row\">\n<div class=\"col-md-6 col-lg-6\">\n<div class=\"product-detail-variant\">\n<div data-float=\"floating\">\n<div class=\"product-detail-main\" data-scrolltrigger=\"sticky-visible-desktop|end\">\n<div class=\"row\">\n<div class=\"product-detail-info col-md-6 col-lg-5\">\n<div class=\"row\">\n<div class=\"col-md-6 col-lg-6\">\n<div class=\"product-detail-variant\"><\/div>\n<\/div>\n<\/div>\n<\/div>\n<\/div>\n<div id=\"delivery-information\" class=\"modal modal-lg\">\n<div class=\"modal-inner\">\n<div class=\"modal-content\">\n<div class=\"modal-header modal-header-transparent\">\n<h3 class=\"h1\"><\/h3>\n<\/div>\n<div class=\"modal-body\" data-content=\"https:\/\/www.steinel.de\/en\/Shipping-and-Charges\/\" data-content-selector=\".cmsContent\">\n<div class=\"stl-loader-parent\">\n<div class=\"stl-loader\"><\/div>\n<\/div>\n<\/div>\n<\/div>\n<\/div>\n<\/div>\n<\/div>\n<div class=\"product-detail-related\">\n<div id=\"features\" data-section=\"Features\">\n<div class=\"productmain-contentblocks\">\n<div class=\"row\">\n<div class=\"col-md-6 col-lg-6\">\n<div class=\"productmain-contentblocks-canvas\">\n<div class=\"image-wrapper\"><\/div>\n<\/div>\n<\/div>\n<\/div>\n<\/div>\n<\/div>\n<\/div>\n<\/div>\n<\/div>\n<\/div>\n<\/div>\n<\/div>\n<\/div>\n<div id=\"delivery-information\" class=\"modal modal-lg\">\n<div class=\"modal-inner\">\n<div class=\"modal-content\">\n<div class=\"modal-body\" data-content=\"https:\/\/www.steinel.de\/en\/Shipping-and-Charges\/\" data-content-selector=\".cmsContent\">\n<div class=\"stl-loader-parent\">\n<div class=\"stl-loader\"><\/div>\n<\/div>\n<\/div>\n<\/div>\n<\/div>\n<\/div>\n<\/form>\n<\/div>\n<div class=\"product-detail-related\">\n<div id=\"features\" data-section=\"Features\">\n<div class=\"productmain-contentblocks\">\n<div class=\"row\">\n<div class=\"col-md-6 col-lg-6\">\n<div class=\"productmain-contentblocks-canvas\">\n<div class=\"image-wrapper\"><\/div>\n<\/div>\n<\/div>\n<\/div>\n<\/div>\n<\/div>\n<\/div>\n","protected":false},"featured_media":6774,"template":"","meta":[],"_links":{"self":[{"href":"http:\/\/www.saosteknoloji.com.tr\/tr\/wp-json\/wp\/v2\/product\/4468"}],"collection":[{"href":"http:\/\/www.saosteknoloji.com.tr\/tr\/wp-json\/wp\/v2\/product"}],"about":[{"href":"http:\/\/www.saosteknoloji.com.tr\/tr\/wp-json\/wp\/v2\/types\/product"}],"version-history":[{"count":7,"href":"http:\/\/www.saosteknoloji.com.tr\/tr\/wp-json\/wp\/v2\/product\/4468\/revisions"}],"predecessor-version":[{"id":6755,"href":"http:\/\/www.saosteknoloji.com.tr\/tr\/wp-json\/wp\/v2\/product\/4468\/revisions\/6755"}],"wp:featuredmedia":[{"embeddable":true,"href":"http:\/\/www.saosteknoloji.com.tr\/tr\/wp-json\/wp\/v2\/media\/6774"}],"wp:attachment":[{"href":"http:\/\/www.saosteknoloji.com.tr\/tr\/wp-json\/wp\/v2\/media?parent=4468"}],"curies":[{"name":"wp","href":"https:\/\/api.w.org\/{rel}","templated":true}]}}