
{"id":4646,"date":"2020-01-30T09:46:19","date_gmt":"2020-01-30T06:46:19","guid":{"rendered":"http:\/\/www.saosteknoloji.com.tr\/?post_type=product&#038;p=4646"},"modified":"2021-02-09T14:50:30","modified_gmt":"2021-02-09T11:50:30","slug":"is-2180-2","status":"publish","type":"product","link":"http:\/\/www.saosteknoloji.com.tr\/tr\/urun\/is-2180-2\/","title":{"rendered":"IS 2180-2"},"content":{"rendered":"<div id=\"desc3136\" class=\"urun-aciklamalari\">\n<section class=\"elementor-element elementor-element-7ec376b scheme_default elementor-section-boxed elementor-section-height-default elementor-section-height-default elementor-section elementor-top-section\" data-id=\"7ec376b\" data-element_type=\"section\" data-settings=\"{&quot;background_background&quot;:&quot;classic&quot;}\">\n<div class=\"elementor-container elementor-column-gap-extended\">\n<div class=\"elementor-row\">\n<div class=\"elementor-element elementor-element-f9cbb35 sc_layouts_column_icons_position_left elementor-column elementor-col-50 elementor-top-column\" data-id=\"f9cbb35\" data-element_type=\"column\">\n<div class=\"elementor-column-wrap elementor-element-populated\">\n<div class=\"elementor-widget-wrap\">\n<div class=\"elementor-element elementor-element-f3f2d00 elementor-widget elementor-widget-trx_sc_title\" data-id=\"f3f2d00\" data-element_type=\"widget\" data-widget_type=\"trx_sc_title.default\">\n<div class=\"elementor-widget-container\">\n<div id=\"trx_sc_title_1311363730\" class=\"sc_title sc_title_default\">\n<h5 class=\"sc_item_title sc_title_title sc_align_left sc_item_title_style_default\"><span class=\"text-wrap\">Pasif k\u0131z\u0131l \u00f6tesi (IR)<\/span><\/h5>\n<div class=\"sc_item_descr sc_title_descr sc_align_left\">\n<p>Hareket eden \u0131s\u0131 kaynaklar\u0131na tepki verir<\/p>\n<\/div>\n<\/div>\n<\/div>\n<\/div>\n<\/div>\n<\/div>\n<\/div>\n<div class=\"elementor-element elementor-element-d7825b3 sc_layouts_column sc_layouts_column_align_right sc_layouts_column_icons_position_right elementor-hidden-tablet elementor-hidden-phone elementor-column elementor-col-50 elementor-top-column\" data-id=\"d7825b3\" data-element_type=\"column\">\n<div class=\"elementor-column-wrap elementor-element-populated\">\n<div class=\"elementor-widget-wrap\">\n<div class=\"elementor-element elementor-element-071f873 elementor-widget elementor-widget-trx_sc_button\" data-id=\"071f873\" data-element_type=\"widget\" data-widget_type=\"trx_sc_button.default\">\n<div class=\"elementor-widget-container\"><\/div>\n<\/div>\n<\/div>\n<\/div>\n<\/div>\n<\/div>\n<\/div>\n<\/section>\n<section class=\"elementor-element elementor-element-fb72f87 elementor-section-content-middle elementor-section-boxed elementor-section-height-default elementor-section-height-default elementor-section elementor-top-section\" data-id=\"fb72f87\" data-element_type=\"section\">\n<div class=\"elementor-container elementor-column-gap-no\">\n<div class=\"elementor-row\">\n<div class=\"elementor-element elementor-element-4a4b981 sc_layouts_column_icons_position_left elementor-column elementor-col-100 elementor-top-column\" data-id=\"4a4b981\" data-element_type=\"column\">\n<div class=\"elementor-column-wrap elementor-element-populated\">\n<div class=\"elementor-widget-wrap\">\n<div class=\"elementor-element elementor-element-f1b22e8 elementor-widget elementor-widget-spacer\" data-id=\"f1b22e8\" data-element_type=\"widget\" data-widget_type=\"spacer.default\">\n<div class=\"elementor-widget-container\">\n<div class=\"elementor-spacer\">\n<div class=\"elementor-spacer-inner\"><img loading=\"lazy\" class=\"attachment-large size-large\" src=\"http:\/\/www.saosteknoloji.com.tr\/wp-content\/uploads\/2019\/09\/teknoloji_pasif_kizilotesi.png\" sizes=\"(max-width: 890px) 100vw, 890px\" srcset=\"http:\/\/www.saosteknoloji.com.tr\/wp-content\/uploads\/2019\/09\/teknoloji_pasif_kizilotesi.png 890w, http:\/\/www.saosteknoloji.com.tr\/wp-content\/uploads\/2019\/09\/teknoloji_pasif_kizilotesi-500x242.png 500w, http:\/\/www.saosteknoloji.com.tr\/wp-content\/uploads\/2019\/09\/teknoloji_pasif_kizilotesi-300x145.png 300w, http:\/\/www.saosteknoloji.com.tr\/wp-content\/uploads\/2019\/09\/teknoloji_pasif_kizilotesi-768x371.png 768w, http:\/\/www.saosteknoloji.com.tr\/wp-content\/uploads\/2019\/09\/teknoloji_pasif_kizilotesi-370x179.png 370w, http:\/\/www.saosteknoloji.com.tr\/wp-content\/uploads\/2019\/09\/teknoloji_pasif_kizilotesi-872x421.png 872w, http:\/\/www.saosteknoloji.com.tr\/wp-content\/uploads\/2019\/09\/teknoloji_pasif_kizilotesi-421x203.png 421w\" alt=\"\" width=\"890\" height=\"430\" \/><\/div>\n<\/div>\n<\/div>\n<\/div>\n<\/div>\n<\/div>\n<\/div>\n<\/div>\n<\/div>\n<\/section>\n<section class=\"elementor-element elementor-element-842f872 elementor-section-content-middle elementor-section-boxed elementor-section-height-default elementor-section-height-default elementor-section elementor-top-section\" data-id=\"842f872\" data-element_type=\"section\">\n<div class=\"elementor-container elementor-column-gap-no\">\n<div class=\"elementor-row\">\n<div class=\"elementor-element elementor-element-636eec0 sc_layouts_column_icons_position_left elementor-column elementor-col-50 elementor-top-column\" data-id=\"636eec0\" data-element_type=\"column\">\n<div class=\"elementor-column-wrap elementor-element-populated\">\n<div class=\"elementor-widget-wrap\">\n<div class=\"elementor-element elementor-element-b989db5 elementor-widget elementor-widget-trx_sc_title\" data-id=\"b989db5\" data-element_type=\"widget\" data-widget_type=\"trx_sc_title.default\">\n<div class=\"elementor-widget-container\">\n<div id=\"trx_sc_title_551389708\" class=\"sc_title sc_title_accent\">\n<h5 class=\"sc_item_title sc_title_title sc_align_none sc_item_title_style_accent sc_item_title_tag\"><span class=\"text-wrap\">\u0130nsanlar\u0131n \u0131s\u0131 radyasyonu<\/span><\/h5>\n<div class=\"sc_item_descr sc_title_descr sc_align_none\">\n<p>\u0130nsanlar, v\u00fccut \u0131s\u0131lar\u0131 nedeniyle k\u0131z\u0131l \u00f6tesi \u0131\u015f\u0131n radyasyonu yapar. Bu radyasyon k\u0131z\u0131l \u00f6tesi sens\u00f6r tekni\u011fi taraf\u0131ndan, hareketlerin alg\u0131lanmas\u0131 ve buna ba\u011fl\u0131 olarak tepki g\u00f6sterilmesi i\u00e7in kullan\u0131l\u0131r.<\/p>\n<\/div>\n<\/div>\n<\/div>\n<\/div>\n<div class=\"elementor-element elementor-element-01f4919 elementor-widget elementor-widget-trx_sc_title\" data-id=\"01f4919\" data-element_type=\"widget\" data-widget_type=\"trx_sc_title.default\">\n<div class=\"elementor-widget-container\">\n<div id=\"trx_sc_title_1844494046\" class=\"sc_title sc_title_accent\">\n<h5 class=\"sc_item_title sc_title_title sc_align_none sc_item_title_style_accent sc_item_title_tag\"><span class=\"text-wrap\">Nas\u0131l \u00c7al\u0131\u015f\u0131r?<\/span><\/h5>\n<div class=\"sc_item_descr sc_title_descr sc_align_none\">\n<p>K\u0131z\u0131l \u00f6tesi sens\u00f6r tekni\u011finin can damar\u0131, an\u0131ld\u0131\u011f\u0131 \u00fczere bir piro sens\u00f6rd\u00fcr. Bu elektronik mod\u00fcl, kendi kapsama alan\u0131 dahilindeki k\u0131z\u0131l \u00f6tesi \u0131s\u0131 radyasyonu de\u011fi\u015fti\u011finde, yani kapsama alan\u0131na bir insan girdi\u011finde tetiklenir. Bu nedenle ortaya \u00e7\u0131kan gerilim atlamas\u0131 sistem taraf\u0131ndan, \u0131\u015f\u0131\u011f\u0131n \u00e7al\u0131\u015ft\u0131r\u0131lmas\u0131n\u0131 sa\u011flayan bir elektronik impulsa d\u00f6n\u00fc\u015ft\u00fcr\u00fcl\u00fcr.<\/p>\n<\/div>\n<\/div>\n<\/div>\n<\/div>\n<\/div>\n<\/div>\n<\/div>\n<\/div>\n<\/div>\n<\/section>\n<\/div>\n<div id=\"desc3137\" class=\"urun-aciklamalari\" style=\"display: none;\">\n<p><img loading=\"lazy\" class=\"alignleft\" src=\"http:\/\/grafistarsiv.com\/wp-content\/uploads\/2019\/09\/teknoloji_pasif_kizilotesi.png\" sizes=\"(max-width: 890px) 100vw, 890px\" srcset=\"http:\/\/grafistarsiv.com\/wp-content\/uploads\/2019\/09\/teknoloji_pasif_kizilotesi.png 890w, http:\/\/grafistarsiv.com\/wp-content\/uploads\/2019\/09\/teknoloji_pasif_kizilotesi-300x145.png 300w, http:\/\/grafistarsiv.com\/wp-content\/uploads\/2019\/09\/teknoloji_pasif_kizilotesi-768x371.png 768w, http:\/\/grafistarsiv.com\/wp-content\/uploads\/2019\/09\/teknoloji_pasif_kizilotesi-370x179.png 370w, http:\/\/grafistarsiv.com\/wp-content\/uploads\/2019\/09\/teknoloji_pasif_kizilotesi-872x421.png 872w, http:\/\/grafistarsiv.com\/wp-content\/uploads\/2019\/09\/teknoloji_pasif_kizilotesi-421x203.png 421w, http:\/\/grafistarsiv.com\/wp-content\/uploads\/2019\/09\/teknoloji_pasif_kizilotesi-800x387.png 800w\" alt=\"\" width=\"890\" height=\"430\" \/><\/p>\n<h3>Fits on the ceiling. And sees what others dream of.<\/h3>\n<p>HD isn&#8217;t just restricted to televisions but from now on also used in presence detectors. Because IR Quattro HD provides extremely high-definition detection. 4,800 switching zones and a square detection footprint with a presence zone covering a true 64 m\u00b2 leave no margin whatsoever for inadvertent triggering and blind spots. Unique: The presence zone can be mechanically scaled without the slightest loss of quality. This means IR Quattro HD applications in medium to large-size offices, conference and meeting rooms, class rooms and lecture theatres as well as sports halls and warehouses can be planned and configured with absolute precision. Something others can only dream of.<\/p>\n<\/div>\n<div id=\"desc3138\" class=\"urun-aciklamalari\" style=\"display: none;\">\n<p><img loading=\"lazy\" class=\"alignleft\" src=\"http:\/\/grafistarsiv.com\/wp-content\/uploads\/2019\/09\/teknoloji_pasif_kizilotesi.png\" sizes=\"(max-width: 890px) 100vw, 890px\" srcset=\"http:\/\/grafistarsiv.com\/wp-content\/uploads\/2019\/09\/teknoloji_pasif_kizilotesi.png 890w, http:\/\/grafistarsiv.com\/wp-content\/uploads\/2019\/09\/teknoloji_pasif_kizilotesi-300x145.png 300w, http:\/\/grafistarsiv.com\/wp-content\/uploads\/2019\/09\/teknoloji_pasif_kizilotesi-768x371.png 768w, http:\/\/grafistarsiv.com\/wp-content\/uploads\/2019\/09\/teknoloji_pasif_kizilotesi-370x179.png 370w, http:\/\/grafistarsiv.com\/wp-content\/uploads\/2019\/09\/teknoloji_pasif_kizilotesi-872x421.png 872w, http:\/\/grafistarsiv.com\/wp-content\/uploads\/2019\/09\/teknoloji_pasif_kizilotesi-421x203.png 421w, http:\/\/grafistarsiv.com\/wp-content\/uploads\/2019\/09\/teknoloji_pasif_kizilotesi-800x387.png 800w\" alt=\"\" width=\"890\" height=\"430\" \/><\/p>\n<h3>2462 &#8211; Pioneering sensor technology. Targeted detection.<\/h3>\n<p>Aisles and long corridors place special demands on sensor performance. The detection area of the sensor must be narrow, but long. Only in this way can the fewest possible sensors cover sections of the greatest possible length. Tried and proven over and over again, the IS 345 is the specialist for indoor applications of this type. It is specially designed for detection in corridors and has an angle of aperture of 45\u00b0. This means that it can watch over an area of up to 23 x 6 metres tangentially.<\/p>\n<\/div>\n<div id=\"desc3139\" class=\"urun-aciklamalari\" style=\"display: none;\">\n<p><img class=\"alignleft\" src=\"http:\/\/www.saosteknoloji.com.tr\/wp-content\/uploads\/2019\/11\/quatro_detay.png\" \/><\/p>\n<h3>Fits on the ceiling. And sees what others dream of.<\/h3>\n<p>HD isn&#8217;t just restricted to televisions but from now on also used in presence detectors. Because Presence Control PRO IR Quattro HD provides extremely high-definition detection. 4,800 switching zones and a square detection footprint with a presence zone covering a true 64 m\u00b2 leave no margin whatsoever for inadvertent triggering and blind spots. Unique: The presence zone can be mechanically scaled without the slightest loss of quality. This means IR Quattro HD applications in medium to large-size offices, conference and meeting rooms, class rooms and lecture theatres as well as sports halls and warehouses can be planned and configured with absolute precision. Something others can only dream of.<\/p>\n<\/div>\n<div id=\"desc3140\" class=\"urun-aciklamalari\" style=\"display: none;\">\n<p><img loading=\"lazy\" class=\"alignleft\" src=\"http:\/\/grafistarsiv.com\/wp-content\/uploads\/2019\/09\/teknoloji_pasif_kizilotesi.png\" sizes=\"(max-width: 890px) 100vw, 890px\" srcset=\"http:\/\/grafistarsiv.com\/wp-content\/uploads\/2019\/09\/teknoloji_pasif_kizilotesi.png 890w, http:\/\/grafistarsiv.com\/wp-content\/uploads\/2019\/09\/teknoloji_pasif_kizilotesi-300x145.png 300w, http:\/\/grafistarsiv.com\/wp-content\/uploads\/2019\/09\/teknoloji_pasif_kizilotesi-768x371.png 768w, http:\/\/grafistarsiv.com\/wp-content\/uploads\/2019\/09\/teknoloji_pasif_kizilotesi-370x179.png 370w, http:\/\/grafistarsiv.com\/wp-content\/uploads\/2019\/09\/teknoloji_pasif_kizilotesi-872x421.png 872w, http:\/\/grafistarsiv.com\/wp-content\/uploads\/2019\/09\/teknoloji_pasif_kizilotesi-421x203.png 421w, http:\/\/grafistarsiv.com\/wp-content\/uploads\/2019\/09\/teknoloji_pasif_kizilotesi-800x387.png 800w\" alt=\"\" width=\"890\" height=\"430\" \/><\/p>\n<h3>2463 &#8211; Pioneering sensor technology. Targeted detection.<\/h3>\n<p>Aisles and long corridors place special demands on sensor performance. The detection area of the sensor must be narrow, but long. Only in this way can the fewest possible sensors cover sections of the greatest possible length. Tried and proven over and over again, the IS 345 is the specialist for indoor applications of this type. It is specially designed for detection in corridors and has an angle of aperture of 45\u00b0. This means that it can watch over an area of up to 23 x 6 metres tangentially.<\/p>\n<\/div>\n<div id=\"desc3141\" class=\"urun-aciklamalari\" style=\"display: none;\">\n<p><img loading=\"lazy\" class=\"alignleft\" src=\"http:\/\/grafistarsiv.com\/wp-content\/uploads\/2019\/09\/teknoloji_pasif_kizilotesi.png\" sizes=\"(max-width: 890px) 100vw, 890px\" srcset=\"http:\/\/grafistarsiv.com\/wp-content\/uploads\/2019\/09\/teknoloji_pasif_kizilotesi.png 890w, http:\/\/grafistarsiv.com\/wp-content\/uploads\/2019\/09\/teknoloji_pasif_kizilotesi-300x145.png 300w, http:\/\/grafistarsiv.com\/wp-content\/uploads\/2019\/09\/teknoloji_pasif_kizilotesi-768x371.png 768w, http:\/\/grafistarsiv.com\/wp-content\/uploads\/2019\/09\/teknoloji_pasif_kizilotesi-370x179.png 370w, http:\/\/grafistarsiv.com\/wp-content\/uploads\/2019\/09\/teknoloji_pasif_kizilotesi-872x421.png 872w, http:\/\/grafistarsiv.com\/wp-content\/uploads\/2019\/09\/teknoloji_pasif_kizilotesi-421x203.png 421w, http:\/\/grafistarsiv.com\/wp-content\/uploads\/2019\/09\/teknoloji_pasif_kizilotesi-800x387.png 800w\" alt=\"\" width=\"890\" height=\"430\" \/><\/p>\n<h3>2463 &#8211; Pioneering sensor technology. Targeted detection.<\/h3>\n<p>Aisles and long corridors place special demands on sensor performance. The detection area of the sensor must be narrow, but long. Only in this way can the fewest possible sensors cover sections of the greatest possible length. Tried and proven over and over again, the IS 345 is the specialist for indoor applications of this type. It is specially designed for detection in corridors and has an angle of aperture of 45\u00b0. This means that it can watch over an area of up to 23 x 6 metres tangentially.<\/p>\n<\/div>\n<div id=\"desc3142\" class=\"urun-aciklamalari\" style=\"display: none;\">\n<p><img loading=\"lazy\" class=\"alignleft\" src=\"http:\/\/grafistarsiv.com\/wp-content\/uploads\/2019\/09\/teknoloji_pasif_kizilotesi.png\" sizes=\"(max-width: 890px) 100vw, 890px\" srcset=\"http:\/\/grafistarsiv.com\/wp-content\/uploads\/2019\/09\/teknoloji_pasif_kizilotesi.png 890w, http:\/\/grafistarsiv.com\/wp-content\/uploads\/2019\/09\/teknoloji_pasif_kizilotesi-300x145.png 300w, http:\/\/grafistarsiv.com\/wp-content\/uploads\/2019\/09\/teknoloji_pasif_kizilotesi-768x371.png 768w, http:\/\/grafistarsiv.com\/wp-content\/uploads\/2019\/09\/teknoloji_pasif_kizilotesi-370x179.png 370w, http:\/\/grafistarsiv.com\/wp-content\/uploads\/2019\/09\/teknoloji_pasif_kizilotesi-872x421.png 872w, http:\/\/grafistarsiv.com\/wp-content\/uploads\/2019\/09\/teknoloji_pasif_kizilotesi-421x203.png 421w, http:\/\/grafistarsiv.com\/wp-content\/uploads\/2019\/09\/teknoloji_pasif_kizilotesi-800x387.png 800w\" alt=\"\" width=\"890\" height=\"430\" \/><\/p>\n<h3>2463 &#8211; Pioneering sensor technology. Targeted detection.<\/h3>\n<p>Aisles and long corridors place special demands on sensor performance. The detection area of the sensor must be narrow, but long. Only in this way can the fewest possible sensors cover sections of the greatest possible length. Tried and proven over and over again, the IS 345 is the specialist for indoor applications of this type. It is specially designed for detection in corridors and has an angle of aperture of 45\u00b0. This means that it can watch over an area of up to 23 x 6 metres tangentially.<\/p>\n<\/div>\n","protected":false},"excerpt":{"rendered":"<p><strong>\u00c7ekici, ak\u0131ll\u0131, verimli.<\/strong><\/p>\n<p>D\u0131\u015f mekan i\u00e7in k\u0131z\u0131l\u00f6tesi hareket dedekt\u00f6r\u00fc IS 2180-2, bina cepheleri ve \u00f6zellikleri, orta \u00f6l\u00e7ekli i\u00e7 ve d\u0131\u015f mekanlar i\u00e7in idealdir. Optimum kurulum y\u00fcksekli\u011fi 2 m, 180\u00b0 kapsama a\u00e7\u0131s\u0131, eri\u015fim. Maks. 12 m veya maks. 5 m. (te\u011fet), ayarlanabilir s\u00fcre ve alacakaranl\u0131k e\u015fi\u011fi.<\/p>\n","protected":false},"featured_media":4656,"template":"","meta":[],"_links":{"self":[{"href":"http:\/\/www.saosteknoloji.com.tr\/tr\/wp-json\/wp\/v2\/product\/4646"}],"collection":[{"href":"http:\/\/www.saosteknoloji.com.tr\/tr\/wp-json\/wp\/v2\/product"}],"about":[{"href":"http:\/\/www.saosteknoloji.com.tr\/tr\/wp-json\/wp\/v2\/types\/product"}],"version-history":[{"count":3,"href":"http:\/\/www.saosteknoloji.com.tr\/tr\/wp-json\/wp\/v2\/product\/4646\/revisions"}],"predecessor-version":[{"id":5642,"href":"http:\/\/www.saosteknoloji.com.tr\/tr\/wp-json\/wp\/v2\/product\/4646\/revisions\/5642"}],"wp:featuredmedia":[{"embeddable":true,"href":"http:\/\/www.saosteknoloji.com.tr\/tr\/wp-json\/wp\/v2\/media\/4656"}],"wp:attachment":[{"href":"http:\/\/www.saosteknoloji.com.tr\/tr\/wp-json\/wp\/v2\/media?parent=4646"}],"curies":[{"name":"wp","href":"https:\/\/api.w.org\/{rel}","templated":true}]}}