
{"id":5036,"date":"2020-02-17T15:12:51","date_gmt":"2020-02-17T12:12:51","guid":{"rendered":"http:\/\/www.saosteknoloji.com.tr\/?post_type=product&#038;p=5036"},"modified":"2021-02-09T14:40:16","modified_gmt":"2021-02-09T11:40:16","slug":"ihf-3d","status":"publish","type":"product","link":"http:\/\/www.saosteknoloji.com.tr\/tr\/urun\/ihf-3d\/","title":{"rendered":"iHF 3D"},"content":{"rendered":"<div class=\"elementor-element elementor-element-16d29d7 sc_layouts_column_icons_position_left elementor-column elementor-col-50 elementor-top-column\" data-id=\"16d29d7\" data-element_type=\"column\">\n<div class=\"elementor-column-wrap elementor-element-populated\">\n<div class=\"elementor-widget-wrap\">\n<div class=\"elementor-element elementor-element-8e9544f elementor-widget elementor-widget-image\" data-id=\"8e9544f\" data-element_type=\"widget\" data-widget_type=\"image.default\">\n<div class=\"elementor-widget-container\">\n<div class=\"elementor-image\"><img loading=\"lazy\" class=\"attachment-large size-large\" src=\"http:\/\/www.saosteknoloji.com.tr\/wp-content\/uploads\/2019\/09\/teknoloji_yuksel_frekans.png\" sizes=\"(max-width: 890px) 100vw, 890px\" srcset=\"http:\/\/www.saosteknoloji.com.tr\/wp-content\/uploads\/2019\/09\/teknoloji_yuksel_frekans.png 890w, http:\/\/www.saosteknoloji.com.tr\/wp-content\/uploads\/2019\/09\/teknoloji_yuksel_frekans-500x242.png 500w, http:\/\/www.saosteknoloji.com.tr\/wp-content\/uploads\/2019\/09\/teknoloji_yuksel_frekans-300x145.png 300w, http:\/\/www.saosteknoloji.com.tr\/wp-content\/uploads\/2019\/09\/teknoloji_yuksel_frekans-768x371.png 768w, http:\/\/www.saosteknoloji.com.tr\/wp-content\/uploads\/2019\/09\/teknoloji_yuksel_frekans-370x179.png 370w, http:\/\/www.saosteknoloji.com.tr\/wp-content\/uploads\/2019\/09\/teknoloji_yuksel_frekans-872x421.png 872w, http:\/\/www.saosteknoloji.com.tr\/wp-content\/uploads\/2019\/09\/teknoloji_yuksel_frekans-421x203.png 421w\" alt=\"\" width=\"890\" height=\"430\" \/><\/div>\n<\/div>\n<\/div>\n<\/div>\n<\/div>\n<\/div>\n<div class=\"elementor-element elementor-element-636eec0 sc_layouts_column_icons_position_left elementor-column elementor-col-50 elementor-top-column\" data-id=\"636eec0\" data-element_type=\"column\">\n<div class=\"elementor-column-wrap elementor-element-populated\">\n<div class=\"elementor-widget-wrap\">\n<div class=\"elementor-element elementor-element-01f4919 elementor-widget elementor-widget-trx_sc_title\" data-id=\"01f4919\" data-element_type=\"widget\" data-widget_type=\"trx_sc_title.default\">\n<div class=\"elementor-widget-container\">\n<div id=\"trx_sc_title_1785077568\" class=\"sc_title sc_title_accent\">\n<h5 class=\"sc_item_title sc_title_title sc_align_none sc_item_title_style_accent sc_item_title_tag\"><span class=\"text-wrap\">Nas\u0131l \u00c7al\u0131\u015f\u0131r?<\/span><\/h5>\n<div class=\"sc_item_descr sc_title_descr sc_align_none\">\n<p>Y\u00fcksek teknolojili sens\u00f6rler, cam ve hafif konstr\u00fcksiyon duvarlar\u0131 dahi a\u015fabilen 5,8 GHz (bir cep telefonundakinin 1.000\u2019de biri kadar) frekansl\u0131 sinyalleri g\u00f6nderir. Sinyaller ortamdan sens\u00f6re, yans\u0131ma yoluyla geri g\u00f6nderilir. Kapsama alan\u0131 dahilindeki bir hareketin yans\u0131may\u0131 de\u011fi\u015ftirmesiyle birlikte, sens\u00f6r tetiklenir ve saliseler i\u00e7inde \u0131\u015f\u0131\u011f\u0131 \u00e7al\u0131\u015ft\u0131r\u0131r.<\/p>\n<\/div>\n<\/div>\n<\/div>\n<\/div>\n<\/div>\n<\/div>\n<\/div>\n","protected":false},"excerpt":{"rendered":"<p><strong>D\u0131\u015far\u0131da farkl\u0131l\u0131k yarat\u0131r.<\/strong><br \/>\nAksamadan, tavizsiz, kusursuz. iHF 3D KNX, d\u0131\u015f mekan i\u00e7in m\u00fckemmel hareket sens\u00f6r\u00fcd\u00fcr. \u0130ster cephelerde ister yanlar\u0131 a\u00e7\u0131k garajlarda, teraslarda veya otoparklarda \u2013 ak\u0131ll\u0131 y\u00fcksek frekans sens\u00f6r\u00fc, \u0131\u015f\u0131\u011f\u0131 ancak olmas\u0131 gerekti\u011fi yerde a\u00e7ar. Bir taraftan, insan hareketlerini; \u00e7al\u0131lardan,<br \/>\nk\u00fc\u00e7\u00fck hayvanlar\u0131n hareketlerinden, ya\u011fmurdan ay\u0131rt etmesiyle fark yarat\u0131r. Di\u011fer yandan kullan\u0131c\u0131n\u0131n azami 7 metrelik alg\u0131lama yar\u0131\u00e7ap\u0131n\u0131 \u00fc\u00e7 boyutta da kendi gereksinimlerine uygun \u015fekilde hassas olarak ayarlayabilmesini sa\u011flar.<br \/>\n<strong>\u00dcstelik her t\u00fcrl\u00fc hava ko\u015fulunda.<\/strong><br \/>\n<iframe loading=\"lazy\" src=\"https:\/\/www.youtube.com\/embed\/vM18joAfPOs\" width=\"560\" height=\"315\" frameborder=\"0\" allowfullscreen=\"allowfullscreen\"><\/iframe><\/p>\n","protected":false},"featured_media":5041,"template":"","meta":[],"_links":{"self":[{"href":"http:\/\/www.saosteknoloji.com.tr\/tr\/wp-json\/wp\/v2\/product\/5036"}],"collection":[{"href":"http:\/\/www.saosteknoloji.com.tr\/tr\/wp-json\/wp\/v2\/product"}],"about":[{"href":"http:\/\/www.saosteknoloji.com.tr\/tr\/wp-json\/wp\/v2\/types\/product"}],"version-history":[{"count":5,"href":"http:\/\/www.saosteknoloji.com.tr\/tr\/wp-json\/wp\/v2\/product\/5036\/revisions"}],"predecessor-version":[{"id":5639,"href":"http:\/\/www.saosteknoloji.com.tr\/tr\/wp-json\/wp\/v2\/product\/5036\/revisions\/5639"}],"wp:featuredmedia":[{"embeddable":true,"href":"http:\/\/www.saosteknoloji.com.tr\/tr\/wp-json\/wp\/v2\/media\/5041"}],"wp:attachment":[{"href":"http:\/\/www.saosteknoloji.com.tr\/tr\/wp-json\/wp\/v2\/media?parent=5036"}],"curies":[{"name":"wp","href":"https:\/\/api.w.org\/{rel}","templated":true}]}}