
{"id":5226,"date":"2020-03-11T10:03:34","date_gmt":"2020-03-11T07:03:34","guid":{"rendered":"http:\/\/www.saosteknoloji.com.tr\/?post_type=product&#038;p=5226"},"modified":"2022-03-24T12:50:17","modified_gmt":"2022-03-24T09:50:17","slug":"dual-hf","status":"publish","type":"product","link":"http:\/\/www.saosteknoloji.com.tr\/tr\/urun\/dual-hf\/","title":{"rendered":"Dual HF Y\u00fcksek Frekans Varl\u0131k Sens\u00f6r\u00fc (Koridor)"},"content":{"rendered":"<div id=\"desc3136\" class=\"urun-aciklamalari\">\n<section class=\"elementor-element elementor-element-7ec376b scheme_default elementor-section-boxed elementor-section-height-default elementor-section-height-default elementor-section elementor-top-section\" data-id=\"7ec376b\" data-element_type=\"section\" data-settings=\"{&quot;background_background&quot;:&quot;classic&quot;}\">\n<div class=\"elementor-container elementor-column-gap-extended\">\n<div class=\"elementor-row\">\n<div class=\"elementor-element elementor-element-f9cbb35 sc_layouts_column_icons_position_left elementor-column elementor-col-50 elementor-top-column\" data-id=\"f9cbb35\" data-element_type=\"column\">\n<div class=\"elementor-column-wrap elementor-element-populated\">\n<div class=\"elementor-widget-wrap\">\n<div class=\"elementor-element elementor-element-f3f2d00 elementor-widget elementor-widget-trx_sc_title\" data-id=\"f3f2d00\" data-element_type=\"widget\" data-widget_type=\"trx_sc_title.default\">\n<div class=\"elementor-widget-container\">\n<div id=\"trx_sc_title_1311363730\" class=\"sc_title sc_title_default\">\n<h5 class=\"sc_item_title sc_title_title sc_align_left sc_item_title_style_default\"><span class=\"text-wrap\">Y\u00fcksek frekans (HF)<\/span><\/h5>\n<div class=\"sc_item_descr sc_title_descr sc_align_left\">\n<p>\u0130nce duvarlar\u0131n \u00f6tesini de g\u00f6r\u00fcr<\/p>\n<\/div>\n<\/div>\n<\/div>\n<\/div>\n<\/div>\n<\/div>\n<\/div>\n<div class=\"elementor-element elementor-element-d7825b3 sc_layouts_column sc_layouts_column_align_right sc_layouts_column_icons_position_right elementor-hidden-tablet elementor-hidden-phone elementor-column elementor-col-50 elementor-top-column\" data-id=\"d7825b3\" data-element_type=\"column\">\n<div class=\"elementor-column-wrap elementor-element-populated\">\n<div class=\"elementor-widget-wrap\">\n<div class=\"elementor-element elementor-element-071f873 elementor-widget elementor-widget-trx_sc_button\" data-id=\"071f873\" data-element_type=\"widget\" data-widget_type=\"trx_sc_button.default\">\n<div class=\"elementor-widget-container\"><\/div>\n<\/div>\n<\/div>\n<\/div>\n<\/div>\n<\/div>\n<\/div>\n<\/section>\n<section class=\"elementor-element elementor-element-fb72f87 elementor-section-content-middle elementor-section-boxed elementor-section-height-default elementor-section-height-default elementor-section elementor-top-section\" data-id=\"fb72f87\" data-element_type=\"section\">\n<div class=\"elementor-container elementor-column-gap-no\">\n<div class=\"elementor-row\">\n<div class=\"elementor-element elementor-element-4a4b981 sc_layouts_column_icons_position_left elementor-column elementor-col-100 elementor-top-column\" data-id=\"4a4b981\" data-element_type=\"column\">\n<div class=\"elementor-column-wrap elementor-element-populated\">\n<div class=\"elementor-widget-wrap\">\n<div class=\"elementor-element elementor-element-f1b22e8 elementor-widget elementor-widget-spacer\" data-id=\"f1b22e8\" data-element_type=\"widget\" data-widget_type=\"spacer.default\">\n<div class=\"elementor-widget-container\">\n<div class=\"elementor-spacer\">\n<div><a href=\"http:\/\/www.saosteknoloji.com.tr\/wp-content\/uploads\/2020\/02\/teknoloji_yuksel_frekans.png\"><img loading=\"lazy\" class=\"alignnone size-full wp-image-5065\" src=\"http:\/\/www.saosteknoloji.com.tr\/wp-content\/uploads\/2020\/02\/teknoloji_yuksel_frekans.png\" alt=\"\" width=\"890\" height=\"430\" srcset=\"http:\/\/www.saosteknoloji.com.tr\/wp-content\/uploads\/2020\/02\/teknoloji_yuksel_frekans.png 890w, http:\/\/www.saosteknoloji.com.tr\/wp-content\/uploads\/2020\/02\/teknoloji_yuksel_frekans-300x145.png 300w, http:\/\/www.saosteknoloji.com.tr\/wp-content\/uploads\/2020\/02\/teknoloji_yuksel_frekans-768x371.png 768w, http:\/\/www.saosteknoloji.com.tr\/wp-content\/uploads\/2020\/02\/teknoloji_yuksel_frekans-370x179.png 370w, http:\/\/www.saosteknoloji.com.tr\/wp-content\/uploads\/2020\/02\/teknoloji_yuksel_frekans-872x421.png 872w, http:\/\/www.saosteknoloji.com.tr\/wp-content\/uploads\/2020\/02\/teknoloji_yuksel_frekans-421x203.png 421w, http:\/\/www.saosteknoloji.com.tr\/wp-content\/uploads\/2020\/02\/teknoloji_yuksel_frekans-500x242.png 500w\" sizes=\"(max-width: 890px) 100vw, 890px\" \/><\/a><\/div>\n<\/div>\n<\/div>\n<\/div>\n<\/div>\n<\/div>\n<\/div>\n<\/div>\n<\/div>\n<\/section>\n<section class=\"elementor-element elementor-element-842f872 elementor-section-content-middle elementor-section-boxed elementor-section-height-default elementor-section-height-default elementor-section elementor-top-section\" data-id=\"842f872\" data-element_type=\"section\">\n<div class=\"elementor-container elementor-column-gap-no\">\n<div class=\"elementor-row\">\n<div class=\"elementor-element elementor-element-636eec0 sc_layouts_column_icons_position_left elementor-column elementor-col-50 elementor-top-column\" data-id=\"636eec0\" data-element_type=\"column\">\n<div class=\"elementor-column-wrap elementor-element-populated\">\n<div class=\"elementor-widget-wrap\">\n<div class=\"elementor-element elementor-element-b989db5 elementor-widget elementor-widget-trx_sc_title\" data-id=\"b989db5\" data-element_type=\"widget\" data-widget_type=\"trx_sc_title.default\">\n<div class=\"elementor-widget-container\">\n<div id=\"trx_sc_title_551389708\" class=\"sc_title sc_title_accent\">\n<div class=\"sc_item_descr sc_title_descr sc_align_none\">\n<p>&nbsp;<\/p>\n<\/div>\n<\/div>\n<\/div>\n<\/div>\n<div class=\"elementor-element elementor-element-01f4919 elementor-widget elementor-widget-trx_sc_title\" data-id=\"01f4919\" data-element_type=\"widget\" data-widget_type=\"trx_sc_title.default\">\n<div class=\"elementor-widget-container\">\n<div id=\"trx_sc_title_1844494046\" class=\"sc_title sc_title_accent\">\n<h5 class=\"sc_item_title sc_title_title sc_align_none sc_item_title_style_accent sc_item_title_tag\"><span style=\"font-size: 1.4286em; letter-spacing: 0px;\">Nas\u0131l \u00c7al\u0131\u015f\u0131r?<\/span><\/h5>\n<div class=\"sc_item_descr sc_title_descr sc_align_none\">\n<div class=\"sc_item_descr sc_title_descr sc_align_none\">\n<p>Y\u00fcksek teknolojili sens\u00f6rler, cam ve hafif konstr\u00fcksiyon duvarlar\u0131 dahi a\u015fabilen 5,8 GHz (bir cep telefonundakinin 1.000&#8217;de biri kadar) frekansl\u0131 sinyalleri g\u00f6nderir. Sinyaller ortamdan sens\u00f6re, yans\u0131ma yoluyla geri g\u00f6nderilir. Kapsama alan\u0131 dahilindeki bir hareketin yans\u0131may\u0131 de\u011fi\u015ftirmesiyle birlikte, sens\u00f6r tetiklenir ve saliseler i\u00e7inde \u0131\u015f\u0131\u011f\u0131 \u00e7al\u0131\u015ft\u0131r\u0131r.<\/p>\n<\/div>\n<\/div>\n<\/div>\n<\/div>\n<\/div>\n<\/div>\n<\/div>\n<\/div>\n<\/div>\n<\/div>\n<\/section>\n<\/div>\n","protected":false},"excerpt":{"rendered":"<p><strong>Yol g\u00f6steren y\u00fcr\u00fcme yolu sens\u00f6r\u00fc.<\/strong><br \/>\n<strong>Teknoloji ve tasar\u0131m harikas\u0131.<\/strong><\/p>\n<p>Y\u00fcr\u00fcme yolu sens\u00f6r\u00fc Dual HF, y\u00fcksek frekans teknolojisinin \u00f6zel olarak yol g\u00f6steren bir versiyonu ile \u00e7al\u0131\u015f\u0131r. Sistem, her biri y\u00fcr\u00fcme yolunun bir taraf\u0131n\u0131 denetleyen 2 adet sens\u00f6r ile donat\u0131lm\u0131\u015ft\u0131r. Bunlar birlikte, y\u00fcr\u00fcme y\u00f6n\u00fcn\u00fcn en az 20 metresini alg\u0131lar \u2013 eksiksiz, hassas, g\u00fcvenli. \u00c7evresel menzil bilin\u00e7li olarak y\u00fcr\u00fcme geni\u015fli\u011fi ile k\u0131s\u0131tlanm\u0131\u015ft\u0131r, b\u00f6ylece \u00f6rne\u011fin kapal\u0131 kap\u0131lar\u0131n ard\u0131ndakiler gibi hareketler alg\u0131lanmaz.<\/p>\n","protected":false},"featured_media":5240,"template":"","meta":[],"_links":{"self":[{"href":"http:\/\/www.saosteknoloji.com.tr\/tr\/wp-json\/wp\/v2\/product\/5226"}],"collection":[{"href":"http:\/\/www.saosteknoloji.com.tr\/tr\/wp-json\/wp\/v2\/product"}],"about":[{"href":"http:\/\/www.saosteknoloji.com.tr\/tr\/wp-json\/wp\/v2\/types\/product"}],"version-history":[{"count":2,"href":"http:\/\/www.saosteknoloji.com.tr\/tr\/wp-json\/wp\/v2\/product\/5226\/revisions"}],"predecessor-version":[{"id":5544,"href":"http:\/\/www.saosteknoloji.com.tr\/tr\/wp-json\/wp\/v2\/product\/5226\/revisions\/5544"}],"wp:featuredmedia":[{"embeddable":true,"href":"http:\/\/www.saosteknoloji.com.tr\/tr\/wp-json\/wp\/v2\/media\/5240"}],"wp:attachment":[{"href":"http:\/\/www.saosteknoloji.com.tr\/tr\/wp-json\/wp\/v2\/media?parent=5226"}],"curies":[{"name":"wp","href":"https:\/\/api.w.org\/{rel}","templated":true}]}}