
{"id":5444,"date":"2020-03-17T12:45:37","date_gmt":"2020-03-17T09:45:37","guid":{"rendered":"http:\/\/www.saosteknoloji.com.tr\/?post_type=product&#038;p=5444"},"modified":"2022-03-24T17:20:24","modified_gmt":"2022-03-24T14:20:24","slug":"nm-3000","status":"publish","type":"product","link":"http:\/\/www.saosteknoloji.com.tr\/tr\/urun\/nm-3000\/","title":{"rendered":"NM 3000 Vario Fotosel"},"content":{"rendered":"","protected":false},"excerpt":{"rendered":"<p><strong>Enerji tasarrufunun sonu yok. I\u015f\u0131klar\u0131 otomatik olarak a\u00e7\u0131p kapat\u0131r. <\/strong><br \/>\nI\u015f\u0131\u011f\u0131 kapatt\u0131m m\u0131? Yoksa a\u00e7\u0131k m\u0131 unuttum? NightMatic 3000 ile bu soru art\u0131k bir sorun de\u011fil. Karanl\u0131k \u00e7\u00f6kt\u00fc\u011f\u00fcnde d\u0131\u015f ayd\u0131nlatmalar\u0131 kendili\u011finden a\u00e7\u0131p kapatabiliyor. Hepsi bu kadar de\u011fil: Ak\u0131ll\u0131 ekonomik gece ekonomi modu programlanan zamanda ayd\u0131nlatmalar\u0131 kapatabiliyor ve sabah\u0131n erken saatlerinde 4-5 aras\u0131nda tekrar geri a\u00e7abiliyor.<\/p>\n","protected":false},"featured_media":5458,"template":"","meta":[],"_links":{"self":[{"href":"http:\/\/www.saosteknoloji.com.tr\/tr\/wp-json\/wp\/v2\/product\/5444"}],"collection":[{"href":"http:\/\/www.saosteknoloji.com.tr\/tr\/wp-json\/wp\/v2\/product"}],"about":[{"href":"http:\/\/www.saosteknoloji.com.tr\/tr\/wp-json\/wp\/v2\/types\/product"}],"version-history":[{"count":4,"href":"http:\/\/www.saosteknoloji.com.tr\/tr\/wp-json\/wp\/v2\/product\/5444\/revisions"}],"predecessor-version":[{"id":5630,"href":"http:\/\/www.saosteknoloji.com.tr\/tr\/wp-json\/wp\/v2\/product\/5444\/revisions\/5630"}],"wp:featuredmedia":[{"embeddable":true,"href":"http:\/\/www.saosteknoloji.com.tr\/tr\/wp-json\/wp\/v2\/media\/5458"}],"wp:attachment":[{"href":"http:\/\/www.saosteknoloji.com.tr\/tr\/wp-json\/wp\/v2\/media?parent=5444"}],"curies":[{"name":"wp","href":"https:\/\/api.w.org\/{rel}","templated":true}]}}