
{"id":6123,"date":"2022-02-10T10:45:15","date_gmt":"2022-02-10T07:45:15","guid":{"rendered":"http:\/\/www.saosteknoloji.com.tr\/?post_type=product&#038;p=6123"},"modified":"2024-05-21T09:57:51","modified_gmt":"2024-05-21T06:57:51","slug":"hf-360-2-yuksek-frekans-varlik-sensoru","status":"publish","type":"product","link":"http:\/\/www.saosteknoloji.com.tr\/tr\/urun\/hf-360-2-yuksek-frekans-varlik-sensoru\/","title":{"rendered":"HF 360-2 Y\u00fcksek Frekans Varl\u0131k Sens\u00f6r\u00fc"},"content":{"rendered":"<div id=\"desc3136\" class=\"urun-aciklamalari\">\n<section class=\"elementor-element elementor-element-7ec376b scheme_default elementor-section-boxed elementor-section-height-default elementor-section-height-default elementor-section elementor-top-section\" data-id=\"7ec376b\" data-element_type=\"section\" data-settings=\"{&quot;background_background&quot;:&quot;classic&quot;}\">\n<div class=\"elementor-container elementor-column-gap-extended\">\n<div class=\"elementor-row\">\n<div class=\"elementor-element elementor-element-f9cbb35 sc_layouts_column_icons_position_left elementor-column elementor-col-50 elementor-top-column\" data-id=\"f9cbb35\" data-element_type=\"column\">\n<div class=\"elementor-column-wrap elementor-element-populated\">\n<div class=\"elementor-widget-wrap\">\n<div class=\"elementor-element elementor-element-f3f2d00 elementor-widget elementor-widget-trx_sc_title\" data-id=\"f3f2d00\" data-element_type=\"widget\" data-widget_type=\"trx_sc_title.default\">\n<div class=\"elementor-widget-container\">\n<div id=\"trx_sc_title_1311363730\" class=\"sc_title sc_title_default\">\n<h5 class=\"sc_item_title sc_title_title sc_align_left sc_item_title_style_default\"><span class=\"text-wrap\">Y\u00fcksek frekans (HF)<\/span><\/h5>\n<div class=\"sc_item_descr sc_title_descr sc_align_left\">\n<p>\u0130nce duvarlar\u0131n \u00f6tesini de g\u00f6r\u00fcr<\/p>\n<\/div>\n<\/div>\n<\/div>\n<\/div>\n<\/div>\n<\/div>\n<\/div>\n<div class=\"elementor-element elementor-element-d7825b3 sc_layouts_column sc_layouts_column_align_right sc_layouts_column_icons_position_right elementor-hidden-tablet elementor-hidden-phone elementor-column elementor-col-50 elementor-top-column\" data-id=\"d7825b3\" data-element_type=\"column\">\n<div class=\"elementor-column-wrap elementor-element-populated\">\n<div class=\"elementor-widget-wrap\">\n<div class=\"elementor-element elementor-element-071f873 elementor-widget elementor-widget-trx_sc_button\" data-id=\"071f873\" data-element_type=\"widget\" data-widget_type=\"trx_sc_button.default\">\n<div class=\"elementor-widget-container\"><\/div>\n<\/div>\n<\/div>\n<\/div>\n<\/div>\n<\/div>\n<\/div>\n<\/section>\n<section class=\"elementor-element elementor-element-fb72f87 elementor-section-content-middle elementor-section-boxed elementor-section-height-default elementor-section-height-default elementor-section elementor-top-section\" data-id=\"fb72f87\" data-element_type=\"section\">\n<div class=\"elementor-container elementor-column-gap-no\">\n<div class=\"elementor-row\">\n<div class=\"elementor-element elementor-element-4a4b981 sc_layouts_column_icons_position_left elementor-column elementor-col-100 elementor-top-column\" data-id=\"4a4b981\" data-element_type=\"column\">\n<div class=\"elementor-column-wrap elementor-element-populated\">\n<div class=\"elementor-widget-wrap\">\n<div class=\"elementor-element elementor-element-f1b22e8 elementor-widget elementor-widget-spacer\" data-id=\"f1b22e8\" data-element_type=\"widget\" data-widget_type=\"spacer.default\">\n<div class=\"elementor-widget-container\">\n<div class=\"elementor-spacer\">\n<div><a href=\"http:\/\/www.saosteknoloji.com.tr\/wp-content\/uploads\/2020\/02\/teknoloji_yuksel_frekans.png\"><img loading=\"lazy\" class=\"alignnone size-full wp-image-5065\" src=\"http:\/\/www.saosteknoloji.com.tr\/wp-content\/uploads\/2020\/02\/teknoloji_yuksel_frekans.png\" alt=\"\" width=\"890\" height=\"430\" srcset=\"http:\/\/www.saosteknoloji.com.tr\/wp-content\/uploads\/2020\/02\/teknoloji_yuksel_frekans.png 890w, http:\/\/www.saosteknoloji.com.tr\/wp-content\/uploads\/2020\/02\/teknoloji_yuksel_frekans-300x145.png 300w, http:\/\/www.saosteknoloji.com.tr\/wp-content\/uploads\/2020\/02\/teknoloji_yuksel_frekans-768x371.png 768w, http:\/\/www.saosteknoloji.com.tr\/wp-content\/uploads\/2020\/02\/teknoloji_yuksel_frekans-370x179.png 370w, http:\/\/www.saosteknoloji.com.tr\/wp-content\/uploads\/2020\/02\/teknoloji_yuksel_frekans-872x421.png 872w, http:\/\/www.saosteknoloji.com.tr\/wp-content\/uploads\/2020\/02\/teknoloji_yuksel_frekans-421x203.png 421w, http:\/\/www.saosteknoloji.com.tr\/wp-content\/uploads\/2020\/02\/teknoloji_yuksel_frekans-500x242.png 500w\" sizes=\"(max-width: 890px) 100vw, 890px\" \/><\/a><\/div>\n<\/div>\n<\/div>\n<\/div>\n<\/div>\n<\/div>\n<\/div>\n<\/div>\n<\/div>\n<\/section>\n<section class=\"elementor-element elementor-element-842f872 elementor-section-content-middle elementor-section-boxed elementor-section-height-default elementor-section-height-default elementor-section elementor-top-section\" data-id=\"842f872\" data-element_type=\"section\">\n<div class=\"elementor-container elementor-column-gap-no\">\n<div class=\"elementor-row\">\n<div class=\"elementor-element elementor-element-636eec0 sc_layouts_column_icons_position_left elementor-column elementor-col-50 elementor-top-column\" data-id=\"636eec0\" data-element_type=\"column\">\n<div class=\"elementor-column-wrap elementor-element-populated\">\n<div class=\"elementor-widget-wrap\">\n<div class=\"elementor-element elementor-element-b989db5 elementor-widget elementor-widget-trx_sc_title\" data-id=\"b989db5\" data-element_type=\"widget\" data-widget_type=\"trx_sc_title.default\">\n<div class=\"elementor-widget-container\">\n<div id=\"trx_sc_title_551389708\" class=\"sc_title sc_title_accent\">\n<div class=\"sc_item_descr sc_title_descr sc_align_none\">\n<p>&nbsp;<\/p>\n<\/div>\n<\/div>\n<\/div>\n<\/div>\n<div class=\"elementor-element elementor-element-01f4919 elementor-widget elementor-widget-trx_sc_title\" data-id=\"01f4919\" data-element_type=\"widget\" data-widget_type=\"trx_sc_title.default\">\n<div class=\"elementor-widget-container\">\n<div id=\"trx_sc_title_1844494046\" class=\"sc_title sc_title_accent\">\n<h3>Ak\u0131ll\u0131 sens\u00f6r sistemi.\u00a0Bir ad\u0131m daha ileri.<\/h3>\n<p>HF 360&#8217;tan geli\u015fen HF 360-2, yeni Control PRO 2 serimizin yaln\u0131zca \u0131\u015f\u0131\u011f\u0131 a\u00e7\u0131p kapatmakla kalmay\u0131p ayn\u0131 zamanda dijital veri de sa\u011flayan ilk \u00fcr\u00fcn\u00fcd\u00fcr. Sonu\u00e7 olarak, KNX, IP ve DALI-2 \u0130MPUT Cihaz\u0131 bus aray\u00fczlerindeki HF 360-2 ak\u0131ll\u0131 sens\u00f6r ayr\u0131ca s\u0131cakl\u0131k ve nemi de \u00f6l\u00e7er. Sens\u00f6r\u00fcn geli\u015ftirilmi\u015f tasar\u0131m\u0131, STEINEL True Presence sens\u00f6rlerinin modern g\u00f6r\u00fcn\u00fcm\u00fcne daha da yak\u0131n bir \u015fekilde tasarlanm\u0131\u015ft\u0131r.\u00a0Bluetooth arac\u0131l\u0131\u011f\u0131yla uygun \u015fekilde birbirine ba\u011flanan ve ayarlanan HF 360-2, COM1, COM2, DALI-2 APC, DALI-2 IPD, KNX ve ayr\u0131ca IP aray\u00fczleri sa\u011flar ve BT IPD (Slave) versiyonu olarak da mevcuttur.\u00a0Gizli g\u00f6zetim uzman\u0131, ah\u015fap, cam ve dikme duvarlara da n\u00fcfuz eden ve 12 m&#8217;ye varan bir eri\u015fimle gelen g\u00fcvenilir 360\u00b0 HF alg\u0131lama sa\u011flar.\u00a03,5 m&#8217;ye kadar montaj y\u00fckseklikleri i\u00e7in uygundur.<\/p>\n<\/div>\n<\/div>\n<\/div>\n<\/div>\n<\/div>\n<\/div>\n<\/div>\n<\/div>\n<\/section>\n<\/div>\n","protected":false},"excerpt":{"rendered":"<header class=\"product-detail-info-header\">\n<h3>HF 360-2<\/h3>\n<pre>EAN 4007841064266<\/pre>\n<\/header>\n<p>Ak\u0131ll\u0131 g\u00f6zetleme uzman\u0131.\u00a0Yeni Control PRO 2 serisinden HF 360-2.\u00a0Modern g\u00f6r\u00fcn\u00fcm ve ak\u0131ll\u0131 360\u00b0 HF sens\u00f6r teknolojisi \u2013 merdiven bo\u015fluklar\u0131 ve kabinli tuvaletler i\u00e7in ideal.\u00a0Bluetooth \u00fczerinden uygun \u015fekilde ayarlan\u0131r ve birbirine ba\u011flan\u0131r.\u00a0Aray\u00fczler: COM1, COM2, DALI-2 APC, DALI-2 IPD, KNX, IP ve BT IPD (Slave).\u00a03,5 m&#8217;ye kadar montaj y\u00fcksekli\u011fi.\u00a0Eri\u015fim: 12 m.<\/p>\n","protected":false},"featured_media":6139,"template":"","meta":[],"_links":{"self":[{"href":"http:\/\/www.saosteknoloji.com.tr\/tr\/wp-json\/wp\/v2\/product\/6123"}],"collection":[{"href":"http:\/\/www.saosteknoloji.com.tr\/tr\/wp-json\/wp\/v2\/product"}],"about":[{"href":"http:\/\/www.saosteknoloji.com.tr\/tr\/wp-json\/wp\/v2\/types\/product"}],"version-history":[{"count":4,"href":"http:\/\/www.saosteknoloji.com.tr\/tr\/wp-json\/wp\/v2\/product\/6123\/revisions"}],"predecessor-version":[{"id":6138,"href":"http:\/\/www.saosteknoloji.com.tr\/tr\/wp-json\/wp\/v2\/product\/6123\/revisions\/6138"}],"wp:featuredmedia":[{"embeddable":true,"href":"http:\/\/www.saosteknoloji.com.tr\/tr\/wp-json\/wp\/v2\/media\/6139"}],"wp:attachment":[{"href":"http:\/\/www.saosteknoloji.com.tr\/tr\/wp-json\/wp\/v2\/media?parent=6123"}],"curies":[{"name":"wp","href":"https:\/\/api.w.org\/{rel}","templated":true}]}}