
{"id":6506,"date":"2022-03-28T10:22:13","date_gmt":"2022-03-28T07:22:13","guid":{"rendered":"http:\/\/www.saosteknoloji.com.tr\/?post_type=product&#038;p=6506"},"modified":"2022-03-29T10:47:06","modified_gmt":"2022-03-29T07:47:06","slug":"ls-300-led","status":"publish","type":"product","link":"http:\/\/www.saosteknoloji.com.tr\/tr\/urun\/ls-300-led\/","title":{"rendered":"LS 300 LED"},"content":{"rendered":"<h3>Stil sahibi g\u00fc\u00e7l\u00fc ayd\u0131nlatma.<\/h3>\n<p>LS 300 LED sens\u00f6r anahtarl\u0131 LED projekt\u00f6r, 3092 lm&#8217;lik bir \u0131\u015f\u0131k \u00e7\u0131k\u0131\u015f\u0131 ve sadece 29,5 W&#8217;l\u0131k bir t\u00fcketim ile garaj yolunuzu geceleri de bir oyun sahas\u0131na d\u00f6n\u00fc\u015ft\u00fcr\u00fcr. Seramik reflekt\u00f6r\u00fc ile g\u00f6z al\u0131c\u0131 mekanlara \u0131\u015f\u0131k tutar, \u00f6n kap\u0131ya giden yolu ayd\u0131nlat\u0131r veya davetsiz misafirleri korkutur. \u00d6zenli projekt\u00f6rleri \u00f6zellikle evlerin \u00f6nlerinde, araba yollar\u0131nda ve yan giri\u015flerde ihtiya\u00e7lar i\u00e7in geli\u015ftirdik. Elbette \u0131\u015f\u0131k s\u00fcresi ve sens\u00f6r\u00fcn yan\u0131t verdi\u011fi \u0131\u015f\u0131k seviyesi e\u015fi\u011fi sizden ba\u015fkas\u0131 taraf\u0131ndan belirlenmez.<\/p>\n","protected":false},"excerpt":{"rendered":"<p style=\"text-align: left;\">Son derece parlak, sa\u011flam ve uyan\u0131k. LS 300 S sens\u00f6rl\u00fc projekt\u00f6r Bina \u00e7evresindeki daha geni\u015f alanlar\u0131n ihtiyaca dayal\u0131 olarak ayd\u0131nlat\u0131lmas\u0131 i\u00e7in idealdir. 240\u00b0 alg\u0131lama a\u00e7\u0131s\u0131na ve 12 m menzile sahip k\u0131z\u0131l\u00f6tesi sens\u00f6r. 3092 lm \u0131\u015f\u0131k \u00e7\u0131k\u0131\u015f\u0131, 4000 K \u0131\u015f\u0131k rengi, 29,5 W g\u00fc\u00e7 t\u00fcketimi. Sa\u011flam al\u00fcminyum radyat\u00f6r kafas\u0131. Siyah ve beyaz renk se\u00e7enekleri mevcuttur.<\/p>\n","protected":false},"featured_media":6509,"template":"","meta":[],"_links":{"self":[{"href":"http:\/\/www.saosteknoloji.com.tr\/tr\/wp-json\/wp\/v2\/product\/6506"}],"collection":[{"href":"http:\/\/www.saosteknoloji.com.tr\/tr\/wp-json\/wp\/v2\/product"}],"about":[{"href":"http:\/\/www.saosteknoloji.com.tr\/tr\/wp-json\/wp\/v2\/types\/product"}],"version-history":[{"count":5,"href":"http:\/\/www.saosteknoloji.com.tr\/tr\/wp-json\/wp\/v2\/product\/6506\/revisions"}],"predecessor-version":[{"id":6515,"href":"http:\/\/www.saosteknoloji.com.tr\/tr\/wp-json\/wp\/v2\/product\/6506\/revisions\/6515"}],"wp:featuredmedia":[{"embeddable":true,"href":"http:\/\/www.saosteknoloji.com.tr\/tr\/wp-json\/wp\/v2\/media\/6509"}],"wp:attachment":[{"href":"http:\/\/www.saosteknoloji.com.tr\/tr\/wp-json\/wp\/v2\/media?parent=6506"}],"curies":[{"name":"wp","href":"https:\/\/api.w.org\/{rel}","templated":true}]}}