
{"id":6548,"date":"2022-03-30T11:41:13","date_gmt":"2022-03-30T08:41:13","guid":{"rendered":"http:\/\/www.saosteknoloji.com.tr\/?post_type=product&#038;p=6548"},"modified":"2025-09-29T13:03:05","modified_gmt":"2025-09-29T10:03:05","slug":"l-845","status":"publish","type":"product","link":"http:\/\/www.saosteknoloji.com.tr\/tr\/urun\/l-845\/","title":{"rendered":"L 845"},"content":{"rendered":"<h3>\u00a0 \u00a0 \u00a0 \u00a0 \u00a0 \u00a0 \u00a0 \u00a0<a href=\"http:\/\/www.saosteknoloji.com.tr\/wp-content\/uploads\/2022\/03\/167749_Moodbild_GL_85-600_PRO.jpg\"><img loading=\"lazy\" class=\"size-full wp-image-6549 alignleft\" src=\"http:\/\/www.saosteknoloji.com.tr\/wp-content\/uploads\/2022\/03\/167749_Moodbild_GL_85-600_PRO.jpg\" alt=\"\" width=\"598\" height=\"480\" srcset=\"http:\/\/www.saosteknoloji.com.tr\/wp-content\/uploads\/2022\/03\/167749_Moodbild_GL_85-600_PRO.jpg 598w, http:\/\/www.saosteknoloji.com.tr\/wp-content\/uploads\/2022\/03\/167749_Moodbild_GL_85-600_PRO-300x241.jpg 300w, http:\/\/www.saosteknoloji.com.tr\/wp-content\/uploads\/2022\/03\/167749_Moodbild_GL_85-600_PRO-370x297.jpg 370w, http:\/\/www.saosteknoloji.com.tr\/wp-content\/uploads\/2022\/03\/167749_Moodbild_GL_85-600_PRO-421x338.jpg 421w, http:\/\/www.saosteknoloji.com.tr\/wp-content\/uploads\/2022\/03\/167749_Moodbild_GL_85-600_PRO-500x401.jpg 500w\" sizes=\"(max-width: 598px) 100vw, 598px\" \/><\/a><\/h3>\n<p><strong> \u00a0 Cube Pro serisinden modern L 845 SC duvar lambas\u0131, 160\u00b0 y\u00fcksek frekansl\u0131 sens\u00f6rle donat\u0131lm\u0131\u015ft\u0131r, 5 m&#8217;ye kadar alg\u0131lama yar\u0131\u00e7ap\u0131n\u0131 kapsar ve mutlak hassasiyetle dijital olarak ayarlanabilir.\u00a0I\u015f\u0131k, y\u00fcksek kaliteli al\u00fcminyumdan yap\u0131lm\u0131\u015ft\u0131r ve sofistike bir k\u00fcp tasar\u0131m\u0131na sahiptir.\u00a03000 K ve 655 lm sunan duvar lambas\u0131, evin etraf\u0131nda parlak vurgular olu\u015ftururken, ayn\u0131 zamanda her zaman g\u00fcvenli ama \u015f\u0131k bir y\u00f6n sa\u011flar.\u00a0Bluetooth Mesh ve STEINEL Connect uygulamas\u0131, duvar \u0131\u015f\u0131klar\u0131n\u0131n kablosuz, h\u0131zl\u0131 ve kolay bir \u015fekilde devreye al\u0131nmas\u0131n\u0131, kurulmas\u0131n\u0131 ve a\u011fa ba\u011flanmas\u0131n\u0131 sa\u011flar.\u00a0Birbirine ba\u011fl\u0131 grup i\u015flevi sayesinde, g\u00f6rsel \u0131\u015f\u0131k, hem sakinler hem de ziyaret\u00e7iler i\u00e7in d\u0131\u015far\u0131da vakit ge\u00e7irmeyi \u00e7ok keyifli ve rahat hale getirir.\u00a0\u00c7ekici duvar lambas\u0131, yumu\u015fak bir \u0131\u015f\u0131k ba\u015flatma ve temel \u0131\u015f\u0131k i\u015flevi (%10-100) ve ayr\u0131ca k\u0131s\u0131labilir ana \u0131\u015f\u0131k (%10-100) i\u00e7erir.\u00a0\u00d6zetlemek gerekirse, bu bir bina boyunca ihtiya\u00e7 temelli ayd\u0131nlatma i\u00e7in ideal ayd\u0131nlatma \u00e7\u00f6z\u00fcm\u00fcd\u00fcr.\u00a0Sadece 9 WW gerektiren bu tasar\u0131mc\u0131 \u0131\u015f\u0131\u011f\u0131 ayn\u0131 zamanda \u015fa\u015f\u0131rt\u0131c\u0131 derecede ekonomiktir.\u00a0\u00c7ekici duvar lambas\u0131 sens\u00f6rs\u00fcz de mevcuttur (L 845 C).<\/strong><\/p>\n<p>&nbsp;<\/p>\n","protected":false},"excerpt":{"rendered":"<h6>Ba\u011flant\u0131l\u0131 ayd\u0131nlatma \u2013 birinci s\u0131n\u0131f \u0131\u015f\u0131k k\u00fcp\u00fc.\u00a0Cube Pro serisinden modern L 845 SC duvar lambas\u0131, 160\u00b0 y\u00fcksek frekansl\u0131 sens\u00f6rle donat\u0131lm\u0131\u015ft\u0131r, 5 m&#8217;ye kadar alg\u0131lama yar\u0131\u00e7ap\u0131n\u0131 kapsar ve mutlak hassasiyetle dijital olarak ayarlanabilir.\u00a0I\u015f\u0131k, y\u00fcksek kaliteli al\u00fcminyumdan yap\u0131lm\u0131\u015ft\u0131r ve sofistike bir k\u00fcp tasar\u0131m\u0131na sahiptir.\u00a03000 K ve 655 lm sunan duvar lambas\u0131, evin etraf\u0131nda parlak vurgular olu\u015ftururken, ayn\u0131 zamanda her zaman g\u00fcvenli ama \u015f\u0131k bir y\u00f6n sa\u011flar.\u00a0Bluetooth Mesh ve STEINEL Connect uygulamas\u0131, duvar \u0131\u015f\u0131klar\u0131n\u0131n kablosuz, h\u0131zl\u0131 ve kolay bir \u015fekilde devreye al\u0131nmas\u0131n\u0131, kurulmas\u0131n\u0131 ve a\u011fa ba\u011flanmas\u0131n\u0131 sa\u011flar.\u00a0Birbirine ba\u011fl\u0131 grup i\u015flevi sayesinde, g\u00f6rsel \u0131\u015f\u0131k, hem sakinler hem de ziyaret\u00e7iler i\u00e7in d\u0131\u015far\u0131da vakit ge\u00e7irmeyi \u00e7ok keyifli ve rahat hale getirir.\u00a0\u00c7ekici duvar lambas\u0131, yumu\u015fak bir \u0131\u015f\u0131k ba\u015flatma ve temel \u0131\u015f\u0131k i\u015flevi (%10-100),\u00a0ve ayr\u0131ca k\u0131s\u0131labilir ana \u0131\u015f\u0131k (%10-100).\u00a0\u00d6zetlemek gerekirse, bu bir bina boyunca ihtiya\u00e7 temelli ayd\u0131nlatma i\u00e7in ideal ayd\u0131nlatma \u00e7\u00f6z\u00fcm\u00fcd\u00fcr.\u00a0Sadece 9 WW gerektiren bu tasar\u0131mc\u0131 \u0131\u015f\u0131\u011f\u0131 ayn\u0131 zamanda \u015fa\u015f\u0131rt\u0131c\u0131 derecede ekonomiktir.<\/h6>\n","protected":false},"featured_media":6580,"template":"","meta":[],"_links":{"self":[{"href":"http:\/\/www.saosteknoloji.com.tr\/tr\/wp-json\/wp\/v2\/product\/6548"}],"collection":[{"href":"http:\/\/www.saosteknoloji.com.tr\/tr\/wp-json\/wp\/v2\/product"}],"about":[{"href":"http:\/\/www.saosteknoloji.com.tr\/tr\/wp-json\/wp\/v2\/types\/product"}],"version-history":[{"count":3,"href":"http:\/\/www.saosteknoloji.com.tr\/tr\/wp-json\/wp\/v2\/product\/6548\/revisions"}],"predecessor-version":[{"id":9138,"href":"http:\/\/www.saosteknoloji.com.tr\/tr\/wp-json\/wp\/v2\/product\/6548\/revisions\/9138"}],"wp:featuredmedia":[{"embeddable":true,"href":"http:\/\/www.saosteknoloji.com.tr\/tr\/wp-json\/wp\/v2\/media\/6580"}],"wp:attachment":[{"href":"http:\/\/www.saosteknoloji.com.tr\/tr\/wp-json\/wp\/v2\/media?parent=6548"}],"curies":[{"name":"wp","href":"https:\/\/api.w.org\/{rel}","templated":true}]}}