
{"id":6570,"date":"2022-03-30T13:33:12","date_gmt":"2022-03-30T10:33:12","guid":{"rendered":"http:\/\/www.saosteknoloji.com.tr\/?post_type=product&#038;p=6570"},"modified":"2025-09-29T13:08:24","modified_gmt":"2025-09-29T10:08:24","slug":"gl-85-sc-600","status":"publish","type":"product","link":"http:\/\/www.saosteknoloji.com.tr\/tr\/urun\/gl-85-sc-600\/","title":{"rendered":"GL 85 SC 600"},"content":{"rendered":"<h3><a href=\"http:\/\/www.saosteknoloji.com.tr\/wp-content\/uploads\/2022\/03\/167749_Moodbild_GL_85-600_PRO-1.jpg\"><img loading=\"lazy\" class=\"size-full wp-image-6565 alignleft\" src=\"http:\/\/www.saosteknoloji.com.tr\/wp-content\/uploads\/2022\/03\/167749_Moodbild_GL_85-600_PRO-1.jpg\" alt=\"\" width=\"598\" height=\"480\" srcset=\"http:\/\/www.saosteknoloji.com.tr\/wp-content\/uploads\/2022\/03\/167749_Moodbild_GL_85-600_PRO-1.jpg 598w, http:\/\/www.saosteknoloji.com.tr\/wp-content\/uploads\/2022\/03\/167749_Moodbild_GL_85-600_PRO-1-300x241.jpg 300w, http:\/\/www.saosteknoloji.com.tr\/wp-content\/uploads\/2022\/03\/167749_Moodbild_GL_85-600_PRO-1-370x297.jpg 370w, http:\/\/www.saosteknoloji.com.tr\/wp-content\/uploads\/2022\/03\/167749_Moodbild_GL_85-600_PRO-1-421x338.jpg 421w, http:\/\/www.saosteknoloji.com.tr\/wp-content\/uploads\/2022\/03\/167749_Moodbild_GL_85-600_PRO-1-500x401.jpg 500w\" sizes=\"(max-width: 598px) 100vw, 598px\" \/><\/a><\/h3>\n<p>Cube Pro serisinden zarif GL 85 SC al\u00fcminyum direk lambas\u0131, evde herhangi bir yol boyunca gece lambas\u0131 olarak kullan\u0131m i\u00e7in sa\u011flam ve her \u015feyden \u00f6nce \u015f\u0131k bir arkada\u015ft\u0131r.\u00a0Basit k\u00fcp tasar\u0131m\u0131 ile 3000 K ve 655 lm sunan \u0131\u015f\u0131k, \u00e7ekici tasar\u0131m ve ayd\u0131nlatma vurgular\u0131 olu\u015fturur ve b\u00f6ylece \u00f6zellikle modern, mimari a\u00e7\u0131dan sofistike konut komplekslerinin d\u0131\u015f alanlar\u0131n\u0131 ustaca geli\u015ftirir.\u00a0\u00dccretsiz STEINEL Connect uygulamas\u0131yla birle\u015ftirilmi\u015f Bluetooth Mesh sayesinde devreye alma, kurulum ve a\u011f olu\u015fturma etkileyici derecede basit ve h\u0131zl\u0131d\u0131r.\u00a0160 \u00b0 alg\u0131lama a\u00e7\u0131s\u0131na sahip g\u00f6r\u00fcnmez y\u00fcksek frekansl\u0131 sens\u00f6r, 5 m&#8217;ye kadar bir yar\u0131\u00e7apa sahiptir ve h\u0131zl\u0131 ve hassas bir \u015fekilde dijital olarak ayarlanabilir.\u00a0Birbirine ba\u011fl\u0131 grup i\u015flevine sahip kablosuz Bluetooth a\u011f\u0131 sayesinde,\u00a0yollar ve araba yollar\u0131 g\u00f6rsel \u0131\u015f\u0131kla kaplanabilir ve b\u00f6ylece g\u00fcvenli bir \u015fekilde ve t\u00fcm ihtiya\u00e7lara uygun \u015fekilde ayd\u0131nlat\u0131labilir.\u00a0Y\u00fcksek kaliteli d\u0131\u015f mekan ayd\u0131nlatmas\u0131, yumu\u015fak bir \u0131\u015f\u0131k ba\u015flatma, temel \u0131\u015f\u0131k (%10-100) ve k\u0131s\u0131labilir ana \u0131\u015f\u0131k (%10-100) \u00f6zelliklerine sahiptir ve \u00f6zelle\u015ftirilmi\u015f ve enerji tasarruflu ayd\u0131nlatma senaryolar\u0131na olanak tan\u0131r.\u00a060 cm ve 90 cm y\u00fckseklikleri ile se\u00e7im yapabilece\u011finiz iki boyut vard\u0131r.\u00a0Bu \u00e7ekici baba ve yol lambas\u0131 sens\u00f6rs\u00fcz olarak da mevcuttur.\u00a0Ayak ve dikme yedek par\u00e7a olarak mevcuttur.<\/p>\n","protected":false},"excerpt":{"rendered":"<h6>Ba\u011flant\u0131l\u0131 ayd\u0131nlatma \u2013 s\u0131n\u0131f\u0131n\u0131n en iyisi \u00f6nc\u00fc \u0131\u015f\u0131klar.\u00a0K\u00fcp tasar\u0131ml\u0131 y\u00fcksek kaliteli GL 85 SC al\u00fcminyum yol lambas\u0131.\u00a09 W&#8217;da (3000 K) 655 lm ile.\u00a0G\u00f6r\u00fcnmez bir 160 \u00b0 y\u00fcksek frekans sens\u00f6r\u00fcne ve 5 m alg\u0131lama yar\u0131\u00e7ap\u0131na sahiptir.\u00a0Bluetooth Mesh ve Connect uygulamas\u0131 arac\u0131l\u0131\u011f\u0131yla zaman kazand\u0131ran kablosuz devreye alma, kurulum ve a\u011f olu\u015fturma.\u00a0Birbirine ba\u011fl\u0131 grup i\u015flevi, yumu\u015fak \u0131\u015f\u0131k ba\u015flatma, temel \u0131\u015f\u0131k (%10-100) ve k\u0131s\u0131labilir ana \u0131\u015f\u0131k (%10-100) ile.\u00a0\u0130ki y\u00fckseklikte mevcuttur: 60 cm ve 90 cm.\u00a0Sens\u00f6rs\u00fcz de mevcuttur (GL 85 C).<\/h6>\n","protected":false},"featured_media":6572,"template":"","meta":[],"_links":{"self":[{"href":"http:\/\/www.saosteknoloji.com.tr\/tr\/wp-json\/wp\/v2\/product\/6570"}],"collection":[{"href":"http:\/\/www.saosteknoloji.com.tr\/tr\/wp-json\/wp\/v2\/product"}],"about":[{"href":"http:\/\/www.saosteknoloji.com.tr\/tr\/wp-json\/wp\/v2\/types\/product"}],"version-history":[{"count":3,"href":"http:\/\/www.saosteknoloji.com.tr\/tr\/wp-json\/wp\/v2\/product\/6570\/revisions"}],"predecessor-version":[{"id":9147,"href":"http:\/\/www.saosteknoloji.com.tr\/tr\/wp-json\/wp\/v2\/product\/6570\/revisions\/9147"}],"wp:featuredmedia":[{"embeddable":true,"href":"http:\/\/www.saosteknoloji.com.tr\/tr\/wp-json\/wp\/v2\/media\/6572"}],"wp:attachment":[{"href":"http:\/\/www.saosteknoloji.com.tr\/tr\/wp-json\/wp\/v2\/media?parent=6570"}],"curies":[{"name":"wp","href":"https:\/\/api.w.org\/{rel}","templated":true}]}}