
{"id":6667,"date":"2022-04-04T15:41:24","date_gmt":"2022-04-04T12:41:24","guid":{"rendered":"http:\/\/www.saosteknoloji.com.tr\/?post_type=product&#038;p=6667"},"modified":"2022-04-06T15:13:20","modified_gmt":"2022-04-06T12:13:20","slug":"rs-pro-p2-flat-3000k-4000k","status":"publish","type":"product","link":"http:\/\/www.saosteknoloji.com.tr\/tr\/urun\/rs-pro-p2-flat-3000k-4000k\/","title":{"rendered":"RS PRO P2 flat (3000K\/4000K)"},"content":{"rendered":"<h3><a href=\"http:\/\/www.saosteknoloji.com.tr\/wp-content\/uploads\/2022\/04\/41382_Moodbild_RS_PRO_LED_P-Serie.jpg\"><img loading=\"lazy\" class=\"size-full wp-image-6663 alignleft\" src=\"http:\/\/www.saosteknoloji.com.tr\/wp-content\/uploads\/2022\/04\/41382_Moodbild_RS_PRO_LED_P-Serie.jpg\" alt=\"\" width=\"632\" height=\"356\" srcset=\"http:\/\/www.saosteknoloji.com.tr\/wp-content\/uploads\/2022\/04\/41382_Moodbild_RS_PRO_LED_P-Serie.jpg 632w, http:\/\/www.saosteknoloji.com.tr\/wp-content\/uploads\/2022\/04\/41382_Moodbild_RS_PRO_LED_P-Serie-300x169.jpg 300w, http:\/\/www.saosteknoloji.com.tr\/wp-content\/uploads\/2022\/04\/41382_Moodbild_RS_PRO_LED_P-Serie-370x208.jpg 370w, http:\/\/www.saosteknoloji.com.tr\/wp-content\/uploads\/2022\/04\/41382_Moodbild_RS_PRO_LED_P-Serie-421x237.jpg 421w, http:\/\/www.saosteknoloji.com.tr\/wp-content\/uploads\/2022\/04\/41382_Moodbild_RS_PRO_LED_P-Serie-500x282.jpg 500w, http:\/\/www.saosteknoloji.com.tr\/wp-content\/uploads\/2022\/04\/41382_Moodbild_RS_PRO_LED_P-Serie-270x152.jpg 270w\" sizes=\"(max-width: 632px) 100vw, 632px\" \/><\/a><\/h3>\n<h3><\/h3>\n<h3>Do\u011fru yerde do\u011fru \u0131\u015f\u0131k i\u00e7in m\u00fckemmel bir \u00e7\u00f6z\u00fcm.<\/h3>\n<p>G\u00fcn\u00fcm\u00fczde, yaln\u0131zca rahatl\u0131k ve ak\u0131ll\u0131 teknolojide son s\u00f6z\u00fc sa\u011flamakla kalmay\u0131p, ayn\u0131 zamanda belirli i\u00e7 tasar\u0131ma uyumlu bir \u015fekilde entegre olan i\u00e7 mekan ayd\u0131nlatma \u00e7\u00f6z\u00fcmleri talep edilmektedir.\u00a0M\u00fckemmel cevab\u0131 RS PRO LED P serisinde bulduk.\u00a0Zamans\u0131z tasar\u0131m ve \u00e7ok kolay kurulum, \u00f6nc\u00fc teknoloji ve maksimum verimlilikle birle\u015ftirildi.\u00a0Neredeyse g\u00f6r\u00fcnmez 360 derecelik y\u00fcksek frekans sens\u00f6r\u00fc 15,1 W LED ayd\u0131nlatma sistemini her zaman g\u00fcvenilir bir \u015fekilde A\u00c7IK konuma getirdi\u011finden, i\u00e7 mekan ayd\u0131nlatmas\u0131, hem estetik \u00e7ekicilik hem de maliyet verimlili\u011fi a\u00e7\u0131s\u0131ndan her bina i\u00e7in ger\u00e7ek bir bonustur.\u00a0Yeni ba\u011f\u0131ml\u0131 versiyonlar, kablo ile h\u0131zl\u0131 ve kolay bir \u015fekilde birbirine ba\u011flan\u0131r.<\/p>\n","protected":false},"excerpt":{"rendered":"<p>Do\u011fru yerde do\u011fru \u0131\u015f\u0131k i\u00e7in m\u00fckemmel bir \u00e7\u00f6z\u00fcm.\u00a0G\u00fcn\u00fcm\u00fczde, yaln\u0131zca rahatl\u0131k ve ak\u0131ll\u0131 teknolojide son s\u00f6z\u00fc sa\u011flamakla kalmay\u0131p, ayn\u0131 zamanda belirli i\u00e7 tasar\u0131ma uyumlu bir \u015fekilde entegre olan i\u00e7 mekan ayd\u0131nlatma \u00e7\u00f6z\u00fcmleri talep edilmektedir.\u00a0M\u00fckemmel cevab\u0131 RS PRO LED P serisinde bulduk.\u00a0Zamans\u0131z tasar\u0131m ve \u00e7ok kolay kurulum, \u00f6nc\u00fc teknoloji ve maksimum verimlilikle birle\u015ftirildi.\u00a0Neredeyse g\u00f6r\u00fcnmez 360 derecelik y\u00fcksek frekans sens\u00f6r\u00fc 15,1 W LED ayd\u0131nlatma sistemini her zaman g\u00fcvenilir bir \u015fekilde A\u00c7IK konuma getirdi\u011finden, i\u00e7 mekan ayd\u0131nlatmas\u0131, hem estetik \u00e7ekicilik hem de maliyet verimlili\u011fi a\u00e7\u0131s\u0131ndan her bina i\u00e7in ger\u00e7ek bir bonustur.\u00a0Yeni ba\u011f\u0131ml\u0131 versiyonlar, kablo ile h\u0131zl\u0131 ve kolay bir \u015fekilde birbirine ba\u011flan\u0131r.<\/p>\n","protected":false},"featured_media":6695,"template":"","meta":[],"_links":{"self":[{"href":"http:\/\/www.saosteknoloji.com.tr\/tr\/wp-json\/wp\/v2\/product\/6667"}],"collection":[{"href":"http:\/\/www.saosteknoloji.com.tr\/tr\/wp-json\/wp\/v2\/product"}],"about":[{"href":"http:\/\/www.saosteknoloji.com.tr\/tr\/wp-json\/wp\/v2\/types\/product"}],"version-history":[{"count":2,"href":"http:\/\/www.saosteknoloji.com.tr\/tr\/wp-json\/wp\/v2\/product\/6667\/revisions"}],"predecessor-version":[{"id":6672,"href":"http:\/\/www.saosteknoloji.com.tr\/tr\/wp-json\/wp\/v2\/product\/6667\/revisions\/6672"}],"wp:featuredmedia":[{"embeddable":true,"href":"http:\/\/www.saosteknoloji.com.tr\/tr\/wp-json\/wp\/v2\/media\/6695"}],"wp:attachment":[{"href":"http:\/\/www.saosteknoloji.com.tr\/tr\/wp-json\/wp\/v2\/media?parent=6667"}],"curies":[{"name":"wp","href":"https:\/\/api.w.org\/{rel}","templated":true}]}}