
{"id":6703,"date":"2022-04-06T12:09:09","date_gmt":"2022-04-06T09:09:09","guid":{"rendered":"http:\/\/www.saosteknoloji.com.tr\/?post_type=product&#038;p=6703"},"modified":"2022-04-06T13:38:33","modified_gmt":"2022-04-06T10:38:33","slug":"rs-pro-connect-r10-plus","status":"publish","type":"product","link":"http:\/\/www.saosteknoloji.com.tr\/tr\/urun\/rs-pro-connect-r10-plus\/","title":{"rendered":"RS PRO Connect R10 PLUS"},"content":{"rendered":"<h5 class=\"sc_item_title sc_title_title sc_align_none sc_item_title_style_accent sc_item_title_tag\"><\/h5>\n<h3>Sens\u00f6r anahtarl\u0131 \u0131\u015f\u0131k 4.0 \u2013 m\u00fckemmel \u015fekilde birbirine ba\u011fl\u0131.\u00a0Gelecekte de.<\/h3>\n<p>Ba\u011flant\u0131l\u0131 ayd\u0131nlatma m\u00fckemmelli\u011fi: Uygulama arac\u0131l\u0131\u011f\u0131yla kablosuz olarak ayarlanabilen, 4 \u0131\u015f\u0131k i\u015flevine (temel \u0131\u015f\u0131k, arka \u0131\u015f\u0131k, k\u0131s\u0131labilir ana \u0131\u015f\u0131k ve iste\u011fe ba\u011fl\u0131 acil durum \u0131\u015f\u0131\u011f\u0131) sahip RS PRO R-serisi plus, d\u00fcnyadaki en ak\u0131ll\u0131 ve kullan\u0131c\u0131 dostu dijital sens\u00f6r anahtarl\u0131 \u0131\u015f\u0131k sistemidir. pazar &#8211; ve planlamac\u0131lar\u0131, elektrik\u00e7ileri ve bina sahiplerini ger\u00e7ekten etkiliyor.\u00a0RS PRO R serisi plus, temiz kesim, evrensel olarak uygun tasar\u0131m ve optimum ayd\u0131nlatmay\u0131 son derece kolay kurulum ve uygulama arac\u0131l\u0131\u011f\u0131yla ara ba\u011flant\u0131 ile ustaca birle\u015ftirir.\u00a0Modern Bluetooth teknolojisinin yan\u0131 s\u0131ra g\u00fcncelleme ve IoT \u00f6zelli\u011fi sayesinde, dijital sens\u00f6r anahtarl\u0131 \u0131\u015f\u0131k sistemi kesinlikle gelece\u011fe haz\u0131rd\u0131r.\u00a0Ve y\u00fcksek hassasiyetli HF sens\u00f6r\u00fc, ola\u011fan\u00fcst\u00fc verimlilik ve m\u00fckemmel e\u015fit \u0131\u015f\u0131k da\u011f\u0131l\u0131m\u0131 ile etkileyicidir.\u00a0\u0130ki muhafaza tasar\u0131m\u0131 (yuvarlak\/kare) ve be\u015f boyut ile,\u00a0RS PRO R-serisi plus, n\u00f6tr veya s\u0131cak beyaz \u0131\u015f\u0131kta maksimum 3200 l\u00fcmene kadar ayd\u0131nlatma ile her zevke ve ihtiya\u00e7 i\u00e7in do\u011fru \u00e7\u00f6z\u00fcm\u00fc sunar.\u00a0Temel ve ana \u0131\u015f\u0131k seviyesinin ak\u0131ll\u0131 telefon arac\u0131l\u0131\u011f\u0131yla ayarlanmas\u0131 kolayd\u0131r.\u00a0\u0130ste\u011fe ba\u011fl\u0131 olarak uygulama arac\u0131l\u0131\u011f\u0131yla se\u00e7ilebilen arka \u0131\u015f\u0131k, \u00f6zellikle davetkar bir ayd\u0131nlatma havas\u0131 yarat\u0131r.\u00a0Kullan\u0131\u015fl\u0131 kom\u015fu grup i\u015flevi, her zaman sorunsuz bir \u015fekilde verimli ayd\u0131nlatma sa\u011flar.\u00a0Elektrik kesintisi durumunda, \u015farj edilebilir pille \u00e7al\u0131\u015fan iste\u011fe ba\u011fl\u0131 acil durum \u0131\u015f\u0131k mod\u00fcl\u00fc g\u00fcvenilir bir \u015fekilde yeterli \u0131\u015f\u0131k sa\u011flar.\u00a0Alternatif olarak merkezi ak\u00fc sistemlerine ba\u011flant\u0131 ile acil ayd\u0131nlatma \u00e7al\u0131\u015fmas\u0131 da m\u00fcmk\u00fcnd\u00fcr.\u00a0Sonu\u00e7: \u0130ster yeni yap\u0131 ister tadilat i\u00e7in &#8211; RS PRO R series plus, zaman\u0131m\u0131z\u0131n a\u00e7\u0131k ara en kapsaml\u0131 ayd\u0131nlatma \u00e7\u00f6z\u00fcm\u00fcd\u00fcr.<\/p>\n<h5 class=\"sc_item_title sc_title_title sc_align_none sc_item_title_style_accent sc_item_title_tag\"><a href=\"http:\/\/www.saosteknoloji.com.tr\/wp-content\/uploads\/2022\/04\/169377_WTK_06-2021_0131.jpg\"><img loading=\"lazy\" class=\"size-full wp-image-6705 aligncenter\" src=\"http:\/\/www.saosteknoloji.com.tr\/wp-content\/uploads\/2022\/04\/169377_WTK_06-2021_0131.jpg\" alt=\"\" width=\"632\" height=\"474\" srcset=\"http:\/\/www.saosteknoloji.com.tr\/wp-content\/uploads\/2022\/04\/169377_WTK_06-2021_0131.jpg 632w, http:\/\/www.saosteknoloji.com.tr\/wp-content\/uploads\/2022\/04\/169377_WTK_06-2021_0131-300x225.jpg 300w, http:\/\/www.saosteknoloji.com.tr\/wp-content\/uploads\/2022\/04\/169377_WTK_06-2021_0131-370x278.jpg 370w, http:\/\/www.saosteknoloji.com.tr\/wp-content\/uploads\/2022\/04\/169377_WTK_06-2021_0131-421x316.jpg 421w, http:\/\/www.saosteknoloji.com.tr\/wp-content\/uploads\/2022\/04\/169377_WTK_06-2021_0131-500x375.jpg 500w\" sizes=\"(max-width: 632px) 100vw, 632px\" \/><\/a><\/h5>\n<div class=\"sc_item_descr sc_title_descr sc_align_none\">\n<p>&nbsp;<\/p>\n<\/div>\n","protected":false},"excerpt":{"rendered":"<p style=\"text-align: left;\">Dijital.\u00a0dahice.\u00a0Uygulama arac\u0131l\u0131\u011f\u0131yla kablosuz olarak ayarlanabilen dijital RS PRO R10 plus SC sens\u00f6r anahtarl\u0131 \u0131\u015f\u0131k, ba\u011flant\u0131l\u0131 ayd\u0131nlatmay\u0131 inan\u0131lmaz derecede kolayla\u015ft\u0131r\u0131r.\u00a0Uygulama arac\u0131l\u0131\u011f\u0131yla kolayca ba\u015flat\u0131l\u0131r, birbirine ba\u011flan\u0131r ve se\u00e7ilen herhangi bir \u015fekilde ayarlanabilir, 4 ayd\u0131nlatma i\u015fleviyle birlikte gelir: temel \u0131\u015f\u0131k seviyesi, arka \u0131\u015f\u0131k, k\u0131s\u0131labilir ana \u0131\u015f\u0131k ve acil durum \u0131\u015f\u0131\u011f\u0131.\u00a0Y\u00fcksek hassasiyetli HF sens\u00f6r\u00fc (10 m eri\u015fim).\u00a0Opal dif\u00fcz\u00f6r kapa\u011f\u0131, e\u015fit \u0131\u015f\u0131k da\u011f\u0131l\u0131m\u0131 sa\u011flar.\u00a08,5 W, 992 lm.\u00a03000 K, 300 x 55 mm.\u00a0Alternatif olarak merkezi ak\u00fc sistemlerine ba\u011flant\u0131 ile acil ayd\u0131nlatma \u00e7al\u0131\u015fmas\u0131 da m\u00fcmk\u00fcnd\u00fcr.<\/p>\n<p>&nbsp;<\/p>\n<p>&nbsp;<\/p>\n","protected":false},"featured_media":6701,"template":"","meta":[],"_links":{"self":[{"href":"http:\/\/www.saosteknoloji.com.tr\/tr\/wp-json\/wp\/v2\/product\/6703"}],"collection":[{"href":"http:\/\/www.saosteknoloji.com.tr\/tr\/wp-json\/wp\/v2\/product"}],"about":[{"href":"http:\/\/www.saosteknoloji.com.tr\/tr\/wp-json\/wp\/v2\/types\/product"}],"version-history":[{"count":2,"href":"http:\/\/www.saosteknoloji.com.tr\/tr\/wp-json\/wp\/v2\/product\/6703\/revisions"}],"predecessor-version":[{"id":6709,"href":"http:\/\/www.saosteknoloji.com.tr\/tr\/wp-json\/wp\/v2\/product\/6703\/revisions\/6709"}],"wp:featuredmedia":[{"embeddable":true,"href":"http:\/\/www.saosteknoloji.com.tr\/tr\/wp-json\/wp\/v2\/media\/6701"}],"wp:attachment":[{"href":"http:\/\/www.saosteknoloji.com.tr\/tr\/wp-json\/wp\/v2\/media?parent=6703"}],"curies":[{"name":"wp","href":"https:\/\/api.w.org\/{rel}","templated":true}]}}