
{"id":7768,"date":"2024-05-22T12:32:54","date_gmt":"2024-05-22T09:32:54","guid":{"rendered":"http:\/\/www.saosteknoloji.com.tr\/?post_type=product&#038;p=7768"},"modified":"2024-05-22T14:43:25","modified_gmt":"2024-05-22T11:43:25","slug":"md-24-eco-kopya-22","status":"publish","type":"product","link":"http:\/\/www.saosteknoloji.com.tr\/tr\/urun\/md-24-eco-kopya-22\/","title":{"rendered":"MD-24 ECO"},"content":{"rendered":"<p><a href=\"http:\/\/www.saosteknoloji.com.tr\/wp-content\/uploads\/2019\/09\/teknoloji_pasif_kizilotesi.png\"><img loading=\"lazy\" class=\"alignnone wp-image-2568\" src=\"http:\/\/www.saosteknoloji.com.tr\/wp-content\/uploads\/2019\/09\/teknoloji_pasif_kizilotesi.png\" alt=\"\" width=\"653\" height=\"316\" srcset=\"http:\/\/www.saosteknoloji.com.tr\/wp-content\/uploads\/2019\/09\/teknoloji_pasif_kizilotesi.png 890w, http:\/\/www.saosteknoloji.com.tr\/wp-content\/uploads\/2019\/09\/teknoloji_pasif_kizilotesi-500x242.png 500w, http:\/\/www.saosteknoloji.com.tr\/wp-content\/uploads\/2019\/09\/teknoloji_pasif_kizilotesi-300x145.png 300w, http:\/\/www.saosteknoloji.com.tr\/wp-content\/uploads\/2019\/09\/teknoloji_pasif_kizilotesi-768x371.png 768w, http:\/\/www.saosteknoloji.com.tr\/wp-content\/uploads\/2019\/09\/teknoloji_pasif_kizilotesi-370x179.png 370w, http:\/\/www.saosteknoloji.com.tr\/wp-content\/uploads\/2019\/09\/teknoloji_pasif_kizilotesi-872x421.png 872w, http:\/\/www.saosteknoloji.com.tr\/wp-content\/uploads\/2019\/09\/teknoloji_pasif_kizilotesi-421x203.png 421w\" sizes=\"(max-width: 653px) 100vw, 653px\" \/><\/a><\/p>\n<p><strong>Pasif k\u0131z\u0131l \u00f6tesi (IR)<\/strong><\/p>\n<p>Hareket eden \u0131s\u0131 kaynaklar\u0131na tepki verir<\/p>\n<p>\u0130nsanlar\u0131n \u0131s\u0131 radyasyonu<\/p>\n<p>\u0130nsanlar, v\u00fccut \u0131s\u0131lar\u0131 nedeniyle k\u0131z\u0131l \u00f6tesi \u0131\u015f\u0131n radyasyonu yapar. Bu radyasyon k\u0131z\u0131l \u00f6tesi sens\u00f6r tekni\u011fi taraf\u0131ndan, hareketlerin alg\u0131lanmas\u0131 ve buna ba\u011fl\u0131 olarak tepki g\u00f6sterilmesi i\u00e7in kullan\u0131l\u0131r.<\/p>\n<p><strong>Nas\u0131l \u00c7al\u0131\u015f\u0131r?<\/strong><\/p>\n<p>K\u0131z\u0131l \u00f6tesi sens\u00f6r tekni\u011finin can damar\u0131, an\u0131ld\u0131\u011f\u0131 \u00fczere bir piro sens\u00f6rd\u00fcr. Bu elektronik mod\u00fcl, kendi kapsama alan\u0131 dahilindeki k\u0131z\u0131l \u00f6tesi \u0131s\u0131 radyasyonu de\u011fi\u015fti\u011finde, yani kapsama alan\u0131na bir insan girdi\u011finde tetiklenir. Bu nedenle ortaya \u00e7\u0131kan gerilim atlamas\u0131 sistem taraf\u0131ndan, \u0131\u015f\u0131\u011f\u0131n \u00e7al\u0131\u015ft\u0131r\u0131lmas\u0131n\u0131 sa\u011flayan bir elektronik impulsa d\u00f6n\u00fc\u015ft\u00fcr\u00fcl\u00fcr.<\/p>\n","protected":false},"excerpt":{"rendered":"<ul>\n<li>Ortak alanlara y\u00f6nelik serilerimiz<\/li>\n<li>24 m hareket alg\u0131lamal\u0131 hareket dedekt\u00f6r\u00fc<\/li>\n<li>B\u00fcy\u00fck ofisler, toplant\u0131 odalar\u0131 veya ge\u00e7itler i\u00e7in idealdir<\/li>\n<li>Manyetik tutucu ve yuvarlak tasar\u0131m sayesinde montaj\u0131 kolayd\u0131r<\/li>\n<li>Menzil geni\u015fletme i\u00e7in basmal\u0131 d\u00fc\u011fme giri\u015fi ve 10&#8217;a kadar sens\u00f6r\u00fcn paralel ba\u011flant\u0131s\u0131<\/li>\n<li>Alg\u0131lama s\u0131n\u0131rlamas\u0131 i\u00e7in tak\u0131labilir kapaklar dahil<\/li>\n<li>sensNORM&#8217;a g\u00f6re harici onay ve \u00f6l\u00e7\u00fcm<\/li>\n<\/ul>\n","protected":false},"featured_media":7320,"template":"","meta":[],"_links":{"self":[{"href":"http:\/\/www.saosteknoloji.com.tr\/tr\/wp-json\/wp\/v2\/product\/7768"}],"collection":[{"href":"http:\/\/www.saosteknoloji.com.tr\/tr\/wp-json\/wp\/v2\/product"}],"about":[{"href":"http:\/\/www.saosteknoloji.com.tr\/tr\/wp-json\/wp\/v2\/types\/product"}],"version-history":[{"count":3,"href":"http:\/\/www.saosteknoloji.com.tr\/tr\/wp-json\/wp\/v2\/product\/7768\/revisions"}],"predecessor-version":[{"id":7793,"href":"http:\/\/www.saosteknoloji.com.tr\/tr\/wp-json\/wp\/v2\/product\/7768\/revisions\/7793"}],"wp:featuredmedia":[{"embeddable":true,"href":"http:\/\/www.saosteknoloji.com.tr\/tr\/wp-json\/wp\/v2\/media\/7320"}],"wp:attachment":[{"href":"http:\/\/www.saosteknoloji.com.tr\/tr\/wp-json\/wp\/v2\/media?parent=7768"}],"curies":[{"name":"wp","href":"https:\/\/api.w.org\/{rel}","templated":true}]}}