
{"id":8221,"date":"2024-07-04T14:48:00","date_gmt":"2024-07-04T11:48:00","guid":{"rendered":"http:\/\/www.saosteknoloji.com.tr\/?post_type=product&#038;p=8221"},"modified":"2024-07-04T15:28:27","modified_gmt":"2024-07-04T12:28:27","slug":"is-345-mx-highbay-knx","status":"publish","type":"product","link":"http:\/\/www.saosteknoloji.com.tr\/tr\/urun\/is-345-mx-highbay-knx\/","title":{"rendered":"IS 345 MX Highbay KNX"},"content":{"rendered":"<p>&nbsp;<\/p>\n<p><a href=\"http:\/\/www.saosteknoloji.com.tr\/wp-content\/uploads\/2024\/07\/is-345-mx-highbay-knx-ornek-ortam.png\"><img loading=\"lazy\" class=\"alignleft size-full wp-image-8226\" src=\"http:\/\/www.saosteknoloji.com.tr\/wp-content\/uploads\/2024\/07\/is-345-mx-highbay-knx-ornek-ortam.png\" alt=\"\" width=\"1130\" height=\"654\" srcset=\"http:\/\/www.saosteknoloji.com.tr\/wp-content\/uploads\/2024\/07\/is-345-mx-highbay-knx-ornek-ortam.png 1130w, http:\/\/www.saosteknoloji.com.tr\/wp-content\/uploads\/2024\/07\/is-345-mx-highbay-knx-ornek-ortam-300x174.png 300w, http:\/\/www.saosteknoloji.com.tr\/wp-content\/uploads\/2024\/07\/is-345-mx-highbay-knx-ornek-ortam-1024x593.png 1024w, http:\/\/www.saosteknoloji.com.tr\/wp-content\/uploads\/2024\/07\/is-345-mx-highbay-knx-ornek-ortam-768x444.png 768w, http:\/\/www.saosteknoloji.com.tr\/wp-content\/uploads\/2024\/07\/is-345-mx-highbay-knx-ornek-ortam-370x214.png 370w, http:\/\/www.saosteknoloji.com.tr\/wp-content\/uploads\/2024\/07\/is-345-mx-highbay-knx-ornek-ortam-872x505.png 872w, http:\/\/www.saosteknoloji.com.tr\/wp-content\/uploads\/2024\/07\/is-345-mx-highbay-knx-ornek-ortam-421x244.png 421w, http:\/\/www.saosteknoloji.com.tr\/wp-content\/uploads\/2024\/07\/is-345-mx-highbay-knx-ornek-ortam-500x289.png 500w\" sizes=\"(max-width: 1130px) 100vw, 1130px\" \/><\/a><\/p>\n<p>&nbsp;<\/p>\n<p>&nbsp;<\/p>\n<p>&nbsp;<\/p>\n<p>&nbsp;<\/p>\n<p>&nbsp;<\/p>\n<p>&nbsp;<\/p>\n<p>&nbsp;<\/p>\n<p>&nbsp;<\/p>\n<p>&nbsp;<\/p>\n<p>&nbsp;<\/p>\n<p>&nbsp;<\/p>\n<p>&nbsp;<\/p>\n<p>&nbsp;<\/p>\n<p>&nbsp;<\/p>\n<p>&nbsp;<\/p>\n<p>&nbsp;<\/p>\n<p>&nbsp;<\/p>\n<p>&nbsp;<\/p>\n<p>&nbsp;<\/p>\n<p>&nbsp;<\/p>\n<p><strong>Y\u00fcksek rafl\u0131 depolar\u0131n uzman\u0131. Ve en y\u00fcksek g\u00f6zetim kalitesi seviyesi.<\/strong><\/p>\n<p>Y\u00fcksek rafl\u0131 depolar genellikle dar koridorlara ve y\u00fcksek tavanlara sahiptir. \u00c7o\u011fu sens\u00f6r i\u00e7in \u00e7ok y\u00fcksek. Tam olarak do\u011fru \u00e7\u00f6z\u00fcme sahibiz: IS 345 MX Highbay k\u0131z\u0131l\u00f6tesi hareket dedekt\u00f6r\u00fc, 16 m&#8217;ye kadar y\u00fcksekliklere montaj ve dar koridorlar aras\u0131nda hassas alg\u0131lama i\u00e7in \u00f6zel olarak geli\u015ftirildi. Oraya t\u00fcnemi\u015f olarak size kelimenin tam anlam\u0131yla en \u00fcst d\u00fczeyde g\u00f6zetim kalitesi sunar. B\u00f6ylece gelecekte sens\u00f6r sistemleri s\u00f6z konusu oldu\u011funda hedefinizi g\u00fcvenle daha y\u00fckse\u011fe koyabilirsiniz! Y\u00fczeye monteli olarak mevcuttur ve standart aray\u00fczlerle do\u011fal olarak uyumludur.<\/p>\n<p>&nbsp;<\/p>\n","protected":false},"excerpt":{"rendered":"<p>En \u00fcst d\u00fczeyde g\u00f6zetim. K\u0131z\u0131l\u00f6tesi hareket dedekt\u00f6r\u00fc IS 345 MX \u0130\u00e7 mekan i\u00e7in Highbay, depolarda, y\u00fcksek rafl\u0131 depolarda, makine at\u00f6lyelerinde, check-in alanlar\u0131nda ve kalk\u0131\u015f salonlar\u0131nda y\u00fcksek y\u00fckseklikler i\u00e7in idealdir, kurulum y\u00fcksekli\u011fi 16 m, alg\u0131lama alan\u0131 30 x 4 m (radyal), b\u00fcy\u00fck terminal Kolay kurulum i\u00e7in b\u00f6lme. Kare y\u00fczeye monte olarak mevcuttur.<\/p>\n","protected":false},"featured_media":8225,"template":"","meta":[],"_links":{"self":[{"href":"http:\/\/www.saosteknoloji.com.tr\/tr\/wp-json\/wp\/v2\/product\/8221"}],"collection":[{"href":"http:\/\/www.saosteknoloji.com.tr\/tr\/wp-json\/wp\/v2\/product"}],"about":[{"href":"http:\/\/www.saosteknoloji.com.tr\/tr\/wp-json\/wp\/v2\/types\/product"}],"version-history":[{"count":6,"href":"http:\/\/www.saosteknoloji.com.tr\/tr\/wp-json\/wp\/v2\/product\/8221\/revisions"}],"predecessor-version":[{"id":8233,"href":"http:\/\/www.saosteknoloji.com.tr\/tr\/wp-json\/wp\/v2\/product\/8221\/revisions\/8233"}],"wp:featuredmedia":[{"embeddable":true,"href":"http:\/\/www.saosteknoloji.com.tr\/tr\/wp-json\/wp\/v2\/media\/8225"}],"wp:attachment":[{"href":"http:\/\/www.saosteknoloji.com.tr\/tr\/wp-json\/wp\/v2\/media?parent=8221"}],"curies":[{"name":"wp","href":"https:\/\/api.w.org\/{rel}","templated":true}]}}