
{"id":8234,"date":"2024-07-04T16:35:24","date_gmt":"2024-07-04T13:35:24","guid":{"rendered":"http:\/\/www.saosteknoloji.com.tr\/?post_type=product&#038;p=8234"},"modified":"2024-07-04T16:47:38","modified_gmt":"2024-07-04T13:47:38","slug":"is-3360-mx-knx","status":"publish","type":"product","link":"http:\/\/www.saosteknoloji.com.tr\/tr\/urun\/is-3360-mx-knx\/","title":{"rendered":"IS 3360 MX KNX"},"content":{"rendered":"<p>&nbsp;<\/p>\n<p><a href=\"http:\/\/www.saosteknoloji.com.tr\/wp-content\/uploads\/2024\/07\/is-3360-mx-highbay-knx-ornek-ortam.png\"><img loading=\"lazy\" class=\"alignleft size-full wp-image-8236\" src=\"http:\/\/www.saosteknoloji.com.tr\/wp-content\/uploads\/2024\/07\/is-3360-mx-highbay-knx-ornek-ortam.png\" alt=\"\" width=\"908\" height=\"653\" srcset=\"http:\/\/www.saosteknoloji.com.tr\/wp-content\/uploads\/2024\/07\/is-3360-mx-highbay-knx-ornek-ortam.png 908w, http:\/\/www.saosteknoloji.com.tr\/wp-content\/uploads\/2024\/07\/is-3360-mx-highbay-knx-ornek-ortam-300x216.png 300w, http:\/\/www.saosteknoloji.com.tr\/wp-content\/uploads\/2024\/07\/is-3360-mx-highbay-knx-ornek-ortam-768x552.png 768w, http:\/\/www.saosteknoloji.com.tr\/wp-content\/uploads\/2024\/07\/is-3360-mx-highbay-knx-ornek-ortam-370x266.png 370w, http:\/\/www.saosteknoloji.com.tr\/wp-content\/uploads\/2024\/07\/is-3360-mx-highbay-knx-ornek-ortam-872x627.png 872w, http:\/\/www.saosteknoloji.com.tr\/wp-content\/uploads\/2024\/07\/is-3360-mx-highbay-knx-ornek-ortam-421x303.png 421w, http:\/\/www.saosteknoloji.com.tr\/wp-content\/uploads\/2024\/07\/is-3360-mx-highbay-knx-ornek-ortam-500x360.png 500w\" sizes=\"(max-width: 908px) 100vw, 908px\" \/><\/a><\/p>\n<p>&nbsp;<\/p>\n<p>&nbsp;<\/p>\n<p>&nbsp;<\/p>\n<p>&nbsp;<\/p>\n<p>&nbsp;<\/p>\n<p>&nbsp;<\/p>\n<p>&nbsp;<\/p>\n<p>&nbsp;<\/p>\n<p>&nbsp;<\/p>\n<p>&nbsp;<\/p>\n<p>&nbsp;<\/p>\n<p>&nbsp;<\/p>\n<p>&nbsp;<\/p>\n<p>&nbsp;<\/p>\n<p>&nbsp;<\/p>\n<p>&nbsp;<\/p>\n<p>&nbsp;<\/p>\n<p>&nbsp;<\/p>\n<p>&nbsp;<\/p>\n<p>&nbsp;<\/p>\n<p><strong>Y\u00fckseklere merakl\u0131 bir kafa. G\u00fc\u00e7l\u00fc eri\u015fim. G\u00fcvenilir.<\/strong><\/p>\n<p>End\u00fcstriyel salonlarda ve i\u015fyerlerinde tavanlar genellikle olduk\u00e7a y\u00fcksektir. O halde y\u00fcksek tavanlar\u0131n bile IS 3360 MX Highbay i\u00e7in sorun te\u015fkil etmedi\u011fini bilmek g\u00fczel. Uzun menzilli hareket dedekt\u00f6r\u00fc, ekstra geni\u015f bir alg\u0131lama b\u00f6lgesine sahiptir ve 14 metreye kadar y\u00fcksekli\u011fe kuruldu\u011funda bile kesinlikle tetikte kal\u0131r. IS 3360 MX Highbay son derece g\u00fcvenilirdir.<\/p>\n<p>&nbsp;<\/p>\n","protected":false},"excerpt":{"rendered":"<p>Y\u00fckseklere merakl\u0131 bir kafa. G\u00fc\u00e7l\u00fc eri\u015fim. G\u00fcvenilir. IS 3360 MX Highbay hareket dedekt\u00f6r\u00fc \u2013 end\u00fcstriyel binalardaki veya ticari m\u00fclklerdeki y\u00fcksek tavanlar i\u00e7in idealdir. 14 m&#8217;ye kadar montaj y\u00fckseklikleri i\u00e7in. Y\u00fcksek hassasiyetli 360\u00b0 k\u0131z\u0131l\u00f6tesi sens\u00f6r. Maksimum eri\u015fim: 18 m. 1000 m2&#8217;ye kadar izleme i\u00e7in. Kare y\u00fczeye monte ve gizli versiyon olarak mevcuttur.<\/p>\n","protected":false},"featured_media":8237,"template":"","meta":[],"_links":{"self":[{"href":"http:\/\/www.saosteknoloji.com.tr\/tr\/wp-json\/wp\/v2\/product\/8234"}],"collection":[{"href":"http:\/\/www.saosteknoloji.com.tr\/tr\/wp-json\/wp\/v2\/product"}],"about":[{"href":"http:\/\/www.saosteknoloji.com.tr\/tr\/wp-json\/wp\/v2\/types\/product"}],"version-history":[{"count":2,"href":"http:\/\/www.saosteknoloji.com.tr\/tr\/wp-json\/wp\/v2\/product\/8234\/revisions"}],"predecessor-version":[{"id":8240,"href":"http:\/\/www.saosteknoloji.com.tr\/tr\/wp-json\/wp\/v2\/product\/8234\/revisions\/8240"}],"wp:featuredmedia":[{"embeddable":true,"href":"http:\/\/www.saosteknoloji.com.tr\/tr\/wp-json\/wp\/v2\/media\/8237"}],"wp:attachment":[{"href":"http:\/\/www.saosteknoloji.com.tr\/tr\/wp-json\/wp\/v2\/media?parent=8234"}],"curies":[{"name":"wp","href":"https:\/\/api.w.org\/{rel}","templated":true}]}}