
{"id":8268,"date":"2024-07-05T15:54:54","date_gmt":"2024-07-05T12:54:54","guid":{"rendered":"http:\/\/www.saosteknoloji.com.tr\/?post_type=product&#038;p=8268"},"modified":"2024-07-05T16:28:34","modified_gmt":"2024-07-05T13:28:34","slug":"dual-hf-knx","status":"publish","type":"product","link":"http:\/\/www.saosteknoloji.com.tr\/tr\/urun\/dual-hf-knx\/","title":{"rendered":"Dual HF KNX"},"content":{"rendered":"<p><a href=\"http:\/\/www.saosteknoloji.com.tr\/wp-content\/uploads\/2024\/07\/dual-hf-knx-ornek-ortam.png\"><img loading=\"lazy\" class=\"alignleft size-full wp-image-8272\" src=\"http:\/\/www.saosteknoloji.com.tr\/wp-content\/uploads\/2024\/07\/dual-hf-knx-ornek-ortam.png\" alt=\"\" width=\"1099\" height=\"654\" srcset=\"http:\/\/www.saosteknoloji.com.tr\/wp-content\/uploads\/2024\/07\/dual-hf-knx-ornek-ortam.png 1099w, http:\/\/www.saosteknoloji.com.tr\/wp-content\/uploads\/2024\/07\/dual-hf-knx-ornek-ortam-300x179.png 300w, http:\/\/www.saosteknoloji.com.tr\/wp-content\/uploads\/2024\/07\/dual-hf-knx-ornek-ortam-1024x609.png 1024w, http:\/\/www.saosteknoloji.com.tr\/wp-content\/uploads\/2024\/07\/dual-hf-knx-ornek-ortam-768x457.png 768w, http:\/\/www.saosteknoloji.com.tr\/wp-content\/uploads\/2024\/07\/dual-hf-knx-ornek-ortam-370x220.png 370w, http:\/\/www.saosteknoloji.com.tr\/wp-content\/uploads\/2024\/07\/dual-hf-knx-ornek-ortam-872x519.png 872w, http:\/\/www.saosteknoloji.com.tr\/wp-content\/uploads\/2024\/07\/dual-hf-knx-ornek-ortam-421x251.png 421w, http:\/\/www.saosteknoloji.com.tr\/wp-content\/uploads\/2024\/07\/dual-hf-knx-ornek-ortam-500x298.png 500w\" sizes=\"(max-width: 1099px) 100vw, 1099px\" \/><\/a><\/p>\n<p>&nbsp;<\/p>\n<p>&nbsp;<\/p>\n<p>&nbsp;<\/p>\n<p>&nbsp;<\/p>\n<p>&nbsp;<\/p>\n<p>&nbsp;<\/p>\n<p>&nbsp;<\/p>\n<p>&nbsp;<\/p>\n<p>&nbsp;<\/p>\n<p>&nbsp;<\/p>\n<p>&nbsp;<\/p>\n<p>&nbsp;<\/p>\n<p>&nbsp;<\/p>\n<p>&nbsp;<\/p>\n<p>&nbsp;<\/p>\n<p>&nbsp;<\/p>\n<p>&nbsp;<\/p>\n<p>&nbsp;<\/p>\n<p>&nbsp;<\/p>\n<p>&nbsp;<\/p>\n<p>&nbsp;<\/p>\n<p><strong>Hem teknolojisi hem de tasar\u0131m\u0131yla yolu i\u015faret eden bir koridor sens\u00f6r\u00fc.<\/strong><br \/>\n\u00c7ift HF koridor sens\u00f6r\u00fc, \u00f6zellikle geli\u015fmi\u015f y\u00fcksek frekans teknolojisiyle \u00e7al\u0131\u015f\u0131r. Sistem, her biri bir koridor y\u00f6n\u00fcn\u00fc kapsayan 2 sens\u00f6rle donat\u0131lm\u0131\u015ft\u0131r. K\u00f6r noktalar olmadan tam ve g\u00fcvenilir alg\u0131lama i\u00e7in her ikisi birlikte y\u00fcr\u00fcme y\u00f6n\u00fcnde 20 metrelik iyi bir alan\u0131 kaplar. Te\u011fetsel eri\u015fim, \u00f6rne\u011fin kapal\u0131 kap\u0131lar ard\u0131ndaki hareketlerin alg\u0131lanmas\u0131n\u0131 \u00f6nlemek amac\u0131yla kas\u0131tl\u0131 olarak koridor geni\u015fli\u011fiyle s\u0131n\u0131rland\u0131r\u0131lm\u0131\u015ft\u0131r.<\/p>\n<p>&nbsp;<\/p>\n","protected":false},"excerpt":{"rendered":"<p>\u0130ki kat daha dikkatli! Y\u00fcksek frekansl\u0131 koridor sens\u00f6r\u00fc Varl\u0131k Kontrol\u00fc PRO \u0130\u00e7 mekan i\u00e7in Dual HF KNX, ge\u00e7i\u015f yollar\u0131 ve uzun koridorlar i\u00e7in idealdir, 3,5 m&#8217;ye kadar kurulum y\u00fcksekli\u011fi, 4 ayd\u0131nlatma kanal\u0131n\u0131 kontrol etmek i\u00e7in dijital BUS aray\u00fcz\u00fc ve iki y\u00f6nde hareketi alg\u0131layan HVAC, DUAL-HF teknolojisi 20 m&#8217;ye kadar radyal alg\u0131lama i\u00e7in, s\u0131cakl\u0131ktan ba\u011f\u0131ms\u0131z alg\u0131lama i\u00e7in, HF-sens\u00f6r teknolojisi ayn\u0131 zamanda cam, ah\u015fap ve dikili duvarlardaki hareketi alg\u0131lar ve \u0131\u015f\u0131\u011f\u0131 neredeyse an\u0131nda &#8216;A\u00c7IK&#8217; duruma getirir.<\/p>\n","protected":false},"featured_media":8273,"template":"","meta":[],"_links":{"self":[{"href":"http:\/\/www.saosteknoloji.com.tr\/tr\/wp-json\/wp\/v2\/product\/8268"}],"collection":[{"href":"http:\/\/www.saosteknoloji.com.tr\/tr\/wp-json\/wp\/v2\/product"}],"about":[{"href":"http:\/\/www.saosteknoloji.com.tr\/tr\/wp-json\/wp\/v2\/types\/product"}],"version-history":[{"count":2,"href":"http:\/\/www.saosteknoloji.com.tr\/tr\/wp-json\/wp\/v2\/product\/8268\/revisions"}],"predecessor-version":[{"id":8277,"href":"http:\/\/www.saosteknoloji.com.tr\/tr\/wp-json\/wp\/v2\/product\/8268\/revisions\/8277"}],"wp:featuredmedia":[{"embeddable":true,"href":"http:\/\/www.saosteknoloji.com.tr\/tr\/wp-json\/wp\/v2\/media\/8273"}],"wp:attachment":[{"href":"http:\/\/www.saosteknoloji.com.tr\/tr\/wp-json\/wp\/v2\/media?parent=8268"}],"curies":[{"name":"wp","href":"https:\/\/api.w.org\/{rel}","templated":true}]}}