
{"id":8290,"date":"2024-07-08T09:52:24","date_gmt":"2024-07-08T06:52:24","guid":{"rendered":"http:\/\/www.saosteknoloji.com.tr\/?post_type=product&#038;p=8290"},"modified":"2024-07-08T10:44:09","modified_gmt":"2024-07-08T07:44:09","slug":"hallway-knx-2","status":"publish","type":"product","link":"http:\/\/www.saosteknoloji.com.tr\/tr\/urun\/hallway-knx-2\/","title":{"rendered":"Hallway KNX"},"content":{"rendered":"<p><a href=\"http:\/\/www.saosteknoloji.com.tr\/wp-content\/uploads\/2024\/07\/dual-hf-knx-ornek-ortam-1.png\"><img loading=\"lazy\" class=\"alignleft size-full wp-image-8293\" src=\"http:\/\/www.saosteknoloji.com.tr\/wp-content\/uploads\/2024\/07\/dual-hf-knx-ornek-ortam-1.png\" alt=\"\" width=\"1099\" height=\"654\" srcset=\"http:\/\/www.saosteknoloji.com.tr\/wp-content\/uploads\/2024\/07\/dual-hf-knx-ornek-ortam-1.png 1099w, http:\/\/www.saosteknoloji.com.tr\/wp-content\/uploads\/2024\/07\/dual-hf-knx-ornek-ortam-1-300x179.png 300w, http:\/\/www.saosteknoloji.com.tr\/wp-content\/uploads\/2024\/07\/dual-hf-knx-ornek-ortam-1-1024x609.png 1024w, http:\/\/www.saosteknoloji.com.tr\/wp-content\/uploads\/2024\/07\/dual-hf-knx-ornek-ortam-1-768x457.png 768w, http:\/\/www.saosteknoloji.com.tr\/wp-content\/uploads\/2024\/07\/dual-hf-knx-ornek-ortam-1-370x220.png 370w, http:\/\/www.saosteknoloji.com.tr\/wp-content\/uploads\/2024\/07\/dual-hf-knx-ornek-ortam-1-872x519.png 872w, http:\/\/www.saosteknoloji.com.tr\/wp-content\/uploads\/2024\/07\/dual-hf-knx-ornek-ortam-1-421x251.png 421w, http:\/\/www.saosteknoloji.com.tr\/wp-content\/uploads\/2024\/07\/dual-hf-knx-ornek-ortam-1-500x298.png 500w\" sizes=\"(max-width: 1099px) 100vw, 1099px\" \/><\/a><\/p>\n<p>&nbsp;<\/p>\n<p>&nbsp;<\/p>\n<p>&nbsp;<\/p>\n<p>&nbsp;<\/p>\n<p>&nbsp;<\/p>\n<p>&nbsp;<\/p>\n<p>&nbsp;<\/p>\n<p>&nbsp;<\/p>\n<p>&nbsp;<\/p>\n<p>&nbsp;<\/p>\n<p>&nbsp;<\/p>\n<p>&nbsp;<\/p>\n<p>&nbsp;<\/p>\n<p>&nbsp;<\/p>\n<p>&nbsp;<\/p>\n<p>&nbsp;<\/p>\n<p>&nbsp;<\/p>\n<p>&nbsp;<\/p>\n<p>&nbsp;<\/p>\n<p>&nbsp;<\/p>\n<p>&nbsp;<\/p>\n<p><strong>Uzun koridorlar\u0131n ve reyonlar\u0131n uzman\u0131.<\/strong><\/p>\n<p>Control PRO II ailesiyle e\u015fle\u015fecek \u015fekilde tasarlanan Hallway Varl\u0131k Sens\u00f6r\u00fc, modern binalarda g\u00f6zle g\u00f6r\u00fcl\u00fcr \u015fekilde kal\u0131c\u0131 bir izlenim b\u0131rak\u0131yor. 25 x 3 m&#8217;lik bir alg\u0131lama b\u00f6lgesi sa\u011flayarak h\u0131zl\u0131 anahtarlama yan\u0131t\u0131n\u0131 garanti eder. Uzun koridor ve koridorlarda kullan\u0131m i\u00e7in idealdir. Bluetooth bunlar\u0131 kurma, \u00e7al\u0131\u015ft\u0131rma ve birbirine ba\u011flama zahmetini ortadan kald\u0131r\u0131r.<\/p>\n<p><iframe loading=\"lazy\" title=\"Animatic Hallway 6.0 | STEINEL Professional | English Version\" width=\"1308\" height=\"736\" src=\"https:\/\/www.youtube.com\/embed\/gY_Ka5B50Hs?start=1&#038;feature=oembed\" frameborder=\"0\" allow=\"accelerometer; autoplay; clipboard-write; encrypted-media; gyroscope; picture-in-picture; web-share\" referrerpolicy=\"strict-origin-when-cross-origin\" allowfullscreen><\/iframe><\/p>\n","protected":false},"excerpt":{"rendered":"<p>Daha ak\u0131ll\u0131 koridor sens\u00f6r\u00fc daha fazlas\u0131n\u0131 bilir. 25 m&#8217;ye kadar m\u00fckemmel radyal alg\u0131lama \u2013 uzun koridorlar ve holler i\u00e7in idealdir. Eri\u015fim her iki y\u00f6nde de ayarlanabilir. \u00c7a\u011fda\u015f Kontrol PRO II tasar\u0131m\u0131. Bluetooth teknolojisine sahiptir.<\/p>\n","protected":false},"featured_media":8294,"template":"","meta":[],"_links":{"self":[{"href":"http:\/\/www.saosteknoloji.com.tr\/tr\/wp-json\/wp\/v2\/product\/8290"}],"collection":[{"href":"http:\/\/www.saosteknoloji.com.tr\/tr\/wp-json\/wp\/v2\/product"}],"about":[{"href":"http:\/\/www.saosteknoloji.com.tr\/tr\/wp-json\/wp\/v2\/types\/product"}],"version-history":[{"count":3,"href":"http:\/\/www.saosteknoloji.com.tr\/tr\/wp-json\/wp\/v2\/product\/8290\/revisions"}],"predecessor-version":[{"id":8308,"href":"http:\/\/www.saosteknoloji.com.tr\/tr\/wp-json\/wp\/v2\/product\/8290\/revisions\/8308"}],"wp:featuredmedia":[{"embeddable":true,"href":"http:\/\/www.saosteknoloji.com.tr\/tr\/wp-json\/wp\/v2\/media\/8294"}],"wp:attachment":[{"href":"http:\/\/www.saosteknoloji.com.tr\/tr\/wp-json\/wp\/v2\/media?parent=8290"}],"curies":[{"name":"wp","href":"https:\/\/api.w.org\/{rel}","templated":true}]}}