
{"id":8304,"date":"2024-07-08T10:41:58","date_gmt":"2024-07-08T07:41:58","guid":{"rendered":"http:\/\/www.saosteknoloji.com.tr\/?post_type=product&#038;p=8304"},"modified":"2024-07-08T12:30:07","modified_gmt":"2024-07-08T09:30:07","slug":"pd-24-eco-knx","status":"publish","type":"product","link":"http:\/\/www.saosteknoloji.com.tr\/tr\/urun\/pd-24-eco-knx\/","title":{"rendered":"PD-24-ECO KNX"},"content":{"rendered":"<p><a href=\"http:\/\/www.saosteknoloji.com.tr\/wp-content\/uploads\/2024\/07\/pd-24-eco-knx-montaj.png\"><img loading=\"lazy\" class=\"size-full wp-image-8311 aligncenter\" src=\"http:\/\/www.saosteknoloji.com.tr\/wp-content\/uploads\/2024\/07\/pd-24-eco-knx-montaj.png\" alt=\"\" width=\"1070\" height=\"554\" srcset=\"http:\/\/www.saosteknoloji.com.tr\/wp-content\/uploads\/2024\/07\/pd-24-eco-knx-montaj.png 1070w, http:\/\/www.saosteknoloji.com.tr\/wp-content\/uploads\/2024\/07\/pd-24-eco-knx-montaj-300x155.png 300w, http:\/\/www.saosteknoloji.com.tr\/wp-content\/uploads\/2024\/07\/pd-24-eco-knx-montaj-1024x530.png 1024w, http:\/\/www.saosteknoloji.com.tr\/wp-content\/uploads\/2024\/07\/pd-24-eco-knx-montaj-768x398.png 768w, http:\/\/www.saosteknoloji.com.tr\/wp-content\/uploads\/2024\/07\/pd-24-eco-knx-montaj-370x192.png 370w, http:\/\/www.saosteknoloji.com.tr\/wp-content\/uploads\/2024\/07\/pd-24-eco-knx-montaj-872x451.png 872w, http:\/\/www.saosteknoloji.com.tr\/wp-content\/uploads\/2024\/07\/pd-24-eco-knx-montaj-421x218.png 421w, http:\/\/www.saosteknoloji.com.tr\/wp-content\/uploads\/2024\/07\/pd-24-eco-knx-montaj-500x259.png 500w\" sizes=\"(max-width: 1070px) 100vw, 1070px\" \/><\/a><\/p>\n<p>&nbsp;<\/p>\n<p>&nbsp;<\/p>\n<p><a href=\"http:\/\/www.saosteknoloji.com.tr\/wp-content\/uploads\/2024\/07\/pd-24-eco-kns-ortam-3.png\"><img loading=\"lazy\" class=\"size-full wp-image-8312 aligncenter\" src=\"http:\/\/www.saosteknoloji.com.tr\/wp-content\/uploads\/2024\/07\/pd-24-eco-kns-ortam-3.png\" alt=\"\" width=\"1098\" height=\"654\" srcset=\"http:\/\/www.saosteknoloji.com.tr\/wp-content\/uploads\/2024\/07\/pd-24-eco-kns-ortam-3.png 1098w, http:\/\/www.saosteknoloji.com.tr\/wp-content\/uploads\/2024\/07\/pd-24-eco-kns-ortam-3-300x179.png 300w, http:\/\/www.saosteknoloji.com.tr\/wp-content\/uploads\/2024\/07\/pd-24-eco-kns-ortam-3-1024x610.png 1024w, http:\/\/www.saosteknoloji.com.tr\/wp-content\/uploads\/2024\/07\/pd-24-eco-kns-ortam-3-768x457.png 768w, http:\/\/www.saosteknoloji.com.tr\/wp-content\/uploads\/2024\/07\/pd-24-eco-kns-ortam-3-370x220.png 370w, http:\/\/www.saosteknoloji.com.tr\/wp-content\/uploads\/2024\/07\/pd-24-eco-kns-ortam-3-872x519.png 872w, http:\/\/www.saosteknoloji.com.tr\/wp-content\/uploads\/2024\/07\/pd-24-eco-kns-ortam-3-421x251.png 421w, http:\/\/www.saosteknoloji.com.tr\/wp-content\/uploads\/2024\/07\/pd-24-eco-kns-ortam-3-500x298.png 500w\" sizes=\"(max-width: 1098px) 100vw, 1098px\" \/><\/a><\/p>\n<p>&nbsp;<\/p>\n<p style=\"text-align: left;\">Eco Plus serisinin yeni hareket ve varl\u0131k dedekt\u00f6rleri ile taahh\u00fct sekt\u00f6r\u00fcndeki en yayg\u0131n sens\u00f6r bazl\u0131 standart gereksinimler ve g\u00fcnl\u00fck senaryolar ba\u015far\u0131yla ve kolayca uygulanabilmektedir. Pragmatik giri\u015f seviyesi modeller, hakim g\u00fcn \u0131\u015f\u0131\u011f\u0131n\u0131 dikkate alarak ak\u0131ll\u0131, enerji tasarruflu ve \u00e7evre dostu \u0131\u015f\u0131k y\u00f6netimi i\u00e7in sa\u011flam bir temel olu\u015fturur. Y\u00fcksek performansl\u0131 k\u0131z\u0131l\u00f6tesi sens\u00f6rler, uyumlu renklerdeki tak\u0131labilir kapaklar arac\u0131l\u0131\u011f\u0131yla ihtiyaca g\u00f6re uyarlanabilen g\u00fcvenilir 360\u00b0 alg\u0131lamayla ikna edicidir. MD-8 hareket dedekt\u00f6r\u00fc ve PD-8 varl\u0131k dedekt\u00f6r\u00fc 8 m \u00e7ap\u0131ndaki hareketleri alg\u0131lar. MD-24 hareket dedekt\u00f6r\u00fc ve PD-24 varl\u0131k dedekt\u00f6r\u00fc 8 m \u00e7ap\u0131ndaki hareketleri alg\u0131lar. MD-24 hareket dedekt\u00f6r\u00fc ve PD-24 varl\u0131k dedekt\u00f6r\u00fc ise 24 metrelik bir menzile sahiptir. \u0130ki varl\u0131k dedekt\u00f6r\u00fc (PD), ayr\u0131ca s\u0131ras\u0131yla 6 ve 7,5 m&#8217;lik varl\u0131k aral\u0131\u011f\u0131n\u0131 kapsayan bir varl\u0131k alg\u0131lama fonksiyonuyla donat\u0131lm\u0131\u015ft\u0131r. Eco Plus serisinin t\u00fcm sens\u00f6rleri g\u00f6mme montajl\u0131, y\u00fczeye monteli veya tavana g\u00f6mme versiyonlar olarak mevcuttur.<\/p>\n<p>&nbsp;<\/p>\n<p>&nbsp;<\/p>\n","protected":false},"excerpt":{"rendered":"<ul>\n<li>Ortak aral\u0131klara y\u00f6nelik serilerimiz<\/li>\n<li>KNX veri yolu sistemine entegrasyon i\u00e7in 24 m hareket alg\u0131lamal\u0131 ve 7,5 m varl\u0131k alg\u0131lamal\u0131 varl\u0131k dedekt\u00f6r\u00fc<\/li>\n<li>B\u00fcy\u00fck ofisler, toplant\u0131 odalar\u0131 veya ge\u00e7i\u015f yollar\u0131 i\u00e7in idealdir<\/li>\n<li>Manyetik tutucu ve yuvarlak tasar\u0131m sayesinde montaj\u0131 kolayd\u0131r<\/li>\n<li>Programlama modunun uygulama arac\u0131l\u0131\u011f\u0131yla Ak\u0131ll\u0131 Uzaktan kumanda ile uzaktan ba\u015flat\u0131lmas\u0131<\/li>\n<li>Alg\u0131lama s\u0131n\u0131rlamas\u0131 i\u00e7in tak\u0131labilir kapaklar dahil<\/li>\n<li>sensNORM&#8217;a g\u00f6re harici onay ve \u00f6l\u00e7\u00fcm<\/li>\n<\/ul>\n","protected":false},"featured_media":8321,"template":"","meta":[],"_links":{"self":[{"href":"http:\/\/www.saosteknoloji.com.tr\/tr\/wp-json\/wp\/v2\/product\/8304"}],"collection":[{"href":"http:\/\/www.saosteknoloji.com.tr\/tr\/wp-json\/wp\/v2\/product"}],"about":[{"href":"http:\/\/www.saosteknoloji.com.tr\/tr\/wp-json\/wp\/v2\/types\/product"}],"version-history":[{"count":11,"href":"http:\/\/www.saosteknoloji.com.tr\/tr\/wp-json\/wp\/v2\/product\/8304\/revisions"}],"predecessor-version":[{"id":8330,"href":"http:\/\/www.saosteknoloji.com.tr\/tr\/wp-json\/wp\/v2\/product\/8304\/revisions\/8330"}],"wp:featuredmedia":[{"embeddable":true,"href":"http:\/\/www.saosteknoloji.com.tr\/tr\/wp-json\/wp\/v2\/media\/8321"}],"wp:attachment":[{"href":"http:\/\/www.saosteknoloji.com.tr\/tr\/wp-json\/wp\/v2\/media?parent=8304"}],"curies":[{"name":"wp","href":"https:\/\/api.w.org\/{rel}","templated":true}]}}