
{"id":8408,"date":"2024-07-09T14:36:44","date_gmt":"2024-07-09T11:36:44","guid":{"rendered":"http:\/\/www.saosteknoloji.com.tr\/?post_type=product&#038;p=8408"},"modified":"2024-07-09T15:57:26","modified_gmt":"2024-07-09T12:57:26","slug":"multisensor-aerosol-knx","status":"publish","type":"product","link":"http:\/\/www.saosteknoloji.com.tr\/tr\/urun\/multisensor-aerosol-knx\/","title":{"rendered":"Multisensor Aerosol KNX"},"content":{"rendered":"<p>&nbsp;<\/p>\n<p>&nbsp;<\/p>\n<p>&nbsp;<\/p>\n<p><a href=\"http:\/\/www.saosteknoloji.com.tr\/wp-content\/uploads\/2024\/07\/multisensor-aerosol-knx-ortam.jpeg\"><img class=\"size-trx_addonsthumbportrait wp-image-8412 alignright\" src=\"http:\/\/www.saosteknoloji.com.tr\/wp-content\/uploads\/2024\/07\/multisensor-aerosol-knx-ortam.jpeg\" alt=\"\" \/><\/a><\/p>\n<p><strong>Sa\u011fl\u0131kl\u0131 bir i\u00e7 mekan iklimine odaklanmak<\/strong><br \/>\nTrue Presence\u00ae \u00fcr\u00fcn ailesi yeni standartlar belirliyor. \u00dcr\u00fcn yelpazesini tamamlayan sens\u00f6rler, sisteme basit ve g\u00fcvenilir bir \u015fekilde ek bilgiler sa\u011flar. Multisens\u00f6r Aerosol KNX hava, \u0131\u015f\u0131k seviyesi ve s\u0131cakl\u0131k \u00f6l\u00e7\u00fcmlerinde uzmand\u0131r, bu verileri havadaki potansiyel enfeksiyon riskini tan\u0131mlamak i\u00e7in kullan\u0131r ve bulgular\u0131n\u0131 KNX i\u00e7in bir ileti\u015fim nesnesi olarak g\u00f6r\u00fcnt\u00fcler. True Presence\u00ae alg\u0131lamas\u0131 olmadan, ancak ayn\u0131, ola\u011fan\u00fcst\u00fc tasar\u0131m\u0131yla g\u00fcn\u00fcm\u00fcz binalar\u0131ndaki modern tavan g\u00f6r\u00fcn\u00fcm\u00fcne kusursuz bir \u015fekilde uyum sa\u011flar. \u0130yi hava hissi veren sens\u00f6r.<\/p>\n<p>&nbsp;<\/p>\n","protected":false},"excerpt":{"rendered":"<p>\u00d6\u011frenmek, \u00e7al\u0131\u015fmak ve daha iyi ko\u015fullar i\u00e7in profesyonel. Multisensor Aerosol KNX bina y\u00f6netim sistemine yaln\u0131zca s\u0131cakl\u0131k, nem, hava bas\u0131nc\u0131, u\u00e7ucu organik bile\u015fikler (VOC), CO2 konsantrasyonu ve \u0131\u015f\u0131k seviyesi gibi g\u00fcvenilir ek bilgiler sa\u011flamakla kalmaz. Ayr\u0131ca bunu havadaki potansiyel enfeksiyon riskinin belirlenmesinde ve KNX i\u00e7in bir ileti\u015fim nesnesi gibi ekranlarda temel olarak kullan\u0131r. Sa\u011fl\u0131kl\u0131 bir i\u00e7 mekan iklimi i\u00e7in tasarland\u0131.<\/p>\n<p>&nbsp;<\/p>\n","protected":false},"featured_media":8413,"template":"","meta":[],"_links":{"self":[{"href":"http:\/\/www.saosteknoloji.com.tr\/tr\/wp-json\/wp\/v2\/product\/8408"}],"collection":[{"href":"http:\/\/www.saosteknoloji.com.tr\/tr\/wp-json\/wp\/v2\/product"}],"about":[{"href":"http:\/\/www.saosteknoloji.com.tr\/tr\/wp-json\/wp\/v2\/types\/product"}],"version-history":[{"count":5,"href":"http:\/\/www.saosteknoloji.com.tr\/tr\/wp-json\/wp\/v2\/product\/8408\/revisions"}],"predecessor-version":[{"id":8420,"href":"http:\/\/www.saosteknoloji.com.tr\/tr\/wp-json\/wp\/v2\/product\/8408\/revisions\/8420"}],"wp:featuredmedia":[{"embeddable":true,"href":"http:\/\/www.saosteknoloji.com.tr\/tr\/wp-json\/wp\/v2\/media\/8413"}],"wp:attachment":[{"href":"http:\/\/www.saosteknoloji.com.tr\/tr\/wp-json\/wp\/v2\/media?parent=8408"}],"curies":[{"name":"wp","href":"https:\/\/api.w.org\/{rel}","templated":true}]}}