
{"id":8422,"date":"2024-07-09T15:09:37","date_gmt":"2024-07-09T12:09:37","guid":{"rendered":"http:\/\/www.saosteknoloji.com.tr\/?post_type=product&#038;p=8422"},"modified":"2024-07-29T10:07:10","modified_gmt":"2024-07-29T07:07:10","slug":"true-presence-multisensor-aerosol-knx","status":"publish","type":"product","link":"http:\/\/www.saosteknoloji.com.tr\/tr\/urun\/true-presence-multisensor-aerosol-knx\/","title":{"rendered":"True Presence Multisensor Aerosol KNX"},"content":{"rendered":"<p>&nbsp;<\/p>\n<p>&nbsp;<\/p>\n<p>&nbsp;<\/p>\n<p><a href=\"http:\/\/www.saosteknoloji.com.tr\/wp-content\/uploads\/2024\/07\/multisensor-aerosol-knx-ortam.jpeg\"><img class=\"alignleft size-trx_addonsthumbportrait wp-image-8412\" src=\"http:\/\/www.saosteknoloji.com.tr\/wp-content\/uploads\/2024\/07\/multisensor-aerosol-knx-ortam.jpeg\" alt=\"\" \/><\/a><\/p>\n<p>&nbsp;<\/p>\n<p><strong>Havan\u0131n saf ve temiz olup olmad\u0131\u011f\u0131n\u0131 tespit eder.<\/strong><br \/>\n\u015eimdiye kadarki en hassas varl\u0131k dedekt\u00f6r\u00fc, en \u00fcst\u00fcn duyu organ\u0131 haline gelir. \u0130nsanlar\u0131n do\u011fru tespiti i\u00e7in \u0131\u015f\u0131k seviyesi, ortam s\u0131cakl\u0131\u011f\u0131, nem, hava bas\u0131nc\u0131, u\u00e7ucu organik bile\u015fikler (VOC) ve CO2 \u00f6l\u00e7\u00fcmleri gereklidir. Bina otomasyonunun dijitalle\u015ftirilmesini kal\u0131c\u0131 olarak ilerletmeye yard\u0131mc\u0131 olacak bilgiler. Bu kombinasyonda ve ilk kez True Presence\u00ae Multisensor Aerosol KNX, ayn\u0131 zamanda KNX i\u00e7in bir ileti\u015fim nesnesi olarak potansiyel enfeksiyon riskini tan\u0131mlama ve g\u00f6r\u00fcnt\u00fcleme yetene\u011fine de sahiptir. Zeka olu\u015fturmaya, insanlar\u0131n refah duygusuna ve binay\u0131 maliyet verimli bir \u015fekilde i\u015fletmeye yap\u0131lan bir yat\u0131r\u0131md\u0131r. Modern bina y\u00f6netimi i\u00e7in gerekli kesin, dijital bilgiler kullan\u0131m amac\u0131yla tasarland\u0131.<\/p>\n<p>&nbsp;<\/p>\n","protected":false},"excerpt":{"rendered":"<p>\u00d6l\u00e7\u00fclebilir derecede sa\u011fl\u0131kl\u0131 i\u00e7 mekan havas\u0131 i\u00e7in. True Presence\u00ae Multisensor Aerosol KNX insan varl\u0131\u011f\u0131n\u0131 alg\u0131lar ve \u0131\u015f\u0131k seviyesini, oda s\u0131cakl\u0131\u011f\u0131n\u0131, nemi, hava kalitesini, u\u00e7ucu organik bile\u015fikleri (VOC) ve CO2&#8217;yi \u00f6l\u00e7er. Bu, ilk kez KNX i\u00e7in bir ileti\u015fim nesnesi olarak potansiyel bir enfeksiyon riskinin tan\u0131mlanmas\u0131 ve g\u00f6r\u00fcnt\u00fclenmesi i\u00e7in temel olarak kullan\u0131labilir. Sonu\u00e7: daha iyi sa\u011fl\u0131k, daha iyi g\u00fcvenlik, daha iyi verimlilik ve daha iyi konfor.<\/p>\n","protected":false},"featured_media":8421,"template":"","meta":[],"_links":{"self":[{"href":"http:\/\/www.saosteknoloji.com.tr\/tr\/wp-json\/wp\/v2\/product\/8422"}],"collection":[{"href":"http:\/\/www.saosteknoloji.com.tr\/tr\/wp-json\/wp\/v2\/product"}],"about":[{"href":"http:\/\/www.saosteknoloji.com.tr\/tr\/wp-json\/wp\/v2\/types\/product"}],"version-history":[{"count":2,"href":"http:\/\/www.saosteknoloji.com.tr\/tr\/wp-json\/wp\/v2\/product\/8422\/revisions"}],"predecessor-version":[{"id":8426,"href":"http:\/\/www.saosteknoloji.com.tr\/tr\/wp-json\/wp\/v2\/product\/8422\/revisions\/8426"}],"wp:featuredmedia":[{"embeddable":true,"href":"http:\/\/www.saosteknoloji.com.tr\/tr\/wp-json\/wp\/v2\/media\/8421"}],"wp:attachment":[{"href":"http:\/\/www.saosteknoloji.com.tr\/tr\/wp-json\/wp\/v2\/media?parent=8422"}],"curies":[{"name":"wp","href":"https:\/\/api.w.org\/{rel}","templated":true}]}}