
{"id":8430,"date":"2024-07-09T15:41:52","date_gmt":"2024-07-09T12:41:52","guid":{"rendered":"http:\/\/www.saosteknoloji.com.tr\/?post_type=product&#038;p=8430"},"modified":"2024-07-09T15:55:38","modified_gmt":"2024-07-09T12:55:38","slug":"multisensor-air-knx-2","status":"publish","type":"product","link":"http:\/\/www.saosteknoloji.com.tr\/tr\/urun\/multisensor-air-knx-2\/","title":{"rendered":"Multisensor Air KNX"},"content":{"rendered":"<p><iframe loading=\"lazy\" title=\"Animatic Multisensor KNX 6.0 | STEINEL Professional | English Version\" width=\"1308\" height=\"736\" src=\"https:\/\/www.youtube.com\/embed\/kedkJgVM5x0?feature=oembed\" frameborder=\"0\" allow=\"accelerometer; autoplay; clipboard-write; encrypted-media; gyroscope; picture-in-picture; web-share\" referrerpolicy=\"strict-origin-when-cross-origin\" allowfullscreen><\/iframe><\/p>\n<p>&nbsp;<\/p>\n<p>&nbsp;<\/p>\n<p>&nbsp;<\/p>\n<p>&nbsp;<\/p>\n<p><strong>Sa\u011fl\u0131kl\u0131 bir i\u00e7 mekan iklimine odaklanmak.<\/strong><br \/>\nTrue Presence\u00ae \u00fcr\u00fcn ailesi yeni standartlar belirliyor. Sistem, g\u00fcvenilir \u015fekilde ek bilgi sa\u011flayan sens\u00f6rlerle tamamlanm\u0131\u015ft\u0131r. Multisens\u00f6r AIR KNX hava, parlakl\u0131k ve s\u0131cakl\u0131k alg\u0131lama konusunda uzmanla\u015fm\u0131\u015ft\u0131r. True Presence\u00ae alg\u0131lamas\u0131 olmasa da modern benzersiz g\u00f6r\u00fcn\u00fcm\u00fcyle modern bir binan\u0131n g\u00f6r\u00fcn\u00fcm\u00fcne kolayl\u0131kla uyum sa\u011flar. \u0130yi bir atmosfer duygusuna sahip sens\u00f6r.<\/p>\n<p>&nbsp;<\/p>\n","protected":false},"excerpt":{"rendered":"<p>Multisens\u00f6r AIR KNX, hava, parlakl\u0131k ve s\u0131cakl\u0131k uzman\u0131. Multisensor Air KNX, bina y\u00f6netim sistemine g\u00fcvenilir ek bilgiler sa\u011flar. S\u0131cakl\u0131k, nem, hava bas\u0131nc\u0131n\u0131, u\u00e7ucu organik bile\u015fikleri (VOC), CO2 konsantrasyonunu ve parlakl\u0131\u011f\u0131 \u00f6l\u00e7er. True Presence\u00ae tespiti olmadan. Ancak True Presence ailesinin tasar\u0131m\u0131na y\u00f6neliktir. Modern bir tavan i\u00e7in \u00e7epe\u00e7evre bak\u0131n. Kolay entegrasyon i\u00e7in KNX aray\u00fcz\u00fc.<\/p>\n","protected":false},"featured_media":8434,"template":"","meta":[],"_links":{"self":[{"href":"http:\/\/www.saosteknoloji.com.tr\/tr\/wp-json\/wp\/v2\/product\/8430"}],"collection":[{"href":"http:\/\/www.saosteknoloji.com.tr\/tr\/wp-json\/wp\/v2\/product"}],"about":[{"href":"http:\/\/www.saosteknoloji.com.tr\/tr\/wp-json\/wp\/v2\/types\/product"}],"version-history":[{"count":1,"href":"http:\/\/www.saosteknoloji.com.tr\/tr\/wp-json\/wp\/v2\/product\/8430\/revisions"}],"predecessor-version":[{"id":8436,"href":"http:\/\/www.saosteknoloji.com.tr\/tr\/wp-json\/wp\/v2\/product\/8430\/revisions\/8436"}],"wp:featuredmedia":[{"embeddable":true,"href":"http:\/\/www.saosteknoloji.com.tr\/tr\/wp-json\/wp\/v2\/media\/8434"}],"wp:attachment":[{"href":"http:\/\/www.saosteknoloji.com.tr\/tr\/wp-json\/wp\/v2\/media?parent=8430"}],"curies":[{"name":"wp","href":"https:\/\/api.w.org\/{rel}","templated":true}]}}