
{"id":8510,"date":"2024-07-12T09:55:52","date_gmt":"2024-07-12T06:55:52","guid":{"rendered":"http:\/\/www.saosteknoloji.com.tr\/?post_type=product&#038;p=8510"},"modified":"2024-07-29T10:19:23","modified_gmt":"2024-07-29T07:19:23","slug":"true-presence","status":"publish","type":"product","link":"http:\/\/www.saosteknoloji.com.tr\/tr\/urun\/true-presence\/","title":{"rendered":"True Presence KNX"},"content":{"rendered":"<h3>\u0130lk ger\u00e7ek varl\u0131k dedekt\u00f6r\u00fc.<\/h3>\n<p>\u0130leriye bakmak yukar\u0131ya bakmay\u0131 takip eder. true presence\u00ae ilk ger\u00e7ek varl\u0131k dedekt\u00f6r\u00fc olarak geli\u015ftirilmi\u015ftir. Bir ki\u015finin odada olup olmad\u0131\u011f\u0131n\u0131 g\u00fcvenilir bir \u015fekilde g\u00f6sterir. Bu, g\u00fcvenilir yokluk tespitinin ilk kez m\u00fcmk\u00fcn oldu\u011fu anlam\u0131na gelir. Bu bilgi, ON zamanlar\u0131na gerek kalmadan ve herhangi bir elektrik israf\u0131 olmadan ayd\u0131nlatman\u0131n g\u00fcvenilir bir \u015fekilde etkinle\u015ftirilmesini ve devre d\u0131\u015f\u0131 b\u0131rak\u0131lmas\u0131n\u0131 sa\u011flar. Varl\u0131k ve yoklukla ilgili ayr\u0131nt\u0131l\u0131 bilgi, bina y\u00f6netimi i\u00e7in \u00e7ok de\u011ferli olabilecek \u00e7ok say\u0131da ba\u015fka uygulamaya yol a\u00e7ar. Bu, geli\u015fmi\u015f bina otomasyonunda yeni bir standart belirler.<\/p>\n<p>&nbsp;<\/p>\n<p><iframe loading=\"lazy\" title=\"Animatic TruePresence 6.0 | STEINEL Professional | English Version\" width=\"1308\" height=\"736\" src=\"https:\/\/www.youtube.com\/embed\/jmOpvYyyjc0?start=2&#038;feature=oembed\" frameborder=\"0\" allow=\"accelerometer; autoplay; clipboard-write; encrypted-media; gyroscope; picture-in-picture; web-share\" referrerpolicy=\"strict-origin-when-cross-origin\" allowfullscreen><\/iframe><\/p>\n<p>&nbsp;<\/p>\n","protected":false},"excerpt":{"rendered":"<p>D\u00fcnyan\u0131n ilk ger\u00e7ek varl\u0131k dedekt\u00f6r\u00fc! Art\u0131k gereksiz a\u00e7\u0131k kalma s\u00fcreleri yok \u2013 gereksiz elektrik maliyetleri yok. \u00c7evredeki alan\u0131n hassas y\u00fcksek frekansl\u0131 \u00f6l\u00e7\u00fcm\u00fc %100 g\u00fcvenilir alg\u0131lama sa\u011flar. Ger\u00e7ek Varl\u0131k dedekt\u00f6r\u00fc, v\u00fccudun mikro hareketlerinin yan\u0131 s\u0131ra nefes al\u0131p verme veya omuz hareketi gibi insan\u0131n hayati i\u015flevlerine dayanarak 64 m\u00b2&#8217;lik bir alanda ki\u015filerin mevcut olup olmad\u0131\u011f\u0131n\u0131 g\u00fcvenilir bir \u015fekilde belirler. Bina otomasyonunda yeni standart.<\/p>\n","protected":false},"featured_media":8519,"template":"","meta":[],"_links":{"self":[{"href":"http:\/\/www.saosteknoloji.com.tr\/tr\/wp-json\/wp\/v2\/product\/8510"}],"collection":[{"href":"http:\/\/www.saosteknoloji.com.tr\/tr\/wp-json\/wp\/v2\/product"}],"about":[{"href":"http:\/\/www.saosteknoloji.com.tr\/tr\/wp-json\/wp\/v2\/types\/product"}],"version-history":[{"count":6,"href":"http:\/\/www.saosteknoloji.com.tr\/tr\/wp-json\/wp\/v2\/product\/8510\/revisions"}],"predecessor-version":[{"id":8517,"href":"http:\/\/www.saosteknoloji.com.tr\/tr\/wp-json\/wp\/v2\/product\/8510\/revisions\/8517"}],"wp:featuredmedia":[{"embeddable":true,"href":"http:\/\/www.saosteknoloji.com.tr\/tr\/wp-json\/wp\/v2\/media\/8519"}],"wp:attachment":[{"href":"http:\/\/www.saosteknoloji.com.tr\/tr\/wp-json\/wp\/v2\/media?parent=8510"}],"curies":[{"name":"wp","href":"https:\/\/api.w.org\/{rel}","templated":true}]}}