
{"id":8915,"date":"2025-09-01T15:10:55","date_gmt":"2025-09-01T12:10:55","guid":{"rendered":"http:\/\/www.saosteknoloji.com.tr\/?post_type=product&#038;p=8915"},"modified":"2025-09-01T17:12:43","modified_gmt":"2025-09-01T14:12:43","slug":"md-ir-n130-com1","status":"publish","type":"product","link":"http:\/\/www.saosteknoloji.com.tr\/tr\/urun\/md-ir-n130-com1\/","title":{"rendered":"MD IR N130 COM1"},"content":{"rendered":"<h6 id=\"tw-target-text\" class=\"tw-data-text tw-text-large tw-ta\" dir=\"ltr\" data-placeholder=\"\u00c7eviri\" data-ved=\"2ahUKEwipzvrGwrePAxUfQ_EDHaFeLp8Q3ewLegQICxAV\" aria-label=\"\u00c7evrilmi\u015f metin: Eri\u015fim alanlar\u0131 daha net g\u00f6r\u00fcn\u00fcr: bina giri\u015fleri ve cepheleri i\u00e7in ideal \u00e7\u00f6z\u00fcm Eagle Eye teknolojisi, sens\u00f6re do\u011fru y\u00fcr\u00fcrken bireysel alg\u0131lama aral\u0131\u011f\u0131n\u0131 geni\u015fletir Maksimum g\u00fc\u00e7 600 W (LED uyumlu) \u00dc\u00e7 alg\u0131lama aral\u0131\u011f\u0131na sahip sens\u00f6r ailesi: 130\u00b0 veya 270\u00b0 duvara montaj ve 360\u00b0 tavana montaj, s\u0131va \u00fcst\u00fc veya g\u00f6mme versiyon olarak mevcuttur Bluetooth Mesh \u00fczerinden devreye alma, ayarlar ve a\u011f olu\u015fturma Ba\u011fl\u0131 d\u0131\u015f mekan \u0131\u015f\u0131klar\u0131n\u0131 kontrol etme, zamanlay\u0131c\u0131 programlar\u0131 tan\u0131mlama ve kablosuz butonlar\u0131 entegre etme gibi kapsaml\u0131 Connect i\u015flevselli\u011fi \u0130ste\u011fe ba\u011fl\u0131 olarak k\u00f6\u015fe duvar montaj\u0131 mevcuttur\"><span class=\"Y2IQFc\" lang=\"tr\">Eri\u015fim alanlar\u0131 daha net g\u00f6r\u00fcn\u00fcr: bina giri\u015fleri ve cepheleri i\u00e7in ideal \u00e7\u00f6z\u00fcm Eagle Eye teknolojisi, sens\u00f6re do\u011fru y\u00fcr\u00fcrken bireysel alg\u0131lama aral\u0131\u011f\u0131n\u0131 geni\u015fletir. Maksimum g\u00fc\u00e7 600 W (LED uyumlu) \u00dc\u00e7 alg\u0131lama aral\u0131\u011f\u0131na sahip sens\u00f6r ailesi: 130\u00b0 veya 270\u00b0 duvara montaj ve 360\u00b0 tavana montaj, s\u0131va \u00fcst\u00fc veya g\u00f6mme versiyon olarak mevcuttur Bluetooth Mesh \u00fczerinden devreye alma, ayarlar ve a\u011f olu\u015fturma Ba\u011fl\u0131 d\u0131\u015f mekan \u0131\u015f\u0131klar\u0131n\u0131 kontrol etme, zamanlay\u0131c\u0131 programlar\u0131 tan\u0131mlama ve kablosuz butonlar\u0131 entegre etme gibi kapsaml\u0131 Connect i\u015flevselli\u011fi \u0130ste\u011fe ba\u011fl\u0131 olarak k\u00f6\u015fe duvar montaj\u0131 mevcuttur.<\/span><\/h6>\n","protected":false},"excerpt":{"rendered":"<h6 id=\"tw-target-text\" class=\"tw-data-text tw-text-large tw-ta\" dir=\"ltr\" data-placeholder=\"\u00c7eviri\" data-ved=\"2ahUKEwipzvrGwrePAxUfQ_EDHaFeLp8Q3ewLegQICxAV\" aria-label=\"\u00c7evrilmi\u015f metin: Eri\u015fim alanlar\u0131 daha net g\u00f6r\u00fcn\u00fcr: bina giri\u015fleri ve cepheleri i\u00e7in ideal \u00e7\u00f6z\u00fcm Eagle Eye teknolojisi, sens\u00f6re do\u011fru y\u00fcr\u00fcrken bireysel alg\u0131lama aral\u0131\u011f\u0131n\u0131 geni\u015fletir Maksimum g\u00fc\u00e7 600 W (LED uyumlu) \u00dc\u00e7 alg\u0131lama aral\u0131\u011f\u0131na sahip sens\u00f6r ailesi: 130\u00b0 veya 270\u00b0 duvara montaj ve 360\u00b0 tavana montaj, s\u0131va \u00fcst\u00fc veya g\u00f6mme versiyon olarak mevcuttur Bluetooth Mesh \u00fczerinden devreye alma, ayarlar ve a\u011f olu\u015fturma Ba\u011fl\u0131 d\u0131\u015f mekan \u0131\u015f\u0131klar\u0131n\u0131 kontrol etme, zamanlay\u0131c\u0131 programlar\u0131 tan\u0131mlama ve kablosuz butonlar\u0131 entegre etme gibi kapsaml\u0131 Connect i\u015flevselli\u011fi \u0130ste\u011fe ba\u011fl\u0131 olarak k\u00f6\u015fe duvar montaj\u0131 mevcuttur\"><strong><span class=\"Y2IQFc\" lang=\"tr\">Eri\u015fim alanlar\u0131 daha net g\u00f6r\u00fcn\u00fcr: bina giri\u015fleri ve cepheleri i\u00e7in ideal \u00e7\u00f6z\u00fcm Eagle Eye teknolojisi, sens\u00f6re do\u011fru y\u00fcr\u00fcrken bireysel alg\u0131lama aral\u0131\u011f\u0131n\u0131 geni\u015fletir. Maksimum g\u00fc\u00e7 600 W (LED uyumlu) \u00dc\u00e7 alg\u0131lama aral\u0131\u011f\u0131na sahip sens\u00f6r ailesi: 130\u00b0 veya 270\u00b0 duvara montaj ve 360\u00b0 tavana montaj, s\u0131va \u00fcst\u00fc veya g\u00f6mme versiyon olarak mevcuttur Bluetooth Mesh \u00fczerinden devreye alma, ayarlar ve a\u011f olu\u015fturma Ba\u011fl\u0131 d\u0131\u015f mekan \u0131\u015f\u0131klar\u0131n\u0131 kontrol etme, zamanlay\u0131c\u0131 programlar\u0131 tan\u0131mlama ve kablosuz butonlar\u0131 entegre etme gibi kapsaml\u0131 Connect i\u015flevselli\u011fi \u0130ste\u011fe ba\u011fl\u0131 olarak k\u00f6\u015fe duvar montaj\u0131 mevcuttur.<\/span><\/strong><\/h6>\n","protected":false},"featured_media":8938,"template":"","meta":[],"_links":{"self":[{"href":"http:\/\/www.saosteknoloji.com.tr\/tr\/wp-json\/wp\/v2\/product\/8915"}],"collection":[{"href":"http:\/\/www.saosteknoloji.com.tr\/tr\/wp-json\/wp\/v2\/product"}],"about":[{"href":"http:\/\/www.saosteknoloji.com.tr\/tr\/wp-json\/wp\/v2\/types\/product"}],"version-history":[{"count":6,"href":"http:\/\/www.saosteknoloji.com.tr\/tr\/wp-json\/wp\/v2\/product\/8915\/revisions"}],"predecessor-version":[{"id":8940,"href":"http:\/\/www.saosteknoloji.com.tr\/tr\/wp-json\/wp\/v2\/product\/8915\/revisions\/8940"}],"wp:featuredmedia":[{"embeddable":true,"href":"http:\/\/www.saosteknoloji.com.tr\/tr\/wp-json\/wp\/v2\/media\/8938"}],"wp:attachment":[{"href":"http:\/\/www.saosteknoloji.com.tr\/tr\/wp-json\/wp\/v2\/media?parent=8915"}],"curies":[{"name":"wp","href":"https:\/\/api.w.org\/{rel}","templated":true}]}}