
{"id":8922,"date":"2025-09-01T15:32:03","date_gmt":"2025-09-01T12:32:03","guid":{"rendered":"http:\/\/www.saosteknoloji.com.tr\/?post_type=product&#038;p=8922"},"modified":"2025-09-01T17:20:10","modified_gmt":"2025-09-01T14:20:10","slug":"md-ir-n270-com1","status":"publish","type":"product","link":"http:\/\/www.saosteknoloji.com.tr\/tr\/urun\/md-ir-n270-com1\/","title":{"rendered":"MD IR N270 COM1"},"content":{"rendered":"","protected":false},"excerpt":{"rendered":"<h6 id=\"tw-target-text\" class=\"tw-data-text tw-text-large tw-ta\" dir=\"ltr\" data-placeholder=\"\u00c7eviri\" data-ved=\"2ahUKEwipzvrGwrePAxUfQ_EDHaFeLp8Q3ewLegQICxAV\" aria-label=\"\u00c7evrilmi\u015f metin: Eri\u015fim imkan\u0131 daha yak\u0131n bir g\u00f6r\u00fcn\u00fcm: Bina giri\u015fleri ve cepheleri i\u00e7in ideal \u00e7\u00f6z\u00fcm Eagle Eye teknolojisi, sens\u00f6rlerin do\u011fru \u00f6nden y\u00fcr\u00fcme k\u0131s\u0131mlar\u0131n\u0131 bireysel alg\u0131lamay\u0131 geni\u015fletir MD IR N270 ile alan izleme m\u00fcmk\u00fcn G\u00fc\u00e7 maks. 600W (LED uyumlu) \u00dc\u00e7 tasar\u0131m alan\u0131na sahip sens\u00f6r ailesi: Duvara montaj 130\u00b0 veya 270\u00b0 tavana montaj 360\u00b0, ise\u011fe ba\u011fl\u0131 olarak monte veya gomme versiyonu Bluetooth Mesh, di\u011fer cihazlar\u0131n yan\u0131 s\u0131ra kullan\u0131labilir Bu, a\u00e7\u0131k bir kontrol sisteminin oldu\u011fu anlam\u0131na gelir, ayn\u0131 zamanda tan\u0131mlama ve kablolar i\u00e7in bir program da vard\u0131r, butonlar\u0131n \u00f6zeti gibi \u00f6zet Connect'in kar\u015f\u0131l\u0131\u011f\u0131 K\u00f6\u015fe duvar freni dahildir\"><span class=\"Y2IQFc\" lang=\"tr\">Eri\u015fim imkan\u0131 daha yak\u0131n bir g\u00f6r\u00fcn\u00fcm: Bina giri\u015fleri ve cepheleri i\u00e7in ideal \u00e7\u00f6z\u00fcm Eagle Eye teknolojisi, sens\u00f6rlerin do\u011fru \u00f6nden y\u00fcr\u00fcme k\u0131s\u0131mlar\u0131n\u0131 bireysel alg\u0131lamay\u0131 geni\u015fletir MD IR N270 ile alan izleme m\u00fcmk\u00fcn G\u00fc\u00e7 maks. 600W (LED uyumlu) \u00dc\u00e7 tasar\u0131m alan\u0131na sahip sens\u00f6r ailesi: Duvara montaj 130\u00b0 veya 270\u00b0 tavana montaj 360\u00b0, ise\u011fe ba\u011fl\u0131 olarak monte veya gomme versiyonu Bluetooth Mesh, di\u011fer cihazlar\u0131n yan\u0131 s\u0131ra kullan\u0131labilir Bu, a\u00e7\u0131k bir kontrol sisteminin oldu\u011fu anlam\u0131na gelir, ayn\u0131 zamanda tan\u0131mlama ve kablolar i\u00e7in bir program da vard\u0131r, butonlar\u0131n \u00f6zeti gibi \u00f6zet Connect&#8217;in kar\u015f\u0131l\u0131\u011f\u0131 K\u00f6\u015fe duvar freni dahildir.<\/span><\/h6>\n","protected":false},"featured_media":8925,"template":"","meta":[],"_links":{"self":[{"href":"http:\/\/www.saosteknoloji.com.tr\/tr\/wp-json\/wp\/v2\/product\/8922"}],"collection":[{"href":"http:\/\/www.saosteknoloji.com.tr\/tr\/wp-json\/wp\/v2\/product"}],"about":[{"href":"http:\/\/www.saosteknoloji.com.tr\/tr\/wp-json\/wp\/v2\/types\/product"}],"version-history":[{"count":2,"href":"http:\/\/www.saosteknoloji.com.tr\/tr\/wp-json\/wp\/v2\/product\/8922\/revisions"}],"predecessor-version":[{"id":8927,"href":"http:\/\/www.saosteknoloji.com.tr\/tr\/wp-json\/wp\/v2\/product\/8922\/revisions\/8927"}],"wp:featuredmedia":[{"embeddable":true,"href":"http:\/\/www.saosteknoloji.com.tr\/tr\/wp-json\/wp\/v2\/media\/8925"}],"wp:attachment":[{"href":"http:\/\/www.saosteknoloji.com.tr\/tr\/wp-json\/wp\/v2\/media?parent=8922"}],"curies":[{"name":"wp","href":"https:\/\/api.w.org\/{rel}","templated":true}]}}