
{"id":8934,"date":"2025-09-01T16:12:56","date_gmt":"2025-09-01T13:12:56","guid":{"rendered":"http:\/\/www.saosteknoloji.com.tr\/?post_type=product&#038;p=8934"},"modified":"2025-09-01T17:19:38","modified_gmt":"2025-09-01T14:19:38","slug":"md-ir-d180-com1","status":"publish","type":"product","link":"http:\/\/www.saosteknoloji.com.tr\/tr\/urun\/md-ir-d180-com1\/","title":{"rendered":"MD IR D180 COM1"},"content":{"rendered":"","protected":false},"excerpt":{"rendered":"<h6 id=\"tw-target-text\" class=\"tw-data-text tw-text-large tw-ta\" dir=\"ltr\" data-placeholder=\"\u00c7eviri\" data-ved=\"2ahUKEwipzvrGwrePAxUfQ_EDHaFeLp8Q3ewLegQICxAV\" aria-label=\"\u00c7evrilmi\u015f metin: Eskiden IS 180 digi HD, \u015fimdi MD IR D180 D\u0131\u015f mekan kullan\u0131m\u0131 i\u00e7in ilk dijital olarak ayarlanabilir k\u0131z\u0131l\u00f6tesi sens\u00f6r D\u00fcz tasar\u0131m \u2013 her t\u00fcrl\u00fc bina tipine uygun \u00dcr\u00fcn\u00fcn i\u00e7ine gizlenmi\u015f k\u0131z\u0131l\u00f6tesi sens\u00f6r teknolojisi Seyahat y\u00f6n\u00fcnden ba\u011f\u0131ms\u0131z sens\u00f6r alg\u0131lama kalitesi STEINEL Connect uygulamas\u0131 arac\u0131l\u0131\u011f\u0131yla dijital olarak ayarlanabilen 9 alg\u0131lama b\u00f6lgesi %100 g\u00fcvenli \u2013 devreye alma m\u00fchendisi di\u011fer eri\u015fim haklar\u0131na karar verir T\u00fcm STEINEL Bluetooth Mesh \u00fcr\u00fcnleriyle a\u011f ba\u011flant\u0131s\u0131\"><span class=\"Y2IQFc\" lang=\"tr\">Eskiden IS 180 digi HD, \u015fimdi MD IR D180 D\u0131\u015f mekan kullan\u0131m\u0131 i\u00e7in ilk dijital olarak ayarlanabilir k\u0131z\u0131l\u00f6tesi sens\u00f6r D\u00fcz tasar\u0131m \u2013 her t\u00fcrl\u00fc bina tipine uygun \u00dcr\u00fcn\u00fcn i\u00e7ine gizlenmi\u015f k\u0131z\u0131l\u00f6tesi sens\u00f6r teknolojisi Seyahat y\u00f6n\u00fcnden ba\u011f\u0131ms\u0131z sens\u00f6r alg\u0131lama kalitesi STEINEL Connect uygulamas\u0131 arac\u0131l\u0131\u011f\u0131yla dijital olarak ayarlanabilen 9 alg\u0131lama b\u00f6lgesi %100 g\u00fcvenli \u2013 devreye alma m\u00fchendisi di\u011fer eri\u015fim haklar\u0131na karar verir T\u00fcm STEINEL Bluetooth Mesh \u00fcr\u00fcnleriyle a\u011f ba\u011flant\u0131s\u0131.<\/span><\/h6>\n","protected":false},"featured_media":8929,"template":"","meta":[],"_links":{"self":[{"href":"http:\/\/www.saosteknoloji.com.tr\/tr\/wp-json\/wp\/v2\/product\/8934"}],"collection":[{"href":"http:\/\/www.saosteknoloji.com.tr\/tr\/wp-json\/wp\/v2\/product"}],"about":[{"href":"http:\/\/www.saosteknoloji.com.tr\/tr\/wp-json\/wp\/v2\/types\/product"}],"version-history":[{"count":2,"href":"http:\/\/www.saosteknoloji.com.tr\/tr\/wp-json\/wp\/v2\/product\/8934\/revisions"}],"predecessor-version":[{"id":8946,"href":"http:\/\/www.saosteknoloji.com.tr\/tr\/wp-json\/wp\/v2\/product\/8934\/revisions\/8946"}],"wp:featuredmedia":[{"embeddable":true,"href":"http:\/\/www.saosteknoloji.com.tr\/tr\/wp-json\/wp\/v2\/media\/8929"}],"wp:attachment":[{"href":"http:\/\/www.saosteknoloji.com.tr\/tr\/wp-json\/wp\/v2\/media?parent=8934"}],"curies":[{"name":"wp","href":"https:\/\/api.w.org\/{rel}","templated":true}]}}