
{"id":8974,"date":"2025-09-25T09:23:13","date_gmt":"2025-09-25T06:23:13","guid":{"rendered":"http:\/\/www.saosteknoloji.com.tr\/?post_type=product&#038;p=8974"},"modified":"2025-09-25T09:23:14","modified_gmt":"2025-09-25T06:23:14","slug":"xled-home-2-xl-2","status":"publish","type":"product","link":"http:\/\/www.saosteknoloji.com.tr\/tr\/urun\/xled-home-2-xl-2\/","title":{"rendered":"XLED HOME 2 XL"},"content":{"rendered":"","protected":false},"excerpt":{"rendered":"<pre id=\"tw-target-text\" class=\"tw-data-text tw-text-large tw-ta\" dir=\"ltr\" tabindex=\"-1\" role=\"text\" data-placeholder=\"\u00c7eviri\" data-ved=\"2ahUKEwjQtYvrnvOPAxXqQUEAHcg3LGkQ3ewLegQICxAV\" aria-label=\"\u00c7evrilmi\u015f metin: Hareket dedekt\u00f6rl\u00fc ve \u015f\u0131k opal kaplamal\u0131, tamamen d\u00f6nebilen LED panelli spot \u0131\u015f\u0131k, araba yollar\u0131, avlular veya bah\u00e7eler gibi geni\u015f alanlar\u0131 ayd\u0131nlatmak i\u00e7in idealdir.\r\n50.000 saatlik LED \u00f6mr\u00fc (g\u00fcnde 4,5 saat kullan\u0131mla yakla\u015f\u0131k 30 y\u0131l) sayesinde ampulleri bir daha asla de\u011fi\u015ftirmeyin.\r\nHareket alg\u0131land\u0131\u011f\u0131nda 10 metreye kadar alg\u0131lama menziline sahip 180\u00b0 k\u0131z\u0131l\u00f6tesi sens\u00f6r sayesinde otomatik \u0131\u015f\u0131k.\r\n\u0130ki ev duvar\u0131n\u0131n \u00f6n\u00fcndeki bir alan\u0131n g\u00fcvenilir ve kesintisiz izlenmesi i\u00e7in iste\u011fe ba\u011fl\u0131 k\u00f6\u015fe duvar montaj\u0131 mevcuttur.\r\nS\u0131cak beyaz \u0131\u015f\u0131k (3000 K) ve 2124 lm'lik uzun \u00f6m\u00fcrl\u00fc 19,3 W LED'ler, 300 metrekarenin \u00fczerinde ayd\u0131nlatma, maksimum montaj y\u00fcksekli\u011fi 4 m.\r\nMontaj aksesuarlar\u0131 dahil - plastiksiz ambalaj.\"><span class=\"Y2IQFc\" lang=\"tr\">Hareket dedekt\u00f6rl\u00fc ve \u015f\u0131k opal kaplamal\u0131, tamamen d\u00f6nebilen LED panelli spot \u0131\u015f\u0131k, araba yollar\u0131, avlular veya bah\u00e7eler gibi geni\u015f alanlar\u0131 ayd\u0131nlatmak i\u00e7in idealdir.\r\n50.000 saatlik LED \u00f6mr\u00fc (g\u00fcnde 4,5 saat kullan\u0131mla yakla\u015f\u0131k 30 y\u0131l) sayesinde ampulleri bir daha asla de\u011fi\u015ftirmeyin.\r\nHareket alg\u0131land\u0131\u011f\u0131nda 10 metreye kadar alg\u0131lama menziline sahip 180\u00b0 k\u0131z\u0131l\u00f6tesi sens\u00f6r sayesinde otomatik \u0131\u015f\u0131k.\r\n\u0130ki ev duvar\u0131n\u0131n \u00f6n\u00fcndeki bir alan\u0131n g\u00fcvenilir ve kesintisiz izlenmesi i\u00e7in iste\u011fe ba\u011fl\u0131 k\u00f6\u015fe duvar montaj\u0131 mevcuttur.\r\nS\u0131cak beyaz \u0131\u015f\u0131k (3000 K) ve 2124 lm'lik uzun \u00f6m\u00fcrl\u00fc 19,3 W LED'ler, 300 metrekarenin \u00fczerinde ayd\u0131nlatma, maksimum montaj y\u00fcksekli\u011fi 4 m.\r\nMontaj aksesuarlar\u0131 dahil - plastiksiz ambalaj.<\/span><\/pre>\n","protected":false},"featured_media":8975,"template":"","meta":[],"_links":{"self":[{"href":"http:\/\/www.saosteknoloji.com.tr\/tr\/wp-json\/wp\/v2\/product\/8974"}],"collection":[{"href":"http:\/\/www.saosteknoloji.com.tr\/tr\/wp-json\/wp\/v2\/product"}],"about":[{"href":"http:\/\/www.saosteknoloji.com.tr\/tr\/wp-json\/wp\/v2\/types\/product"}],"version-history":[{"count":1,"href":"http:\/\/www.saosteknoloji.com.tr\/tr\/wp-json\/wp\/v2\/product\/8974\/revisions"}],"predecessor-version":[{"id":8979,"href":"http:\/\/www.saosteknoloji.com.tr\/tr\/wp-json\/wp\/v2\/product\/8974\/revisions\/8979"}],"wp:featuredmedia":[{"embeddable":true,"href":"http:\/\/www.saosteknoloji.com.tr\/tr\/wp-json\/wp\/v2\/media\/8975"}],"wp:attachment":[{"href":"http:\/\/www.saosteknoloji.com.tr\/tr\/wp-json\/wp\/v2\/media?parent=8974"}],"curies":[{"name":"wp","href":"https:\/\/api.w.org\/{rel}","templated":true}]}}