
{"id":9000,"date":"2025-09-25T11:01:06","date_gmt":"2025-09-25T08:01:06","guid":{"rendered":"http:\/\/www.saosteknoloji.com.tr\/?post_type=product&#038;p=9000"},"modified":"2025-09-29T12:58:23","modified_gmt":"2025-09-29T09:58:23","slug":"l-625-cam","status":"publish","type":"product","link":"http:\/\/www.saosteknoloji.com.tr\/tr\/urun\/l-625-cam\/","title":{"rendered":"L 625 CAM"},"content":{"rendered":"","protected":false},"excerpt":{"rendered":"<h6 id=\"tw-target-text\" class=\"tw-data-text tw-text-large tw-ta\" dir=\"ltr\" tabindex=\"-1\" role=\"text\" data-placeholder=\"\u00c7eviri\" data-ved=\"2ahUKEwjQtYvrnvOPAxXqQUEAHcg3LGkQ3ewLegQICxAV\" aria-label=\"\u00c7evrilmi\u015f metin: Yeni nesil STEINEL kamera \u0131\u015f\u0131klar\u0131yla eviniz ve bah\u00e7eniz her zaman g\u00f6z\u00fcn\u00fcz\u00fcn \u00f6n\u00fcnde olacak. Yeni yapay zeka i\u015flevleri, geli\u015ftirilmi\u015f \u00e7\u00f6z\u00fcn\u00fcrl\u00fck ve kolay kullan\u0131m, ak\u0131ll\u0131 g\u00fcvenlik ve rahatl\u0131k sa\u011flar. Daha iyi \u00e7\u00f6z\u00fcn\u00fcrl\u00fck: Art\u0131k 2K'ya kadar - keskin video kay\u0131tlar\u0131 i\u00e7in Yeni entegre yapay zeka: Ki\u015fi alg\u0131lama ve maskeleme i\u015flevi Geli\u015ftirilmi\u015f devreye alma: Kurulum sihirbaz\u0131 sayesinde h\u0131zl\u0131 ve kolay kurulum Son teknoloji Wi-Fi teknolojisi (Wi-Fi 6): Kararl\u0131 ba\u011flant\u0131 ve y\u00fcksek iletim h\u0131z\u0131 i\u00e7in Uygulama kontrol\u00fc: Canl\u0131 izleyin, konu\u015fun ve bildirim al\u0131n Yerel depolama: Mikro SD kartta (16 GB dahil, geni\u015fletilebilir) - abonelik \u00fccreti veya bulut depolama yok Y\u00fcksek veri g\u00fcvenli\u011fi: Avrupa sunucu yap\u0131s\u0131 - en son siber g\u00fcvenlik y\u00f6nergeleriyle uyumlu Otomatik \u0131\u015f\u0131k: 10 metreye kadar menzile sahip 180\u00b0 k\u0131z\u0131l\u00f6tesi sens\u00f6r Ho\u015f ayd\u0131nlatma: S\u0131cak beyaz LED \u0131\u015f\u0131k (3000K, 14W, 925lm) Y\u00fcksek kaliteli tasar\u0131m: E\u015fit \u0131\u015f\u0131k da\u011f\u0131l\u0131m\u0131 i\u00e7in modern al\u00fcminyum ve opal cam kar\u0131\u015f\u0131m\u0131\"><span class=\"Y2IQFc\" lang=\"tr\">Yeni nesil STEINEL kamera \u0131\u015f\u0131klar\u0131yla eviniz ve bah\u00e7eniz her zaman g\u00f6z\u00fcn\u00fcz\u00fcn \u00f6n\u00fcnde olacak. Yeni yapay zeka i\u015flevleri, geli\u015ftirilmi\u015f \u00e7\u00f6z\u00fcn\u00fcrl\u00fck ve kolay kullan\u0131m, ak\u0131ll\u0131 g\u00fcvenlik ve rahatl\u0131k sa\u011flar. Daha iyi \u00e7\u00f6z\u00fcn\u00fcrl\u00fck: Art\u0131k 2K&#8217;ya kadar &#8211; keskin video kay\u0131tlar\u0131 i\u00e7in Yeni entegre yapay zeka: Ki\u015fi alg\u0131lama ve maskeleme i\u015flevi Geli\u015ftirilmi\u015f devreye alma: Kurulum sihirbaz\u0131 sayesinde h\u0131zl\u0131 ve kolay kurulum Son teknoloji Wi-Fi teknolojisi (Wi-Fi 6): Kararl\u0131 ba\u011flant\u0131 ve y\u00fcksek iletim h\u0131z\u0131 i\u00e7in Uygulama kontrol\u00fc: Canl\u0131 izleyin, konu\u015fun ve bildirim al\u0131n Yerel depolama: Mikro SD kartta (16 GB dahil, geni\u015fletilebilir) &#8211; abonelik \u00fccreti veya bulut depolama yok Y\u00fcksek veri g\u00fcvenli\u011fi: Avrupa sunucu yap\u0131s\u0131 &#8211; en son siber g\u00fcvenlik y\u00f6nergeleriyle uyumlu Otomatik \u0131\u015f\u0131k: 10 metreye kadar menzile sahip 180\u00b0 k\u0131z\u0131l\u00f6tesi sens\u00f6r Ho\u015f ayd\u0131nlatma: S\u0131cak beyaz LED \u0131\u015f\u0131k (3000K, 14W, 925lm) Y\u00fcksek kaliteli tasar\u0131m: E\u015fit \u0131\u015f\u0131k da\u011f\u0131l\u0131m\u0131 i\u00e7in modern al\u00fcminyum ve opal cam kar\u0131\u015f\u0131m\u0131<\/span><\/h6>\n","protected":false},"featured_media":9001,"template":"","meta":[],"_links":{"self":[{"href":"http:\/\/www.saosteknoloji.com.tr\/tr\/wp-json\/wp\/v2\/product\/9000"}],"collection":[{"href":"http:\/\/www.saosteknoloji.com.tr\/tr\/wp-json\/wp\/v2\/product"}],"about":[{"href":"http:\/\/www.saosteknoloji.com.tr\/tr\/wp-json\/wp\/v2\/types\/product"}],"version-history":[{"count":2,"href":"http:\/\/www.saosteknoloji.com.tr\/tr\/wp-json\/wp\/v2\/product\/9000\/revisions"}],"predecessor-version":[{"id":9129,"href":"http:\/\/www.saosteknoloji.com.tr\/tr\/wp-json\/wp\/v2\/product\/9000\/revisions\/9129"}],"wp:featuredmedia":[{"embeddable":true,"href":"http:\/\/www.saosteknoloji.com.tr\/tr\/wp-json\/wp\/v2\/media\/9001"}],"wp:attachment":[{"href":"http:\/\/www.saosteknoloji.com.tr\/tr\/wp-json\/wp\/v2\/media?parent=9000"}],"curies":[{"name":"wp","href":"https:\/\/api.w.org\/{rel}","templated":true}]}}