
{"id":9018,"date":"2025-09-25T12:01:46","date_gmt":"2025-09-25T09:01:46","guid":{"rendered":"http:\/\/www.saosteknoloji.com.tr\/?post_type=product&#038;p=9018"},"modified":"2025-09-29T12:48:07","modified_gmt":"2025-09-29T09:48:07","slug":"l-42","status":"publish","type":"product","link":"http:\/\/www.saosteknoloji.com.tr\/tr\/urun\/l-42\/","title":{"rendered":"L 42"},"content":{"rendered":"","protected":false},"excerpt":{"rendered":"<h6 id=\"tw-target-text\" class=\"tw-data-text tw-text-large tw-ta\" dir=\"ltr\" tabindex=\"-1\" role=\"text\" data-placeholder=\"\u00c7eviri\" data-ved=\"2ahUKEwjQtYvrnvOPAxXqQUEAHcg3LGkQ3ewLegQICxAV\" aria-label=\"\u00c7evrilmi\u015f metin: Hareket dedekt\u00f6rl\u00fc ve y\u00fcksek kaliteli, sa\u011flam al\u00fcminyum g\u00f6vdeli d\u0131\u015f mekan ayd\u0131nlatmas\u0131 G\u00f6ze \u00e7arpmayan g\u00f6vde renginde boyanm\u0131\u015f sens\u00f6r ve kapak klipsleri, alg\u0131lama alan\u0131n\u0131n ayr\u0131 ayr\u0131 s\u0131n\u0131rland\u0131r\u0131lmas\u0131n\u0131 sa\u011flar Bluetooth Mesh \u00fczerinden kablosuz a\u011f ba\u011flant\u0131s\u0131 ve STEINEL Connect uygulamas\u0131 arac\u0131l\u0131\u011f\u0131yla kolay yap\u0131land\u0131rma Hareket alg\u0131land\u0131\u011f\u0131nda 10 metreye kadar alg\u0131lama menziline sahip 180\u00b0 k\u0131z\u0131l\u00f6tesi sens\u00f6r sayesinde otomatik \u0131\u015f\u0131k Fonksiyonlar: ayarlanabilir temel ve ana \u0131\u015f\u0131k seviyeleri, ho\u015f yumu\u015fak \u0131\u015f\u0131k ba\u015flang\u0131c\u0131, 4 saat s\u00fcrekli \u0131\u015f\u0131k S\u0131cak beyaz \u0131\u015f\u0131k (3000 K) ve 889 lm'lik uzun \u00f6m\u00fcrl\u00fc 13 W LED'ler Montaj aksesuarlar\u0131 dahil - plastiksiz ambalaj\"><span class=\"Y2IQFc\" lang=\"tr\">Hareket dedekt\u00f6rl\u00fc ve y\u00fcksek kaliteli, sa\u011flam al\u00fcminyum g\u00f6vdeli d\u0131\u015f mekan ayd\u0131nlatmas\u0131 G\u00f6ze \u00e7arpmayan g\u00f6vde renginde boyanm\u0131\u015f sens\u00f6r ve kapak klipsleri, alg\u0131lama alan\u0131n\u0131n ayr\u0131 ayr\u0131 s\u0131n\u0131rland\u0131r\u0131lmas\u0131n\u0131 sa\u011flar Bluetooth Mesh \u00fczerinden kablosuz a\u011f ba\u011flant\u0131s\u0131 ve STEINEL Connect uygulamas\u0131 arac\u0131l\u0131\u011f\u0131yla kolay yap\u0131land\u0131rma Hareket alg\u0131land\u0131\u011f\u0131nda 10 metreye kadar alg\u0131lama menziline sahip 180\u00b0 k\u0131z\u0131l\u00f6tesi sens\u00f6r sayesinde otomatik \u0131\u015f\u0131k Fonksiyonlar: ayarlanabilir temel ve ana \u0131\u015f\u0131k seviyeleri, ho\u015f yumu\u015fak \u0131\u015f\u0131k ba\u015flang\u0131c\u0131, 4 saat s\u00fcrekli \u0131\u015f\u0131k S\u0131cak beyaz \u0131\u015f\u0131k (3000 K) ve 889 lm&#8217;lik uzun \u00f6m\u00fcrl\u00fc 13 W LED&#8217;ler Montaj aksesuarlar\u0131 dahil &#8211; plastiksiz ambalaj<\/span><\/h6>\n","protected":false},"featured_media":9019,"template":"","meta":[],"_links":{"self":[{"href":"http:\/\/www.saosteknoloji.com.tr\/tr\/wp-json\/wp\/v2\/product\/9018"}],"collection":[{"href":"http:\/\/www.saosteknoloji.com.tr\/tr\/wp-json\/wp\/v2\/product"}],"about":[{"href":"http:\/\/www.saosteknoloji.com.tr\/tr\/wp-json\/wp\/v2\/types\/product"}],"version-history":[{"count":2,"href":"http:\/\/www.saosteknoloji.com.tr\/tr\/wp-json\/wp\/v2\/product\/9018\/revisions"}],"predecessor-version":[{"id":9116,"href":"http:\/\/www.saosteknoloji.com.tr\/tr\/wp-json\/wp\/v2\/product\/9018\/revisions\/9116"}],"wp:featuredmedia":[{"embeddable":true,"href":"http:\/\/www.saosteknoloji.com.tr\/tr\/wp-json\/wp\/v2\/media\/9019"}],"wp:attachment":[{"href":"http:\/\/www.saosteknoloji.com.tr\/tr\/wp-json\/wp\/v2\/media?parent=9018"}],"curies":[{"name":"wp","href":"https:\/\/api.w.org\/{rel}","templated":true}]}}