
{"id":9024,"date":"2025-09-25T12:10:10","date_gmt":"2025-09-25T09:10:10","guid":{"rendered":"http:\/\/www.saosteknoloji.com.tr\/?post_type=product&#038;p=9024"},"modified":"2025-09-25T12:10:10","modified_gmt":"2025-09-25T09:10:10","slug":"l-271-digi","status":"publish","type":"product","link":"http:\/\/www.saosteknoloji.com.tr\/tr\/urun\/l-271-digi\/","title":{"rendered":"L 271 D\u0130G\u0130"},"content":{"rendered":"","protected":false},"excerpt":{"rendered":"<pre id=\"tw-target-text\" class=\"tw-data-text tw-text-large tw-ta\" dir=\"ltr\" tabindex=\"-1\" role=\"text\" data-placeholder=\"\u00c7eviri\" data-ved=\"2ahUKEwjQtYvrnvOPAxXqQUEAHcg3LGkQ3ewLegQICxAV\" aria-label=\"\u00c7evrilmi\u015f metin: \u0130nce ve do\u011frusal tasar\u0131ml\u0131 hareket dedekt\u00f6rl\u00fc d\u0131\u015f mekan ayd\u0131nlatmas\u0131\r\n\u00dc\u00e7 ayr\u0131 ayr\u0131 ayarlanabilir alg\u0131lama b\u00f6lgesi ile g\u00f6r\u00fcnmez \u015fekilde entegre edilmi\u015f sens\u00f6r\r\nBluetooth Mesh \u00fczerinden kablosuz a\u011f ba\u011flant\u0131s\u0131 ve STEINEL Connect uygulamas\u0131yla kolay yap\u0131land\u0131rma\r\nHareket alg\u0131land\u0131\u011f\u0131nda 8 metreye kadar alg\u0131lama menziline sahip 180\u00b0 k\u0131z\u0131l\u00f6tesi sens\u00f6r sayesinde otomatik \u0131\u015f\u0131k (alg\u0131lama kalitesi, y\u00fcr\u00fcme y\u00f6n\u00fcnden ba\u011f\u0131ms\u0131z olarak ayn\u0131 derecede g\u00fcvenilirdir)\r\nFonksiyonlar: Ayarlanabilir temel ve ana \u0131\u015f\u0131k seviyeleri, ho\u015f yumu\u015fak \u0131\u015f\u0131k ba\u015flang\u0131c\u0131, 4 saat s\u00fcrekli \u0131\u015f\u0131k\r\nS\u0131cak beyaz \u0131\u015f\u0131k (3000 K) ve 566 lm'lik uzun \u00f6m\u00fcrl\u00fc 6,6 W LED'ler\r\nMontaj aksesuarlar\u0131 dahil - plastiksiz ambalaj\"><span class=\"Y2IQFc\" lang=\"tr\">\u0130nce ve do\u011frusal tasar\u0131ml\u0131 hareket dedekt\u00f6rl\u00fc d\u0131\u015f mekan ayd\u0131nlatmas\u0131\r\n\u00dc\u00e7 ayr\u0131 ayr\u0131 ayarlanabilir alg\u0131lama b\u00f6lgesi ile g\u00f6r\u00fcnmez \u015fekilde entegre edilmi\u015f sens\u00f6r\r\nBluetooth Mesh \u00fczerinden kablosuz a\u011f ba\u011flant\u0131s\u0131 ve STEINEL Connect uygulamas\u0131yla kolay yap\u0131land\u0131rma\r\nHareket alg\u0131land\u0131\u011f\u0131nda 8 metreye kadar alg\u0131lama menziline sahip 180\u00b0 k\u0131z\u0131l\u00f6tesi sens\u00f6r sayesinde otomatik \u0131\u015f\u0131k (alg\u0131lama kalitesi, y\u00fcr\u00fcme y\u00f6n\u00fcnden ba\u011f\u0131ms\u0131z olarak ayn\u0131 derecede g\u00fcvenilirdir)\r\nFonksiyonlar: Ayarlanabilir temel ve ana \u0131\u015f\u0131k seviyeleri, ho\u015f yumu\u015fak \u0131\u015f\u0131k ba\u015flang\u0131c\u0131, 4 saat s\u00fcrekli \u0131\u015f\u0131k\r\nS\u0131cak beyaz \u0131\u015f\u0131k (3000 K) ve 566 lm'lik uzun \u00f6m\u00fcrl\u00fc 6,6 W LED'ler\r\nMontaj aksesuarlar\u0131 dahil - plastiksiz ambalaj<\/span><\/pre>\n","protected":false},"featured_media":9025,"template":"","meta":[],"_links":{"self":[{"href":"http:\/\/www.saosteknoloji.com.tr\/tr\/wp-json\/wp\/v2\/product\/9024"}],"collection":[{"href":"http:\/\/www.saosteknoloji.com.tr\/tr\/wp-json\/wp\/v2\/product"}],"about":[{"href":"http:\/\/www.saosteknoloji.com.tr\/tr\/wp-json\/wp\/v2\/types\/product"}],"version-history":[{"count":1,"href":"http:\/\/www.saosteknoloji.com.tr\/tr\/wp-json\/wp\/v2\/product\/9024\/revisions"}],"predecessor-version":[{"id":9028,"href":"http:\/\/www.saosteknoloji.com.tr\/tr\/wp-json\/wp\/v2\/product\/9024\/revisions\/9028"}],"wp:featuredmedia":[{"embeddable":true,"href":"http:\/\/www.saosteknoloji.com.tr\/tr\/wp-json\/wp\/v2\/media\/9025"}],"wp:attachment":[{"href":"http:\/\/www.saosteknoloji.com.tr\/tr\/wp-json\/wp\/v2\/media?parent=9024"}],"curies":[{"name":"wp","href":"https:\/\/api.w.org\/{rel}","templated":true}]}}