
{"id":9030,"date":"2025-09-25T12:43:35","date_gmt":"2025-09-25T09:43:35","guid":{"rendered":"http:\/\/www.saosteknoloji.com.tr\/?post_type=product&#038;p=9030"},"modified":"2025-09-29T12:52:11","modified_gmt":"2025-09-29T09:52:11","slug":"l-190-s","status":"publish","type":"product","link":"http:\/\/www.saosteknoloji.com.tr\/tr\/urun\/l-190-s\/","title":{"rendered":"L 190 S"},"content":{"rendered":"","protected":false},"excerpt":{"rendered":"<h6 id=\"tw-target-text\" class=\"tw-data-text tw-text-large tw-ta\" dir=\"ltr\" tabindex=\"-1\" role=\"text\" data-placeholder=\"\u00c7eviri\" data-ved=\"2ahUKEwjQtYvrnvOPAxXqQUEAHcg3LGkQ3ewLegQICxAV\" aria-label=\"\u00c7evrilmi\u015f metin: Klasik tasar\u0131ml\u0131 hareket dedekt\u00f6rl\u00fc d\u0131\u015f mekan ayd\u0131nlatmas\u0131 Y\u00fcksek kaliteli, \u00f6zenle i\u015flenmi\u015f d\u00f6k\u00fcm al\u00fcminyum Hareket alg\u0131land\u0131\u011f\u0131nda 5\/12 m'ye kadar alg\u0131lama menziline sahip 180\u00b0 k\u0131z\u0131l\u00f6tesi sens\u00f6r sayesinde otomatik \u0131\u015f\u0131k Fonksiyonlar: ayarlanabilir temel \u0131\u015f\u0131k seviyesi, ho\u015f ve yumu\u015fak \u0131\u015f\u0131k ba\u015flang\u0131c\u0131, 4 saat s\u00fcrekli \u0131\u015f\u0131k Maksimum 100 W akkor ampuller i\u00e7in E27 duylu (dahil de\u011fildir) Montaj aksesuarlar\u0131 dahil - plastik i\u00e7ermeyen ambalaj\"><span class=\"Y2IQFc\" lang=\"tr\">Klasik tasar\u0131ml\u0131 hareket dedekt\u00f6rl\u00fc d\u0131\u015f mekan ayd\u0131nlatmas\u0131 Y\u00fcksek kaliteli, \u00f6zenle i\u015flenmi\u015f d\u00f6k\u00fcm al\u00fcminyum Hareket alg\u0131land\u0131\u011f\u0131nda 5\/12 m&#8217;ye kadar alg\u0131lama menziline sahip 180\u00b0 k\u0131z\u0131l\u00f6tesi sens\u00f6r sayesinde otomatik \u0131\u015f\u0131k Fonksiyonlar: ayarlanabilir temel \u0131\u015f\u0131k seviyesi, ho\u015f ve yumu\u015fak \u0131\u015f\u0131k ba\u015flang\u0131c\u0131, 4 saat s\u00fcrekli \u0131\u015f\u0131k Maksimum 100 W akkor ampuller i\u00e7in E27 duylu (dahil de\u011fildir) Montaj aksesuarlar\u0131 dahil &#8211; plastik i\u00e7ermeyen ambalaj<\/span><\/h6>\n","protected":false},"featured_media":9033,"template":"","meta":[],"_links":{"self":[{"href":"http:\/\/www.saosteknoloji.com.tr\/tr\/wp-json\/wp\/v2\/product\/9030"}],"collection":[{"href":"http:\/\/www.saosteknoloji.com.tr\/tr\/wp-json\/wp\/v2\/product"}],"about":[{"href":"http:\/\/www.saosteknoloji.com.tr\/tr\/wp-json\/wp\/v2\/types\/product"}],"version-history":[{"count":2,"href":"http:\/\/www.saosteknoloji.com.tr\/tr\/wp-json\/wp\/v2\/product\/9030\/revisions"}],"predecessor-version":[{"id":9118,"href":"http:\/\/www.saosteknoloji.com.tr\/tr\/wp-json\/wp\/v2\/product\/9030\/revisions\/9118"}],"wp:featuredmedia":[{"embeddable":true,"href":"http:\/\/www.saosteknoloji.com.tr\/tr\/wp-json\/wp\/v2\/media\/9033"}],"wp:attachment":[{"href":"http:\/\/www.saosteknoloji.com.tr\/tr\/wp-json\/wp\/v2\/media?parent=9030"}],"curies":[{"name":"wp","href":"https:\/\/api.w.org\/{rel}","templated":true}]}}