
{"id":9039,"date":"2025-09-25T12:53:17","date_gmt":"2025-09-25T09:53:17","guid":{"rendered":"http:\/\/www.saosteknoloji.com.tr\/?post_type=product&#038;p=9039"},"modified":"2025-09-29T12:43:25","modified_gmt":"2025-09-29T09:43:25","slug":"l-10-s","status":"publish","type":"product","link":"http:\/\/www.saosteknoloji.com.tr\/tr\/urun\/l-10-s\/","title":{"rendered":"L 10 S"},"content":{"rendered":"","protected":false},"excerpt":{"rendered":"<ul>\n<li>\n<h6 id=\"tw-target-text\" class=\"tw-data-text tw-text-large tw-ta\" dir=\"ltr\" tabindex=\"-1\" role=\"text\" data-placeholder=\"\u00c7eviri\" data-ved=\"2ahUKEwjQtYvrnvOPAxXqQUEAHcg3LGkQ3ewLegQICxAV\" aria-label=\"\u00c7evrilmi\u015f metin: Klasik tasar\u0131ml\u0131 hareket dedekt\u00f6rl\u00fc d\u0131\u015f mekan ayd\u0131nlatmas\u0131 Optimum ayd\u0131nlatma i\u00e7in kapa\u011f\u0131n alt\u0131nda entegre yans\u0131t\u0131c\u0131 folyo G\u00f6vdeyle ayn\u0131 renkte 180\u00b0 k\u0131z\u0131l\u00f6tesi sens\u00f6r sayesinde otomatik \u0131\u015f\u0131k ve hareket alg\u0131land\u0131\u011f\u0131nda 7,5 m'ye kadar alg\u0131lama aral\u0131\u011f\u0131 Alg\u0131lama alan\u0131 ve menzili, birlikte verilen kapak klipsleri kullan\u0131larak ayr\u0131 ayr\u0131 s\u0131n\u0131rland\u0131r\u0131labilir Maksimum 15 W'l\u0131k LED ampuller i\u00e7in E27 soketli (dahil de\u011fildir) Montaj aksesuarlar\u0131 dahil - plastik i\u00e7ermeyen ambalaj\"><span class=\"Y2IQFc\" lang=\"tr\">Klasik tasar\u0131ml\u0131 hareket dedekt\u00f6rl\u00fc d\u0131\u015f mekan ayd\u0131nlatmas\u0131 Optimum ayd\u0131nlatma i\u00e7in kapa\u011f\u0131n alt\u0131nda entegre yans\u0131t\u0131c\u0131 folyo G\u00f6vdeyle ayn\u0131 renkte 180\u00b0 k\u0131z\u0131l\u00f6tesi sens\u00f6r sayesinde otomatik \u0131\u015f\u0131k ve hareket alg\u0131land\u0131\u011f\u0131nda 7,5 m&#8217;ye kadar alg\u0131lama aral\u0131\u011f\u0131 Alg\u0131lama alan\u0131 ve menzili, birlikte verilen kapak klipsleri kullan\u0131larak ayr\u0131 ayr\u0131 s\u0131n\u0131rland\u0131r\u0131labilir Maksimum 15 W&#8217;l\u0131k LED ampuller i\u00e7in E27 soketli (dahil de\u011fildir) Montaj aksesuarlar\u0131 dahil &#8211; plastik i\u00e7ermeyen ambalaj<\/span><\/h6>\n<\/li>\n<\/ul>\n","protected":false},"featured_media":9042,"template":"","meta":[],"_links":{"self":[{"href":"http:\/\/www.saosteknoloji.com.tr\/tr\/wp-json\/wp\/v2\/product\/9039"}],"collection":[{"href":"http:\/\/www.saosteknoloji.com.tr\/tr\/wp-json\/wp\/v2\/product"}],"about":[{"href":"http:\/\/www.saosteknoloji.com.tr\/tr\/wp-json\/wp\/v2\/types\/product"}],"version-history":[{"count":4,"href":"http:\/\/www.saosteknoloji.com.tr\/tr\/wp-json\/wp\/v2\/product\/9039\/revisions"}],"predecessor-version":[{"id":9109,"href":"http:\/\/www.saosteknoloji.com.tr\/tr\/wp-json\/wp\/v2\/product\/9039\/revisions\/9109"}],"wp:featuredmedia":[{"embeddable":true,"href":"http:\/\/www.saosteknoloji.com.tr\/tr\/wp-json\/wp\/v2\/media\/9042"}],"wp:attachment":[{"href":"http:\/\/www.saosteknoloji.com.tr\/tr\/wp-json\/wp\/v2\/media?parent=9039"}],"curies":[{"name":"wp","href":"https:\/\/api.w.org\/{rel}","templated":true}]}}