
{"id":9046,"date":"2025-09-25T12:59:09","date_gmt":"2025-09-25T09:59:09","guid":{"rendered":"http:\/\/www.saosteknoloji.com.tr\/?post_type=product&#038;p=9046"},"modified":"2025-09-29T13:03:54","modified_gmt":"2025-09-29T10:03:54","slug":"l-930-2","status":"publish","type":"product","link":"http:\/\/www.saosteknoloji.com.tr\/tr\/urun\/l-930-2\/","title":{"rendered":"L 930"},"content":{"rendered":"","protected":false},"excerpt":{"rendered":"<h6 id=\"tw-target-text\" class=\"tw-data-text tw-text-large tw-ta\" dir=\"ltr\" tabindex=\"-1\" role=\"text\" data-placeholder=\"\u00c7eviri\" data-ved=\"2ahUKEwjQtYvrnvOPAxXqQUEAHcg3LGkQ3ewLegQICxAV\" aria-label=\"\u00c7evrilmi\u015f metin: Hareket dedekt\u00f6rl\u00fc ve etkili yukar\u0131 ve a\u015fa\u011f\u0131 ayd\u0131nlatmal\u0131 (yukar\u0131 ve a\u015fa\u011f\u0131) d\u0131\u015f mekan ayd\u0131nlatmas\u0131 Neredeyse g\u00f6r\u00fcnmez entegre sens\u00f6rl\u00fc, y\u00fcksek kaliteli al\u00fcminyumdan yap\u0131lm\u0131\u015f zarif ve sade tasar\u0131m Evde senkronize ge\u00e7i\u015f i\u00e7in birden fazla \u0131\u015f\u0131k kabloyla birbirine ba\u011flanabilir Hareket alg\u0131land\u0131\u011f\u0131nda 12 metreye kadar alg\u0131lama menziline sahip 140\u00b0 k\u0131z\u0131l\u00f6tesi sens\u00f6r sayesinde otomatik ayd\u0131nlatma Fonksiyonlar: ayarlanabilir temel \u0131\u015f\u0131k (efekt \u0131\u015f\u0131\u011f\u0131), gece tasarruf modu, ho\u015f yumu\u015fak \u0131\u015f\u0131k ba\u015flang\u0131c\u0131, 4 saat s\u00fcrekli \u0131\u015f\u0131k S\u0131cak beyaz \u0131\u015f\u0131k (3000 K) ve 457 lm'lik uzun \u00f6m\u00fcrl\u00fc 9,3 W LED'ler Montaj aksesuarlar\u0131 dahil - plastiksiz ambalaj\"><span class=\"Y2IQFc\" lang=\"tr\">Hareket dedekt\u00f6rl\u00fc ve etkili yukar\u0131 ve a\u015fa\u011f\u0131 ayd\u0131nlatmal\u0131 (yukar\u0131 ve a\u015fa\u011f\u0131) d\u0131\u015f mekan ayd\u0131nlatmas\u0131 Neredeyse g\u00f6r\u00fcnmez entegre sens\u00f6rl\u00fc, y\u00fcksek kaliteli al\u00fcminyumdan yap\u0131lm\u0131\u015f zarif ve sade tasar\u0131m Evde senkronize ge\u00e7i\u015f i\u00e7in birden fazla \u0131\u015f\u0131k kabloyla birbirine ba\u011flanabilir Hareket alg\u0131land\u0131\u011f\u0131nda 12 metreye kadar alg\u0131lama menziline sahip 140\u00b0 k\u0131z\u0131l\u00f6tesi sens\u00f6r sayesinde otomatik ayd\u0131nlatma Fonksiyonlar: ayarlanabilir temel \u0131\u015f\u0131k (efekt \u0131\u015f\u0131\u011f\u0131), gece tasarruf modu, ho\u015f yumu\u015fak \u0131\u015f\u0131k ba\u015flang\u0131c\u0131, 4 saat s\u00fcrekli \u0131\u015f\u0131k S\u0131cak beyaz \u0131\u015f\u0131k (3000 K) ve 457 lm&#8217;lik uzun \u00f6m\u00fcrl\u00fc 9,3 W LED&#8217;ler Montaj aksesuarlar\u0131 dahil &#8211; plastiksiz ambalaj<\/span><\/h6>\n","protected":false},"featured_media":9047,"template":"","meta":[],"_links":{"self":[{"href":"http:\/\/www.saosteknoloji.com.tr\/tr\/wp-json\/wp\/v2\/product\/9046"}],"collection":[{"href":"http:\/\/www.saosteknoloji.com.tr\/tr\/wp-json\/wp\/v2\/product"}],"about":[{"href":"http:\/\/www.saosteknoloji.com.tr\/tr\/wp-json\/wp\/v2\/types\/product"}],"version-history":[{"count":4,"href":"http:\/\/www.saosteknoloji.com.tr\/tr\/wp-json\/wp\/v2\/product\/9046\/revisions"}],"predecessor-version":[{"id":9140,"href":"http:\/\/www.saosteknoloji.com.tr\/tr\/wp-json\/wp\/v2\/product\/9046\/revisions\/9140"}],"wp:featuredmedia":[{"embeddable":true,"href":"http:\/\/www.saosteknoloji.com.tr\/tr\/wp-json\/wp\/v2\/media\/9047"}],"wp:attachment":[{"href":"http:\/\/www.saosteknoloji.com.tr\/tr\/wp-json\/wp\/v2\/media?parent=9046"}],"curies":[{"name":"wp","href":"https:\/\/api.w.org\/{rel}","templated":true}]}}