
{"id":9053,"date":"2025-09-25T13:04:53","date_gmt":"2025-09-25T10:04:53","guid":{"rendered":"http:\/\/www.saosteknoloji.com.tr\/?post_type=product&#038;p=9053"},"modified":"2025-09-29T13:04:17","modified_gmt":"2025-09-29T10:04:17","slug":"l-940","status":"publish","type":"product","link":"http:\/\/www.saosteknoloji.com.tr\/tr\/urun\/l-940\/","title":{"rendered":"L 940"},"content":{"rendered":"","protected":false},"excerpt":{"rendered":"<h6 id=\"tw-target-text\" class=\"tw-data-text tw-text-large tw-ta\" dir=\"ltr\" tabindex=\"-1\" role=\"text\" data-placeholder=\"\u00c7eviri\" data-ved=\"2ahUKEwjQtYvrnvOPAxXqQUEAHcg3LGkQ3ewLegQICxAV\" aria-label=\"\u00c7evrilmi\u015f metin: \u015e\u0131k ayd\u0131nlatma vurgular\u0131: Hareket dedekt\u00f6r\u00fc ile etkili yukar\u0131 ve a\u015fa\u011f\u0131 ayd\u0131nlatma (yukar\u0131 ve a\u015fa\u011f\u0131 ayd\u0131nlatma) Y\u00fcksek kaliteli malzeme: Dayan\u0131kl\u0131 al\u00fcminyumdan yap\u0131lm\u0131\u015f, neredeyse g\u00f6r\u00fcnmez entegre sens\u00f6rl\u00fc zarif ve minimalist tasar\u0131m STEINEL Connect: Bluetooth arac\u0131l\u0131\u011f\u0131yla birden fazla \u0131\u015f\u0131\u011f\u0131 kablosuz olarak ba\u011flar Otomatik \u0131\u015f\u0131k: Hareket alg\u0131land\u0131\u011f\u0131nda 8 metreye kadar alg\u0131lama menziline sahip 180\u00b0 k\u0131z\u0131l\u00f6tesi sens\u00f6r sayesinde STEINEL Connect uygulamas\u0131 arac\u0131l\u0131\u011f\u0131yla ayr\u0131 ayr\u0131 ayarlanabilir: S\u00fcrekli \u0131\u015f\u0131k, alacakaranl\u0131k kontroll\u00fc \u0131\u015f\u0131k ve zamanlama i\u015flevi Teslimat kapsam\u0131: Her biri 14,5 W'ta 620 lm'lik s\u0131cak beyaz \u0131\u015f\u0131k veren 2 adet GU-10 LED ampul (3000 K), montaj aksesuarlar\u0131 - plastiksiz ambalaj\"><span class=\"Y2IQFc\" lang=\"tr\">\u015e\u0131k ayd\u0131nlatma vurgular\u0131: Hareket dedekt\u00f6r\u00fc ile etkili yukar\u0131 ve a\u015fa\u011f\u0131 ayd\u0131nlatma (yukar\u0131 ve a\u015fa\u011f\u0131 ayd\u0131nlatma) Y\u00fcksek kaliteli malzeme: Dayan\u0131kl\u0131 al\u00fcminyumdan yap\u0131lm\u0131\u015f, neredeyse g\u00f6r\u00fcnmez entegre sens\u00f6rl\u00fc zarif ve minimalist tasar\u0131m STEINEL Connect: Bluetooth arac\u0131l\u0131\u011f\u0131yla birden fazla \u0131\u015f\u0131\u011f\u0131 kablosuz olarak ba\u011flar Otomatik \u0131\u015f\u0131k: Hareket alg\u0131land\u0131\u011f\u0131nda 8 metreye kadar alg\u0131lama menziline sahip 180\u00b0 k\u0131z\u0131l\u00f6tesi sens\u00f6r sayesinde STEINEL Connect uygulamas\u0131 arac\u0131l\u0131\u011f\u0131yla ayr\u0131 ayr\u0131 ayarlanabilir: S\u00fcrekli \u0131\u015f\u0131k, alacakaranl\u0131k kontroll\u00fc \u0131\u015f\u0131k ve zamanlama i\u015flevi Teslimat kapsam\u0131: Her biri 14,5 W&#8217;ta 620 lm&#8217;lik s\u0131cak beyaz \u0131\u015f\u0131k veren 2 adet GU-10 LED ampul (3000 K), montaj aksesuarlar\u0131 &#8211; plastiksiz ambalaj<\/span><\/h6>\n","protected":false},"featured_media":9056,"template":"","meta":[],"_links":{"self":[{"href":"http:\/\/www.saosteknoloji.com.tr\/tr\/wp-json\/wp\/v2\/product\/9053"}],"collection":[{"href":"http:\/\/www.saosteknoloji.com.tr\/tr\/wp-json\/wp\/v2\/product"}],"about":[{"href":"http:\/\/www.saosteknoloji.com.tr\/tr\/wp-json\/wp\/v2\/types\/product"}],"version-history":[{"count":2,"href":"http:\/\/www.saosteknoloji.com.tr\/tr\/wp-json\/wp\/v2\/product\/9053\/revisions"}],"predecessor-version":[{"id":9141,"href":"http:\/\/www.saosteknoloji.com.tr\/tr\/wp-json\/wp\/v2\/product\/9053\/revisions\/9141"}],"wp:featuredmedia":[{"embeddable":true,"href":"http:\/\/www.saosteknoloji.com.tr\/tr\/wp-json\/wp\/v2\/media\/9056"}],"wp:attachment":[{"href":"http:\/\/www.saosteknoloji.com.tr\/tr\/wp-json\/wp\/v2\/media?parent=9053"}],"curies":[{"name":"wp","href":"https:\/\/api.w.org\/{rel}","templated":true}]}}