
{"id":9058,"date":"2025-09-25T13:17:31","date_gmt":"2025-09-25T10:17:31","guid":{"rendered":"http:\/\/www.saosteknoloji.com.tr\/?post_type=product&#038;p=9058"},"modified":"2025-09-29T12:54:27","modified_gmt":"2025-09-29T09:54:27","slug":"l-240-s","status":"publish","type":"product","link":"http:\/\/www.saosteknoloji.com.tr\/tr\/urun\/l-240-s\/","title":{"rendered":"L 240 S"},"content":{"rendered":"","protected":false},"excerpt":{"rendered":"<h6 id=\"tw-target-text\" class=\"tw-data-text tw-text-large tw-ta\" dir=\"ltr\" tabindex=\"-1\" role=\"text\" data-placeholder=\"\u00c7eviri\" data-ved=\"2ahUKEwjQtYvrnvOPAxXqQUEAHcg3LGkQ3ewLegQICxAV\" aria-label=\"\u00c7evrilmi\u015f metin: Hareket dedekt\u00f6rl\u00fc ve ho\u015f LED ortam \u0131\u015f\u0131kl\u0131 d\u0131\u015f mekan ayd\u0131nlatmas\u0131 Paslanmaya dayan\u0131kl\u0131, darbeye dayan\u0131kl\u0131 malzemeden yap\u0131lm\u0131\u015f \u015f\u0131k paslanmaz \u00e7elik kapak Hareket alg\u0131land\u0131\u011f\u0131nda 10 metreye kadar alg\u0131lama menziline sahip 180\u00b0 k\u0131z\u0131l\u00f6tesi sens\u00f6r sayesinde otomatik \u0131\u015f\u0131k S\u0131cak beyaz \u0131\u015f\u0131k (3000 K) ve 946 lm'lik uzun \u00f6m\u00fcrl\u00fc 9,3 W LED'ler Montaj donan\u0131m\u0131 dahil - plastiksiz ambalaj\"><span class=\"Y2IQFc\" lang=\"tr\">Hareket dedekt\u00f6rl\u00fc ve ho\u015f LED ortam \u0131\u015f\u0131kl\u0131 d\u0131\u015f mekan ayd\u0131nlatmas\u0131 Paslanmaya dayan\u0131kl\u0131, darbeye dayan\u0131kl\u0131 malzemeden yap\u0131lm\u0131\u015f \u015f\u0131k paslanmaz \u00e7elik kapak Hareket alg\u0131land\u0131\u011f\u0131nda 10 metreye kadar alg\u0131lama menziline sahip 180\u00b0 k\u0131z\u0131l\u00f6tesi sens\u00f6r sayesinde otomatik \u0131\u015f\u0131k S\u0131cak beyaz \u0131\u015f\u0131k (3000 K) ve 946 lm&#8217;lik uzun \u00f6m\u00fcrl\u00fc 9,3 W LED&#8217;ler Montaj donan\u0131m\u0131 dahil &#8211; plastiksiz ambalaj<\/span><\/h6>\n","protected":false},"featured_media":9059,"template":"","meta":[],"_links":{"self":[{"href":"http:\/\/www.saosteknoloji.com.tr\/tr\/wp-json\/wp\/v2\/product\/9058"}],"collection":[{"href":"http:\/\/www.saosteknoloji.com.tr\/tr\/wp-json\/wp\/v2\/product"}],"about":[{"href":"http:\/\/www.saosteknoloji.com.tr\/tr\/wp-json\/wp\/v2\/types\/product"}],"version-history":[{"count":3,"href":"http:\/\/www.saosteknoloji.com.tr\/tr\/wp-json\/wp\/v2\/product\/9058\/revisions"}],"predecessor-version":[{"id":9120,"href":"http:\/\/www.saosteknoloji.com.tr\/tr\/wp-json\/wp\/v2\/product\/9058\/revisions\/9120"}],"wp:featuredmedia":[{"embeddable":true,"href":"http:\/\/www.saosteknoloji.com.tr\/tr\/wp-json\/wp\/v2\/media\/9059"}],"wp:attachment":[{"href":"http:\/\/www.saosteknoloji.com.tr\/tr\/wp-json\/wp\/v2\/media?parent=9058"}],"curies":[{"name":"wp","href":"https:\/\/api.w.org\/{rel}","templated":true}]}}