
{"id":9064,"date":"2025-09-25T13:32:12","date_gmt":"2025-09-25T10:32:12","guid":{"rendered":"http:\/\/www.saosteknoloji.com.tr\/?post_type=product&#038;p=9064"},"modified":"2025-09-29T12:48:29","modified_gmt":"2025-09-29T09:48:29","slug":"l-115-s","status":"publish","type":"product","link":"http:\/\/www.saosteknoloji.com.tr\/tr\/urun\/l-115-s\/","title":{"rendered":"L 115 S"},"content":{"rendered":"","protected":false},"excerpt":{"rendered":"<h6 id=\"tw-target-text\" class=\"tw-data-text tw-text-large tw-ta\" dir=\"ltr\" tabindex=\"-1\" role=\"text\" data-placeholder=\"\u00c7eviri\" data-ved=\"2ahUKEwjQtYvrnvOPAxXqQUEAHcg3LGkQ3ewLegQICxAV\" aria-label=\"\u00c7evrilmi\u015f metin: Evin etraf\u0131nda atmosferik ayd\u0131nlatma i\u00e7in hareket dedekt\u00f6rl\u00fc d\u0131\u015f mekan ayd\u0131nlatmas\u0131 El yap\u0131m\u0131 \u00fcfleme kristalden yap\u0131lm\u0131\u015f cam k\u00fcre ve UV \u0131\u015f\u0131nlar\u0131na dayan\u0131kl\u0131 plastikten yap\u0131lm\u0131\u015f taban Hareket alg\u0131land\u0131\u011f\u0131nda 12 metreye kadar alg\u0131lama menziline sahip 240\u00b0 k\u0131z\u0131l\u00f6tesi sens\u00f6r sayesinde otomatik \u0131\u015f\u0131k Fonksiyonlar: ayarlanabilir temel \u0131\u015f\u0131k, ho\u015f ve yumu\u015fak \u0131\u015f\u0131k ba\u015flang\u0131c\u0131, 4 saat s\u00fcrekli \u0131\u015f\u0131k 60 W'a kadar akkor ampuller i\u00e7in E27 duylu (dahil de\u011fildir) Montaj aksesuarlar\u0131 dahil - plastiksiz ambalaj\"><span class=\"Y2IQFc\" lang=\"tr\">Evin etraf\u0131nda atmosferik ayd\u0131nlatma i\u00e7in hareket dedekt\u00f6rl\u00fc d\u0131\u015f mekan ayd\u0131nlatmas\u0131 El yap\u0131m\u0131 \u00fcfleme kristalden yap\u0131lm\u0131\u015f cam k\u00fcre ve UV \u0131\u015f\u0131nlar\u0131na dayan\u0131kl\u0131 plastikten yap\u0131lm\u0131\u015f taban Hareket alg\u0131land\u0131\u011f\u0131nda 12 metreye kadar alg\u0131lama menziline sahip 240\u00b0 k\u0131z\u0131l\u00f6tesi sens\u00f6r sayesinde otomatik \u0131\u015f\u0131k Fonksiyonlar: ayarlanabilir temel \u0131\u015f\u0131k, ho\u015f ve yumu\u015fak \u0131\u015f\u0131k ba\u015flang\u0131c\u0131, 4 saat s\u00fcrekli \u0131\u015f\u0131k 60 W&#8217;a kadar akkor ampuller i\u00e7in E27 duylu (dahil de\u011fildir) Montaj aksesuarlar\u0131 dahil &#8211; plastiksiz ambalaj<\/span><\/h6>\n","protected":false},"featured_media":9065,"template":"","meta":[],"_links":{"self":[{"href":"http:\/\/www.saosteknoloji.com.tr\/tr\/wp-json\/wp\/v2\/product\/9064"}],"collection":[{"href":"http:\/\/www.saosteknoloji.com.tr\/tr\/wp-json\/wp\/v2\/product"}],"about":[{"href":"http:\/\/www.saosteknoloji.com.tr\/tr\/wp-json\/wp\/v2\/types\/product"}],"version-history":[{"count":3,"href":"http:\/\/www.saosteknoloji.com.tr\/tr\/wp-json\/wp\/v2\/product\/9064\/revisions"}],"predecessor-version":[{"id":9117,"href":"http:\/\/www.saosteknoloji.com.tr\/tr\/wp-json\/wp\/v2\/product\/9064\/revisions\/9117"}],"wp:featuredmedia":[{"embeddable":true,"href":"http:\/\/www.saosteknoloji.com.tr\/tr\/wp-json\/wp\/v2\/media\/9065"}],"wp:attachment":[{"href":"http:\/\/www.saosteknoloji.com.tr\/tr\/wp-json\/wp\/v2\/media?parent=9064"}],"curies":[{"name":"wp","href":"https:\/\/api.w.org\/{rel}","templated":true}]}}