
{"id":9069,"date":"2025-09-25T13:39:00","date_gmt":"2025-09-25T10:39:00","guid":{"rendered":"http:\/\/www.saosteknoloji.com.tr\/?post_type=product&#038;p=9069"},"modified":"2025-09-29T12:47:17","modified_gmt":"2025-09-29T09:47:17","slug":"l-30-s","status":"publish","type":"product","link":"http:\/\/www.saosteknoloji.com.tr\/tr\/urun\/l-30-s\/","title":{"rendered":"L 30 S"},"content":{"rendered":"","protected":false},"excerpt":{"rendered":"<h6 id=\"tw-target-text\" class=\"tw-data-text tw-text-large tw-ta\" dir=\"ltr\" tabindex=\"-1\" role=\"text\" data-placeholder=\"\u00c7eviri\" data-ved=\"2ahUKEwjQtYvrnvOPAxXqQUEAHcg3LGkQ3ewLegQICxAV\" aria-label=\"\u00c7evrilmi\u015f metin: Evinizin duvar\u0131 i\u00e7in hareket dedekt\u00f6rl\u00fc ve ho\u015f bir ortam ayd\u0131nlatmas\u0131na sahip d\u0131\u015f mekan ayd\u0131nlatmas\u0131 Uzun kullan\u0131m \u00f6mr\u00fc i\u00e7in y\u00fcksek kaliteli al\u00fcminyum kapak ve UV \u0131\u015f\u0131nlar\u0131na dayan\u0131kl\u0131 malzeme Hareket alg\u0131land\u0131\u011f\u0131nda 10 metreye kadar alg\u0131lama menziline sahip 180\u00b0 k\u0131z\u0131l\u00f6tesi sens\u00f6r sayesinde otomatik \u0131\u015f\u0131k Alg\u0131lama alan\u0131 ve menzili, birlikte verilen kapak \u00e7\u0131kartmalar\u0131 ve d\u00f6ner sens\u00f6r (90\u00b0 dikey) kullan\u0131larak ayr\u0131 ayr\u0131 s\u0131n\u0131rland\u0131r\u0131labilir Enerji tasarruflu ampuller veya maksimum 15 W'l\u0131k LED ampuller i\u00e7in E27 duylu (dahil de\u011fildir) Montaj aksesuarlar\u0131 dahil - plastik i\u00e7ermeyen ambalaj\"><span class=\"Y2IQFc\" lang=\"tr\">Evinizin duvar\u0131 i\u00e7in hareket dedekt\u00f6rl\u00fc ve ho\u015f bir ortam ayd\u0131nlatmas\u0131na sahip d\u0131\u015f mekan ayd\u0131nlatmas\u0131 Uzun kullan\u0131m \u00f6mr\u00fc i\u00e7in y\u00fcksek kaliteli al\u00fcminyum kapak ve UV \u0131\u015f\u0131nlar\u0131na dayan\u0131kl\u0131 malzeme Hareket alg\u0131land\u0131\u011f\u0131nda 10 metreye kadar alg\u0131lama menziline sahip 180\u00b0 k\u0131z\u0131l\u00f6tesi sens\u00f6r sayesinde otomatik \u0131\u015f\u0131k Alg\u0131lama alan\u0131 ve menzili, birlikte verilen kapak \u00e7\u0131kartmalar\u0131 ve d\u00f6ner sens\u00f6r (90\u00b0 dikey) kullan\u0131larak ayr\u0131 ayr\u0131 s\u0131n\u0131rland\u0131r\u0131labilir Enerji tasarruflu ampuller veya maksimum 15 W&#8217;l\u0131k LED ampuller i\u00e7in E27 duylu (dahil de\u011fildir) Montaj aksesuarlar\u0131 dahil &#8211; plastik i\u00e7ermeyen ambalaj<\/span><\/h6>\n","protected":false},"featured_media":9072,"template":"","meta":[],"_links":{"self":[{"href":"http:\/\/www.saosteknoloji.com.tr\/tr\/wp-json\/wp\/v2\/product\/9069"}],"collection":[{"href":"http:\/\/www.saosteknoloji.com.tr\/tr\/wp-json\/wp\/v2\/product"}],"about":[{"href":"http:\/\/www.saosteknoloji.com.tr\/tr\/wp-json\/wp\/v2\/types\/product"}],"version-history":[{"count":3,"href":"http:\/\/www.saosteknoloji.com.tr\/tr\/wp-json\/wp\/v2\/product\/9069\/revisions"}],"predecessor-version":[{"id":9114,"href":"http:\/\/www.saosteknoloji.com.tr\/tr\/wp-json\/wp\/v2\/product\/9069\/revisions\/9114"}],"wp:featuredmedia":[{"embeddable":true,"href":"http:\/\/www.saosteknoloji.com.tr\/tr\/wp-json\/wp\/v2\/media\/9072"}],"wp:attachment":[{"href":"http:\/\/www.saosteknoloji.com.tr\/tr\/wp-json\/wp\/v2\/media?parent=9069"}],"curies":[{"name":"wp","href":"https:\/\/api.w.org\/{rel}","templated":true}]}}