
{"id":9083,"date":"2025-09-29T11:31:54","date_gmt":"2025-09-29T08:31:54","guid":{"rendered":"http:\/\/www.saosteknoloji.com.tr\/?post_type=product&#038;p=9083"},"modified":"2025-09-29T13:05:05","modified_gmt":"2025-09-29T10:05:05","slug":"spot-duo-sc","status":"publish","type":"product","link":"http:\/\/www.saosteknoloji.com.tr\/tr\/urun\/spot-duo-sc\/","title":{"rendered":"Spot DUO SC"},"content":{"rendered":"","protected":false},"excerpt":{"rendered":"<h6 id=\"tw-target-text\" class=\"tw-data-text tw-text-large tw-ta\" dir=\"ltr\" tabindex=\"-1\" role=\"text\" data-placeholder=\"\u00c7eviri\" data-ved=\"2ahUKEwjQtYvrnvOPAxXqQUEAHcg3LGkQ3ewLegQICxAV\" aria-label=\"\u00c7evrilmi\u015f metin: Evin her yerinde \u015f\u0131k ayd\u0131nlatma vurgular\u0131 i\u00e7in hareket dedekt\u00f6rl\u00fc d\u00f6ner duvar spotlar\u0131 Y\u00fcksek kaliteli al\u00fcminyumdan yap\u0131lm\u0131\u015f zarif ve sade tasar\u0131m, spot ba\u015fl\u0131klar\u0131 yatay olarak 180\u00b0 ve dikey olarak 90\u00b0 d\u00f6nebilir Bluetooth \u00fczerinden kablosuz ba\u011flant\u0131 ve STEINEL Connect uygulamas\u0131yla kolay ayarlama 10 metreye kadar hareket alg\u0131lama menziline sahip iki adet 90\u00b0 k\u0131z\u0131l\u00f6tesi sens\u00f6r sayesinde otomatik ayd\u0131nlatma Fonksiyonlar: G\u00fcn bat\u0131m\u0131ndan g\u00fcn do\u011fumuna kadar kontroll\u00fc \u0131\u015f\u0131k, entegre zamanlay\u0131c\u0131, gece tasarruf modu, 4 saat kesintisiz \u0131\u015f\u0131k Her biri 7,3 W'da 512 lm'lik s\u0131cak beyaz \u0131\u015f\u0131k veren 2 adet GU-10 LED ampul (3000 K) dahil Montaj aksesuarlar\u0131 dahil - plastiksiz ambalaj\"><span class=\"Y2IQFc\" lang=\"tr\">Evin her yerinde \u015f\u0131k ayd\u0131nlatma vurgular\u0131 i\u00e7in hareket dedekt\u00f6rl\u00fc d\u00f6ner duvar spotlar\u0131 Y\u00fcksek kaliteli al\u00fcminyumdan yap\u0131lm\u0131\u015f zarif ve sade tasar\u0131m, spot ba\u015fl\u0131klar\u0131 yatay olarak 180\u00b0 ve dikey olarak 90\u00b0 d\u00f6nebilir Bluetooth \u00fczerinden kablosuz ba\u011flant\u0131 ve STEINEL Connect uygulamas\u0131yla kolay ayarlama 10 metreye kadar hareket alg\u0131lama menziline sahip iki adet 90\u00b0 k\u0131z\u0131l\u00f6tesi sens\u00f6r sayesinde otomatik ayd\u0131nlatma Fonksiyonlar: G\u00fcn bat\u0131m\u0131ndan g\u00fcn do\u011fumuna kadar kontroll\u00fc \u0131\u015f\u0131k, entegre zamanlay\u0131c\u0131, gece tasarruf modu, 4 saat kesintisiz \u0131\u015f\u0131k Her biri 7,3 W&#8217;da 512 lm&#8217;lik s\u0131cak beyaz \u0131\u015f\u0131k veren 2 adet GU-10 LED ampul (3000 K) dahil Montaj aksesuarlar\u0131 dahil &#8211; plastiksiz ambalaj<\/span><\/h6>\n","protected":false},"featured_media":9086,"template":"","meta":[],"_links":{"self":[{"href":"http:\/\/www.saosteknoloji.com.tr\/tr\/wp-json\/wp\/v2\/product\/9083"}],"collection":[{"href":"http:\/\/www.saosteknoloji.com.tr\/tr\/wp-json\/wp\/v2\/product"}],"about":[{"href":"http:\/\/www.saosteknoloji.com.tr\/tr\/wp-json\/wp\/v2\/types\/product"}],"version-history":[{"count":3,"href":"http:\/\/www.saosteknoloji.com.tr\/tr\/wp-json\/wp\/v2\/product\/9083\/revisions"}],"predecessor-version":[{"id":9143,"href":"http:\/\/www.saosteknoloji.com.tr\/tr\/wp-json\/wp\/v2\/product\/9083\/revisions\/9143"}],"wp:featuredmedia":[{"embeddable":true,"href":"http:\/\/www.saosteknoloji.com.tr\/tr\/wp-json\/wp\/v2\/media\/9086"}],"wp:attachment":[{"href":"http:\/\/www.saosteknoloji.com.tr\/tr\/wp-json\/wp\/v2\/media?parent=9083"}],"curies":[{"name":"wp","href":"https:\/\/api.w.org\/{rel}","templated":true}]}}