
{"id":9095,"date":"2025-09-29T11:40:14","date_gmt":"2025-09-29T08:40:14","guid":{"rendered":"http:\/\/www.saosteknoloji.com.tr\/?post_type=product&#038;p=9095"},"modified":"2025-09-29T13:06:12","modified_gmt":"2025-09-29T10:06:12","slug":"spot-way-sc","status":"publish","type":"product","link":"http:\/\/www.saosteknoloji.com.tr\/tr\/urun\/spot-way-sc\/","title":{"rendered":"Spot Way SC"},"content":{"rendered":"","protected":false},"excerpt":{"rendered":"<h6 id=\"tw-target-text\" class=\"tw-data-text tw-text-large tw-ta\" dir=\"ltr\" tabindex=\"-1\" role=\"text\" data-placeholder=\"\u00c7eviri\" data-ved=\"2ahUKEwjQtYvrnvOPAxXqQUEAHcg3LGkQ3ewLegQICxAV\" aria-label=\"\u00c7evrilmi\u015f metin: Hareket dedekt\u00f6rl\u00fc zemin ve yol lambas\u0131, yollar\u0131 ve araba yollar\u0131n\u0131 ayd\u0131nlatmak i\u00e7in m\u00fckemmel Y\u00fcksek kaliteli al\u00fcminyumdan yap\u0131lm\u0131\u015f zarif ve sade tasar\u0131m, spot ba\u015fl\u0131\u011f\u0131 yatay olarak 180\u00b0 ve dikey olarak 90\u00b0 d\u00f6nebilir Bluetooth \u00fczerinden kablosuz ba\u011flant\u0131 ve STEINEL Connect uygulamas\u0131yla kolay ayarlama 10 metreye kadar hareket alg\u0131lama \u00f6zelli\u011fine sahip 90\u00b0 k\u0131z\u0131l\u00f6tesi sens\u00f6r sayesinde otomatik ayd\u0131nlatma Fonksiyonlar: Alacakaranl\u0131k kontroll\u00fc \u0131\u015f\u0131k, entegre zamanlay\u0131c\u0131, gece tasarruf modu, 4 saat s\u00fcrekli \u0131\u015f\u0131k 7,9 W'da 512 lm s\u0131cak beyaz \u0131\u015f\u0131k veren GU-10 LED ampul (3000 K) dahil 2,5 m g\u00fc\u00e7 kablosu ve montaj aksesuarlar\u0131 dahil - plastiksiz ambalaj\"><span class=\"Y2IQFc\" lang=\"tr\">Hareket dedekt\u00f6rl\u00fc zemin ve yol lambas\u0131, yollar\u0131 ve araba yollar\u0131n\u0131 ayd\u0131nlatmak i\u00e7in m\u00fckemmel Y\u00fcksek kaliteli al\u00fcminyumdan yap\u0131lm\u0131\u015f zarif ve sade tasar\u0131m, spot ba\u015fl\u0131\u011f\u0131 yatay olarak 180\u00b0 ve dikey olarak 90\u00b0 d\u00f6nebilir Bluetooth \u00fczerinden kablosuz ba\u011flant\u0131 ve STEINEL Connect uygulamas\u0131yla kolay ayarlama 10 metreye kadar hareket alg\u0131lama \u00f6zelli\u011fine sahip 90\u00b0 k\u0131z\u0131l\u00f6tesi sens\u00f6r sayesinde otomatik ayd\u0131nlatma Fonksiyonlar: Alacakaranl\u0131k kontroll\u00fc \u0131\u015f\u0131k, entegre zamanlay\u0131c\u0131, gece tasarruf modu, 4 saat s\u00fcrekli \u0131\u015f\u0131k 7,9 W&#8217;da 512 lm s\u0131cak beyaz \u0131\u015f\u0131k veren GU-10 LED ampul (3000 K) dahil 2,5 m g\u00fc\u00e7 kablosu ve montaj aksesuarlar\u0131 dahil &#8211; plastiksiz ambalaj<\/span><\/h6>\n","protected":false},"featured_media":9098,"template":"","meta":[],"_links":{"self":[{"href":"http:\/\/www.saosteknoloji.com.tr\/tr\/wp-json\/wp\/v2\/product\/9095"}],"collection":[{"href":"http:\/\/www.saosteknoloji.com.tr\/tr\/wp-json\/wp\/v2\/product"}],"about":[{"href":"http:\/\/www.saosteknoloji.com.tr\/tr\/wp-json\/wp\/v2\/types\/product"}],"version-history":[{"count":2,"href":"http:\/\/www.saosteknoloji.com.tr\/tr\/wp-json\/wp\/v2\/product\/9095\/revisions"}],"predecessor-version":[{"id":9145,"href":"http:\/\/www.saosteknoloji.com.tr\/tr\/wp-json\/wp\/v2\/product\/9095\/revisions\/9145"}],"wp:featuredmedia":[{"embeddable":true,"href":"http:\/\/www.saosteknoloji.com.tr\/tr\/wp-json\/wp\/v2\/media\/9098"}],"wp:attachment":[{"href":"http:\/\/www.saosteknoloji.com.tr\/tr\/wp-json\/wp\/v2\/media?parent=9095"}],"curies":[{"name":"wp","href":"https:\/\/api.w.org\/{rel}","templated":true}]}}